{"id":958896,"date":"2020-04-02T15:31:31","date_gmt":"2020-04-02T13:31:31","guid":{"rendered":"https:\/\/dermanence.com\/produkt\/okara-blond-leuchtkraft-spray\/"},"modified":"2025-05-29T16:30:10","modified_gmt":"2025-05-29T14:30:10","slug":"okara-blond-leuchtkraft-spray","status":"publish","type":"product","link":"https:\/\/dermanence.com\/fr\/produit\/okara-blond-leuchtkraft-spray\/","title":{"rendered":"Okara Blond Leuchtkraft-Spray"},"content":{"rendered":"","protected":false},"excerpt":{"rendered":"<p><strong>DAS ENTWIRRENDE LEAVE-IN-SPRAY, WELCHES EINZELNE BLONDREFLEXE HIGHLIGHTED.<\/strong><br \/>\nDieses aufhellende Spray entwirrt das Haar sofort und unterstricht den strahlenden Glanz blonder Haare. Reich an RefletLumi\u00e8reTM, einem Aktivstoff nat\u00fcrlichen Ursprungs, hellt es das Blond schrittweise auf. Es unterst\u00fctzt die Regenaration und sch\u00fctzt das Haar. Leichte, nicht fettende Textur. Ohne Silikone.<\/p>\n<p>F\u00fcllmenge: 150 ml<\/p>\n","protected":false},"featured_media":958897,"comment_status":"open","ping_status":"closed","template":"","meta":[],"product_brand":[],"product_cat":[27,368,912],"product_tag":[],"class_list":{"0":"post-958896","1":"product","2":"type-product","3":"status-publish","4":"has-post-thumbnail","6":"product_cat-haare-naegel","7":"product_cat-online-only","8":"product_cat-spray","10":"first","11":"instock","12":"taxable","13":"shipping-taxable","14":"purchasable","15":"product-type-simple"},"gallery_images":[],"yoast_head":"<!-- This site is optimized with the Yoast SEO plugin v25.9 - https:\/\/yoast.com\/wordpress\/plugins\/seo\/ -->\n<title>Okara Blond Leuchtkraft-Spray - Dermanence Shop<\/title>\n<meta name=\"robots\" content=\"index, follow, max-snippet:-1, max-image-preview:large, max-video-preview:-1\" \/>\n<link rel=\"canonical\" href=\"https:\/\/dermanence.com\/produkt\/okara-blond-leuchtkraft-spray\/\" \/>\n<meta property=\"og:locale\" content=\"fr_FR\" \/>\n<meta property=\"og:type\" content=\"article\" \/>\n<meta property=\"og:title\" content=\"Okara Blond Leuchtkraft-Spray - Dermanence Shop\" \/>\n<meta property=\"og:description\" content=\"DAS ENTWIRRENDE LEAVE-IN-SPRAY, WELCHES EINZELNE BLONDREFLEXE HIGHLIGHTED. Dieses aufhellende Spray entwirrt das Haar sofort und unterstricht den strahlenden Glanz blonder Haare. Reich an RefletLumi\u00e8reTM, einem Aktivstoff nat\u00fcrlichen Ursprungs, hellt es das Blond schrittweise auf. Es unterst\u00fctzt die Regenaration und sch\u00fctzt das Haar. Leichte, nicht fettende Textur. Ohne Silikone.  F\u00fcllmenge: 150 ml\" \/>\n<meta property=\"og:url\" content=\"https:\/\/dermanence.com\/produkt\/okara-blond-leuchtkraft-spray\/\" \/>\n<meta property=\"og:site_name\" content=\"Dermanence Shop\" \/>\n<meta property=\"article:modified_time\" content=\"2025-05-29T14:30:10+00:00\" \/>\n<meta property=\"og:image\" content=\"https:\/\/dermanence.com\/wp-content\/uploads\/2020\/04\/yekcp6gtigjfs11p5nki.png\" \/>\n\t<meta property=\"og:image:width\" content=\"400\" \/>\n\t<meta property=\"og:image:height\" content=\"493\" \/>\n\t<meta property=\"og:image:type\" content=\"image\/png\" \/>\n<meta name=\"twitter:card\" content=\"summary_large_image\" \/>\n<script type=\"application\/ld+json\" class=\"yoast-schema-graph\">{\"@context\":\"https:\/\/schema.org\",\"@graph\":[{\"@type\":\"WebPage\",\"@id\":\"https:\/\/dermanence.com\/produkt\/okara-blond-leuchtkraft-spray\/\",\"url\":\"https:\/\/dermanence.com\/produkt\/okara-blond-leuchtkraft-spray\/\",\"name\":\"Okara Blond Leuchtkraft-Spray - Dermanence Shop\",\"isPartOf\":{\"@id\":\"https:\/\/dermanence.com\/#website\"},\"primaryImageOfPage\":{\"@id\":\"https:\/\/dermanence.com\/produkt\/okara-blond-leuchtkraft-spray\/#primaryimage\"},\"image\":{\"@id\":\"https:\/\/dermanence.com\/produkt\/okara-blond-leuchtkraft-spray\/#primaryimage\"},\"thumbnailUrl\":\"https:\/\/dermanence.com\/wp-content\/uploads\/2020\/04\/yekcp6gtigjfs11p5nki.png\",\"datePublished\":\"2020-04-02T13:31:31+00:00\",\"dateModified\":\"2025-05-29T14:30:10+00:00\",\"breadcrumb\":{\"@id\":\"https:\/\/dermanence.com\/produkt\/okara-blond-leuchtkraft-spray\/#breadcrumb\"},\"inLanguage\":\"fr-FR\",\"potentialAction\":[{\"@type\":\"ReadAction\",\"target\":[\"https:\/\/dermanence.com\/produkt\/okara-blond-leuchtkraft-spray\/\"]}]},{\"@type\":\"ImageObject\",\"inLanguage\":\"fr-FR\",\"@id\":\"https:\/\/dermanence.com\/produkt\/okara-blond-leuchtkraft-spray\/#primaryimage\",\"url\":\"https:\/\/dermanence.com\/wp-content\/uploads\/2020\/04\/yekcp6gtigjfs11p5nki.png\",\"contentUrl\":\"https:\/\/dermanence.com\/wp-content\/uploads\/2020\/04\/yekcp6gtigjfs11p5nki.png\",\"width\":400,\"height\":493},{\"@type\":\"BreadcrumbList\",\"@id\":\"https:\/\/dermanence.com\/produkt\/okara-blond-leuchtkraft-spray\/#breadcrumb\",\"itemListElement\":[{\"@type\":\"ListItem\",\"position\":1,\"name\":\"Home\",\"item\":\"https:\/\/dermanence.com\/fr\/\"},{\"@type\":\"ListItem\",\"position\":2,\"name\":\"Boutique\",\"item\":\"https:\/\/dermanence.com\/fr\/shop\/\"},{\"@type\":\"ListItem\",\"position\":3,\"name\":\"Okara Blond Leuchtkraft-Spray\"}]},{\"@type\":\"WebSite\",\"@id\":\"https:\/\/dermanence.com\/#website\",\"url\":\"https:\/\/dermanence.com\/\",\"name\":\"Dermanence Shop\",\"description\":\" Votre salon de beaut\u00e9 avec sa propre clinique dermatologique\",\"potentialAction\":[{\"@type\":\"SearchAction\",\"target\":{\"@type\":\"EntryPoint\",\"urlTemplate\":\"https:\/\/dermanence.com\/?s={search_term_string}\"},\"query-input\":{\"@type\":\"PropertyValueSpecification\",\"valueRequired\":true,\"valueName\":\"search_term_string\"}}],\"inLanguage\":\"fr-FR\"}]}<\/script>\n<!-- \/ Yoast SEO plugin. -->","yoast_head_json":{"title":"Okara Blond Leuchtkraft-Spray - Dermanence Shop","robots":{"index":"index","follow":"follow","max-snippet":"max-snippet:-1","max-image-preview":"max-image-preview:large","max-video-preview":"max-video-preview:-1"},"canonical":"https:\/\/dermanence.com\/produkt\/okara-blond-leuchtkraft-spray\/","og_locale":"fr_FR","og_type":"article","og_title":"Okara Blond Leuchtkraft-Spray - Dermanence Shop","og_description":"DAS ENTWIRRENDE LEAVE-IN-SPRAY, WELCHES EINZELNE BLONDREFLEXE HIGHLIGHTED. Dieses aufhellende Spray entwirrt das Haar sofort und unterstricht den strahlenden Glanz blonder Haare. Reich an RefletLumi\u00e8reTM, einem Aktivstoff nat\u00fcrlichen Ursprungs, hellt es das Blond schrittweise auf. Es unterst\u00fctzt die Regenaration und sch\u00fctzt das Haar. Leichte, nicht fettende Textur. Ohne Silikone.  F\u00fcllmenge: 150 ml","og_url":"https:\/\/dermanence.com\/produkt\/okara-blond-leuchtkraft-spray\/","og_site_name":"Dermanence Shop","article_modified_time":"2025-05-29T14:30:10+00:00","og_image":[{"width":400,"height":493,"url":"https:\/\/dermanence.com\/wp-content\/uploads\/2020\/04\/yekcp6gtigjfs11p5nki.png","type":"image\/png"}],"twitter_card":"summary_large_image","schema":{"@context":"https:\/\/schema.org","@graph":[{"@type":"WebPage","@id":"https:\/\/dermanence.com\/produkt\/okara-blond-leuchtkraft-spray\/","url":"https:\/\/dermanence.com\/produkt\/okara-blond-leuchtkraft-spray\/","name":"Okara Blond Leuchtkraft-Spray - Dermanence Shop","isPartOf":{"@id":"https:\/\/dermanence.com\/#website"},"primaryImageOfPage":{"@id":"https:\/\/dermanence.com\/produkt\/okara-blond-leuchtkraft-spray\/#primaryimage"},"image":{"@id":"https:\/\/dermanence.com\/produkt\/okara-blond-leuchtkraft-spray\/#primaryimage"},"thumbnailUrl":"https:\/\/dermanence.com\/wp-content\/uploads\/2020\/04\/yekcp6gtigjfs11p5nki.png","datePublished":"2020-04-02T13:31:31+00:00","dateModified":"2025-05-29T14:30:10+00:00","breadcrumb":{"@id":"https:\/\/dermanence.com\/produkt\/okara-blond-leuchtkraft-spray\/#breadcrumb"},"inLanguage":"fr-FR","potentialAction":[{"@type":"ReadAction","target":["https:\/\/dermanence.com\/produkt\/okara-blond-leuchtkraft-spray\/"]}]},{"@type":"ImageObject","inLanguage":"fr-FR","@id":"https:\/\/dermanence.com\/produkt\/okara-blond-leuchtkraft-spray\/#primaryimage","url":"https:\/\/dermanence.com\/wp-content\/uploads\/2020\/04\/yekcp6gtigjfs11p5nki.png","contentUrl":"https:\/\/dermanence.com\/wp-content\/uploads\/2020\/04\/yekcp6gtigjfs11p5nki.png","width":400,"height":493},{"@type":"BreadcrumbList","@id":"https:\/\/dermanence.com\/produkt\/okara-blond-leuchtkraft-spray\/#breadcrumb","itemListElement":[{"@type":"ListItem","position":1,"name":"Home","item":"https:\/\/dermanence.com\/fr\/"},{"@type":"ListItem","position":2,"name":"Boutique","item":"https:\/\/dermanence.com\/fr\/shop\/"},{"@type":"ListItem","position":3,"name":"Okara Blond Leuchtkraft-Spray"}]},{"@type":"WebSite","@id":"https:\/\/dermanence.com\/#website","url":"https:\/\/dermanence.com\/","name":"Dermanence Shop","description":" Votre salon de beaut\u00e9 avec sa propre clinique dermatologique","potentialAction":[{"@type":"SearchAction","target":{"@type":"EntryPoint","urlTemplate":"https:\/\/dermanence.com\/?s={search_term_string}"},"query-input":{"@type":"PropertyValueSpecification","valueRequired":true,"valueName":"search_term_string"}}],"inLanguage":"fr-FR"}]}},"_links":{"self":[{"href":"https:\/\/dermanence.com\/fr\/wp-json\/wp\/v2\/product\/958896","targetHints":{"allow":["GET"]}}],"collection":[{"href":"https:\/\/dermanence.com\/fr\/wp-json\/wp\/v2\/product"}],"about":[{"href":"https:\/\/dermanence.com\/fr\/wp-json\/wp\/v2\/types\/product"}],"replies":[{"embeddable":true,"href":"https:\/\/dermanence.com\/fr\/wp-json\/wp\/v2\/comments?post=958896"}],"wp:featuredmedia":[{"embeddable":true,"href":"https:\/\/dermanence.com\/fr\/wp-json\/wp\/v2\/media\/958897"}],"wp:attachment":[{"href":"https:\/\/dermanence.com\/fr\/wp-json\/wp\/v2\/media?parent=958896"}],"wp:term":[{"taxonomy":"product_brand","embeddable":true,"href":"https:\/\/dermanence.com\/fr\/wp-json\/wp\/v2\/product_brand?post=958896"},{"taxonomy":"product_cat","embeddable":true,"href":"https:\/\/dermanence.com\/fr\/wp-json\/wp\/v2\/product_cat?post=958896"},{"taxonomy":"product_tag","embeddable":true,"href":"https:\/\/dermanence.com\/fr\/wp-json\/wp\/v2\/product_tag?post=958896"}],"curies":[{"name":"wp","href":"https:\/\/api.w.org\/{rel}","templated":true}]}}