{"id":370714,"date":"2019-09-30T14:29:30","date_gmt":"2019-09-30T12:29:30","guid":{"rendered":"https:\/\/dermanence.com\/product\/skinceuticals-clarifying-clay-mask-60-ml\/"},"modified":"2022-02-25T16:52:14","modified_gmt":"2022-02-25T15:52:14","slug":"skinceuticals-clarifying-clay-mask-60-ml__trashed","status":"publish","type":"product","link":"https:\/\/dermanence.com\/fr\/produit\/skinceuticals-clarifying-clay-mask-60-ml__trashed\/","title":{"rendered":"Clarifying Clay Mask"},"content":{"rendered":"","protected":false},"excerpt":{"rendered":"<header><b>Masque purifiant qui d\u00e9sobstrue les pores et \u00e9limine l\u2019exc\u00e8s de s\u00e9bum<\/b>Ce soin purifiant d\u00e9sincrustant est un masque anti-\u00e2ge qui exfolie et hydrate. Gr\u00e2ce \u00e0 sa combinaison de plusieurs actifs naturels avec des acides de fruits, il agit sur les pores dilat\u00e9s et les signes visibles du vieillissement cutan\u00e9. Ce masque r\u00e9duit \u00e9galement les taches pigmentaires, les ridules et agit sur le teint terne.<\/p>\n<p>Pour un grain de peau z\u00e9ro d\u00e9faut, rien de mieux que Clarifying Clay Masque. Sa formule non ass\u00e9chante assure une peau apais\u00e9e, hydrat\u00e9e, exfoli\u00e9e et un teint lumineux. Id\u00e9al pour les peaux normales \u00e0 grasses.<\/p>\n<p>R\u00e9sultats :<\/p>\n<ul>\n<li>Hydrate la peau<\/li>\n<li>Exfolie en douceur<\/li>\n<li>Exc\u00e8s de s\u00e9bum absorb\u00e9<\/li>\n<li>Pores resserr\u00e9s<\/li>\n<li>R\u00e9duction des taches pigmentaires<\/li>\n<li>Lisse la peau<\/li>\n<li>\u00c9clat du teint<\/li>\n<\/ul>\n<p>Contenance: 60ml<\/p>\n<\/header>\n","protected":false},"featured_media":2593038,"comment_status":"open","ping_status":"closed","template":"","meta":[],"product_brand":[90],"product_cat":[604,574,577,619,583,576,590,602,573,575],"product_tag":[],"class_list":{"0":"post-370714","1":"product","2":"type-product","3":"status-publish","4":"has-post-thumbnail","6":"product_brand-skinceuticals","7":"product_cat-acne-et-impuretes","8":"product_cat-corriger","9":"product_cat-la-peau-mixte","10":"product_cat-masque","11":"product_cat-nos-dermatologues-recommandent","12":"product_cat-peau-grasse","13":"product_cat-peau-sujette-aux-rougers","14":"product_cat-pores-dilates","15":"product_cat-skinceuticals-fr","16":"product_cat-soin-du-visage","18":"first","19":"onbackorder","20":"taxable","21":"shipping-taxable","22":"purchasable","23":"product-type-simple"},"gallery_images":[],"yoast_head":"<!-- This site is optimized with the Yoast SEO plugin v25.9 - https:\/\/yoast.com\/wordpress\/plugins\/seo\/ -->\n<title>Clarifying Clay Mask - Dermanence Shop<\/title>\n<meta name=\"robots\" content=\"index, follow, max-snippet:-1, max-image-preview:large, max-video-preview:-1\" \/>\n<link rel=\"canonical\" href=\"https:\/\/dermanence.com\/fr\/produit\/skinceuticals-clarifying-clay-mask-60-ml__trashed\/\" \/>\n<meta property=\"og:locale\" content=\"fr_FR\" \/>\n<meta property=\"og:type\" content=\"article\" \/>\n<meta property=\"og:title\" content=\"Clarifying Clay Mask - Dermanence Shop\" \/>\n<meta property=\"og:description\" content=\"Masque purifiant qui d\u00e9sobstrue les pores et \u00e9limine l\u2019exc\u00e8s de s\u00e9bumCe soin purifiant d\u00e9sincrustant est un masque anti-\u00e2ge qui exfolie et hydrate. Gr\u00e2ce \u00e0 sa combinaison de plusieurs actifs naturels avec des acides de fruits, il agit sur les pores dilat\u00e9s et les signes visibles du vieillissement cutan\u00e9. Ce masque r\u00e9duit \u00e9galement les taches pigmentaires, les ridules et agit sur le teint terne.  Pour un grain de peau z\u00e9ro d\u00e9faut, rien de mieux que Clarifying Clay Masque. Sa formule non ass\u00e9chante assure une peau apais\u00e9e, hydrat\u00e9e, exfoli\u00e9e et un teint lumineux. Id\u00e9al pour les peaux normales \u00e0 grasses.  R\u00e9sultats :   Hydrate la peau  Exfolie en douceur  Exc\u00e8s de s\u00e9bum absorb\u00e9  Pores resserr\u00e9s  R\u00e9duction des taches pigmentaires  Lisse la peau  \u00c9clat du teint  Contenance: 60ml\" \/>\n<meta property=\"og:url\" content=\"https:\/\/dermanence.com\/fr\/produit\/skinceuticals-clarifying-clay-mask-60-ml__trashed\/\" \/>\n<meta property=\"og:site_name\" content=\"Dermanence Shop\" \/>\n<meta property=\"article:modified_time\" content=\"2022-02-25T15:52:14+00:00\" \/>\n<meta property=\"og:image\" content=\"https:\/\/dermanence.com\/wp-content\/uploads\/2019\/09\/clarifyingclaymasque_large_de.png\" \/>\n\t<meta property=\"og:image:width\" content=\"360\" \/>\n\t<meta property=\"og:image:height\" content=\"540\" \/>\n\t<meta property=\"og:image:type\" content=\"image\/png\" \/>\n<meta name=\"twitter:card\" content=\"summary_large_image\" \/>\n<script type=\"application\/ld+json\" class=\"yoast-schema-graph\">{\"@context\":\"https:\/\/schema.org\",\"@graph\":[{\"@type\":\"WebPage\",\"@id\":\"https:\/\/dermanence.com\/fr\/produit\/skinceuticals-clarifying-clay-mask-60-ml__trashed\/\",\"url\":\"https:\/\/dermanence.com\/fr\/produit\/skinceuticals-clarifying-clay-mask-60-ml__trashed\/\",\"name\":\"Clarifying Clay Mask - Dermanence Shop\",\"isPartOf\":{\"@id\":\"https:\/\/dermanence.com\/#website\"},\"primaryImageOfPage\":{\"@id\":\"https:\/\/dermanence.com\/fr\/produit\/skinceuticals-clarifying-clay-mask-60-ml__trashed\/#primaryimage\"},\"image\":{\"@id\":\"https:\/\/dermanence.com\/fr\/produit\/skinceuticals-clarifying-clay-mask-60-ml__trashed\/#primaryimage\"},\"thumbnailUrl\":\"https:\/\/dermanence.com\/wp-content\/uploads\/2019\/09\/clarifyingclaymasque_large_de.png\",\"datePublished\":\"2019-09-30T12:29:30+00:00\",\"dateModified\":\"2022-02-25T15:52:14+00:00\",\"breadcrumb\":{\"@id\":\"https:\/\/dermanence.com\/fr\/produit\/skinceuticals-clarifying-clay-mask-60-ml__trashed\/#breadcrumb\"},\"inLanguage\":\"fr-FR\",\"potentialAction\":[{\"@type\":\"ReadAction\",\"target\":[\"https:\/\/dermanence.com\/fr\/produit\/skinceuticals-clarifying-clay-mask-60-ml__trashed\/\"]}]},{\"@type\":\"ImageObject\",\"inLanguage\":\"fr-FR\",\"@id\":\"https:\/\/dermanence.com\/fr\/produit\/skinceuticals-clarifying-clay-mask-60-ml__trashed\/#primaryimage\",\"url\":\"https:\/\/dermanence.com\/wp-content\/uploads\/2019\/09\/clarifyingclaymasque_large_de.png\",\"contentUrl\":\"https:\/\/dermanence.com\/wp-content\/uploads\/2019\/09\/clarifyingclaymasque_large_de.png\",\"width\":360,\"height\":540},{\"@type\":\"BreadcrumbList\",\"@id\":\"https:\/\/dermanence.com\/fr\/produit\/skinceuticals-clarifying-clay-mask-60-ml__trashed\/#breadcrumb\",\"itemListElement\":[{\"@type\":\"ListItem\",\"position\":1,\"name\":\"Home\",\"item\":\"https:\/\/dermanence.com\/fr\/\"},{\"@type\":\"ListItem\",\"position\":2,\"name\":\"Boutique\",\"item\":\"https:\/\/dermanence.com\/fr\/shop\/\"},{\"@type\":\"ListItem\",\"position\":3,\"name\":\"Clarifying Clay Mask\"}]},{\"@type\":\"WebSite\",\"@id\":\"https:\/\/dermanence.com\/#website\",\"url\":\"https:\/\/dermanence.com\/\",\"name\":\"Dermanence Shop\",\"description\":\" Votre salon de beaut\u00e9 avec sa propre clinique dermatologique\",\"potentialAction\":[{\"@type\":\"SearchAction\",\"target\":{\"@type\":\"EntryPoint\",\"urlTemplate\":\"https:\/\/dermanence.com\/?s={search_term_string}\"},\"query-input\":{\"@type\":\"PropertyValueSpecification\",\"valueRequired\":true,\"valueName\":\"search_term_string\"}}],\"inLanguage\":\"fr-FR\"}]}<\/script>\n<!-- \/ Yoast SEO plugin. -->","yoast_head_json":{"title":"Clarifying Clay Mask - Dermanence Shop","robots":{"index":"index","follow":"follow","max-snippet":"max-snippet:-1","max-image-preview":"max-image-preview:large","max-video-preview":"max-video-preview:-1"},"canonical":"https:\/\/dermanence.com\/fr\/produit\/skinceuticals-clarifying-clay-mask-60-ml__trashed\/","og_locale":"fr_FR","og_type":"article","og_title":"Clarifying Clay Mask - Dermanence Shop","og_description":"Masque purifiant qui d\u00e9sobstrue les pores et \u00e9limine l\u2019exc\u00e8s de s\u00e9bumCe soin purifiant d\u00e9sincrustant est un masque anti-\u00e2ge qui exfolie et hydrate. Gr\u00e2ce \u00e0 sa combinaison de plusieurs actifs naturels avec des acides de fruits, il agit sur les pores dilat\u00e9s et les signes visibles du vieillissement cutan\u00e9. Ce masque r\u00e9duit \u00e9galement les taches pigmentaires, les ridules et agit sur le teint terne.  Pour un grain de peau z\u00e9ro d\u00e9faut, rien de mieux que Clarifying Clay Masque. Sa formule non ass\u00e9chante assure une peau apais\u00e9e, hydrat\u00e9e, exfoli\u00e9e et un teint lumineux. Id\u00e9al pour les peaux normales \u00e0 grasses.  R\u00e9sultats :   Hydrate la peau  Exfolie en douceur  Exc\u00e8s de s\u00e9bum absorb\u00e9  Pores resserr\u00e9s  R\u00e9duction des taches pigmentaires  Lisse la peau  \u00c9clat du teint  Contenance: 60ml","og_url":"https:\/\/dermanence.com\/fr\/produit\/skinceuticals-clarifying-clay-mask-60-ml__trashed\/","og_site_name":"Dermanence Shop","article_modified_time":"2022-02-25T15:52:14+00:00","og_image":[{"width":360,"height":540,"url":"https:\/\/dermanence.com\/wp-content\/uploads\/2019\/09\/clarifyingclaymasque_large_de.png","type":"image\/png"}],"twitter_card":"summary_large_image","schema":{"@context":"https:\/\/schema.org","@graph":[{"@type":"WebPage","@id":"https:\/\/dermanence.com\/fr\/produit\/skinceuticals-clarifying-clay-mask-60-ml__trashed\/","url":"https:\/\/dermanence.com\/fr\/produit\/skinceuticals-clarifying-clay-mask-60-ml__trashed\/","name":"Clarifying Clay Mask - Dermanence Shop","isPartOf":{"@id":"https:\/\/dermanence.com\/#website"},"primaryImageOfPage":{"@id":"https:\/\/dermanence.com\/fr\/produit\/skinceuticals-clarifying-clay-mask-60-ml__trashed\/#primaryimage"},"image":{"@id":"https:\/\/dermanence.com\/fr\/produit\/skinceuticals-clarifying-clay-mask-60-ml__trashed\/#primaryimage"},"thumbnailUrl":"https:\/\/dermanence.com\/wp-content\/uploads\/2019\/09\/clarifyingclaymasque_large_de.png","datePublished":"2019-09-30T12:29:30+00:00","dateModified":"2022-02-25T15:52:14+00:00","breadcrumb":{"@id":"https:\/\/dermanence.com\/fr\/produit\/skinceuticals-clarifying-clay-mask-60-ml__trashed\/#breadcrumb"},"inLanguage":"fr-FR","potentialAction":[{"@type":"ReadAction","target":["https:\/\/dermanence.com\/fr\/produit\/skinceuticals-clarifying-clay-mask-60-ml__trashed\/"]}]},{"@type":"ImageObject","inLanguage":"fr-FR","@id":"https:\/\/dermanence.com\/fr\/produit\/skinceuticals-clarifying-clay-mask-60-ml__trashed\/#primaryimage","url":"https:\/\/dermanence.com\/wp-content\/uploads\/2019\/09\/clarifyingclaymasque_large_de.png","contentUrl":"https:\/\/dermanence.com\/wp-content\/uploads\/2019\/09\/clarifyingclaymasque_large_de.png","width":360,"height":540},{"@type":"BreadcrumbList","@id":"https:\/\/dermanence.com\/fr\/produit\/skinceuticals-clarifying-clay-mask-60-ml__trashed\/#breadcrumb","itemListElement":[{"@type":"ListItem","position":1,"name":"Home","item":"https:\/\/dermanence.com\/fr\/"},{"@type":"ListItem","position":2,"name":"Boutique","item":"https:\/\/dermanence.com\/fr\/shop\/"},{"@type":"ListItem","position":3,"name":"Clarifying Clay Mask"}]},{"@type":"WebSite","@id":"https:\/\/dermanence.com\/#website","url":"https:\/\/dermanence.com\/","name":"Dermanence Shop","description":" Votre salon de beaut\u00e9 avec sa propre clinique dermatologique","potentialAction":[{"@type":"SearchAction","target":{"@type":"EntryPoint","urlTemplate":"https:\/\/dermanence.com\/?s={search_term_string}"},"query-input":{"@type":"PropertyValueSpecification","valueRequired":true,"valueName":"search_term_string"}}],"inLanguage":"fr-FR"}]}},"_links":{"self":[{"href":"https:\/\/dermanence.com\/fr\/wp-json\/wp\/v2\/product\/370714","targetHints":{"allow":["GET"]}}],"collection":[{"href":"https:\/\/dermanence.com\/fr\/wp-json\/wp\/v2\/product"}],"about":[{"href":"https:\/\/dermanence.com\/fr\/wp-json\/wp\/v2\/types\/product"}],"replies":[{"embeddable":true,"href":"https:\/\/dermanence.com\/fr\/wp-json\/wp\/v2\/comments?post=370714"}],"wp:featuredmedia":[{"embeddable":true,"href":"https:\/\/dermanence.com\/fr\/wp-json\/wp\/v2\/media\/2593038"}],"wp:attachment":[{"href":"https:\/\/dermanence.com\/fr\/wp-json\/wp\/v2\/media?parent=370714"}],"wp:term":[{"taxonomy":"product_brand","embeddable":true,"href":"https:\/\/dermanence.com\/fr\/wp-json\/wp\/v2\/product_brand?post=370714"},{"taxonomy":"product_cat","embeddable":true,"href":"https:\/\/dermanence.com\/fr\/wp-json\/wp\/v2\/product_cat?post=370714"},{"taxonomy":"product_tag","embeddable":true,"href":"https:\/\/dermanence.com\/fr\/wp-json\/wp\/v2\/product_tag?post=370714"}],"curies":[{"name":"wp","href":"https:\/\/api.w.org\/{rel}","templated":true}]}}