{"id":2624716,"date":"2025-08-27T15:57:04","date_gmt":"2025-08-27T13:57:04","guid":{"rendered":"https:\/\/dermanence.com\/?post_type=product&#038;p=2624716"},"modified":"2025-11-28T06:40:14","modified_gmt":"2025-11-28T05:40:14","slug":"collagen-pro-solution","status":"publish","type":"product","link":"https:\/\/dermanence.com\/fr\/produit\/collagen-pro-solution\/","title":{"rendered":"Collagen Pro-Solution"},"content":{"rendered":"","protected":false},"excerpt":{"rendered":"<p><strong>Un s\u00e9rum multi-peptidique ultramoderne qui stimule la production de collag\u00e8ne et r\u00e9pare et r\u00e9duit visiblement les signes de perte de collag\u00e8ne, tels que la texture de la peau, la fermet\u00e9, les rides et ridules.<\/strong><\/p>\n<p>Ingr\u00e9dients importants:<\/p>\n<p><strong>1,6 % de polypeptide de collag\u00e8ne biosimilaire<\/strong>: stimule la production naturelle des collag\u00e8nes de types I, IV, VII et XVII et am\u00e9liore la structure de la peau.<br \/>\n<strong>3 % de complexe anti-\u00e2ge multi-peptidique:<\/strong> renforce la matrice extracellulaire et active la synth\u00e8se de collag\u00e8ne et d&#8217;\u00e9lastine.<br \/>\n<strong>Acide hyaluronique:<\/strong> assure une hydratation optimale et rend la peau lisse et rebondie.<\/p>\n<p>Contenance : 30 ml<\/p>\n","protected":false},"featured_media":2627709,"comment_status":"open","ping_status":"closed","template":"","meta":[],"product_brand":[90],"product_cat":[584,574,577,611,583,580,578,582,581,573,575],"product_tag":[],"class_list":{"0":"post-2624716","1":"product","2":"type-product","3":"status-publish","4":"has-post-thumbnail","6":"product_brand-skinceuticals","7":"product_cat-anti-aging-fr","8":"product_cat-corriger","9":"product_cat-la-peau-mixte","10":"product_cat-lissage-des-rides","11":"product_cat-nos-dermatologues-recommandent","12":"product_cat-peau-mature","13":"product_cat-peau-normale","14":"product_cat-peau-seche","15":"product_cat-serum-fr-2","16":"product_cat-skinceuticals-fr","17":"product_cat-soin-du-visage","19":"first","20":"instock","21":"taxable","22":"shipping-taxable","23":"purchasable","24":"product-type-simple"},"gallery_images":[],"yoast_head":"<!-- This site is optimized with the Yoast SEO plugin v25.9 - https:\/\/yoast.com\/wordpress\/plugins\/seo\/ -->\n<title>Collagen Pro-Solution - Dermanence Shop<\/title>\n<meta name=\"robots\" content=\"index, follow, max-snippet:-1, max-image-preview:large, max-video-preview:-1\" \/>\n<link rel=\"canonical\" href=\"https:\/\/dermanence.com\/fr\/produit\/collagen-pro-solution\/\" \/>\n<meta property=\"og:locale\" content=\"fr_FR\" \/>\n<meta property=\"og:type\" content=\"article\" \/>\n<meta property=\"og:title\" content=\"Collagen Pro-Solution - Dermanence Shop\" \/>\n<meta property=\"og:description\" content=\"Un s\u00e9rum multi-peptidique ultramoderne qui stimule la production de collag\u00e8ne et r\u00e9pare et r\u00e9duit visiblement les signes de perte de collag\u00e8ne, tels que la texture de la peau, la fermet\u00e9, les rides et ridules.  Ingr\u00e9dients importants:  1,6 % de polypeptide de collag\u00e8ne biosimilaire: stimule la production naturelle des collag\u00e8nes de types I, IV, VII et XVII et am\u00e9liore la structure de la peau. 3 % de complexe anti-\u00e2ge multi-peptidique: renforce la matrice extracellulaire et active la synth\u00e8se de collag\u00e8ne et d&#039;\u00e9lastine. Acide hyaluronique: assure une hydratation optimale et rend la peau lisse et rebondie.  Contenance : 30 ml\" \/>\n<meta property=\"og:url\" content=\"https:\/\/dermanence.com\/fr\/produit\/collagen-pro-solution\/\" \/>\n<meta property=\"og:site_name\" content=\"Dermanence Shop\" \/>\n<meta property=\"article:modified_time\" content=\"2025-11-28T05:40:14+00:00\" \/>\n<meta property=\"og:image\" content=\"https:\/\/dermanence.com\/wp-content\/uploads\/2025\/08\/packshotcollagen-copia_550x550.webp\" \/>\n\t<meta property=\"og:image:width\" content=\"550\" \/>\n\t<meta property=\"og:image:height\" content=\"550\" \/>\n\t<meta property=\"og:image:type\" content=\"image\/webp\" \/>\n<meta name=\"twitter:card\" content=\"summary_large_image\" \/>\n<meta name=\"twitter:label1\" content=\"Dur\u00e9e de lecture estim\u00e9e\" \/>\n\t<meta name=\"twitter:data1\" content=\"1 minute\" \/>\n<script type=\"application\/ld+json\" class=\"yoast-schema-graph\">{\"@context\":\"https:\/\/schema.org\",\"@graph\":[{\"@type\":\"WebPage\",\"@id\":\"https:\/\/dermanence.com\/fr\/produit\/collagen-pro-solution\/\",\"url\":\"https:\/\/dermanence.com\/fr\/produit\/collagen-pro-solution\/\",\"name\":\"Collagen Pro-Solution - Dermanence Shop\",\"isPartOf\":{\"@id\":\"https:\/\/dermanence.com\/#website\"},\"primaryImageOfPage\":{\"@id\":\"https:\/\/dermanence.com\/fr\/produit\/collagen-pro-solution\/#primaryimage\"},\"image\":{\"@id\":\"https:\/\/dermanence.com\/fr\/produit\/collagen-pro-solution\/#primaryimage\"},\"thumbnailUrl\":\"https:\/\/dermanence.com\/wp-content\/uploads\/2025\/08\/packshotcollagen-copia_550x550.png\",\"datePublished\":\"2025-08-27T13:57:04+00:00\",\"dateModified\":\"2025-11-28T05:40:14+00:00\",\"breadcrumb\":{\"@id\":\"https:\/\/dermanence.com\/fr\/produit\/collagen-pro-solution\/#breadcrumb\"},\"inLanguage\":\"fr-FR\",\"potentialAction\":[{\"@type\":\"ReadAction\",\"target\":[\"https:\/\/dermanence.com\/fr\/produit\/collagen-pro-solution\/\"]}]},{\"@type\":\"ImageObject\",\"inLanguage\":\"fr-FR\",\"@id\":\"https:\/\/dermanence.com\/fr\/produit\/collagen-pro-solution\/#primaryimage\",\"url\":\"https:\/\/dermanence.com\/wp-content\/uploads\/2025\/08\/packshotcollagen-copia_550x550.png\",\"contentUrl\":\"https:\/\/dermanence.com\/wp-content\/uploads\/2025\/08\/packshotcollagen-copia_550x550.png\",\"width\":550,\"height\":550},{\"@type\":\"BreadcrumbList\",\"@id\":\"https:\/\/dermanence.com\/fr\/produit\/collagen-pro-solution\/#breadcrumb\",\"itemListElement\":[{\"@type\":\"ListItem\",\"position\":1,\"name\":\"Home\",\"item\":\"https:\/\/dermanence.com\/fr\/\"},{\"@type\":\"ListItem\",\"position\":2,\"name\":\"Boutique\",\"item\":\"https:\/\/dermanence.com\/fr\/shop\/\"},{\"@type\":\"ListItem\",\"position\":3,\"name\":\"Collagen Pro-Solution\"}]},{\"@type\":\"WebSite\",\"@id\":\"https:\/\/dermanence.com\/#website\",\"url\":\"https:\/\/dermanence.com\/\",\"name\":\"Dermanence Shop\",\"description\":\" Votre salon de beaut\u00e9 avec sa propre clinique dermatologique\",\"potentialAction\":[{\"@type\":\"SearchAction\",\"target\":{\"@type\":\"EntryPoint\",\"urlTemplate\":\"https:\/\/dermanence.com\/?s={search_term_string}\"},\"query-input\":{\"@type\":\"PropertyValueSpecification\",\"valueRequired\":true,\"valueName\":\"search_term_string\"}}],\"inLanguage\":\"fr-FR\"}]}<\/script>\n<!-- \/ Yoast SEO plugin. -->","yoast_head_json":{"title":"Collagen Pro-Solution - Dermanence Shop","robots":{"index":"index","follow":"follow","max-snippet":"max-snippet:-1","max-image-preview":"max-image-preview:large","max-video-preview":"max-video-preview:-1"},"canonical":"https:\/\/dermanence.com\/fr\/produit\/collagen-pro-solution\/","og_locale":"fr_FR","og_type":"article","og_title":"Collagen Pro-Solution - Dermanence Shop","og_description":"Un s\u00e9rum multi-peptidique ultramoderne qui stimule la production de collag\u00e8ne et r\u00e9pare et r\u00e9duit visiblement les signes de perte de collag\u00e8ne, tels que la texture de la peau, la fermet\u00e9, les rides et ridules.  Ingr\u00e9dients importants:  1,6 % de polypeptide de collag\u00e8ne biosimilaire: stimule la production naturelle des collag\u00e8nes de types I, IV, VII et XVII et am\u00e9liore la structure de la peau. 3 % de complexe anti-\u00e2ge multi-peptidique: renforce la matrice extracellulaire et active la synth\u00e8se de collag\u00e8ne et d'\u00e9lastine. Acide hyaluronique: assure une hydratation optimale et rend la peau lisse et rebondie.  Contenance : 30 ml","og_url":"https:\/\/dermanence.com\/fr\/produit\/collagen-pro-solution\/","og_site_name":"Dermanence Shop","article_modified_time":"2025-11-28T05:40:14+00:00","og_image":[{"width":550,"height":550,"url":"https:\/\/dermanence.com\/wp-content\/uploads\/2025\/08\/packshotcollagen-copia_550x550.webp","type":"image\/webp"}],"twitter_card":"summary_large_image","twitter_misc":{"Dur\u00e9e de lecture estim\u00e9e":"1 minute"},"schema":{"@context":"https:\/\/schema.org","@graph":[{"@type":"WebPage","@id":"https:\/\/dermanence.com\/fr\/produit\/collagen-pro-solution\/","url":"https:\/\/dermanence.com\/fr\/produit\/collagen-pro-solution\/","name":"Collagen Pro-Solution - Dermanence Shop","isPartOf":{"@id":"https:\/\/dermanence.com\/#website"},"primaryImageOfPage":{"@id":"https:\/\/dermanence.com\/fr\/produit\/collagen-pro-solution\/#primaryimage"},"image":{"@id":"https:\/\/dermanence.com\/fr\/produit\/collagen-pro-solution\/#primaryimage"},"thumbnailUrl":"https:\/\/dermanence.com\/wp-content\/uploads\/2025\/08\/packshotcollagen-copia_550x550.png","datePublished":"2025-08-27T13:57:04+00:00","dateModified":"2025-11-28T05:40:14+00:00","breadcrumb":{"@id":"https:\/\/dermanence.com\/fr\/produit\/collagen-pro-solution\/#breadcrumb"},"inLanguage":"fr-FR","potentialAction":[{"@type":"ReadAction","target":["https:\/\/dermanence.com\/fr\/produit\/collagen-pro-solution\/"]}]},{"@type":"ImageObject","inLanguage":"fr-FR","@id":"https:\/\/dermanence.com\/fr\/produit\/collagen-pro-solution\/#primaryimage","url":"https:\/\/dermanence.com\/wp-content\/uploads\/2025\/08\/packshotcollagen-copia_550x550.png","contentUrl":"https:\/\/dermanence.com\/wp-content\/uploads\/2025\/08\/packshotcollagen-copia_550x550.png","width":550,"height":550},{"@type":"BreadcrumbList","@id":"https:\/\/dermanence.com\/fr\/produit\/collagen-pro-solution\/#breadcrumb","itemListElement":[{"@type":"ListItem","position":1,"name":"Home","item":"https:\/\/dermanence.com\/fr\/"},{"@type":"ListItem","position":2,"name":"Boutique","item":"https:\/\/dermanence.com\/fr\/shop\/"},{"@type":"ListItem","position":3,"name":"Collagen Pro-Solution"}]},{"@type":"WebSite","@id":"https:\/\/dermanence.com\/#website","url":"https:\/\/dermanence.com\/","name":"Dermanence Shop","description":" Votre salon de beaut\u00e9 avec sa propre clinique dermatologique","potentialAction":[{"@type":"SearchAction","target":{"@type":"EntryPoint","urlTemplate":"https:\/\/dermanence.com\/?s={search_term_string}"},"query-input":{"@type":"PropertyValueSpecification","valueRequired":true,"valueName":"search_term_string"}}],"inLanguage":"fr-FR"}]}},"_links":{"self":[{"href":"https:\/\/dermanence.com\/fr\/wp-json\/wp\/v2\/product\/2624716","targetHints":{"allow":["GET"]}}],"collection":[{"href":"https:\/\/dermanence.com\/fr\/wp-json\/wp\/v2\/product"}],"about":[{"href":"https:\/\/dermanence.com\/fr\/wp-json\/wp\/v2\/types\/product"}],"replies":[{"embeddable":true,"href":"https:\/\/dermanence.com\/fr\/wp-json\/wp\/v2\/comments?post=2624716"}],"wp:featuredmedia":[{"embeddable":true,"href":"https:\/\/dermanence.com\/fr\/wp-json\/wp\/v2\/media\/2627709"}],"wp:attachment":[{"href":"https:\/\/dermanence.com\/fr\/wp-json\/wp\/v2\/media?parent=2624716"}],"wp:term":[{"taxonomy":"product_brand","embeddable":true,"href":"https:\/\/dermanence.com\/fr\/wp-json\/wp\/v2\/product_brand?post=2624716"},{"taxonomy":"product_cat","embeddable":true,"href":"https:\/\/dermanence.com\/fr\/wp-json\/wp\/v2\/product_cat?post=2624716"},{"taxonomy":"product_tag","embeddable":true,"href":"https:\/\/dermanence.com\/fr\/wp-json\/wp\/v2\/product_tag?post=2624716"}],"curies":[{"name":"wp","href":"https:\/\/api.w.org\/{rel}","templated":true}]}}