{"id":2623365,"date":"2025-06-03T13:35:03","date_gmt":"2025-06-03T11:35:03","guid":{"rendered":"https:\/\/dermanence.com\/?post_type=product&#038;p=2623365"},"modified":"2025-06-17T08:21:18","modified_gmt":"2025-06-17T06:21:18","slug":"360-advanced-body-gel-spf-50","status":"publish","type":"product","link":"https:\/\/dermanence.com\/fr\/produit\/360-advanced-body-gel-spf-50\/","title":{"rendered":"360 Advanced Body Gel SPF 50"},"content":{"rendered":"","protected":false},"excerpt":{"rendered":"<p><strong>Heliocare 360 Advanced Gel SPF50 250ml ist ein schnell trocknender Sonnenschutz f\u00fcr den K\u00f6rper, der einen Vollspektrumschutz bietet und f\u00fcr alle Hauttypen, einschliesslich Kinder, geeignet ist.<\/strong><\/p>\n<p>Heliocare 360 Advanced Gel SPF50 250ml\u00a0ist ein hochwirksames Sonnenschutzmittel, das die der Sonne ausgesetzte Haut sch\u00fctzt und pflegt. Seine schnell einziehende Gel-Textur bietet einen Breitbandschutz gegen UVA, UVB, sichtbares Licht und Infrarot. Dar\u00fcber hinaus enth\u00e4lt diese leichte Formel die ASPA-Fernblock\u00ae-Technologie, eine Mischung aus leistungsstarken Antioxidantien, die Sonnenbrand verhindern, R\u00f6tungen reduzieren und UV-bedingte Hautsch\u00e4den reparieren. Dadurch wird die nat\u00fcrliche Barriere der Haut unterst\u00fctzt und langfristige Sch\u00e4den werden minimiert. Dar\u00fcber hinaus enth\u00e4lt die Formel Glykosylasen, Enzyme, die bei der Reparatur von oxidativen DNA-Sch\u00e4den helfen. Dies st\u00e4rkt die Widerstandskraft der Haut und tr\u00e4gt dazu bei, ihr gesundes Aussehen langfristig zu erhalten. In Kombination mit Vitamin E, das Feuchtigkeit spendet und die Haut beruhigt, unterst\u00fctzt der Sonnenschutz die Haut sowohl sofort als auch dauerhaft.<\/p>\n<p>Aufgrund seines OptiD-Effekts hilft er der Haut au\u00dferdem, einen gesunden Vitamin-D-Spiegel aufrechtzuerhalten. Das macht sie besonders geeignet f\u00fcr die regelm\u00e4ssige, t\u00e4gliche Anwendung. Die nicht fettende Textur trocknet schnell, ohne einen weissen Schleier oder R\u00fcckst\u00e4nde zu hinterlassen. Sie ist wasser-, schweiss- und sandbest\u00e4ndig, so dass sie auch in aktiven Momenten wirksam bleibt. Sie kann sogar direkt auf die nasse Haut aufgetragen werden, was sie ideal f\u00fcr Familien macht, die viel unterwegs sind. Au\u00dferdem ist diese Sonnencreme f\u00fcr alle Hauttypen geeignet, auch f\u00fcr empfindliche Haut, und f\u00fcr Kinder ab zwei Jahren zugelassen.<\/p>\n<p>F\u00fcllmenge: 250 ml<\/p>\n","protected":false},"featured_media":2623369,"comment_status":"open","ping_status":"closed","template":"","meta":[],"product_brand":[105],"product_cat":[186,438,440,367],"product_tag":[],"class_list":{"0":"post-2623365","1":"product","2":"type-product","3":"status-publish","4":"has-post-thumbnail","6":"product_brand-heliocare","7":"product_cat-kinder-sonnenschutz","8":"product_cat-sonnenschutz-fuer-den-koerper","9":"product_cat-spf-30spf-sonnenschutz-fuer-den-koerper","10":"product_cat-wasserfest","12":"first","13":"instock","14":"taxable","15":"shipping-taxable","16":"purchasable","17":"product-type-simple"},"gallery_images":[],"yoast_head":"<!-- This site is optimized with the Yoast SEO plugin v25.9 - https:\/\/yoast.com\/wordpress\/plugins\/seo\/ -->\n<title>360 Advanced Body Gel SPF 50 - Dermanence Shop<\/title>\n<meta name=\"robots\" content=\"index, follow, max-snippet:-1, max-image-preview:large, max-video-preview:-1\" \/>\n<link rel=\"canonical\" href=\"https:\/\/dermanence.com\/produkt\/360-advanced-body-gel-spf-50\/\" \/>\n<meta property=\"og:locale\" content=\"fr_FR\" \/>\n<meta property=\"og:type\" content=\"article\" \/>\n<meta property=\"og:title\" content=\"360 Advanced Body Gel SPF 50 - Dermanence Shop\" \/>\n<meta property=\"og:description\" content=\"Heliocare 360 Advanced Gel SPF50 250ml ist ein schnell trocknender Sonnenschutz f\u00fcr den K\u00f6rper, der einen Vollspektrumschutz bietet und f\u00fcr alle Hauttypen, einschliesslich Kinder, geeignet ist.  Heliocare 360 Advanced Gel SPF50 250ml\u00a0ist ein hochwirksames Sonnenschutzmittel, das die der Sonne ausgesetzte Haut sch\u00fctzt und pflegt. Seine schnell einziehende Gel-Textur bietet einen Breitbandschutz gegen UVA, UVB, sichtbares Licht und Infrarot. Dar\u00fcber hinaus enth\u00e4lt diese leichte Formel die ASPA-Fernblock\u00ae-Technologie, eine Mischung aus leistungsstarken Antioxidantien, die Sonnenbrand verhindern, R\u00f6tungen reduzieren und UV-bedingte Hautsch\u00e4den reparieren. Dadurch wird die nat\u00fcrliche Barriere der Haut unterst\u00fctzt und langfristige Sch\u00e4den werden minimiert. Dar\u00fcber hinaus enth\u00e4lt die Formel Glykosylasen, Enzyme, die bei der Reparatur von oxidativen DNA-Sch\u00e4den helfen. Dies st\u00e4rkt die Widerstandskraft der Haut und tr\u00e4gt dazu bei, ihr gesundes Aussehen langfristig zu erhalten. In Kombination mit Vitamin E, das Feuchtigkeit spendet und die Haut beruhigt, unterst\u00fctzt der Sonnenschutz die Haut sowohl sofort als auch dauerhaft.  Aufgrund seines OptiD-Effekts hilft er der Haut au\u00dferdem, einen gesunden Vitamin-D-Spiegel aufrechtzuerhalten. Das macht sie besonders geeignet f\u00fcr die regelm\u00e4ssige, t\u00e4gliche Anwendung. Die nicht fettende Textur trocknet schnell, ohne einen weissen Schleier oder R\u00fcckst\u00e4nde zu hinterlassen. Sie ist wasser-, schweiss- und sandbest\u00e4ndig, so dass sie auch in aktiven Momenten wirksam bleibt. Sie kann sogar direkt auf die nasse Haut aufgetragen werden, was sie ideal f\u00fcr Familien macht, die viel unterwegs sind. Au\u00dferdem ist diese Sonnencreme f\u00fcr alle Hauttypen geeignet, auch f\u00fcr empfindliche Haut, und f\u00fcr Kinder ab zwei Jahren zugelassen.  F\u00fcllmenge: 250 ml\" \/>\n<meta property=\"og:url\" content=\"https:\/\/dermanence.com\/produkt\/360-advanced-body-gel-spf-50\/\" \/>\n<meta property=\"og:site_name\" content=\"Dermanence Shop\" \/>\n<meta property=\"article:modified_time\" content=\"2025-06-17T06:21:18+00:00\" \/>\n<meta property=\"og:image\" content=\"https:\/\/dermanence.com\/wp-content\/uploads\/2025\/06\/bildschirmfoto-2025-06-03-um-13.50.05.png\" \/>\n\t<meta property=\"og:image:width\" content=\"358\" \/>\n\t<meta property=\"og:image:height\" content=\"462\" \/>\n\t<meta property=\"og:image:type\" content=\"image\/png\" \/>\n<meta name=\"twitter:card\" content=\"summary_large_image\" \/>\n<meta name=\"twitter:label1\" content=\"Dur\u00e9e de lecture estim\u00e9e\" \/>\n\t<meta name=\"twitter:data1\" content=\"1 minute\" \/>\n<script type=\"application\/ld+json\" class=\"yoast-schema-graph\">{\"@context\":\"https:\/\/schema.org\",\"@graph\":[{\"@type\":\"WebPage\",\"@id\":\"https:\/\/dermanence.com\/produkt\/360-advanced-body-gel-spf-50\/\",\"url\":\"https:\/\/dermanence.com\/produkt\/360-advanced-body-gel-spf-50\/\",\"name\":\"360 Advanced Body Gel SPF 50 - Dermanence Shop\",\"isPartOf\":{\"@id\":\"https:\/\/dermanence.com\/#website\"},\"primaryImageOfPage\":{\"@id\":\"https:\/\/dermanence.com\/produkt\/360-advanced-body-gel-spf-50\/#primaryimage\"},\"image\":{\"@id\":\"https:\/\/dermanence.com\/produkt\/360-advanced-body-gel-spf-50\/#primaryimage\"},\"thumbnailUrl\":\"https:\/\/dermanence.com\/wp-content\/uploads\/2025\/06\/bildschirmfoto-2025-06-03-um-13.50.05.png\",\"datePublished\":\"2025-06-03T11:35:03+00:00\",\"dateModified\":\"2025-06-17T06:21:18+00:00\",\"breadcrumb\":{\"@id\":\"https:\/\/dermanence.com\/produkt\/360-advanced-body-gel-spf-50\/#breadcrumb\"},\"inLanguage\":\"fr-FR\",\"potentialAction\":[{\"@type\":\"ReadAction\",\"target\":[\"https:\/\/dermanence.com\/produkt\/360-advanced-body-gel-spf-50\/\"]}]},{\"@type\":\"ImageObject\",\"inLanguage\":\"fr-FR\",\"@id\":\"https:\/\/dermanence.com\/produkt\/360-advanced-body-gel-spf-50\/#primaryimage\",\"url\":\"https:\/\/dermanence.com\/wp-content\/uploads\/2025\/06\/bildschirmfoto-2025-06-03-um-13.50.05.png\",\"contentUrl\":\"https:\/\/dermanence.com\/wp-content\/uploads\/2025\/06\/bildschirmfoto-2025-06-03-um-13.50.05.png\",\"width\":358,\"height\":462},{\"@type\":\"BreadcrumbList\",\"@id\":\"https:\/\/dermanence.com\/produkt\/360-advanced-body-gel-spf-50\/#breadcrumb\",\"itemListElement\":[{\"@type\":\"ListItem\",\"position\":1,\"name\":\"Home\",\"item\":\"https:\/\/dermanence.com\/fr\/\"},{\"@type\":\"ListItem\",\"position\":2,\"name\":\"Boutique\",\"item\":\"https:\/\/dermanence.com\/fr\/shop\/\"},{\"@type\":\"ListItem\",\"position\":3,\"name\":\"360 Advanced Body Gel SPF 50\"}]},{\"@type\":\"WebSite\",\"@id\":\"https:\/\/dermanence.com\/#website\",\"url\":\"https:\/\/dermanence.com\/\",\"name\":\"Dermanence Shop\",\"description\":\" Votre salon de beaut\u00e9 avec sa propre clinique dermatologique\",\"potentialAction\":[{\"@type\":\"SearchAction\",\"target\":{\"@type\":\"EntryPoint\",\"urlTemplate\":\"https:\/\/dermanence.com\/?s={search_term_string}\"},\"query-input\":{\"@type\":\"PropertyValueSpecification\",\"valueRequired\":true,\"valueName\":\"search_term_string\"}}],\"inLanguage\":\"fr-FR\"}]}<\/script>\n<!-- \/ Yoast SEO plugin. -->","yoast_head_json":{"title":"360 Advanced Body Gel SPF 50 - Dermanence Shop","robots":{"index":"index","follow":"follow","max-snippet":"max-snippet:-1","max-image-preview":"max-image-preview:large","max-video-preview":"max-video-preview:-1"},"canonical":"https:\/\/dermanence.com\/produkt\/360-advanced-body-gel-spf-50\/","og_locale":"fr_FR","og_type":"article","og_title":"360 Advanced Body Gel SPF 50 - Dermanence Shop","og_description":"Heliocare 360 Advanced Gel SPF50 250ml ist ein schnell trocknender Sonnenschutz f\u00fcr den K\u00f6rper, der einen Vollspektrumschutz bietet und f\u00fcr alle Hauttypen, einschliesslich Kinder, geeignet ist.  Heliocare 360 Advanced Gel SPF50 250ml\u00a0ist ein hochwirksames Sonnenschutzmittel, das die der Sonne ausgesetzte Haut sch\u00fctzt und pflegt. Seine schnell einziehende Gel-Textur bietet einen Breitbandschutz gegen UVA, UVB, sichtbares Licht und Infrarot. Dar\u00fcber hinaus enth\u00e4lt diese leichte Formel die ASPA-Fernblock\u00ae-Technologie, eine Mischung aus leistungsstarken Antioxidantien, die Sonnenbrand verhindern, R\u00f6tungen reduzieren und UV-bedingte Hautsch\u00e4den reparieren. Dadurch wird die nat\u00fcrliche Barriere der Haut unterst\u00fctzt und langfristige Sch\u00e4den werden minimiert. Dar\u00fcber hinaus enth\u00e4lt die Formel Glykosylasen, Enzyme, die bei der Reparatur von oxidativen DNA-Sch\u00e4den helfen. Dies st\u00e4rkt die Widerstandskraft der Haut und tr\u00e4gt dazu bei, ihr gesundes Aussehen langfristig zu erhalten. In Kombination mit Vitamin E, das Feuchtigkeit spendet und die Haut beruhigt, unterst\u00fctzt der Sonnenschutz die Haut sowohl sofort als auch dauerhaft.  Aufgrund seines OptiD-Effekts hilft er der Haut au\u00dferdem, einen gesunden Vitamin-D-Spiegel aufrechtzuerhalten. Das macht sie besonders geeignet f\u00fcr die regelm\u00e4ssige, t\u00e4gliche Anwendung. Die nicht fettende Textur trocknet schnell, ohne einen weissen Schleier oder R\u00fcckst\u00e4nde zu hinterlassen. Sie ist wasser-, schweiss- und sandbest\u00e4ndig, so dass sie auch in aktiven Momenten wirksam bleibt. Sie kann sogar direkt auf die nasse Haut aufgetragen werden, was sie ideal f\u00fcr Familien macht, die viel unterwegs sind. Au\u00dferdem ist diese Sonnencreme f\u00fcr alle Hauttypen geeignet, auch f\u00fcr empfindliche Haut, und f\u00fcr Kinder ab zwei Jahren zugelassen.  F\u00fcllmenge: 250 ml","og_url":"https:\/\/dermanence.com\/produkt\/360-advanced-body-gel-spf-50\/","og_site_name":"Dermanence Shop","article_modified_time":"2025-06-17T06:21:18+00:00","og_image":[{"width":358,"height":462,"url":"https:\/\/dermanence.com\/wp-content\/uploads\/2025\/06\/bildschirmfoto-2025-06-03-um-13.50.05.png","type":"image\/png"}],"twitter_card":"summary_large_image","twitter_misc":{"Dur\u00e9e de lecture estim\u00e9e":"1 minute"},"schema":{"@context":"https:\/\/schema.org","@graph":[{"@type":"WebPage","@id":"https:\/\/dermanence.com\/produkt\/360-advanced-body-gel-spf-50\/","url":"https:\/\/dermanence.com\/produkt\/360-advanced-body-gel-spf-50\/","name":"360 Advanced Body Gel SPF 50 - Dermanence Shop","isPartOf":{"@id":"https:\/\/dermanence.com\/#website"},"primaryImageOfPage":{"@id":"https:\/\/dermanence.com\/produkt\/360-advanced-body-gel-spf-50\/#primaryimage"},"image":{"@id":"https:\/\/dermanence.com\/produkt\/360-advanced-body-gel-spf-50\/#primaryimage"},"thumbnailUrl":"https:\/\/dermanence.com\/wp-content\/uploads\/2025\/06\/bildschirmfoto-2025-06-03-um-13.50.05.png","datePublished":"2025-06-03T11:35:03+00:00","dateModified":"2025-06-17T06:21:18+00:00","breadcrumb":{"@id":"https:\/\/dermanence.com\/produkt\/360-advanced-body-gel-spf-50\/#breadcrumb"},"inLanguage":"fr-FR","potentialAction":[{"@type":"ReadAction","target":["https:\/\/dermanence.com\/produkt\/360-advanced-body-gel-spf-50\/"]}]},{"@type":"ImageObject","inLanguage":"fr-FR","@id":"https:\/\/dermanence.com\/produkt\/360-advanced-body-gel-spf-50\/#primaryimage","url":"https:\/\/dermanence.com\/wp-content\/uploads\/2025\/06\/bildschirmfoto-2025-06-03-um-13.50.05.png","contentUrl":"https:\/\/dermanence.com\/wp-content\/uploads\/2025\/06\/bildschirmfoto-2025-06-03-um-13.50.05.png","width":358,"height":462},{"@type":"BreadcrumbList","@id":"https:\/\/dermanence.com\/produkt\/360-advanced-body-gel-spf-50\/#breadcrumb","itemListElement":[{"@type":"ListItem","position":1,"name":"Home","item":"https:\/\/dermanence.com\/fr\/"},{"@type":"ListItem","position":2,"name":"Boutique","item":"https:\/\/dermanence.com\/fr\/shop\/"},{"@type":"ListItem","position":3,"name":"360 Advanced Body Gel SPF 50"}]},{"@type":"WebSite","@id":"https:\/\/dermanence.com\/#website","url":"https:\/\/dermanence.com\/","name":"Dermanence Shop","description":" Votre salon de beaut\u00e9 avec sa propre clinique dermatologique","potentialAction":[{"@type":"SearchAction","target":{"@type":"EntryPoint","urlTemplate":"https:\/\/dermanence.com\/?s={search_term_string}"},"query-input":{"@type":"PropertyValueSpecification","valueRequired":true,"valueName":"search_term_string"}}],"inLanguage":"fr-FR"}]}},"_links":{"self":[{"href":"https:\/\/dermanence.com\/fr\/wp-json\/wp\/v2\/product\/2623365","targetHints":{"allow":["GET"]}}],"collection":[{"href":"https:\/\/dermanence.com\/fr\/wp-json\/wp\/v2\/product"}],"about":[{"href":"https:\/\/dermanence.com\/fr\/wp-json\/wp\/v2\/types\/product"}],"replies":[{"embeddable":true,"href":"https:\/\/dermanence.com\/fr\/wp-json\/wp\/v2\/comments?post=2623365"}],"wp:featuredmedia":[{"embeddable":true,"href":"https:\/\/dermanence.com\/fr\/wp-json\/wp\/v2\/media\/2623369"}],"wp:attachment":[{"href":"https:\/\/dermanence.com\/fr\/wp-json\/wp\/v2\/media?parent=2623365"}],"wp:term":[{"taxonomy":"product_brand","embeddable":true,"href":"https:\/\/dermanence.com\/fr\/wp-json\/wp\/v2\/product_brand?post=2623365"},{"taxonomy":"product_cat","embeddable":true,"href":"https:\/\/dermanence.com\/fr\/wp-json\/wp\/v2\/product_cat?post=2623365"},{"taxonomy":"product_tag","embeddable":true,"href":"https:\/\/dermanence.com\/fr\/wp-json\/wp\/v2\/product_tag?post=2623365"}],"curies":[{"name":"wp","href":"https:\/\/api.w.org\/{rel}","templated":true}]}}