{"id":2618798,"date":"2024-10-22T13:59:58","date_gmt":"2024-10-22T11:59:58","guid":{"rendered":"https:\/\/dermanence.com\/?post_type=product&#038;p=2618798"},"modified":"2025-02-24T08:37:48","modified_gmt":"2025-02-24T07:37:48","slug":"pro-retinaldehyde-dual-retinoid-treatment","status":"publish","type":"product","link":"https:\/\/dermanence.com\/fr\/produit\/pro-retinaldehyde-dual-retinoid-treatment\/","title":{"rendered":"Pro Retinaldehyde Dual-Retinoid Treatment"},"content":{"rendered":"","protected":false},"excerpt":{"rendered":"<p><b>Das erste Dual-Retinoid Treatment dieser Art \u2013 es reduziert klinisch erwiesen die sichtbaren Zeichen der Hautalterung und sorgt f\u00fcr eine glattere Textur sowie eine reine, strahlende Haut<\/b><\/p>\n<div id=\"js-accordeon-product-bundles\" class=\"js-accordeon-section \">\n<div class=\"js-accordeon-body product-skin__accordeon\">\n<div class=\"product-skin__description\">\n<p>Die Formel mit Retinaldehyd (einer direkten Vorstufe zur hautaktiven Retins\u00e4ure) ben\u00f6tigt im Vergleich zu Retinol einen Umwandlungsschritt weniger. Au\u00dferdem ist das Retinaldehyd in Kalziumphosphat eingekapselt, um Irritationen zu minimieren, w\u00e4hrend das \u00f6ll\u00f6sliche Retinoid Oleyl Adapalenat sich direkt mit den Retins\u00e4urerezeptoren der Haut verbindet (hier ist keine Umwandlung erforderlich), um zu Unreinheiten-neigende Haut zu kl\u00e4ren, ohne sie zu reizen. Granatapfelschale, eine kraftvolle Antioxidantienquelle, hilft, die nat\u00fcrliche Kollagenproduktion anzuregen und die Ursachen von Hautsch\u00e4den zu lindern, um eine reine Haut zu f\u00f6rdern. Eine bio-fermentierte Mischung aus beruhigendem Hefe- und Pilzextrakt verbessert die Vertr\u00e4glichkeit von Retinoiden in der Haut.<\/p>\n<div class=\"content-asset\">\n<div class=\"content-asset\">\n<ul>\n<li>Bek\u00e4mpft Zeichen der Hautalterung ohne Irritationen<\/li>\n<li>F\u00fcr eine reine Haut<\/li>\n<li>Verbessert die Textur und Hyperpigmentierung<\/li>\n<\/ul>\n<\/div>\n<\/div>\n<\/div>\n<\/div>\n<\/div>\n<p>F\u00fcllmenge: 30ml<\/p>\n","protected":false},"featured_media":2618812,"comment_status":"open","ping_status":"closed","template":"","meta":[],"product_brand":[1020],"product_cat":[167,207,205,25,203,227,204],"product_tag":[],"class_list":{"0":"post-2618798","1":"product","2":"type-product","3":"status-publish","4":"has-post-thumbnail","6":"product_brand-paulas-choice","7":"product_cat-anti-aging","8":"product_cat-empfindliche-haut","9":"product_cat-fettige-haut","10":"product_cat-gesichtspflege","11":"product_cat-normale-haut","12":"product_cat-retinol-vitamin-a","13":"product_cat-trockene-haut","15":"first","16":"instock","17":"taxable","18":"shipping-taxable","19":"purchasable","20":"product-type-simple"},"gallery_images":[2618802,2618804,2618808,2618810],"yoast_head":"<!-- This site is optimized with the Yoast SEO plugin v25.9 - https:\/\/yoast.com\/wordpress\/plugins\/seo\/ -->\n<title>Pro Retinaldehyde Dual-Retinoid Treatment - Dermanence Shop<\/title>\n<meta name=\"robots\" content=\"index, follow, max-snippet:-1, max-image-preview:large, max-video-preview:-1\" \/>\n<link rel=\"canonical\" href=\"https:\/\/dermanence.com\/produkt\/pro-retinaldehyde-dual-retinoid-treatment\/\" \/>\n<meta property=\"og:locale\" content=\"fr_FR\" \/>\n<meta property=\"og:type\" content=\"article\" \/>\n<meta property=\"og:title\" content=\"Pro Retinaldehyde Dual-Retinoid Treatment - Dermanence Shop\" \/>\n<meta property=\"og:description\" content=\"Das erste Dual-Retinoid Treatment dieser Art \u2013 es reduziert klinisch erwiesen die sichtbaren Zeichen der Hautalterung und sorgt f\u00fcr eine glattere Textur sowie eine reine, strahlende Haut     Die Formel mit Retinaldehyd (einer direkten Vorstufe zur hautaktiven Retins\u00e4ure) ben\u00f6tigt im Vergleich zu Retinol einen Umwandlungsschritt weniger. Au\u00dferdem ist das Retinaldehyd in Kalziumphosphat eingekapselt, um Irritationen zu minimieren, w\u00e4hrend das \u00f6ll\u00f6sliche Retinoid Oleyl Adapalenat sich direkt mit den Retins\u00e4urerezeptoren der Haut verbindet (hier ist keine Umwandlung erforderlich), um zu Unreinheiten-neigende Haut zu kl\u00e4ren, ohne sie zu reizen. Granatapfelschale, eine kraftvolle Antioxidantienquelle, hilft, die nat\u00fcrliche Kollagenproduktion anzuregen und die Ursachen von Hautsch\u00e4den zu lindern, um eine reine Haut zu f\u00f6rdern. Eine bio-fermentierte Mischung aus beruhigendem Hefe- und Pilzextrakt verbessert die Vertr\u00e4glichkeit von Retinoiden in der Haut.     Bek\u00e4mpft Zeichen der Hautalterung ohne Irritationen  F\u00fcr eine reine Haut  Verbessert die Textur und Hyperpigmentierung       F\u00fcllmenge: 30ml\" \/>\n<meta property=\"og:url\" content=\"https:\/\/dermanence.com\/produkt\/pro-retinaldehyde-dual-retinoid-treatment\/\" \/>\n<meta property=\"og:site_name\" content=\"Dermanence Shop\" \/>\n<meta property=\"article:modified_time\" content=\"2025-02-24T07:37:48+00:00\" \/>\n<meta property=\"og:image\" content=\"https:\/\/dermanence.com\/wp-content\/uploads\/2024\/10\/bildschirmfoto-2024-10-22-um-14.33.47.png\" \/>\n\t<meta property=\"og:image:width\" content=\"631\" \/>\n\t<meta property=\"og:image:height\" content=\"684\" \/>\n\t<meta property=\"og:image:type\" content=\"image\/png\" \/>\n<meta name=\"twitter:card\" content=\"summary_large_image\" \/>\n<meta name=\"twitter:label1\" content=\"Dur\u00e9e de lecture estim\u00e9e\" \/>\n\t<meta name=\"twitter:data1\" content=\"1 minute\" \/>\n<script type=\"application\/ld+json\" class=\"yoast-schema-graph\">{\"@context\":\"https:\/\/schema.org\",\"@graph\":[{\"@type\":\"WebPage\",\"@id\":\"https:\/\/dermanence.com\/produkt\/pro-retinaldehyde-dual-retinoid-treatment\/\",\"url\":\"https:\/\/dermanence.com\/produkt\/pro-retinaldehyde-dual-retinoid-treatment\/\",\"name\":\"Pro Retinaldehyde Dual-Retinoid Treatment - Dermanence Shop\",\"isPartOf\":{\"@id\":\"https:\/\/dermanence.com\/#website\"},\"primaryImageOfPage\":{\"@id\":\"https:\/\/dermanence.com\/produkt\/pro-retinaldehyde-dual-retinoid-treatment\/#primaryimage\"},\"image\":{\"@id\":\"https:\/\/dermanence.com\/produkt\/pro-retinaldehyde-dual-retinoid-treatment\/#primaryimage\"},\"thumbnailUrl\":\"https:\/\/dermanence.com\/wp-content\/uploads\/2024\/10\/bildschirmfoto-2024-10-22-um-14.33.47.png\",\"datePublished\":\"2024-10-22T11:59:58+00:00\",\"dateModified\":\"2025-02-24T07:37:48+00:00\",\"breadcrumb\":{\"@id\":\"https:\/\/dermanence.com\/produkt\/pro-retinaldehyde-dual-retinoid-treatment\/#breadcrumb\"},\"inLanguage\":\"fr-FR\",\"potentialAction\":[{\"@type\":\"ReadAction\",\"target\":[\"https:\/\/dermanence.com\/produkt\/pro-retinaldehyde-dual-retinoid-treatment\/\"]}]},{\"@type\":\"ImageObject\",\"inLanguage\":\"fr-FR\",\"@id\":\"https:\/\/dermanence.com\/produkt\/pro-retinaldehyde-dual-retinoid-treatment\/#primaryimage\",\"url\":\"https:\/\/dermanence.com\/wp-content\/uploads\/2024\/10\/bildschirmfoto-2024-10-22-um-14.33.47.png\",\"contentUrl\":\"https:\/\/dermanence.com\/wp-content\/uploads\/2024\/10\/bildschirmfoto-2024-10-22-um-14.33.47.png\",\"width\":631,\"height\":684},{\"@type\":\"BreadcrumbList\",\"@id\":\"https:\/\/dermanence.com\/produkt\/pro-retinaldehyde-dual-retinoid-treatment\/#breadcrumb\",\"itemListElement\":[{\"@type\":\"ListItem\",\"position\":1,\"name\":\"Home\",\"item\":\"https:\/\/dermanence.com\/fr\/\"},{\"@type\":\"ListItem\",\"position\":2,\"name\":\"Boutique\",\"item\":\"https:\/\/dermanence.com\/fr\/shop\/\"},{\"@type\":\"ListItem\",\"position\":3,\"name\":\"Pro Retinaldehyde Dual-Retinoid Treatment\"}]},{\"@type\":\"WebSite\",\"@id\":\"https:\/\/dermanence.com\/#website\",\"url\":\"https:\/\/dermanence.com\/\",\"name\":\"Dermanence Shop\",\"description\":\" Votre salon de beaut\u00e9 avec sa propre clinique dermatologique\",\"potentialAction\":[{\"@type\":\"SearchAction\",\"target\":{\"@type\":\"EntryPoint\",\"urlTemplate\":\"https:\/\/dermanence.com\/?s={search_term_string}\"},\"query-input\":{\"@type\":\"PropertyValueSpecification\",\"valueRequired\":true,\"valueName\":\"search_term_string\"}}],\"inLanguage\":\"fr-FR\"}]}<\/script>\n<!-- \/ Yoast SEO plugin. -->","yoast_head_json":{"title":"Pro Retinaldehyde Dual-Retinoid Treatment - Dermanence Shop","robots":{"index":"index","follow":"follow","max-snippet":"max-snippet:-1","max-image-preview":"max-image-preview:large","max-video-preview":"max-video-preview:-1"},"canonical":"https:\/\/dermanence.com\/produkt\/pro-retinaldehyde-dual-retinoid-treatment\/","og_locale":"fr_FR","og_type":"article","og_title":"Pro Retinaldehyde Dual-Retinoid Treatment - Dermanence Shop","og_description":"Das erste Dual-Retinoid Treatment dieser Art \u2013 es reduziert klinisch erwiesen die sichtbaren Zeichen der Hautalterung und sorgt f\u00fcr eine glattere Textur sowie eine reine, strahlende Haut     Die Formel mit Retinaldehyd (einer direkten Vorstufe zur hautaktiven Retins\u00e4ure) ben\u00f6tigt im Vergleich zu Retinol einen Umwandlungsschritt weniger. Au\u00dferdem ist das Retinaldehyd in Kalziumphosphat eingekapselt, um Irritationen zu minimieren, w\u00e4hrend das \u00f6ll\u00f6sliche Retinoid Oleyl Adapalenat sich direkt mit den Retins\u00e4urerezeptoren der Haut verbindet (hier ist keine Umwandlung erforderlich), um zu Unreinheiten-neigende Haut zu kl\u00e4ren, ohne sie zu reizen. Granatapfelschale, eine kraftvolle Antioxidantienquelle, hilft, die nat\u00fcrliche Kollagenproduktion anzuregen und die Ursachen von Hautsch\u00e4den zu lindern, um eine reine Haut zu f\u00f6rdern. Eine bio-fermentierte Mischung aus beruhigendem Hefe- und Pilzextrakt verbessert die Vertr\u00e4glichkeit von Retinoiden in der Haut.     Bek\u00e4mpft Zeichen der Hautalterung ohne Irritationen  F\u00fcr eine reine Haut  Verbessert die Textur und Hyperpigmentierung       F\u00fcllmenge: 30ml","og_url":"https:\/\/dermanence.com\/produkt\/pro-retinaldehyde-dual-retinoid-treatment\/","og_site_name":"Dermanence Shop","article_modified_time":"2025-02-24T07:37:48+00:00","og_image":[{"width":631,"height":684,"url":"https:\/\/dermanence.com\/wp-content\/uploads\/2024\/10\/bildschirmfoto-2024-10-22-um-14.33.47.png","type":"image\/png"}],"twitter_card":"summary_large_image","twitter_misc":{"Dur\u00e9e de lecture estim\u00e9e":"1 minute"},"schema":{"@context":"https:\/\/schema.org","@graph":[{"@type":"WebPage","@id":"https:\/\/dermanence.com\/produkt\/pro-retinaldehyde-dual-retinoid-treatment\/","url":"https:\/\/dermanence.com\/produkt\/pro-retinaldehyde-dual-retinoid-treatment\/","name":"Pro Retinaldehyde Dual-Retinoid Treatment - Dermanence Shop","isPartOf":{"@id":"https:\/\/dermanence.com\/#website"},"primaryImageOfPage":{"@id":"https:\/\/dermanence.com\/produkt\/pro-retinaldehyde-dual-retinoid-treatment\/#primaryimage"},"image":{"@id":"https:\/\/dermanence.com\/produkt\/pro-retinaldehyde-dual-retinoid-treatment\/#primaryimage"},"thumbnailUrl":"https:\/\/dermanence.com\/wp-content\/uploads\/2024\/10\/bildschirmfoto-2024-10-22-um-14.33.47.png","datePublished":"2024-10-22T11:59:58+00:00","dateModified":"2025-02-24T07:37:48+00:00","breadcrumb":{"@id":"https:\/\/dermanence.com\/produkt\/pro-retinaldehyde-dual-retinoid-treatment\/#breadcrumb"},"inLanguage":"fr-FR","potentialAction":[{"@type":"ReadAction","target":["https:\/\/dermanence.com\/produkt\/pro-retinaldehyde-dual-retinoid-treatment\/"]}]},{"@type":"ImageObject","inLanguage":"fr-FR","@id":"https:\/\/dermanence.com\/produkt\/pro-retinaldehyde-dual-retinoid-treatment\/#primaryimage","url":"https:\/\/dermanence.com\/wp-content\/uploads\/2024\/10\/bildschirmfoto-2024-10-22-um-14.33.47.png","contentUrl":"https:\/\/dermanence.com\/wp-content\/uploads\/2024\/10\/bildschirmfoto-2024-10-22-um-14.33.47.png","width":631,"height":684},{"@type":"BreadcrumbList","@id":"https:\/\/dermanence.com\/produkt\/pro-retinaldehyde-dual-retinoid-treatment\/#breadcrumb","itemListElement":[{"@type":"ListItem","position":1,"name":"Home","item":"https:\/\/dermanence.com\/fr\/"},{"@type":"ListItem","position":2,"name":"Boutique","item":"https:\/\/dermanence.com\/fr\/shop\/"},{"@type":"ListItem","position":3,"name":"Pro Retinaldehyde Dual-Retinoid Treatment"}]},{"@type":"WebSite","@id":"https:\/\/dermanence.com\/#website","url":"https:\/\/dermanence.com\/","name":"Dermanence Shop","description":" Votre salon de beaut\u00e9 avec sa propre clinique dermatologique","potentialAction":[{"@type":"SearchAction","target":{"@type":"EntryPoint","urlTemplate":"https:\/\/dermanence.com\/?s={search_term_string}"},"query-input":{"@type":"PropertyValueSpecification","valueRequired":true,"valueName":"search_term_string"}}],"inLanguage":"fr-FR"}]}},"_links":{"self":[{"href":"https:\/\/dermanence.com\/fr\/wp-json\/wp\/v2\/product\/2618798","targetHints":{"allow":["GET"]}}],"collection":[{"href":"https:\/\/dermanence.com\/fr\/wp-json\/wp\/v2\/product"}],"about":[{"href":"https:\/\/dermanence.com\/fr\/wp-json\/wp\/v2\/types\/product"}],"replies":[{"embeddable":true,"href":"https:\/\/dermanence.com\/fr\/wp-json\/wp\/v2\/comments?post=2618798"}],"wp:featuredmedia":[{"embeddable":true,"href":"https:\/\/dermanence.com\/fr\/wp-json\/wp\/v2\/media\/2618812"}],"wp:attachment":[{"href":"https:\/\/dermanence.com\/fr\/wp-json\/wp\/v2\/media?parent=2618798"}],"wp:term":[{"taxonomy":"product_brand","embeddable":true,"href":"https:\/\/dermanence.com\/fr\/wp-json\/wp\/v2\/product_brand?post=2618798"},{"taxonomy":"product_cat","embeddable":true,"href":"https:\/\/dermanence.com\/fr\/wp-json\/wp\/v2\/product_cat?post=2618798"},{"taxonomy":"product_tag","embeddable":true,"href":"https:\/\/dermanence.com\/fr\/wp-json\/wp\/v2\/product_tag?post=2618798"}],"curies":[{"name":"wp","href":"https:\/\/api.w.org\/{rel}","templated":true}]}}