{"id":2609509,"date":"2023-06-23T10:07:34","date_gmt":"2023-06-23T08:07:34","guid":{"rendered":"https:\/\/dermanence.com\/?post_type=product&#038;p=2609509"},"modified":"2024-11-13T14:37:59","modified_gmt":"2024-11-13T13:37:59","slug":"smart-tone-broad-spectrum-sunscreen-spf-50","status":"publish","type":"product","link":"https:\/\/dermanence.com\/fr\/produit\/smart-tone-broad-spectrum-sunscreen-spf-50\/","title":{"rendered":"Smart Tone Broad Spectrum Sunscreen SPF 50"},"content":{"rendered":"","protected":false},"excerpt":{"rendered":"<p>Hochentwickeltes SPF 50-Sonnenschutzmittel mit breitem Wirkungsspektrum.<\/p>\n<p>Ultraleichtes aber dennoch sehr kraftvolles UVA\/UVB Sonnenschutzmittel mit universeller T\u00f6nung, die sich jedem Hautton anpasst und einen gesunden Teint erzeugt. Sch\u00fctzt vor hochenergetischem Licht (HEV) und R\u00f6tungen der Haut. Frei von Parabenen.<\/p>\n<p>F\u00fcllmenge: 45ml<\/p>\n","protected":false},"featured_media":2609510,"comment_status":"open","ping_status":"closed","template":"","meta":[],"product_brand":[1043],"product_cat":[516,518,29],"product_tag":[],"class_list":{"0":"post-2609509","1":"product","2":"type-product","3":"status-publish","4":"has-post-thumbnail","6":"product_brand-zo-skin-health","7":"product_cat-prevent","8":"product_cat-protect","9":"product_cat-sonnenschutz","11":"first","12":"instock","13":"taxable","14":"shipping-taxable","15":"purchasable","16":"product-type-simple"},"gallery_images":[],"yoast_head":"<!-- This site is optimized with the Yoast SEO plugin v25.9 - https:\/\/yoast.com\/wordpress\/plugins\/seo\/ -->\n<title>Smart Tone Broad Spectrum Sunscreen SPF 50 - Dermanence Shop<\/title>\n<meta name=\"robots\" content=\"index, follow, max-snippet:-1, max-image-preview:large, max-video-preview:-1\" \/>\n<link rel=\"canonical\" href=\"https:\/\/dermanence.com\/produkt\/smart-tone-broad-spectrum-sunscreen-spf-50\/\" \/>\n<meta property=\"og:locale\" content=\"fr_FR\" \/>\n<meta property=\"og:type\" content=\"article\" \/>\n<meta property=\"og:title\" content=\"Smart Tone Broad Spectrum Sunscreen SPF 50 - Dermanence Shop\" \/>\n<meta property=\"og:description\" content=\"Hochentwickeltes SPF 50-Sonnenschutzmittel mit breitem Wirkungsspektrum.  Ultraleichtes aber dennoch sehr kraftvolles UVA\/UVB Sonnenschutzmittel mit universeller T\u00f6nung, die sich jedem Hautton anpasst und einen gesunden Teint erzeugt. Sch\u00fctzt vor hochenergetischem Licht (HEV) und R\u00f6tungen der Haut. Frei von Parabenen.  F\u00fcllmenge: 45ml\" \/>\n<meta property=\"og:url\" content=\"https:\/\/dermanence.com\/produkt\/smart-tone-broad-spectrum-sunscreen-spf-50\/\" \/>\n<meta property=\"og:site_name\" content=\"Dermanence Shop\" \/>\n<meta property=\"article:modified_time\" content=\"2024-11-13T13:37:59+00:00\" \/>\n<meta property=\"og:image\" content=\"https:\/\/dermanence.com\/wp-content\/uploads\/2023\/06\/oclipse-smart-tone.jpg\" \/>\n\t<meta property=\"og:image:width\" content=\"800\" \/>\n\t<meta property=\"og:image:height\" content=\"800\" \/>\n\t<meta property=\"og:image:type\" content=\"image\/jpeg\" \/>\n<meta name=\"twitter:card\" content=\"summary_large_image\" \/>\n<meta name=\"twitter:label1\" content=\"Dur\u00e9e de lecture estim\u00e9e\" \/>\n\t<meta name=\"twitter:data1\" content=\"1 minute\" \/>\n<script type=\"application\/ld+json\" class=\"yoast-schema-graph\">{\"@context\":\"https:\/\/schema.org\",\"@graph\":[{\"@type\":\"WebPage\",\"@id\":\"https:\/\/dermanence.com\/produkt\/smart-tone-broad-spectrum-sunscreen-spf-50\/\",\"url\":\"https:\/\/dermanence.com\/produkt\/smart-tone-broad-spectrum-sunscreen-spf-50\/\",\"name\":\"Smart Tone Broad Spectrum Sunscreen SPF 50 - Dermanence Shop\",\"isPartOf\":{\"@id\":\"https:\/\/dermanence.com\/#website\"},\"primaryImageOfPage\":{\"@id\":\"https:\/\/dermanence.com\/produkt\/smart-tone-broad-spectrum-sunscreen-spf-50\/#primaryimage\"},\"image\":{\"@id\":\"https:\/\/dermanence.com\/produkt\/smart-tone-broad-spectrum-sunscreen-spf-50\/#primaryimage\"},\"thumbnailUrl\":\"https:\/\/dermanence.com\/wp-content\/uploads\/2023\/06\/oclipse-smart-tone.jpg\",\"datePublished\":\"2023-06-23T08:07:34+00:00\",\"dateModified\":\"2024-11-13T13:37:59+00:00\",\"breadcrumb\":{\"@id\":\"https:\/\/dermanence.com\/produkt\/smart-tone-broad-spectrum-sunscreen-spf-50\/#breadcrumb\"},\"inLanguage\":\"fr-FR\",\"potentialAction\":[{\"@type\":\"ReadAction\",\"target\":[\"https:\/\/dermanence.com\/produkt\/smart-tone-broad-spectrum-sunscreen-spf-50\/\"]}]},{\"@type\":\"ImageObject\",\"inLanguage\":\"fr-FR\",\"@id\":\"https:\/\/dermanence.com\/produkt\/smart-tone-broad-spectrum-sunscreen-spf-50\/#primaryimage\",\"url\":\"https:\/\/dermanence.com\/wp-content\/uploads\/2023\/06\/oclipse-smart-tone.jpg\",\"contentUrl\":\"https:\/\/dermanence.com\/wp-content\/uploads\/2023\/06\/oclipse-smart-tone.jpg\",\"width\":800,\"height\":800},{\"@type\":\"BreadcrumbList\",\"@id\":\"https:\/\/dermanence.com\/produkt\/smart-tone-broad-spectrum-sunscreen-spf-50\/#breadcrumb\",\"itemListElement\":[{\"@type\":\"ListItem\",\"position\":1,\"name\":\"Home\",\"item\":\"https:\/\/dermanence.com\/fr\/\"},{\"@type\":\"ListItem\",\"position\":2,\"name\":\"Boutique\",\"item\":\"https:\/\/dermanence.com\/fr\/shop\/\"},{\"@type\":\"ListItem\",\"position\":3,\"name\":\"Smart Tone Broad Spectrum Sunscreen SPF 50\"}]},{\"@type\":\"WebSite\",\"@id\":\"https:\/\/dermanence.com\/#website\",\"url\":\"https:\/\/dermanence.com\/\",\"name\":\"Dermanence Shop\",\"description\":\" Votre salon de beaut\u00e9 avec sa propre clinique dermatologique\",\"potentialAction\":[{\"@type\":\"SearchAction\",\"target\":{\"@type\":\"EntryPoint\",\"urlTemplate\":\"https:\/\/dermanence.com\/?s={search_term_string}\"},\"query-input\":{\"@type\":\"PropertyValueSpecification\",\"valueRequired\":true,\"valueName\":\"search_term_string\"}}],\"inLanguage\":\"fr-FR\"}]}<\/script>\n<!-- \/ Yoast SEO plugin. -->","yoast_head_json":{"title":"Smart Tone Broad Spectrum Sunscreen SPF 50 - Dermanence Shop","robots":{"index":"index","follow":"follow","max-snippet":"max-snippet:-1","max-image-preview":"max-image-preview:large","max-video-preview":"max-video-preview:-1"},"canonical":"https:\/\/dermanence.com\/produkt\/smart-tone-broad-spectrum-sunscreen-spf-50\/","og_locale":"fr_FR","og_type":"article","og_title":"Smart Tone Broad Spectrum Sunscreen SPF 50 - Dermanence Shop","og_description":"Hochentwickeltes SPF 50-Sonnenschutzmittel mit breitem Wirkungsspektrum.  Ultraleichtes aber dennoch sehr kraftvolles UVA\/UVB Sonnenschutzmittel mit universeller T\u00f6nung, die sich jedem Hautton anpasst und einen gesunden Teint erzeugt. Sch\u00fctzt vor hochenergetischem Licht (HEV) und R\u00f6tungen der Haut. Frei von Parabenen.  F\u00fcllmenge: 45ml","og_url":"https:\/\/dermanence.com\/produkt\/smart-tone-broad-spectrum-sunscreen-spf-50\/","og_site_name":"Dermanence Shop","article_modified_time":"2024-11-13T13:37:59+00:00","og_image":[{"width":800,"height":800,"url":"https:\/\/dermanence.com\/wp-content\/uploads\/2023\/06\/oclipse-smart-tone.jpg","type":"image\/jpeg"}],"twitter_card":"summary_large_image","twitter_misc":{"Dur\u00e9e de lecture estim\u00e9e":"1 minute"},"schema":{"@context":"https:\/\/schema.org","@graph":[{"@type":"WebPage","@id":"https:\/\/dermanence.com\/produkt\/smart-tone-broad-spectrum-sunscreen-spf-50\/","url":"https:\/\/dermanence.com\/produkt\/smart-tone-broad-spectrum-sunscreen-spf-50\/","name":"Smart Tone Broad Spectrum Sunscreen SPF 50 - Dermanence Shop","isPartOf":{"@id":"https:\/\/dermanence.com\/#website"},"primaryImageOfPage":{"@id":"https:\/\/dermanence.com\/produkt\/smart-tone-broad-spectrum-sunscreen-spf-50\/#primaryimage"},"image":{"@id":"https:\/\/dermanence.com\/produkt\/smart-tone-broad-spectrum-sunscreen-spf-50\/#primaryimage"},"thumbnailUrl":"https:\/\/dermanence.com\/wp-content\/uploads\/2023\/06\/oclipse-smart-tone.jpg","datePublished":"2023-06-23T08:07:34+00:00","dateModified":"2024-11-13T13:37:59+00:00","breadcrumb":{"@id":"https:\/\/dermanence.com\/produkt\/smart-tone-broad-spectrum-sunscreen-spf-50\/#breadcrumb"},"inLanguage":"fr-FR","potentialAction":[{"@type":"ReadAction","target":["https:\/\/dermanence.com\/produkt\/smart-tone-broad-spectrum-sunscreen-spf-50\/"]}]},{"@type":"ImageObject","inLanguage":"fr-FR","@id":"https:\/\/dermanence.com\/produkt\/smart-tone-broad-spectrum-sunscreen-spf-50\/#primaryimage","url":"https:\/\/dermanence.com\/wp-content\/uploads\/2023\/06\/oclipse-smart-tone.jpg","contentUrl":"https:\/\/dermanence.com\/wp-content\/uploads\/2023\/06\/oclipse-smart-tone.jpg","width":800,"height":800},{"@type":"BreadcrumbList","@id":"https:\/\/dermanence.com\/produkt\/smart-tone-broad-spectrum-sunscreen-spf-50\/#breadcrumb","itemListElement":[{"@type":"ListItem","position":1,"name":"Home","item":"https:\/\/dermanence.com\/fr\/"},{"@type":"ListItem","position":2,"name":"Boutique","item":"https:\/\/dermanence.com\/fr\/shop\/"},{"@type":"ListItem","position":3,"name":"Smart Tone Broad Spectrum Sunscreen SPF 50"}]},{"@type":"WebSite","@id":"https:\/\/dermanence.com\/#website","url":"https:\/\/dermanence.com\/","name":"Dermanence Shop","description":" Votre salon de beaut\u00e9 avec sa propre clinique dermatologique","potentialAction":[{"@type":"SearchAction","target":{"@type":"EntryPoint","urlTemplate":"https:\/\/dermanence.com\/?s={search_term_string}"},"query-input":{"@type":"PropertyValueSpecification","valueRequired":true,"valueName":"search_term_string"}}],"inLanguage":"fr-FR"}]}},"_links":{"self":[{"href":"https:\/\/dermanence.com\/fr\/wp-json\/wp\/v2\/product\/2609509","targetHints":{"allow":["GET"]}}],"collection":[{"href":"https:\/\/dermanence.com\/fr\/wp-json\/wp\/v2\/product"}],"about":[{"href":"https:\/\/dermanence.com\/fr\/wp-json\/wp\/v2\/types\/product"}],"replies":[{"embeddable":true,"href":"https:\/\/dermanence.com\/fr\/wp-json\/wp\/v2\/comments?post=2609509"}],"wp:featuredmedia":[{"embeddable":true,"href":"https:\/\/dermanence.com\/fr\/wp-json\/wp\/v2\/media\/2609510"}],"wp:attachment":[{"href":"https:\/\/dermanence.com\/fr\/wp-json\/wp\/v2\/media?parent=2609509"}],"wp:term":[{"taxonomy":"product_brand","embeddable":true,"href":"https:\/\/dermanence.com\/fr\/wp-json\/wp\/v2\/product_brand?post=2609509"},{"taxonomy":"product_cat","embeddable":true,"href":"https:\/\/dermanence.com\/fr\/wp-json\/wp\/v2\/product_cat?post=2609509"},{"taxonomy":"product_tag","embeddable":true,"href":"https:\/\/dermanence.com\/fr\/wp-json\/wp\/v2\/product_tag?post=2609509"}],"curies":[{"name":"wp","href":"https:\/\/api.w.org\/{rel}","templated":true}]}}