{"id":2609498,"date":"2023-06-23T09:35:34","date_gmt":"2023-06-23T07:35:34","guid":{"rendered":"https:\/\/dermanence.com\/?post_type=product&#038;p=2609498"},"modified":"2024-11-13T14:18:17","modified_gmt":"2024-11-13T13:18:17","slug":"retinol-skin-brightener-retinol-0-5","status":"publish","type":"product","link":"https:\/\/dermanence.com\/fr\/produit\/retinol-skin-brightener-retinol-0-5\/","title":{"rendered":"Retinol Skin Brightener &#8211; Retinol 0.5%"},"content":{"rendered":"","protected":false},"excerpt":{"rendered":"<p>Hochwirksame Retinol-Creme zur Behandlung von Hyperpigmentierung.<\/p>\n<p>Minimiert Pigmentflecken<br \/>\nUnterst\u00fctzt die Hautverj\u00fcngung<br \/>\nSch\u00fctzt die Haut mit Antioxidantien<\/p>\n<p>Die Creme enth\u00e4lt hochwirksames Retinol in einem Oleosomen-Transportsystem. Es hellt die Haut auf und verhilft zu einem ebenm\u00e4ssigen Teint. Retinol Skin Brightener minimiert R\u00f6tungen der Haut, die auf Grund von Umweltfaktoren entstanden sind und beugt einer zuk\u00fcnftigen Hyperpigmentierung vor. Das Produkt ist bestens geeignet um eine Hyperpigmentierung zu behandeln und\/oder als regelm\u00e4ssige Pflege nach einer RX Behandlung.<\/p>\n<p>F\u00fcllmenge: 50ml<\/p>\n","protected":false},"featured_media":2609501,"comment_status":"open","ping_status":"closed","template":"","meta":[],"product_brand":[1043],"product_cat":[167,414,517,171,216,227],"product_tag":[],"class_list":{"0":"post-2609498","1":"product","2":"type-product","3":"status-publish","4":"has-post-thumbnail","6":"product_brand-zo-skin-health","7":"product_cat-anti-aging","8":"product_cat-antioxidantien","9":"product_cat-correct","10":"product_cat-faltenglaettung","11":"product_cat-nachtpflege","12":"product_cat-retinol-vitamin-a","14":"first","15":"instock","16":"taxable","17":"shipping-taxable","18":"purchasable","19":"product-type-simple"},"gallery_images":[],"yoast_head":"<!-- This site is optimized with the Yoast SEO plugin v25.9 - https:\/\/yoast.com\/wordpress\/plugins\/seo\/ -->\n<title>Retinol Skin Brightener - Retinol 0.5% - Dermanence Shop<\/title>\n<meta name=\"robots\" content=\"index, follow, max-snippet:-1, max-image-preview:large, max-video-preview:-1\" \/>\n<link rel=\"canonical\" href=\"https:\/\/dermanence.com\/produkt\/retinol-skin-brightener-retinol-0-5\/\" \/>\n<meta property=\"og:locale\" content=\"fr_FR\" \/>\n<meta property=\"og:type\" content=\"article\" \/>\n<meta property=\"og:title\" content=\"Retinol Skin Brightener - Retinol 0.5% - Dermanence Shop\" \/>\n<meta property=\"og:description\" content=\"Hochwirksame Retinol-Creme zur Behandlung von Hyperpigmentierung.  Minimiert Pigmentflecken Unterst\u00fctzt die Hautverj\u00fcngung Sch\u00fctzt die Haut mit Antioxidantien  Die Creme enth\u00e4lt hochwirksames Retinol in einem Oleosomen-Transportsystem. Es hellt die Haut auf und verhilft zu einem ebenm\u00e4ssigen Teint. Retinol Skin Brightener minimiert R\u00f6tungen der Haut, die auf Grund von Umweltfaktoren entstanden sind und beugt einer zuk\u00fcnftigen Hyperpigmentierung vor. Das Produkt ist bestens geeignet um eine Hyperpigmentierung zu behandeln und\/oder als regelm\u00e4ssige Pflege nach einer RX Behandlung.  F\u00fcllmenge: 50ml\" \/>\n<meta property=\"og:url\" content=\"https:\/\/dermanence.com\/produkt\/retinol-skin-brightener-retinol-0-5\/\" \/>\n<meta property=\"og:site_name\" content=\"Dermanence Shop\" \/>\n<meta property=\"article:modified_time\" content=\"2024-11-13T13:18:17+00:00\" \/>\n<meta property=\"og:image\" content=\"https:\/\/dermanence.com\/wp-content\/uploads\/2023\/06\/brightenex-2.jpg\" \/>\n\t<meta property=\"og:image:width\" content=\"800\" \/>\n\t<meta property=\"og:image:height\" content=\"800\" \/>\n\t<meta property=\"og:image:type\" content=\"image\/jpeg\" \/>\n<meta name=\"twitter:card\" content=\"summary_large_image\" \/>\n<meta name=\"twitter:label1\" content=\"Dur\u00e9e de lecture estim\u00e9e\" \/>\n\t<meta name=\"twitter:data1\" content=\"1 minute\" \/>\n<script type=\"application\/ld+json\" class=\"yoast-schema-graph\">{\"@context\":\"https:\/\/schema.org\",\"@graph\":[{\"@type\":\"WebPage\",\"@id\":\"https:\/\/dermanence.com\/produkt\/retinol-skin-brightener-retinol-0-5\/\",\"url\":\"https:\/\/dermanence.com\/produkt\/retinol-skin-brightener-retinol-0-5\/\",\"name\":\"Retinol Skin Brightener - Retinol 0.5% - Dermanence Shop\",\"isPartOf\":{\"@id\":\"https:\/\/dermanence.com\/#website\"},\"primaryImageOfPage\":{\"@id\":\"https:\/\/dermanence.com\/produkt\/retinol-skin-brightener-retinol-0-5\/#primaryimage\"},\"image\":{\"@id\":\"https:\/\/dermanence.com\/produkt\/retinol-skin-brightener-retinol-0-5\/#primaryimage\"},\"thumbnailUrl\":\"https:\/\/dermanence.com\/wp-content\/uploads\/2023\/06\/brightenex-2.jpg\",\"datePublished\":\"2023-06-23T07:35:34+00:00\",\"dateModified\":\"2024-11-13T13:18:17+00:00\",\"breadcrumb\":{\"@id\":\"https:\/\/dermanence.com\/produkt\/retinol-skin-brightener-retinol-0-5\/#breadcrumb\"},\"inLanguage\":\"fr-FR\",\"potentialAction\":[{\"@type\":\"ReadAction\",\"target\":[\"https:\/\/dermanence.com\/produkt\/retinol-skin-brightener-retinol-0-5\/\"]}]},{\"@type\":\"ImageObject\",\"inLanguage\":\"fr-FR\",\"@id\":\"https:\/\/dermanence.com\/produkt\/retinol-skin-brightener-retinol-0-5\/#primaryimage\",\"url\":\"https:\/\/dermanence.com\/wp-content\/uploads\/2023\/06\/brightenex-2.jpg\",\"contentUrl\":\"https:\/\/dermanence.com\/wp-content\/uploads\/2023\/06\/brightenex-2.jpg\",\"width\":800,\"height\":800},{\"@type\":\"BreadcrumbList\",\"@id\":\"https:\/\/dermanence.com\/produkt\/retinol-skin-brightener-retinol-0-5\/#breadcrumb\",\"itemListElement\":[{\"@type\":\"ListItem\",\"position\":1,\"name\":\"Home\",\"item\":\"https:\/\/dermanence.com\/fr\/\"},{\"@type\":\"ListItem\",\"position\":2,\"name\":\"Boutique\",\"item\":\"https:\/\/dermanence.com\/fr\/shop\/\"},{\"@type\":\"ListItem\",\"position\":3,\"name\":\"Retinol Skin Brightener &#8211; Retinol 0.5%\"}]},{\"@type\":\"WebSite\",\"@id\":\"https:\/\/dermanence.com\/#website\",\"url\":\"https:\/\/dermanence.com\/\",\"name\":\"Dermanence Shop\",\"description\":\" Votre salon de beaut\u00e9 avec sa propre clinique dermatologique\",\"potentialAction\":[{\"@type\":\"SearchAction\",\"target\":{\"@type\":\"EntryPoint\",\"urlTemplate\":\"https:\/\/dermanence.com\/?s={search_term_string}\"},\"query-input\":{\"@type\":\"PropertyValueSpecification\",\"valueRequired\":true,\"valueName\":\"search_term_string\"}}],\"inLanguage\":\"fr-FR\"}]}<\/script>\n<!-- \/ Yoast SEO plugin. -->","yoast_head_json":{"title":"Retinol Skin Brightener - Retinol 0.5% - Dermanence Shop","robots":{"index":"index","follow":"follow","max-snippet":"max-snippet:-1","max-image-preview":"max-image-preview:large","max-video-preview":"max-video-preview:-1"},"canonical":"https:\/\/dermanence.com\/produkt\/retinol-skin-brightener-retinol-0-5\/","og_locale":"fr_FR","og_type":"article","og_title":"Retinol Skin Brightener - Retinol 0.5% - Dermanence Shop","og_description":"Hochwirksame Retinol-Creme zur Behandlung von Hyperpigmentierung.  Minimiert Pigmentflecken Unterst\u00fctzt die Hautverj\u00fcngung Sch\u00fctzt die Haut mit Antioxidantien  Die Creme enth\u00e4lt hochwirksames Retinol in einem Oleosomen-Transportsystem. Es hellt die Haut auf und verhilft zu einem ebenm\u00e4ssigen Teint. Retinol Skin Brightener minimiert R\u00f6tungen der Haut, die auf Grund von Umweltfaktoren entstanden sind und beugt einer zuk\u00fcnftigen Hyperpigmentierung vor. Das Produkt ist bestens geeignet um eine Hyperpigmentierung zu behandeln und\/oder als regelm\u00e4ssige Pflege nach einer RX Behandlung.  F\u00fcllmenge: 50ml","og_url":"https:\/\/dermanence.com\/produkt\/retinol-skin-brightener-retinol-0-5\/","og_site_name":"Dermanence Shop","article_modified_time":"2024-11-13T13:18:17+00:00","og_image":[{"width":800,"height":800,"url":"https:\/\/dermanence.com\/wp-content\/uploads\/2023\/06\/brightenex-2.jpg","type":"image\/jpeg"}],"twitter_card":"summary_large_image","twitter_misc":{"Dur\u00e9e de lecture estim\u00e9e":"1 minute"},"schema":{"@context":"https:\/\/schema.org","@graph":[{"@type":"WebPage","@id":"https:\/\/dermanence.com\/produkt\/retinol-skin-brightener-retinol-0-5\/","url":"https:\/\/dermanence.com\/produkt\/retinol-skin-brightener-retinol-0-5\/","name":"Retinol Skin Brightener - Retinol 0.5% - Dermanence Shop","isPartOf":{"@id":"https:\/\/dermanence.com\/#website"},"primaryImageOfPage":{"@id":"https:\/\/dermanence.com\/produkt\/retinol-skin-brightener-retinol-0-5\/#primaryimage"},"image":{"@id":"https:\/\/dermanence.com\/produkt\/retinol-skin-brightener-retinol-0-5\/#primaryimage"},"thumbnailUrl":"https:\/\/dermanence.com\/wp-content\/uploads\/2023\/06\/brightenex-2.jpg","datePublished":"2023-06-23T07:35:34+00:00","dateModified":"2024-11-13T13:18:17+00:00","breadcrumb":{"@id":"https:\/\/dermanence.com\/produkt\/retinol-skin-brightener-retinol-0-5\/#breadcrumb"},"inLanguage":"fr-FR","potentialAction":[{"@type":"ReadAction","target":["https:\/\/dermanence.com\/produkt\/retinol-skin-brightener-retinol-0-5\/"]}]},{"@type":"ImageObject","inLanguage":"fr-FR","@id":"https:\/\/dermanence.com\/produkt\/retinol-skin-brightener-retinol-0-5\/#primaryimage","url":"https:\/\/dermanence.com\/wp-content\/uploads\/2023\/06\/brightenex-2.jpg","contentUrl":"https:\/\/dermanence.com\/wp-content\/uploads\/2023\/06\/brightenex-2.jpg","width":800,"height":800},{"@type":"BreadcrumbList","@id":"https:\/\/dermanence.com\/produkt\/retinol-skin-brightener-retinol-0-5\/#breadcrumb","itemListElement":[{"@type":"ListItem","position":1,"name":"Home","item":"https:\/\/dermanence.com\/fr\/"},{"@type":"ListItem","position":2,"name":"Boutique","item":"https:\/\/dermanence.com\/fr\/shop\/"},{"@type":"ListItem","position":3,"name":"Retinol Skin Brightener &#8211; Retinol 0.5%"}]},{"@type":"WebSite","@id":"https:\/\/dermanence.com\/#website","url":"https:\/\/dermanence.com\/","name":"Dermanence Shop","description":" Votre salon de beaut\u00e9 avec sa propre clinique dermatologique","potentialAction":[{"@type":"SearchAction","target":{"@type":"EntryPoint","urlTemplate":"https:\/\/dermanence.com\/?s={search_term_string}"},"query-input":{"@type":"PropertyValueSpecification","valueRequired":true,"valueName":"search_term_string"}}],"inLanguage":"fr-FR"}]}},"_links":{"self":[{"href":"https:\/\/dermanence.com\/fr\/wp-json\/wp\/v2\/product\/2609498","targetHints":{"allow":["GET"]}}],"collection":[{"href":"https:\/\/dermanence.com\/fr\/wp-json\/wp\/v2\/product"}],"about":[{"href":"https:\/\/dermanence.com\/fr\/wp-json\/wp\/v2\/types\/product"}],"replies":[{"embeddable":true,"href":"https:\/\/dermanence.com\/fr\/wp-json\/wp\/v2\/comments?post=2609498"}],"wp:featuredmedia":[{"embeddable":true,"href":"https:\/\/dermanence.com\/fr\/wp-json\/wp\/v2\/media\/2609501"}],"wp:attachment":[{"href":"https:\/\/dermanence.com\/fr\/wp-json\/wp\/v2\/media?parent=2609498"}],"wp:term":[{"taxonomy":"product_brand","embeddable":true,"href":"https:\/\/dermanence.com\/fr\/wp-json\/wp\/v2\/product_brand?post=2609498"},{"taxonomy":"product_cat","embeddable":true,"href":"https:\/\/dermanence.com\/fr\/wp-json\/wp\/v2\/product_cat?post=2609498"},{"taxonomy":"product_tag","embeddable":true,"href":"https:\/\/dermanence.com\/fr\/wp-json\/wp\/v2\/product_tag?post=2609498"}],"curies":[{"name":"wp","href":"https:\/\/api.w.org\/{rel}","templated":true}]}}