{"id":2607493,"date":"2023-04-26T16:01:42","date_gmt":"2023-04-26T14:01:42","guid":{"rendered":"https:\/\/dermanence.com\/?post_type=product&#038;p=2607493"},"modified":"2025-11-04T15:48:12","modified_gmt":"2025-11-04T14:48:12","slug":"sonnenfluid-sport-spf-50","status":"publish","type":"product","link":"https:\/\/dermanence.com\/fr\/produit\/sonnenfluid-sport-spf-50\/","title":{"rendered":"Sonnenfluid Sport SPF 50+"},"content":{"rendered":"","protected":false},"excerpt":{"rendered":"<p><strong>Wasserfester Sonnenschutz speziell f\u00fcr sportliche Aktivit\u00e4ten mit dem Lichtschutzfaktor 50+<\/strong><\/p>\n<p>Der SPF 50+ Fluide Sport enth\u00e4lt eine exklusive Kombination von SUNSITIVE\u00ae-SCHUTZKOMPONENTEN , die das Ergebnis von Forschungen von Pierre Fabre sind:<\/p>\n<ul>\n<li>Ein patentiertes Filtersystem, das nur 4 SONNENFILTER enth\u00e4lt, die einen sehr breiten, stabilen und langfristig wirksamen UVB \/ UVA-Schutz bieten und optimal vertragen werden.<\/li>\n<li>Ein einzigartiger ANTIOXIDATIVER KOMPLEX (Pretocoferyl + Thialidin) zum globalen Schutz der Zellen vor oxidativem Stress.<\/li>\n<li>Beruhigendes, reizhemmendes und AV\u00c8NE THERMALWASSER<\/li>\n<\/ul>\n<p>F\u00fcllmenge: 100 ml<\/p>\n","protected":false},"featured_media":2626088,"comment_status":"open","ping_status":"closed","template":"","meta":[],"product_brand":[98],"product_cat":[29,427,438,429,440,367],"product_tag":[],"class_list":{"0":"post-2607493","1":"product","2":"type-product","3":"status-publish","4":"has-post-thumbnail","6":"product_brand-avene","7":"product_cat-sonnenschutz","8":"product_cat-sonnenschutz-fuer-das-gesicht","9":"product_cat-sonnenschutz-fuer-den-koerper","10":"product_cat-spf-30-sonnenschutz-fuer-das-gesicht","11":"product_cat-spf-30spf-sonnenschutz-fuer-den-koerper","12":"product_cat-wasserfest","14":"first","15":"instock","16":"taxable","17":"shipping-taxable","18":"purchasable","19":"product-type-simple"},"gallery_images":[],"yoast_head":"<!-- This site is optimized with the Yoast SEO plugin v25.9 - https:\/\/yoast.com\/wordpress\/plugins\/seo\/ -->\n<title>Sonnenfluid Sport SPF 50+ - Dermanence Shop<\/title>\n<meta name=\"robots\" content=\"index, follow, max-snippet:-1, max-image-preview:large, max-video-preview:-1\" \/>\n<link rel=\"canonical\" href=\"https:\/\/dermanence.com\/produkt\/sonnenfluid-sport-spf-50\/\" \/>\n<meta property=\"og:locale\" content=\"fr_FR\" \/>\n<meta property=\"og:type\" content=\"article\" \/>\n<meta property=\"og:title\" content=\"Sonnenfluid Sport SPF 50+ - Dermanence Shop\" \/>\n<meta property=\"og:description\" content=\"Wasserfester Sonnenschutz speziell f\u00fcr sportliche Aktivit\u00e4ten mit dem Lichtschutzfaktor 50+  Der SPF 50+ Fluide Sport enth\u00e4lt eine exklusive Kombination von SUNSITIVE\u00ae-SCHUTZKOMPONENTEN , die das Ergebnis von Forschungen von Pierre Fabre sind:   Ein patentiertes Filtersystem, das nur 4 SONNENFILTER enth\u00e4lt, die einen sehr breiten, stabilen und langfristig wirksamen UVB \/ UVA-Schutz bieten und optimal vertragen werden.  Ein einzigartiger ANTIOXIDATIVER KOMPLEX (Pretocoferyl + Thialidin) zum globalen Schutz der Zellen vor oxidativem Stress.  Beruhigendes, reizhemmendes und AV\u00c8NE THERMALWASSER  F\u00fcllmenge: 100 ml\" \/>\n<meta property=\"og:url\" content=\"https:\/\/dermanence.com\/produkt\/sonnenfluid-sport-spf-50\/\" \/>\n<meta property=\"og:site_name\" content=\"Dermanence Shop\" \/>\n<meta property=\"article:modified_time\" content=\"2025-11-04T14:48:12+00:00\" \/>\n<meta property=\"og:image\" content=\"https:\/\/dermanence.com\/wp-content\/uploads\/2023\/04\/avene-sun-sonnenfluid-sport-spf50-100-ml-main-003bm4-scaled.jpg\" \/>\n\t<meta property=\"og:image:width\" content=\"2560\" \/>\n\t<meta property=\"og:image:height\" content=\"2560\" \/>\n\t<meta property=\"og:image:type\" content=\"image\/jpeg\" \/>\n<meta name=\"twitter:card\" content=\"summary_large_image\" \/>\n<meta name=\"twitter:label1\" content=\"Dur\u00e9e de lecture estim\u00e9e\" \/>\n\t<meta name=\"twitter:data1\" content=\"1 minute\" \/>\n<script type=\"application\/ld+json\" class=\"yoast-schema-graph\">{\"@context\":\"https:\/\/schema.org\",\"@graph\":[{\"@type\":\"WebPage\",\"@id\":\"https:\/\/dermanence.com\/produkt\/sonnenfluid-sport-spf-50\/\",\"url\":\"https:\/\/dermanence.com\/produkt\/sonnenfluid-sport-spf-50\/\",\"name\":\"Sonnenfluid Sport SPF 50+ - Dermanence Shop\",\"isPartOf\":{\"@id\":\"https:\/\/dermanence.com\/#website\"},\"primaryImageOfPage\":{\"@id\":\"https:\/\/dermanence.com\/produkt\/sonnenfluid-sport-spf-50\/#primaryimage\"},\"image\":{\"@id\":\"https:\/\/dermanence.com\/produkt\/sonnenfluid-sport-spf-50\/#primaryimage\"},\"thumbnailUrl\":\"https:\/\/dermanence.com\/wp-content\/uploads\/2023\/04\/avene-sun-sonnenfluid-sport-spf50-100-ml-main-003bm4-scaled.jpg\",\"datePublished\":\"2023-04-26T14:01:42+00:00\",\"dateModified\":\"2025-11-04T14:48:12+00:00\",\"breadcrumb\":{\"@id\":\"https:\/\/dermanence.com\/produkt\/sonnenfluid-sport-spf-50\/#breadcrumb\"},\"inLanguage\":\"fr-FR\",\"potentialAction\":[{\"@type\":\"ReadAction\",\"target\":[\"https:\/\/dermanence.com\/produkt\/sonnenfluid-sport-spf-50\/\"]}]},{\"@type\":\"ImageObject\",\"inLanguage\":\"fr-FR\",\"@id\":\"https:\/\/dermanence.com\/produkt\/sonnenfluid-sport-spf-50\/#primaryimage\",\"url\":\"https:\/\/dermanence.com\/wp-content\/uploads\/2023\/04\/avene-sun-sonnenfluid-sport-spf50-100-ml-main-003bm4-scaled.jpg\",\"contentUrl\":\"https:\/\/dermanence.com\/wp-content\/uploads\/2023\/04\/avene-sun-sonnenfluid-sport-spf50-100-ml-main-003bm4-scaled.jpg\",\"width\":2560,\"height\":2560},{\"@type\":\"BreadcrumbList\",\"@id\":\"https:\/\/dermanence.com\/produkt\/sonnenfluid-sport-spf-50\/#breadcrumb\",\"itemListElement\":[{\"@type\":\"ListItem\",\"position\":1,\"name\":\"Home\",\"item\":\"https:\/\/dermanence.com\/fr\/\"},{\"@type\":\"ListItem\",\"position\":2,\"name\":\"Boutique\",\"item\":\"https:\/\/dermanence.com\/fr\/shop\/\"},{\"@type\":\"ListItem\",\"position\":3,\"name\":\"Sonnenfluid Sport SPF 50+\"}]},{\"@type\":\"WebSite\",\"@id\":\"https:\/\/dermanence.com\/#website\",\"url\":\"https:\/\/dermanence.com\/\",\"name\":\"Dermanence Shop\",\"description\":\" Votre salon de beaut\u00e9 avec sa propre clinique dermatologique\",\"potentialAction\":[{\"@type\":\"SearchAction\",\"target\":{\"@type\":\"EntryPoint\",\"urlTemplate\":\"https:\/\/dermanence.com\/?s={search_term_string}\"},\"query-input\":{\"@type\":\"PropertyValueSpecification\",\"valueRequired\":true,\"valueName\":\"search_term_string\"}}],\"inLanguage\":\"fr-FR\"}]}<\/script>\n<!-- \/ Yoast SEO plugin. -->","yoast_head_json":{"title":"Sonnenfluid Sport SPF 50+ - Dermanence Shop","robots":{"index":"index","follow":"follow","max-snippet":"max-snippet:-1","max-image-preview":"max-image-preview:large","max-video-preview":"max-video-preview:-1"},"canonical":"https:\/\/dermanence.com\/produkt\/sonnenfluid-sport-spf-50\/","og_locale":"fr_FR","og_type":"article","og_title":"Sonnenfluid Sport SPF 50+ - Dermanence Shop","og_description":"Wasserfester Sonnenschutz speziell f\u00fcr sportliche Aktivit\u00e4ten mit dem Lichtschutzfaktor 50+  Der SPF 50+ Fluide Sport enth\u00e4lt eine exklusive Kombination von SUNSITIVE\u00ae-SCHUTZKOMPONENTEN , die das Ergebnis von Forschungen von Pierre Fabre sind:   Ein patentiertes Filtersystem, das nur 4 SONNENFILTER enth\u00e4lt, die einen sehr breiten, stabilen und langfristig wirksamen UVB \/ UVA-Schutz bieten und optimal vertragen werden.  Ein einzigartiger ANTIOXIDATIVER KOMPLEX (Pretocoferyl + Thialidin) zum globalen Schutz der Zellen vor oxidativem Stress.  Beruhigendes, reizhemmendes und AV\u00c8NE THERMALWASSER  F\u00fcllmenge: 100 ml","og_url":"https:\/\/dermanence.com\/produkt\/sonnenfluid-sport-spf-50\/","og_site_name":"Dermanence Shop","article_modified_time":"2025-11-04T14:48:12+00:00","og_image":[{"width":2560,"height":2560,"url":"https:\/\/dermanence.com\/wp-content\/uploads\/2023\/04\/avene-sun-sonnenfluid-sport-spf50-100-ml-main-003bm4-scaled.jpg","type":"image\/jpeg"}],"twitter_card":"summary_large_image","twitter_misc":{"Dur\u00e9e de lecture estim\u00e9e":"1 minute"},"schema":{"@context":"https:\/\/schema.org","@graph":[{"@type":"WebPage","@id":"https:\/\/dermanence.com\/produkt\/sonnenfluid-sport-spf-50\/","url":"https:\/\/dermanence.com\/produkt\/sonnenfluid-sport-spf-50\/","name":"Sonnenfluid Sport SPF 50+ - Dermanence Shop","isPartOf":{"@id":"https:\/\/dermanence.com\/#website"},"primaryImageOfPage":{"@id":"https:\/\/dermanence.com\/produkt\/sonnenfluid-sport-spf-50\/#primaryimage"},"image":{"@id":"https:\/\/dermanence.com\/produkt\/sonnenfluid-sport-spf-50\/#primaryimage"},"thumbnailUrl":"https:\/\/dermanence.com\/wp-content\/uploads\/2023\/04\/avene-sun-sonnenfluid-sport-spf50-100-ml-main-003bm4-scaled.jpg","datePublished":"2023-04-26T14:01:42+00:00","dateModified":"2025-11-04T14:48:12+00:00","breadcrumb":{"@id":"https:\/\/dermanence.com\/produkt\/sonnenfluid-sport-spf-50\/#breadcrumb"},"inLanguage":"fr-FR","potentialAction":[{"@type":"ReadAction","target":["https:\/\/dermanence.com\/produkt\/sonnenfluid-sport-spf-50\/"]}]},{"@type":"ImageObject","inLanguage":"fr-FR","@id":"https:\/\/dermanence.com\/produkt\/sonnenfluid-sport-spf-50\/#primaryimage","url":"https:\/\/dermanence.com\/wp-content\/uploads\/2023\/04\/avene-sun-sonnenfluid-sport-spf50-100-ml-main-003bm4-scaled.jpg","contentUrl":"https:\/\/dermanence.com\/wp-content\/uploads\/2023\/04\/avene-sun-sonnenfluid-sport-spf50-100-ml-main-003bm4-scaled.jpg","width":2560,"height":2560},{"@type":"BreadcrumbList","@id":"https:\/\/dermanence.com\/produkt\/sonnenfluid-sport-spf-50\/#breadcrumb","itemListElement":[{"@type":"ListItem","position":1,"name":"Home","item":"https:\/\/dermanence.com\/fr\/"},{"@type":"ListItem","position":2,"name":"Boutique","item":"https:\/\/dermanence.com\/fr\/shop\/"},{"@type":"ListItem","position":3,"name":"Sonnenfluid Sport SPF 50+"}]},{"@type":"WebSite","@id":"https:\/\/dermanence.com\/#website","url":"https:\/\/dermanence.com\/","name":"Dermanence Shop","description":" Votre salon de beaut\u00e9 avec sa propre clinique dermatologique","potentialAction":[{"@type":"SearchAction","target":{"@type":"EntryPoint","urlTemplate":"https:\/\/dermanence.com\/?s={search_term_string}"},"query-input":{"@type":"PropertyValueSpecification","valueRequired":true,"valueName":"search_term_string"}}],"inLanguage":"fr-FR"}]}},"_links":{"self":[{"href":"https:\/\/dermanence.com\/fr\/wp-json\/wp\/v2\/product\/2607493","targetHints":{"allow":["GET"]}}],"collection":[{"href":"https:\/\/dermanence.com\/fr\/wp-json\/wp\/v2\/product"}],"about":[{"href":"https:\/\/dermanence.com\/fr\/wp-json\/wp\/v2\/types\/product"}],"replies":[{"embeddable":true,"href":"https:\/\/dermanence.com\/fr\/wp-json\/wp\/v2\/comments?post=2607493"}],"wp:featuredmedia":[{"embeddable":true,"href":"https:\/\/dermanence.com\/fr\/wp-json\/wp\/v2\/media\/2626088"}],"wp:attachment":[{"href":"https:\/\/dermanence.com\/fr\/wp-json\/wp\/v2\/media?parent=2607493"}],"wp:term":[{"taxonomy":"product_brand","embeddable":true,"href":"https:\/\/dermanence.com\/fr\/wp-json\/wp\/v2\/product_brand?post=2607493"},{"taxonomy":"product_cat","embeddable":true,"href":"https:\/\/dermanence.com\/fr\/wp-json\/wp\/v2\/product_cat?post=2607493"},{"taxonomy":"product_tag","embeddable":true,"href":"https:\/\/dermanence.com\/fr\/wp-json\/wp\/v2\/product_tag?post=2607493"}],"curies":[{"name":"wp","href":"https:\/\/api.w.org\/{rel}","templated":true}]}}