{"id":2607195,"date":"2023-04-19T14:42:34","date_gmt":"2023-04-19T12:42:34","guid":{"rendered":"https:\/\/dermanence.com\/?post_type=product&#038;p=2607195"},"modified":"2025-11-04T14:48:24","modified_gmt":"2025-11-04T13:48:24","slug":"body-balsam","status":"publish","type":"product","link":"https:\/\/dermanence.com\/fr\/produit\/body-balsam\/","title":{"rendered":"Body Balsam"},"content":{"rendered":"","protected":false},"excerpt":{"rendered":"<p><strong>Sanft pflegende Bodylotion f\u00fcr die empfindliche Haut. Mit sanftem Duft und reich an beruhigenden \u00d6len.<\/strong><\/p>\n<p>Av\u00e8ne Body Balsam speziell f\u00fcr die dauerhafte Feuchtigkeitsversorgung der Haut.<br \/>\nDer zarte, feuchtigkeitsspendende K\u00f6rperbalsam umh\u00fcllt die Haut auf sanfte Weise und sorgt f\u00fcr Wohlbefinden. Reich an beruhigendem \u00d6l-Komplex. Seine cremige Textur und sein entspannender Duft sorgen f\u00fcr Erholung und Wohlbefinden.<\/p>\n<p>F\u00fcllmenge: 250 ml<\/p>\n","protected":false},"featured_media":2626057,"comment_status":"open","ping_status":"closed","template":"","meta":[],"product_brand":[98],"product_cat":[286,284,28,281,282],"product_tag":[],"class_list":{"0":"post-2607195","1":"product","2":"type-product","3":"status-publish","4":"has-post-thumbnail","6":"product_brand-avene","7":"product_cat-bodylotion","8":"product_cat-empfindliche-haut-koerperpflege","9":"product_cat-koerperpflege","10":"product_cat-normale-haut-koerperpflege","11":"product_cat-trockene-haut-koerperpflege","13":"first","14":"instock","15":"taxable","16":"shipping-taxable","17":"purchasable","18":"product-type-simple"},"gallery_images":[],"yoast_head":"<!-- This site is optimized with the Yoast SEO plugin v25.9 - https:\/\/yoast.com\/wordpress\/plugins\/seo\/ -->\n<title>Body Balsam - Dermanence Shop<\/title>\n<meta name=\"robots\" content=\"index, follow, max-snippet:-1, max-image-preview:large, max-video-preview:-1\" \/>\n<link rel=\"canonical\" href=\"https:\/\/dermanence.com\/produkt\/body-balsam\/\" \/>\n<meta property=\"og:locale\" content=\"fr_FR\" \/>\n<meta property=\"og:type\" content=\"article\" \/>\n<meta property=\"og:title\" content=\"Body Balsam - Dermanence Shop\" \/>\n<meta property=\"og:description\" content=\"Sanft pflegende Bodylotion f\u00fcr die empfindliche Haut. Mit sanftem Duft und reich an beruhigenden \u00d6len.  Av\u00e8ne Body Balsam speziell f\u00fcr die dauerhafte Feuchtigkeitsversorgung der Haut. Der zarte, feuchtigkeitsspendende K\u00f6rperbalsam umh\u00fcllt die Haut auf sanfte Weise und sorgt f\u00fcr Wohlbefinden. Reich an beruhigendem \u00d6l-Komplex. Seine cremige Textur und sein entspannender Duft sorgen f\u00fcr Erholung und Wohlbefinden.  F\u00fcllmenge: 250 ml\" \/>\n<meta property=\"og:url\" content=\"https:\/\/dermanence.com\/produkt\/body-balsam\/\" \/>\n<meta property=\"og:site_name\" content=\"Dermanence Shop\" \/>\n<meta property=\"article:modified_time\" content=\"2025-11-04T13:48:24+00:00\" \/>\n<meta property=\"og:image\" content=\"https:\/\/dermanence.com\/wp-content\/uploads\/2023\/04\/bildschirmfoto-2025-11-04-um-14.47.49.png\" \/>\n\t<meta property=\"og:image:width\" content=\"784\" \/>\n\t<meta property=\"og:image:height\" content=\"780\" \/>\n\t<meta property=\"og:image:type\" content=\"image\/png\" \/>\n<meta name=\"twitter:card\" content=\"summary_large_image\" \/>\n<meta name=\"twitter:label1\" content=\"Dur\u00e9e de lecture estim\u00e9e\" \/>\n\t<meta name=\"twitter:data1\" content=\"1 minute\" \/>\n<script type=\"application\/ld+json\" class=\"yoast-schema-graph\">{\"@context\":\"https:\/\/schema.org\",\"@graph\":[{\"@type\":\"WebPage\",\"@id\":\"https:\/\/dermanence.com\/produkt\/body-balsam\/\",\"url\":\"https:\/\/dermanence.com\/produkt\/body-balsam\/\",\"name\":\"Body Balsam - Dermanence Shop\",\"isPartOf\":{\"@id\":\"https:\/\/dermanence.com\/#website\"},\"primaryImageOfPage\":{\"@id\":\"https:\/\/dermanence.com\/produkt\/body-balsam\/#primaryimage\"},\"image\":{\"@id\":\"https:\/\/dermanence.com\/produkt\/body-balsam\/#primaryimage\"},\"thumbnailUrl\":\"https:\/\/dermanence.com\/wp-content\/uploads\/2023\/04\/bildschirmfoto-2025-11-04-um-14.47.49.png\",\"datePublished\":\"2023-04-19T12:42:34+00:00\",\"dateModified\":\"2025-11-04T13:48:24+00:00\",\"breadcrumb\":{\"@id\":\"https:\/\/dermanence.com\/produkt\/body-balsam\/#breadcrumb\"},\"inLanguage\":\"fr-FR\",\"potentialAction\":[{\"@type\":\"ReadAction\",\"target\":[\"https:\/\/dermanence.com\/produkt\/body-balsam\/\"]}]},{\"@type\":\"ImageObject\",\"inLanguage\":\"fr-FR\",\"@id\":\"https:\/\/dermanence.com\/produkt\/body-balsam\/#primaryimage\",\"url\":\"https:\/\/dermanence.com\/wp-content\/uploads\/2023\/04\/bildschirmfoto-2025-11-04-um-14.47.49.png\",\"contentUrl\":\"https:\/\/dermanence.com\/wp-content\/uploads\/2023\/04\/bildschirmfoto-2025-11-04-um-14.47.49.png\",\"width\":784,\"height\":780},{\"@type\":\"BreadcrumbList\",\"@id\":\"https:\/\/dermanence.com\/produkt\/body-balsam\/#breadcrumb\",\"itemListElement\":[{\"@type\":\"ListItem\",\"position\":1,\"name\":\"Home\",\"item\":\"https:\/\/dermanence.com\/fr\/\"},{\"@type\":\"ListItem\",\"position\":2,\"name\":\"Boutique\",\"item\":\"https:\/\/dermanence.com\/fr\/shop\/\"},{\"@type\":\"ListItem\",\"position\":3,\"name\":\"Body Balsam\"}]},{\"@type\":\"WebSite\",\"@id\":\"https:\/\/dermanence.com\/#website\",\"url\":\"https:\/\/dermanence.com\/\",\"name\":\"Dermanence Shop\",\"description\":\" Votre salon de beaut\u00e9 avec sa propre clinique dermatologique\",\"potentialAction\":[{\"@type\":\"SearchAction\",\"target\":{\"@type\":\"EntryPoint\",\"urlTemplate\":\"https:\/\/dermanence.com\/?s={search_term_string}\"},\"query-input\":{\"@type\":\"PropertyValueSpecification\",\"valueRequired\":true,\"valueName\":\"search_term_string\"}}],\"inLanguage\":\"fr-FR\"}]}<\/script>\n<!-- \/ Yoast SEO plugin. -->","yoast_head_json":{"title":"Body Balsam - Dermanence Shop","robots":{"index":"index","follow":"follow","max-snippet":"max-snippet:-1","max-image-preview":"max-image-preview:large","max-video-preview":"max-video-preview:-1"},"canonical":"https:\/\/dermanence.com\/produkt\/body-balsam\/","og_locale":"fr_FR","og_type":"article","og_title":"Body Balsam - Dermanence Shop","og_description":"Sanft pflegende Bodylotion f\u00fcr die empfindliche Haut. Mit sanftem Duft und reich an beruhigenden \u00d6len.  Av\u00e8ne Body Balsam speziell f\u00fcr die dauerhafte Feuchtigkeitsversorgung der Haut. Der zarte, feuchtigkeitsspendende K\u00f6rperbalsam umh\u00fcllt die Haut auf sanfte Weise und sorgt f\u00fcr Wohlbefinden. Reich an beruhigendem \u00d6l-Komplex. Seine cremige Textur und sein entspannender Duft sorgen f\u00fcr Erholung und Wohlbefinden.  F\u00fcllmenge: 250 ml","og_url":"https:\/\/dermanence.com\/produkt\/body-balsam\/","og_site_name":"Dermanence Shop","article_modified_time":"2025-11-04T13:48:24+00:00","og_image":[{"width":784,"height":780,"url":"https:\/\/dermanence.com\/wp-content\/uploads\/2023\/04\/bildschirmfoto-2025-11-04-um-14.47.49.png","type":"image\/png"}],"twitter_card":"summary_large_image","twitter_misc":{"Dur\u00e9e de lecture estim\u00e9e":"1 minute"},"schema":{"@context":"https:\/\/schema.org","@graph":[{"@type":"WebPage","@id":"https:\/\/dermanence.com\/produkt\/body-balsam\/","url":"https:\/\/dermanence.com\/produkt\/body-balsam\/","name":"Body Balsam - Dermanence Shop","isPartOf":{"@id":"https:\/\/dermanence.com\/#website"},"primaryImageOfPage":{"@id":"https:\/\/dermanence.com\/produkt\/body-balsam\/#primaryimage"},"image":{"@id":"https:\/\/dermanence.com\/produkt\/body-balsam\/#primaryimage"},"thumbnailUrl":"https:\/\/dermanence.com\/wp-content\/uploads\/2023\/04\/bildschirmfoto-2025-11-04-um-14.47.49.png","datePublished":"2023-04-19T12:42:34+00:00","dateModified":"2025-11-04T13:48:24+00:00","breadcrumb":{"@id":"https:\/\/dermanence.com\/produkt\/body-balsam\/#breadcrumb"},"inLanguage":"fr-FR","potentialAction":[{"@type":"ReadAction","target":["https:\/\/dermanence.com\/produkt\/body-balsam\/"]}]},{"@type":"ImageObject","inLanguage":"fr-FR","@id":"https:\/\/dermanence.com\/produkt\/body-balsam\/#primaryimage","url":"https:\/\/dermanence.com\/wp-content\/uploads\/2023\/04\/bildschirmfoto-2025-11-04-um-14.47.49.png","contentUrl":"https:\/\/dermanence.com\/wp-content\/uploads\/2023\/04\/bildschirmfoto-2025-11-04-um-14.47.49.png","width":784,"height":780},{"@type":"BreadcrumbList","@id":"https:\/\/dermanence.com\/produkt\/body-balsam\/#breadcrumb","itemListElement":[{"@type":"ListItem","position":1,"name":"Home","item":"https:\/\/dermanence.com\/fr\/"},{"@type":"ListItem","position":2,"name":"Boutique","item":"https:\/\/dermanence.com\/fr\/shop\/"},{"@type":"ListItem","position":3,"name":"Body Balsam"}]},{"@type":"WebSite","@id":"https:\/\/dermanence.com\/#website","url":"https:\/\/dermanence.com\/","name":"Dermanence Shop","description":" Votre salon de beaut\u00e9 avec sa propre clinique dermatologique","potentialAction":[{"@type":"SearchAction","target":{"@type":"EntryPoint","urlTemplate":"https:\/\/dermanence.com\/?s={search_term_string}"},"query-input":{"@type":"PropertyValueSpecification","valueRequired":true,"valueName":"search_term_string"}}],"inLanguage":"fr-FR"}]}},"_links":{"self":[{"href":"https:\/\/dermanence.com\/fr\/wp-json\/wp\/v2\/product\/2607195","targetHints":{"allow":["GET"]}}],"collection":[{"href":"https:\/\/dermanence.com\/fr\/wp-json\/wp\/v2\/product"}],"about":[{"href":"https:\/\/dermanence.com\/fr\/wp-json\/wp\/v2\/types\/product"}],"replies":[{"embeddable":true,"href":"https:\/\/dermanence.com\/fr\/wp-json\/wp\/v2\/comments?post=2607195"}],"wp:featuredmedia":[{"embeddable":true,"href":"https:\/\/dermanence.com\/fr\/wp-json\/wp\/v2\/media\/2626057"}],"wp:attachment":[{"href":"https:\/\/dermanence.com\/fr\/wp-json\/wp\/v2\/media?parent=2607195"}],"wp:term":[{"taxonomy":"product_brand","embeddable":true,"href":"https:\/\/dermanence.com\/fr\/wp-json\/wp\/v2\/product_brand?post=2607195"},{"taxonomy":"product_cat","embeddable":true,"href":"https:\/\/dermanence.com\/fr\/wp-json\/wp\/v2\/product_cat?post=2607195"},{"taxonomy":"product_tag","embeddable":true,"href":"https:\/\/dermanence.com\/fr\/wp-json\/wp\/v2\/product_tag?post=2607195"}],"curies":[{"name":"wp","href":"https:\/\/api.w.org\/{rel}","templated":true}]}}