{"id":2606500,"date":"2023-04-05T15:08:37","date_gmt":"2023-04-05T13:08:37","guid":{"rendered":"https:\/\/dermanence.com\/?post_type=product&#038;p=2606500"},"modified":"2023-04-05T15:08:37","modified_gmt":"2023-04-05T13:08:37","slug":"hyaluron-filler-feuchtigkeit-booster-nacht","status":"publish","type":"product","link":"https:\/\/dermanence.com\/fr\/produit\/hyaluron-filler-feuchtigkeit-booster-nacht\/","title":{"rendered":"HYALURON-FILLER Feuchtigkeit-Booster Nacht"},"content":{"rendered":"","protected":false},"excerpt":{"rendered":"<p><strong>Ultra-leichte Gel-Textur f\u00fcr erste F\u00e4ltchen<\/strong><\/p>\n<p>Die Formel mit \u00dcber-Nacht-Wirkung kombiniert langkettige Hyalurons\u00e4ure, die die Feuchtigkeit in den oberen epidermalen Hautschichten bindet, mit kurzkettiger Hyalurons\u00e4ure, die tiefer in die Hautschichten eindringt, wo tiefere Falten entstehen. In Kombination mit Glycerin erh\u00f6ht die Formel den Feuchtigkeitsgehalt der Haut. Provitamin B5 regeneriert und st\u00e4rkt die Haut \u00fcber Nacht, w\u00e4hrend Vitamin E die Haut von oxidativem Stress befreit.<\/p>\n<p>F\u00fcllmenge: 50 ml<\/p>\n","protected":false},"featured_media":0,"comment_status":"open","ping_status":"closed","template":"","meta":[],"product_brand":[546],"product_cat":[171,205,25,206,216],"product_tag":[],"class_list":{"0":"post-2606500","1":"product","2":"type-product","3":"status-publish","5":"product_brand-eucerin","6":"product_cat-faltenglaettung","7":"product_cat-fettige-haut","8":"product_cat-gesichtspflege","9":"product_cat-mischhaut","10":"product_cat-nachtpflege","12":"first","13":"instock","14":"taxable","15":"shipping-taxable","16":"purchasable","17":"product-type-simple"},"gallery_images":[2606503,2606505],"yoast_head":"<!-- This site is optimized with the Yoast SEO plugin v25.9 - https:\/\/yoast.com\/wordpress\/plugins\/seo\/ -->\n<title>HYALURON-FILLER Feuchtigkeit-Booster Nacht - Dermanence Shop<\/title>\n<meta name=\"robots\" content=\"index, follow, max-snippet:-1, max-image-preview:large, max-video-preview:-1\" \/>\n<link rel=\"canonical\" href=\"https:\/\/dermanence.com\/produkt\/hyaluron-filler-feuchtigkeit-booster-nacht\/\" \/>\n<meta property=\"og:locale\" content=\"fr_FR\" \/>\n<meta property=\"og:type\" content=\"article\" \/>\n<meta property=\"og:title\" content=\"HYALURON-FILLER Feuchtigkeit-Booster Nacht - Dermanence Shop\" \/>\n<meta property=\"og:description\" content=\"Ultra-leichte Gel-Textur f\u00fcr erste F\u00e4ltchen  Die Formel mit \u00dcber-Nacht-Wirkung kombiniert langkettige Hyalurons\u00e4ure, die die Feuchtigkeit in den oberen epidermalen Hautschichten bindet, mit kurzkettiger Hyalurons\u00e4ure, die tiefer in die Hautschichten eindringt, wo tiefere Falten entstehen. In Kombination mit Glycerin erh\u00f6ht die Formel den Feuchtigkeitsgehalt der Haut. Provitamin B5 regeneriert und st\u00e4rkt die Haut \u00fcber Nacht, w\u00e4hrend Vitamin E die Haut von oxidativem Stress befreit.  F\u00fcllmenge: 50 ml\" \/>\n<meta property=\"og:url\" content=\"https:\/\/dermanence.com\/produkt\/hyaluron-filler-feuchtigkeit-booster-nacht\/\" \/>\n<meta property=\"og:site_name\" content=\"Dermanence Shop\" \/>\n<meta name=\"twitter:card\" content=\"summary_large_image\" \/>\n<script type=\"application\/ld+json\" class=\"yoast-schema-graph\">{\"@context\":\"https:\/\/schema.org\",\"@graph\":[{\"@type\":\"WebPage\",\"@id\":\"https:\/\/dermanence.com\/produkt\/hyaluron-filler-feuchtigkeit-booster-nacht\/\",\"url\":\"https:\/\/dermanence.com\/produkt\/hyaluron-filler-feuchtigkeit-booster-nacht\/\",\"name\":\"HYALURON-FILLER Feuchtigkeit-Booster Nacht - Dermanence Shop\",\"isPartOf\":{\"@id\":\"https:\/\/dermanence.com\/#website\"},\"datePublished\":\"2023-04-05T13:08:37+00:00\",\"breadcrumb\":{\"@id\":\"https:\/\/dermanence.com\/produkt\/hyaluron-filler-feuchtigkeit-booster-nacht\/#breadcrumb\"},\"inLanguage\":\"fr-FR\",\"potentialAction\":[{\"@type\":\"ReadAction\",\"target\":[\"https:\/\/dermanence.com\/produkt\/hyaluron-filler-feuchtigkeit-booster-nacht\/\"]}]},{\"@type\":\"BreadcrumbList\",\"@id\":\"https:\/\/dermanence.com\/produkt\/hyaluron-filler-feuchtigkeit-booster-nacht\/#breadcrumb\",\"itemListElement\":[{\"@type\":\"ListItem\",\"position\":1,\"name\":\"Home\",\"item\":\"https:\/\/dermanence.com\/fr\/\"},{\"@type\":\"ListItem\",\"position\":2,\"name\":\"Boutique\",\"item\":\"https:\/\/dermanence.com\/fr\/shop\/\"},{\"@type\":\"ListItem\",\"position\":3,\"name\":\"HYALURON-FILLER Feuchtigkeit-Booster Nacht\"}]},{\"@type\":\"WebSite\",\"@id\":\"https:\/\/dermanence.com\/#website\",\"url\":\"https:\/\/dermanence.com\/\",\"name\":\"Dermanence Shop\",\"description\":\" Votre salon de beaut\u00e9 avec sa propre clinique dermatologique\",\"potentialAction\":[{\"@type\":\"SearchAction\",\"target\":{\"@type\":\"EntryPoint\",\"urlTemplate\":\"https:\/\/dermanence.com\/?s={search_term_string}\"},\"query-input\":{\"@type\":\"PropertyValueSpecification\",\"valueRequired\":true,\"valueName\":\"search_term_string\"}}],\"inLanguage\":\"fr-FR\"}]}<\/script>\n<!-- \/ Yoast SEO plugin. -->","yoast_head_json":{"title":"HYALURON-FILLER Feuchtigkeit-Booster Nacht - Dermanence Shop","robots":{"index":"index","follow":"follow","max-snippet":"max-snippet:-1","max-image-preview":"max-image-preview:large","max-video-preview":"max-video-preview:-1"},"canonical":"https:\/\/dermanence.com\/produkt\/hyaluron-filler-feuchtigkeit-booster-nacht\/","og_locale":"fr_FR","og_type":"article","og_title":"HYALURON-FILLER Feuchtigkeit-Booster Nacht - Dermanence Shop","og_description":"Ultra-leichte Gel-Textur f\u00fcr erste F\u00e4ltchen  Die Formel mit \u00dcber-Nacht-Wirkung kombiniert langkettige Hyalurons\u00e4ure, die die Feuchtigkeit in den oberen epidermalen Hautschichten bindet, mit kurzkettiger Hyalurons\u00e4ure, die tiefer in die Hautschichten eindringt, wo tiefere Falten entstehen. In Kombination mit Glycerin erh\u00f6ht die Formel den Feuchtigkeitsgehalt der Haut. Provitamin B5 regeneriert und st\u00e4rkt die Haut \u00fcber Nacht, w\u00e4hrend Vitamin E die Haut von oxidativem Stress befreit.  F\u00fcllmenge: 50 ml","og_url":"https:\/\/dermanence.com\/produkt\/hyaluron-filler-feuchtigkeit-booster-nacht\/","og_site_name":"Dermanence Shop","twitter_card":"summary_large_image","schema":{"@context":"https:\/\/schema.org","@graph":[{"@type":"WebPage","@id":"https:\/\/dermanence.com\/produkt\/hyaluron-filler-feuchtigkeit-booster-nacht\/","url":"https:\/\/dermanence.com\/produkt\/hyaluron-filler-feuchtigkeit-booster-nacht\/","name":"HYALURON-FILLER Feuchtigkeit-Booster Nacht - Dermanence Shop","isPartOf":{"@id":"https:\/\/dermanence.com\/#website"},"datePublished":"2023-04-05T13:08:37+00:00","breadcrumb":{"@id":"https:\/\/dermanence.com\/produkt\/hyaluron-filler-feuchtigkeit-booster-nacht\/#breadcrumb"},"inLanguage":"fr-FR","potentialAction":[{"@type":"ReadAction","target":["https:\/\/dermanence.com\/produkt\/hyaluron-filler-feuchtigkeit-booster-nacht\/"]}]},{"@type":"BreadcrumbList","@id":"https:\/\/dermanence.com\/produkt\/hyaluron-filler-feuchtigkeit-booster-nacht\/#breadcrumb","itemListElement":[{"@type":"ListItem","position":1,"name":"Home","item":"https:\/\/dermanence.com\/fr\/"},{"@type":"ListItem","position":2,"name":"Boutique","item":"https:\/\/dermanence.com\/fr\/shop\/"},{"@type":"ListItem","position":3,"name":"HYALURON-FILLER Feuchtigkeit-Booster Nacht"}]},{"@type":"WebSite","@id":"https:\/\/dermanence.com\/#website","url":"https:\/\/dermanence.com\/","name":"Dermanence Shop","description":" Votre salon de beaut\u00e9 avec sa propre clinique dermatologique","potentialAction":[{"@type":"SearchAction","target":{"@type":"EntryPoint","urlTemplate":"https:\/\/dermanence.com\/?s={search_term_string}"},"query-input":{"@type":"PropertyValueSpecification","valueRequired":true,"valueName":"search_term_string"}}],"inLanguage":"fr-FR"}]}},"_links":{"self":[{"href":"https:\/\/dermanence.com\/fr\/wp-json\/wp\/v2\/product\/2606500","targetHints":{"allow":["GET"]}}],"collection":[{"href":"https:\/\/dermanence.com\/fr\/wp-json\/wp\/v2\/product"}],"about":[{"href":"https:\/\/dermanence.com\/fr\/wp-json\/wp\/v2\/types\/product"}],"replies":[{"embeddable":true,"href":"https:\/\/dermanence.com\/fr\/wp-json\/wp\/v2\/comments?post=2606500"}],"wp:attachment":[{"href":"https:\/\/dermanence.com\/fr\/wp-json\/wp\/v2\/media?parent=2606500"}],"wp:term":[{"taxonomy":"product_brand","embeddable":true,"href":"https:\/\/dermanence.com\/fr\/wp-json\/wp\/v2\/product_brand?post=2606500"},{"taxonomy":"product_cat","embeddable":true,"href":"https:\/\/dermanence.com\/fr\/wp-json\/wp\/v2\/product_cat?post=2606500"},{"taxonomy":"product_tag","embeddable":true,"href":"https:\/\/dermanence.com\/fr\/wp-json\/wp\/v2\/product_tag?post=2606500"}],"curies":[{"name":"wp","href":"https:\/\/api.w.org\/{rel}","templated":true}]}}