{"id":2606024,"date":"2023-03-29T12:21:05","date_gmt":"2023-03-29T10:21:05","guid":{"rendered":"https:\/\/dermanence.com\/?post_type=product&#038;p=2606024"},"modified":"2025-10-31T15:58:37","modified_gmt":"2025-10-31T14:58:37","slug":"skinactive-repair-intensive-eye-therapy","status":"publish","type":"product","link":"https:\/\/dermanence.com\/fr\/produit\/skinactive-repair-intensive-eye-therapy\/","title":{"rendered":"SKINACTIVE Repair Intensive Eye Therapy"},"content":{"rendered":"","protected":false},"excerpt":{"rendered":"<p><strong>Eine volumengebende Anti-Aging-Augenbehandlung. Verbessert sichtbar Verf\u00e4rbungen, schlaffe Augenlider, Kr\u00e4henf\u00fc\u00dfe und F\u00e4ltchen unter den Augen.<\/strong><\/p>\n<p>Diese intensive Anti-Aging-Behandlung f\u00fcr die Augen mildert das Erscheinungsbild von Verf\u00e4rbungen, Falten und Kr\u00e4henf\u00fc\u00dfen und l\u00e4sst geschwollene Stellen verschwinden &#8211; f\u00fcr ein strafferes, glatteres und geliftetes Aussehen. Unsere feuchtigkeitsspendende und dennoch leichte Augencreme mit NeoGlucosamin\u00ae und verj\u00fcngenden Peptiden verbessert das Erscheinungsbild der Hautst\u00fctzmatrix und sorgt f\u00fcr ein strafferes Aussehen. Die Formel mit Koffein und Hyalurons\u00e4ure hilft, das Erscheinungsbild geschwollener Augen zu mildern, und spendet der Haut um die empfindliche Augenpartie Feuchtigkeit.<\/p>\n<p>F\u00fcllmenge: 15 g<\/p>\n","protected":false},"featured_media":2625985,"comment_status":"open","ping_status":"closed","template":"","meta":[],"product_brand":[1038],"product_cat":[167,209,168,25],"product_tag":[],"class_list":{"0":"post-2606024","1":"product","2":"type-product","3":"status-publish","4":"has-post-thumbnail","6":"product_brand-neostrata","7":"product_cat-anti-aging","8":"product_cat-augenpflege","9":"product_cat-augenringe","10":"product_cat-gesichtspflege","12":"first","13":"instock","14":"taxable","15":"shipping-taxable","16":"purchasable","17":"product-type-simple"},"gallery_images":[],"yoast_head":"<!-- This site is optimized with the Yoast SEO plugin v25.9 - https:\/\/yoast.com\/wordpress\/plugins\/seo\/ -->\n<title>SKINACTIVE Repair Intensive Eye Therapy - Dermanence Shop<\/title>\n<meta name=\"robots\" content=\"index, follow, max-snippet:-1, max-image-preview:large, max-video-preview:-1\" \/>\n<link rel=\"canonical\" href=\"https:\/\/dermanence.com\/produkt\/skinactive-repair-intensive-eye-therapy\/\" \/>\n<meta property=\"og:locale\" content=\"fr_FR\" \/>\n<meta property=\"og:type\" content=\"article\" \/>\n<meta property=\"og:title\" content=\"SKINACTIVE Repair Intensive Eye Therapy - Dermanence Shop\" \/>\n<meta property=\"og:description\" content=\"Eine volumengebende Anti-Aging-Augenbehandlung. Verbessert sichtbar Verf\u00e4rbungen, schlaffe Augenlider, Kr\u00e4henf\u00fc\u00dfe und F\u00e4ltchen unter den Augen.  Diese intensive Anti-Aging-Behandlung f\u00fcr die Augen mildert das Erscheinungsbild von Verf\u00e4rbungen, Falten und Kr\u00e4henf\u00fc\u00dfen und l\u00e4sst geschwollene Stellen verschwinden - f\u00fcr ein strafferes, glatteres und geliftetes Aussehen. Unsere feuchtigkeitsspendende und dennoch leichte Augencreme mit NeoGlucosamin\u00ae und verj\u00fcngenden Peptiden verbessert das Erscheinungsbild der Hautst\u00fctzmatrix und sorgt f\u00fcr ein strafferes Aussehen. Die Formel mit Koffein und Hyalurons\u00e4ure hilft, das Erscheinungsbild geschwollener Augen zu mildern, und spendet der Haut um die empfindliche Augenpartie Feuchtigkeit.  F\u00fcllmenge: 15 g\" \/>\n<meta property=\"og:url\" content=\"https:\/\/dermanence.com\/produkt\/skinactive-repair-intensive-eye-therapy\/\" \/>\n<meta property=\"og:site_name\" content=\"Dermanence Shop\" \/>\n<meta property=\"article:modified_time\" content=\"2025-10-31T14:58:37+00:00\" \/>\n<meta property=\"og:image\" content=\"https:\/\/dermanence.com\/wp-content\/uploads\/2023\/03\/d09666887-p1.jpg\" \/>\n\t<meta property=\"og:image:width\" content=\"1000\" \/>\n\t<meta property=\"og:image:height\" content=\"1000\" \/>\n\t<meta property=\"og:image:type\" content=\"image\/jpeg\" \/>\n<meta name=\"twitter:card\" content=\"summary_large_image\" \/>\n<script type=\"application\/ld+json\" class=\"yoast-schema-graph\">{\"@context\":\"https:\/\/schema.org\",\"@graph\":[{\"@type\":\"WebPage\",\"@id\":\"https:\/\/dermanence.com\/produkt\/skinactive-repair-intensive-eye-therapy\/\",\"url\":\"https:\/\/dermanence.com\/produkt\/skinactive-repair-intensive-eye-therapy\/\",\"name\":\"SKINACTIVE Repair Intensive Eye Therapy - Dermanence Shop\",\"isPartOf\":{\"@id\":\"https:\/\/dermanence.com\/#website\"},\"primaryImageOfPage\":{\"@id\":\"https:\/\/dermanence.com\/produkt\/skinactive-repair-intensive-eye-therapy\/#primaryimage\"},\"image\":{\"@id\":\"https:\/\/dermanence.com\/produkt\/skinactive-repair-intensive-eye-therapy\/#primaryimage\"},\"thumbnailUrl\":\"https:\/\/dermanence.com\/wp-content\/uploads\/2023\/03\/d09666887-p1.jpg\",\"datePublished\":\"2023-03-29T10:21:05+00:00\",\"dateModified\":\"2025-10-31T14:58:37+00:00\",\"breadcrumb\":{\"@id\":\"https:\/\/dermanence.com\/produkt\/skinactive-repair-intensive-eye-therapy\/#breadcrumb\"},\"inLanguage\":\"fr-FR\",\"potentialAction\":[{\"@type\":\"ReadAction\",\"target\":[\"https:\/\/dermanence.com\/produkt\/skinactive-repair-intensive-eye-therapy\/\"]}]},{\"@type\":\"ImageObject\",\"inLanguage\":\"fr-FR\",\"@id\":\"https:\/\/dermanence.com\/produkt\/skinactive-repair-intensive-eye-therapy\/#primaryimage\",\"url\":\"https:\/\/dermanence.com\/wp-content\/uploads\/2023\/03\/d09666887-p1.jpg\",\"contentUrl\":\"https:\/\/dermanence.com\/wp-content\/uploads\/2023\/03\/d09666887-p1.jpg\",\"width\":1000,\"height\":1000},{\"@type\":\"BreadcrumbList\",\"@id\":\"https:\/\/dermanence.com\/produkt\/skinactive-repair-intensive-eye-therapy\/#breadcrumb\",\"itemListElement\":[{\"@type\":\"ListItem\",\"position\":1,\"name\":\"Home\",\"item\":\"https:\/\/dermanence.com\/fr\/\"},{\"@type\":\"ListItem\",\"position\":2,\"name\":\"Boutique\",\"item\":\"https:\/\/dermanence.com\/fr\/shop\/\"},{\"@type\":\"ListItem\",\"position\":3,\"name\":\"SKINACTIVE Repair Intensive Eye Therapy\"}]},{\"@type\":\"WebSite\",\"@id\":\"https:\/\/dermanence.com\/#website\",\"url\":\"https:\/\/dermanence.com\/\",\"name\":\"Dermanence Shop\",\"description\":\" Votre salon de beaut\u00e9 avec sa propre clinique dermatologique\",\"potentialAction\":[{\"@type\":\"SearchAction\",\"target\":{\"@type\":\"EntryPoint\",\"urlTemplate\":\"https:\/\/dermanence.com\/?s={search_term_string}\"},\"query-input\":{\"@type\":\"PropertyValueSpecification\",\"valueRequired\":true,\"valueName\":\"search_term_string\"}}],\"inLanguage\":\"fr-FR\"}]}<\/script>\n<!-- \/ Yoast SEO plugin. -->","yoast_head_json":{"title":"SKINACTIVE Repair Intensive Eye Therapy - Dermanence Shop","robots":{"index":"index","follow":"follow","max-snippet":"max-snippet:-1","max-image-preview":"max-image-preview:large","max-video-preview":"max-video-preview:-1"},"canonical":"https:\/\/dermanence.com\/produkt\/skinactive-repair-intensive-eye-therapy\/","og_locale":"fr_FR","og_type":"article","og_title":"SKINACTIVE Repair Intensive Eye Therapy - Dermanence Shop","og_description":"Eine volumengebende Anti-Aging-Augenbehandlung. Verbessert sichtbar Verf\u00e4rbungen, schlaffe Augenlider, Kr\u00e4henf\u00fc\u00dfe und F\u00e4ltchen unter den Augen.  Diese intensive Anti-Aging-Behandlung f\u00fcr die Augen mildert das Erscheinungsbild von Verf\u00e4rbungen, Falten und Kr\u00e4henf\u00fc\u00dfen und l\u00e4sst geschwollene Stellen verschwinden - f\u00fcr ein strafferes, glatteres und geliftetes Aussehen. Unsere feuchtigkeitsspendende und dennoch leichte Augencreme mit NeoGlucosamin\u00ae und verj\u00fcngenden Peptiden verbessert das Erscheinungsbild der Hautst\u00fctzmatrix und sorgt f\u00fcr ein strafferes Aussehen. Die Formel mit Koffein und Hyalurons\u00e4ure hilft, das Erscheinungsbild geschwollener Augen zu mildern, und spendet der Haut um die empfindliche Augenpartie Feuchtigkeit.  F\u00fcllmenge: 15 g","og_url":"https:\/\/dermanence.com\/produkt\/skinactive-repair-intensive-eye-therapy\/","og_site_name":"Dermanence Shop","article_modified_time":"2025-10-31T14:58:37+00:00","og_image":[{"width":1000,"height":1000,"url":"https:\/\/dermanence.com\/wp-content\/uploads\/2023\/03\/d09666887-p1.jpg","type":"image\/jpeg"}],"twitter_card":"summary_large_image","schema":{"@context":"https:\/\/schema.org","@graph":[{"@type":"WebPage","@id":"https:\/\/dermanence.com\/produkt\/skinactive-repair-intensive-eye-therapy\/","url":"https:\/\/dermanence.com\/produkt\/skinactive-repair-intensive-eye-therapy\/","name":"SKINACTIVE Repair Intensive Eye Therapy - Dermanence Shop","isPartOf":{"@id":"https:\/\/dermanence.com\/#website"},"primaryImageOfPage":{"@id":"https:\/\/dermanence.com\/produkt\/skinactive-repair-intensive-eye-therapy\/#primaryimage"},"image":{"@id":"https:\/\/dermanence.com\/produkt\/skinactive-repair-intensive-eye-therapy\/#primaryimage"},"thumbnailUrl":"https:\/\/dermanence.com\/wp-content\/uploads\/2023\/03\/d09666887-p1.jpg","datePublished":"2023-03-29T10:21:05+00:00","dateModified":"2025-10-31T14:58:37+00:00","breadcrumb":{"@id":"https:\/\/dermanence.com\/produkt\/skinactive-repair-intensive-eye-therapy\/#breadcrumb"},"inLanguage":"fr-FR","potentialAction":[{"@type":"ReadAction","target":["https:\/\/dermanence.com\/produkt\/skinactive-repair-intensive-eye-therapy\/"]}]},{"@type":"ImageObject","inLanguage":"fr-FR","@id":"https:\/\/dermanence.com\/produkt\/skinactive-repair-intensive-eye-therapy\/#primaryimage","url":"https:\/\/dermanence.com\/wp-content\/uploads\/2023\/03\/d09666887-p1.jpg","contentUrl":"https:\/\/dermanence.com\/wp-content\/uploads\/2023\/03\/d09666887-p1.jpg","width":1000,"height":1000},{"@type":"BreadcrumbList","@id":"https:\/\/dermanence.com\/produkt\/skinactive-repair-intensive-eye-therapy\/#breadcrumb","itemListElement":[{"@type":"ListItem","position":1,"name":"Home","item":"https:\/\/dermanence.com\/fr\/"},{"@type":"ListItem","position":2,"name":"Boutique","item":"https:\/\/dermanence.com\/fr\/shop\/"},{"@type":"ListItem","position":3,"name":"SKINACTIVE Repair Intensive Eye Therapy"}]},{"@type":"WebSite","@id":"https:\/\/dermanence.com\/#website","url":"https:\/\/dermanence.com\/","name":"Dermanence Shop","description":" Votre salon de beaut\u00e9 avec sa propre clinique dermatologique","potentialAction":[{"@type":"SearchAction","target":{"@type":"EntryPoint","urlTemplate":"https:\/\/dermanence.com\/?s={search_term_string}"},"query-input":{"@type":"PropertyValueSpecification","valueRequired":true,"valueName":"search_term_string"}}],"inLanguage":"fr-FR"}]}},"_links":{"self":[{"href":"https:\/\/dermanence.com\/fr\/wp-json\/wp\/v2\/product\/2606024","targetHints":{"allow":["GET"]}}],"collection":[{"href":"https:\/\/dermanence.com\/fr\/wp-json\/wp\/v2\/product"}],"about":[{"href":"https:\/\/dermanence.com\/fr\/wp-json\/wp\/v2\/types\/product"}],"replies":[{"embeddable":true,"href":"https:\/\/dermanence.com\/fr\/wp-json\/wp\/v2\/comments?post=2606024"}],"wp:featuredmedia":[{"embeddable":true,"href":"https:\/\/dermanence.com\/fr\/wp-json\/wp\/v2\/media\/2625985"}],"wp:attachment":[{"href":"https:\/\/dermanence.com\/fr\/wp-json\/wp\/v2\/media?parent=2606024"}],"wp:term":[{"taxonomy":"product_brand","embeddable":true,"href":"https:\/\/dermanence.com\/fr\/wp-json\/wp\/v2\/product_brand?post=2606024"},{"taxonomy":"product_cat","embeddable":true,"href":"https:\/\/dermanence.com\/fr\/wp-json\/wp\/v2\/product_cat?post=2606024"},{"taxonomy":"product_tag","embeddable":true,"href":"https:\/\/dermanence.com\/fr\/wp-json\/wp\/v2\/product_tag?post=2606024"}],"curies":[{"name":"wp","href":"https:\/\/api.w.org\/{rel}","templated":true}]}}