{"id":2606017,"date":"2023-03-29T12:16:04","date_gmt":"2023-03-29T10:16:04","guid":{"rendered":"https:\/\/dermanence.com\/?post_type=product&#038;p=2606017"},"modified":"2025-10-31T15:57:41","modified_gmt":"2025-10-31T14:57:41","slug":"skinactive-repair-exfoliating-wash","status":"publish","type":"product","link":"https:\/\/dermanence.com\/fr\/produit\/skinactive-repair-exfoliating-wash\/","title":{"rendered":"SKINACTIVE Repair Exfoliating Wash"},"content":{"rendered":"","protected":false},"excerpt":{"rendered":"<p><strong>Ein revitalisierender, sch\u00e4umender Gesichtsreiniger, der die Poren porentief reinigt und gleichzeitig \u00d6l und Make-up effektiv entfernt.<\/strong><\/p>\n<p>Reinigt Ihre Poren porentief! Entfernt \u00d6l. Entfernt Make-up. Entfernt Verunreinigungen. Dieser sch\u00e4umende Gesichtsreiniger verbessert das Hautbild und die Klarheit der Haut mit Polyhydroxys\u00e4uren, einschlie\u00dflich Maltobions\u00e4ure, die daf\u00fcr bekannt sind, dass sie die Poren peelen und Ablagerungen entfernen. Mit einem konzentrierten Pflanzenkomplex aus Aloe-, Kamille-, Gurken- und Rosmarinextrakten erfrischt und revitalisiert er Ihre Haut.<\/p>\n<p>F\u00fcllmenge: 125 ml<\/p>\n","protected":false},"featured_media":2625983,"comment_status":"open","ping_status":"closed","template":"","meta":[],"product_brand":[1038],"product_cat":[170,205,25,218],"product_tag":[],"class_list":{"0":"post-2606017","1":"product","2":"type-product","3":"status-publish","4":"has-post-thumbnail","6":"product_brand-neostrata","7":"product_cat-erweiterte-poren","8":"product_cat-fettige-haut","9":"product_cat-gesichtspflege","10":"product_cat-reinigung-cleanser","12":"first","13":"instock","14":"taxable","15":"shipping-taxable","16":"purchasable","17":"product-type-simple"},"gallery_images":[],"yoast_head":"<!-- This site is optimized with the Yoast SEO plugin v25.9 - https:\/\/yoast.com\/wordpress\/plugins\/seo\/ -->\n<title>SKINACTIVE Repair Exfoliating Wash - Dermanence Shop<\/title>\n<meta name=\"robots\" content=\"index, follow, max-snippet:-1, max-image-preview:large, max-video-preview:-1\" \/>\n<link rel=\"canonical\" href=\"https:\/\/dermanence.com\/produkt\/skinactive-repair-exfoliating-wash\/\" \/>\n<meta property=\"og:locale\" content=\"fr_FR\" \/>\n<meta property=\"og:type\" content=\"article\" \/>\n<meta property=\"og:title\" content=\"SKINACTIVE Repair Exfoliating Wash - Dermanence Shop\" \/>\n<meta property=\"og:description\" content=\"Ein revitalisierender, sch\u00e4umender Gesichtsreiniger, der die Poren porentief reinigt und gleichzeitig \u00d6l und Make-up effektiv entfernt.  Reinigt Ihre Poren porentief! Entfernt \u00d6l. Entfernt Make-up. Entfernt Verunreinigungen. Dieser sch\u00e4umende Gesichtsreiniger verbessert das Hautbild und die Klarheit der Haut mit Polyhydroxys\u00e4uren, einschlie\u00dflich Maltobions\u00e4ure, die daf\u00fcr bekannt sind, dass sie die Poren peelen und Ablagerungen entfernen. Mit einem konzentrierten Pflanzenkomplex aus Aloe-, Kamille-, Gurken- und Rosmarinextrakten erfrischt und revitalisiert er Ihre Haut.  F\u00fcllmenge: 125 ml\" \/>\n<meta property=\"og:url\" content=\"https:\/\/dermanence.com\/produkt\/skinactive-repair-exfoliating-wash\/\" \/>\n<meta property=\"og:site_name\" content=\"Dermanence Shop\" \/>\n<meta property=\"article:modified_time\" content=\"2025-10-31T14:57:41+00:00\" \/>\n<meta property=\"og:image\" content=\"https:\/\/dermanence.com\/wp-content\/uploads\/2023\/03\/repair-skin-active-exfoliating-wash___200720.webp\" \/>\n\t<meta property=\"og:image:width\" content=\"1200\" \/>\n\t<meta property=\"og:image:height\" content=\"630\" \/>\n\t<meta property=\"og:image:type\" content=\"image\/webp\" \/>\n<meta name=\"twitter:card\" content=\"summary_large_image\" \/>\n<meta name=\"twitter:label1\" content=\"Dur\u00e9e de lecture estim\u00e9e\" \/>\n\t<meta name=\"twitter:data1\" content=\"1 minute\" \/>\n<script type=\"application\/ld+json\" class=\"yoast-schema-graph\">{\"@context\":\"https:\/\/schema.org\",\"@graph\":[{\"@type\":\"WebPage\",\"@id\":\"https:\/\/dermanence.com\/produkt\/skinactive-repair-exfoliating-wash\/\",\"url\":\"https:\/\/dermanence.com\/produkt\/skinactive-repair-exfoliating-wash\/\",\"name\":\"SKINACTIVE Repair Exfoliating Wash - Dermanence Shop\",\"isPartOf\":{\"@id\":\"https:\/\/dermanence.com\/#website\"},\"primaryImageOfPage\":{\"@id\":\"https:\/\/dermanence.com\/produkt\/skinactive-repair-exfoliating-wash\/#primaryimage\"},\"image\":{\"@id\":\"https:\/\/dermanence.com\/produkt\/skinactive-repair-exfoliating-wash\/#primaryimage\"},\"thumbnailUrl\":\"https:\/\/dermanence.com\/wp-content\/uploads\/2023\/03\/repair-skin-active-exfoliating-wash___200720.webp\",\"datePublished\":\"2023-03-29T10:16:04+00:00\",\"dateModified\":\"2025-10-31T14:57:41+00:00\",\"breadcrumb\":{\"@id\":\"https:\/\/dermanence.com\/produkt\/skinactive-repair-exfoliating-wash\/#breadcrumb\"},\"inLanguage\":\"fr-FR\",\"potentialAction\":[{\"@type\":\"ReadAction\",\"target\":[\"https:\/\/dermanence.com\/produkt\/skinactive-repair-exfoliating-wash\/\"]}]},{\"@type\":\"ImageObject\",\"inLanguage\":\"fr-FR\",\"@id\":\"https:\/\/dermanence.com\/produkt\/skinactive-repair-exfoliating-wash\/#primaryimage\",\"url\":\"https:\/\/dermanence.com\/wp-content\/uploads\/2023\/03\/repair-skin-active-exfoliating-wash___200720.webp\",\"contentUrl\":\"https:\/\/dermanence.com\/wp-content\/uploads\/2023\/03\/repair-skin-active-exfoliating-wash___200720.webp\",\"width\":1200,\"height\":630},{\"@type\":\"BreadcrumbList\",\"@id\":\"https:\/\/dermanence.com\/produkt\/skinactive-repair-exfoliating-wash\/#breadcrumb\",\"itemListElement\":[{\"@type\":\"ListItem\",\"position\":1,\"name\":\"Home\",\"item\":\"https:\/\/dermanence.com\/fr\/\"},{\"@type\":\"ListItem\",\"position\":2,\"name\":\"Boutique\",\"item\":\"https:\/\/dermanence.com\/fr\/shop\/\"},{\"@type\":\"ListItem\",\"position\":3,\"name\":\"SKINACTIVE Repair Exfoliating Wash\"}]},{\"@type\":\"WebSite\",\"@id\":\"https:\/\/dermanence.com\/#website\",\"url\":\"https:\/\/dermanence.com\/\",\"name\":\"Dermanence Shop\",\"description\":\" Votre salon de beaut\u00e9 avec sa propre clinique dermatologique\",\"potentialAction\":[{\"@type\":\"SearchAction\",\"target\":{\"@type\":\"EntryPoint\",\"urlTemplate\":\"https:\/\/dermanence.com\/?s={search_term_string}\"},\"query-input\":{\"@type\":\"PropertyValueSpecification\",\"valueRequired\":true,\"valueName\":\"search_term_string\"}}],\"inLanguage\":\"fr-FR\"}]}<\/script>\n<!-- \/ Yoast SEO plugin. -->","yoast_head_json":{"title":"SKINACTIVE Repair Exfoliating Wash - Dermanence Shop","robots":{"index":"index","follow":"follow","max-snippet":"max-snippet:-1","max-image-preview":"max-image-preview:large","max-video-preview":"max-video-preview:-1"},"canonical":"https:\/\/dermanence.com\/produkt\/skinactive-repair-exfoliating-wash\/","og_locale":"fr_FR","og_type":"article","og_title":"SKINACTIVE Repair Exfoliating Wash - Dermanence Shop","og_description":"Ein revitalisierender, sch\u00e4umender Gesichtsreiniger, der die Poren porentief reinigt und gleichzeitig \u00d6l und Make-up effektiv entfernt.  Reinigt Ihre Poren porentief! Entfernt \u00d6l. Entfernt Make-up. Entfernt Verunreinigungen. Dieser sch\u00e4umende Gesichtsreiniger verbessert das Hautbild und die Klarheit der Haut mit Polyhydroxys\u00e4uren, einschlie\u00dflich Maltobions\u00e4ure, die daf\u00fcr bekannt sind, dass sie die Poren peelen und Ablagerungen entfernen. Mit einem konzentrierten Pflanzenkomplex aus Aloe-, Kamille-, Gurken- und Rosmarinextrakten erfrischt und revitalisiert er Ihre Haut.  F\u00fcllmenge: 125 ml","og_url":"https:\/\/dermanence.com\/produkt\/skinactive-repair-exfoliating-wash\/","og_site_name":"Dermanence Shop","article_modified_time":"2025-10-31T14:57:41+00:00","og_image":[{"width":1200,"height":630,"url":"https:\/\/dermanence.com\/wp-content\/uploads\/2023\/03\/repair-skin-active-exfoliating-wash___200720.webp","type":"image\/webp"}],"twitter_card":"summary_large_image","twitter_misc":{"Dur\u00e9e de lecture estim\u00e9e":"1 minute"},"schema":{"@context":"https:\/\/schema.org","@graph":[{"@type":"WebPage","@id":"https:\/\/dermanence.com\/produkt\/skinactive-repair-exfoliating-wash\/","url":"https:\/\/dermanence.com\/produkt\/skinactive-repair-exfoliating-wash\/","name":"SKINACTIVE Repair Exfoliating Wash - Dermanence Shop","isPartOf":{"@id":"https:\/\/dermanence.com\/#website"},"primaryImageOfPage":{"@id":"https:\/\/dermanence.com\/produkt\/skinactive-repair-exfoliating-wash\/#primaryimage"},"image":{"@id":"https:\/\/dermanence.com\/produkt\/skinactive-repair-exfoliating-wash\/#primaryimage"},"thumbnailUrl":"https:\/\/dermanence.com\/wp-content\/uploads\/2023\/03\/repair-skin-active-exfoliating-wash___200720.webp","datePublished":"2023-03-29T10:16:04+00:00","dateModified":"2025-10-31T14:57:41+00:00","breadcrumb":{"@id":"https:\/\/dermanence.com\/produkt\/skinactive-repair-exfoliating-wash\/#breadcrumb"},"inLanguage":"fr-FR","potentialAction":[{"@type":"ReadAction","target":["https:\/\/dermanence.com\/produkt\/skinactive-repair-exfoliating-wash\/"]}]},{"@type":"ImageObject","inLanguage":"fr-FR","@id":"https:\/\/dermanence.com\/produkt\/skinactive-repair-exfoliating-wash\/#primaryimage","url":"https:\/\/dermanence.com\/wp-content\/uploads\/2023\/03\/repair-skin-active-exfoliating-wash___200720.webp","contentUrl":"https:\/\/dermanence.com\/wp-content\/uploads\/2023\/03\/repair-skin-active-exfoliating-wash___200720.webp","width":1200,"height":630},{"@type":"BreadcrumbList","@id":"https:\/\/dermanence.com\/produkt\/skinactive-repair-exfoliating-wash\/#breadcrumb","itemListElement":[{"@type":"ListItem","position":1,"name":"Home","item":"https:\/\/dermanence.com\/fr\/"},{"@type":"ListItem","position":2,"name":"Boutique","item":"https:\/\/dermanence.com\/fr\/shop\/"},{"@type":"ListItem","position":3,"name":"SKINACTIVE Repair Exfoliating Wash"}]},{"@type":"WebSite","@id":"https:\/\/dermanence.com\/#website","url":"https:\/\/dermanence.com\/","name":"Dermanence Shop","description":" Votre salon de beaut\u00e9 avec sa propre clinique dermatologique","potentialAction":[{"@type":"SearchAction","target":{"@type":"EntryPoint","urlTemplate":"https:\/\/dermanence.com\/?s={search_term_string}"},"query-input":{"@type":"PropertyValueSpecification","valueRequired":true,"valueName":"search_term_string"}}],"inLanguage":"fr-FR"}]}},"_links":{"self":[{"href":"https:\/\/dermanence.com\/fr\/wp-json\/wp\/v2\/product\/2606017","targetHints":{"allow":["GET"]}}],"collection":[{"href":"https:\/\/dermanence.com\/fr\/wp-json\/wp\/v2\/product"}],"about":[{"href":"https:\/\/dermanence.com\/fr\/wp-json\/wp\/v2\/types\/product"}],"replies":[{"embeddable":true,"href":"https:\/\/dermanence.com\/fr\/wp-json\/wp\/v2\/comments?post=2606017"}],"wp:featuredmedia":[{"embeddable":true,"href":"https:\/\/dermanence.com\/fr\/wp-json\/wp\/v2\/media\/2625983"}],"wp:attachment":[{"href":"https:\/\/dermanence.com\/fr\/wp-json\/wp\/v2\/media?parent=2606017"}],"wp:term":[{"taxonomy":"product_brand","embeddable":true,"href":"https:\/\/dermanence.com\/fr\/wp-json\/wp\/v2\/product_brand?post=2606017"},{"taxonomy":"product_cat","embeddable":true,"href":"https:\/\/dermanence.com\/fr\/wp-json\/wp\/v2\/product_cat?post=2606017"},{"taxonomy":"product_tag","embeddable":true,"href":"https:\/\/dermanence.com\/fr\/wp-json\/wp\/v2\/product_tag?post=2606017"}],"curies":[{"name":"wp","href":"https:\/\/api.w.org\/{rel}","templated":true}]}}