{"id":2604512,"date":"2023-02-15T10:07:49","date_gmt":"2023-02-15T09:07:49","guid":{"rendered":"https:\/\/dermanence.com\/?post_type=product&#038;p=2604512"},"modified":"2023-02-15T12:20:23","modified_gmt":"2023-02-15T11:20:23","slug":"nuxuriance-ultra-reichhaltige-creme","status":"publish","type":"product","link":"https:\/\/dermanence.com\/fr\/produit\/nuxuriance-ultra-reichhaltige-creme\/","title":{"rendered":"Nuxuriance Ultra Reichhaltige Creme"},"content":{"rendered":"","protected":false},"excerpt":{"rendered":"<p><strong>Hautverdichtende, reichhaltige Creme &#8211; Anti-Aging kompettpflege<\/strong><\/p>\n<p>Diese reichhaltige, hautverdichtende Anti-Aging-Komplettpflege mit bifloralen Zellen\u00ae aus Safran und Bougainvillea regeneriert die Haut, sorgt f\u00fcr deutlichere Gesichtskonturen und gl\u00e4ttet Falten.<br \/>\nDie Haut erscheint j\u00fcnger und fester, wie aufgepolstert. Die nat\u00fcrliche Leuchtkraft wird aktiviert. Diese Creme n\u00e4hrt die Haut, macht sie geschmeidig und angenehm.<\/p>\n<p>F\u00fcllmenge: 50 ml<\/p>\n","protected":false},"featured_media":0,"comment_status":"open","ping_status":"closed","template":"","meta":[],"product_brand":[548],"product_cat":[167,171,25,411,220,204],"product_tag":[],"class_list":{"0":"post-2604512","1":"product","2":"type-product","3":"status-publish","5":"product_brand-nuxe","6":"product_cat-anti-aging","7":"product_cat-faltenglaettung","8":"product_cat-gesichtspflege","9":"product_cat-moisturizer","10":"product_cat-tagespflege","11":"product_cat-trockene-haut","13":"first","14":"instock","15":"taxable","16":"shipping-taxable","17":"purchasable","18":"product-type-simple"},"gallery_images":[],"yoast_head":"<!-- This site is optimized with the Yoast SEO plugin v25.9 - https:\/\/yoast.com\/wordpress\/plugins\/seo\/ -->\n<title>Nuxuriance Ultra Reichhaltige Creme - Dermanence Shop<\/title>\n<meta name=\"robots\" content=\"index, follow, max-snippet:-1, max-image-preview:large, max-video-preview:-1\" \/>\n<link rel=\"canonical\" href=\"https:\/\/dermanence.com\/produkt\/nuxuriance-ultra-reichhaltige-creme\/\" \/>\n<meta property=\"og:locale\" content=\"fr_FR\" \/>\n<meta property=\"og:type\" content=\"article\" \/>\n<meta property=\"og:title\" content=\"Nuxuriance Ultra Reichhaltige Creme - Dermanence Shop\" \/>\n<meta property=\"og:description\" content=\"Hautverdichtende, reichhaltige Creme - Anti-Aging kompettpflege  Diese reichhaltige, hautverdichtende Anti-Aging-Komplettpflege mit bifloralen Zellen\u00ae aus Safran und Bougainvillea regeneriert die Haut, sorgt f\u00fcr deutlichere Gesichtskonturen und gl\u00e4ttet Falten. Die Haut erscheint j\u00fcnger und fester, wie aufgepolstert. Die nat\u00fcrliche Leuchtkraft wird aktiviert. Diese Creme n\u00e4hrt die Haut, macht sie geschmeidig und angenehm.  F\u00fcllmenge: 50 ml\" \/>\n<meta property=\"og:url\" content=\"https:\/\/dermanence.com\/produkt\/nuxuriance-ultra-reichhaltige-creme\/\" \/>\n<meta property=\"og:site_name\" content=\"Dermanence Shop\" \/>\n<meta property=\"article:modified_time\" content=\"2023-02-15T11:20:23+00:00\" \/>\n<meta name=\"twitter:card\" content=\"summary_large_image\" \/>\n<script type=\"application\/ld+json\" class=\"yoast-schema-graph\">{\"@context\":\"https:\/\/schema.org\",\"@graph\":[{\"@type\":\"WebPage\",\"@id\":\"https:\/\/dermanence.com\/produkt\/nuxuriance-ultra-reichhaltige-creme\/\",\"url\":\"https:\/\/dermanence.com\/produkt\/nuxuriance-ultra-reichhaltige-creme\/\",\"name\":\"Nuxuriance Ultra Reichhaltige Creme - Dermanence Shop\",\"isPartOf\":{\"@id\":\"https:\/\/dermanence.com\/#website\"},\"datePublished\":\"2023-02-15T09:07:49+00:00\",\"dateModified\":\"2023-02-15T11:20:23+00:00\",\"breadcrumb\":{\"@id\":\"https:\/\/dermanence.com\/produkt\/nuxuriance-ultra-reichhaltige-creme\/#breadcrumb\"},\"inLanguage\":\"fr-FR\",\"potentialAction\":[{\"@type\":\"ReadAction\",\"target\":[\"https:\/\/dermanence.com\/produkt\/nuxuriance-ultra-reichhaltige-creme\/\"]}]},{\"@type\":\"BreadcrumbList\",\"@id\":\"https:\/\/dermanence.com\/produkt\/nuxuriance-ultra-reichhaltige-creme\/#breadcrumb\",\"itemListElement\":[{\"@type\":\"ListItem\",\"position\":1,\"name\":\"Home\",\"item\":\"https:\/\/dermanence.com\/fr\/\"},{\"@type\":\"ListItem\",\"position\":2,\"name\":\"Boutique\",\"item\":\"https:\/\/dermanence.com\/fr\/shop\/\"},{\"@type\":\"ListItem\",\"position\":3,\"name\":\"Nuxuriance Ultra Reichhaltige Creme\"}]},{\"@type\":\"WebSite\",\"@id\":\"https:\/\/dermanence.com\/#website\",\"url\":\"https:\/\/dermanence.com\/\",\"name\":\"Dermanence Shop\",\"description\":\" Votre salon de beaut\u00e9 avec sa propre clinique dermatologique\",\"potentialAction\":[{\"@type\":\"SearchAction\",\"target\":{\"@type\":\"EntryPoint\",\"urlTemplate\":\"https:\/\/dermanence.com\/?s={search_term_string}\"},\"query-input\":{\"@type\":\"PropertyValueSpecification\",\"valueRequired\":true,\"valueName\":\"search_term_string\"}}],\"inLanguage\":\"fr-FR\"}]}<\/script>\n<!-- \/ Yoast SEO plugin. -->","yoast_head_json":{"title":"Nuxuriance Ultra Reichhaltige Creme - Dermanence Shop","robots":{"index":"index","follow":"follow","max-snippet":"max-snippet:-1","max-image-preview":"max-image-preview:large","max-video-preview":"max-video-preview:-1"},"canonical":"https:\/\/dermanence.com\/produkt\/nuxuriance-ultra-reichhaltige-creme\/","og_locale":"fr_FR","og_type":"article","og_title":"Nuxuriance Ultra Reichhaltige Creme - Dermanence Shop","og_description":"Hautverdichtende, reichhaltige Creme - Anti-Aging kompettpflege  Diese reichhaltige, hautverdichtende Anti-Aging-Komplettpflege mit bifloralen Zellen\u00ae aus Safran und Bougainvillea regeneriert die Haut, sorgt f\u00fcr deutlichere Gesichtskonturen und gl\u00e4ttet Falten. Die Haut erscheint j\u00fcnger und fester, wie aufgepolstert. Die nat\u00fcrliche Leuchtkraft wird aktiviert. Diese Creme n\u00e4hrt die Haut, macht sie geschmeidig und angenehm.  F\u00fcllmenge: 50 ml","og_url":"https:\/\/dermanence.com\/produkt\/nuxuriance-ultra-reichhaltige-creme\/","og_site_name":"Dermanence Shop","article_modified_time":"2023-02-15T11:20:23+00:00","twitter_card":"summary_large_image","schema":{"@context":"https:\/\/schema.org","@graph":[{"@type":"WebPage","@id":"https:\/\/dermanence.com\/produkt\/nuxuriance-ultra-reichhaltige-creme\/","url":"https:\/\/dermanence.com\/produkt\/nuxuriance-ultra-reichhaltige-creme\/","name":"Nuxuriance Ultra Reichhaltige Creme - Dermanence Shop","isPartOf":{"@id":"https:\/\/dermanence.com\/#website"},"datePublished":"2023-02-15T09:07:49+00:00","dateModified":"2023-02-15T11:20:23+00:00","breadcrumb":{"@id":"https:\/\/dermanence.com\/produkt\/nuxuriance-ultra-reichhaltige-creme\/#breadcrumb"},"inLanguage":"fr-FR","potentialAction":[{"@type":"ReadAction","target":["https:\/\/dermanence.com\/produkt\/nuxuriance-ultra-reichhaltige-creme\/"]}]},{"@type":"BreadcrumbList","@id":"https:\/\/dermanence.com\/produkt\/nuxuriance-ultra-reichhaltige-creme\/#breadcrumb","itemListElement":[{"@type":"ListItem","position":1,"name":"Home","item":"https:\/\/dermanence.com\/fr\/"},{"@type":"ListItem","position":2,"name":"Boutique","item":"https:\/\/dermanence.com\/fr\/shop\/"},{"@type":"ListItem","position":3,"name":"Nuxuriance Ultra Reichhaltige Creme"}]},{"@type":"WebSite","@id":"https:\/\/dermanence.com\/#website","url":"https:\/\/dermanence.com\/","name":"Dermanence Shop","description":" Votre salon de beaut\u00e9 avec sa propre clinique dermatologique","potentialAction":[{"@type":"SearchAction","target":{"@type":"EntryPoint","urlTemplate":"https:\/\/dermanence.com\/?s={search_term_string}"},"query-input":{"@type":"PropertyValueSpecification","valueRequired":true,"valueName":"search_term_string"}}],"inLanguage":"fr-FR"}]}},"_links":{"self":[{"href":"https:\/\/dermanence.com\/fr\/wp-json\/wp\/v2\/product\/2604512","targetHints":{"allow":["GET"]}}],"collection":[{"href":"https:\/\/dermanence.com\/fr\/wp-json\/wp\/v2\/product"}],"about":[{"href":"https:\/\/dermanence.com\/fr\/wp-json\/wp\/v2\/types\/product"}],"replies":[{"embeddable":true,"href":"https:\/\/dermanence.com\/fr\/wp-json\/wp\/v2\/comments?post=2604512"}],"wp:attachment":[{"href":"https:\/\/dermanence.com\/fr\/wp-json\/wp\/v2\/media?parent=2604512"}],"wp:term":[{"taxonomy":"product_brand","embeddable":true,"href":"https:\/\/dermanence.com\/fr\/wp-json\/wp\/v2\/product_brand?post=2604512"},{"taxonomy":"product_cat","embeddable":true,"href":"https:\/\/dermanence.com\/fr\/wp-json\/wp\/v2\/product_cat?post=2604512"},{"taxonomy":"product_tag","embeddable":true,"href":"https:\/\/dermanence.com\/fr\/wp-json\/wp\/v2\/product_tag?post=2604512"}],"curies":[{"name":"wp","href":"https:\/\/api.w.org\/{rel}","templated":true}]}}