{"id":2600053,"date":"2022-10-19T17:16:25","date_gmt":"2022-10-19T15:16:25","guid":{"rendered":"https:\/\/dermanence.com\/?post_type=product&#038;p=2600053"},"modified":"2022-10-19T17:16:25","modified_gmt":"2022-10-19T15:16:25","slug":"lifting-derma-flavon-phyto-balm","status":"publish","type":"product","link":"https:\/\/dermanence.com\/fr\/produit\/lifting-derma-flavon-phyto-balm\/","title":{"rendered":"Lifting Derma Flavon Phyto Balm"},"content":{"rendered":"","protected":false},"excerpt":{"rendered":"<p>Pflanzliche \u00d6le und Hyaluron sorgen f\u00fcr viel Feuchtigkeit und sch\u00fctzen die Haut vor Wasserverlust. Inulin und Ectoin unterst\u00fctzen die nat\u00fcrliche Hautbarriere und das Feuchthaltesystem der Haut. Der Balsam mildert die Auswirkung vorzeitiger Hautalterung und ist geeignet f\u00fcr die Pflege von anspruchvoller, normaler Haut bis zur leichten Mischhaut.<\/p>\n<p>F\u00fcllmenge: 50 ml<\/p>\n","protected":false},"featured_media":0,"comment_status":"open","ping_status":"closed","template":"","meta":[],"product_brand":[],"product_cat":[167,25,225,206,203],"product_tag":[],"class_list":{"0":"post-2600053","1":"product","2":"type-product","3":"status-publish","5":"product_cat-anti-aging","6":"product_cat-gesichtspflege","7":"product_cat-hyaluronsaeure","8":"product_cat-mischhaut","9":"product_cat-normale-haut","11":"first","12":"instock","13":"taxable","14":"shipping-taxable","15":"purchasable","16":"product-type-simple"},"gallery_images":[],"yoast_head":"<!-- This site is optimized with the Yoast SEO plugin v25.9 - https:\/\/yoast.com\/wordpress\/plugins\/seo\/ -->\n<title>Lifting Derma Flavon Phyto Balm - Dermanence Shop<\/title>\n<meta name=\"robots\" content=\"index, follow, max-snippet:-1, max-image-preview:large, max-video-preview:-1\" \/>\n<link rel=\"canonical\" href=\"https:\/\/dermanence.com\/produkt\/lifting-derma-flavon-phyto-balm\/\" \/>\n<meta property=\"og:locale\" content=\"fr_FR\" \/>\n<meta property=\"og:type\" content=\"article\" \/>\n<meta property=\"og:title\" content=\"Lifting Derma Flavon Phyto Balm - Dermanence Shop\" \/>\n<meta property=\"og:description\" content=\"Pflanzliche \u00d6le und Hyaluron sorgen f\u00fcr viel Feuchtigkeit und sch\u00fctzen die Haut vor Wasserverlust. Inulin und Ectoin unterst\u00fctzen die nat\u00fcrliche Hautbarriere und das Feuchthaltesystem der Haut. Der Balsam mildert die Auswirkung vorzeitiger Hautalterung und ist geeignet f\u00fcr die Pflege von anspruchvoller, normaler Haut bis zur leichten Mischhaut.  F\u00fcllmenge: 50 ml\" \/>\n<meta property=\"og:url\" content=\"https:\/\/dermanence.com\/produkt\/lifting-derma-flavon-phyto-balm\/\" \/>\n<meta property=\"og:site_name\" content=\"Dermanence Shop\" \/>\n<meta name=\"twitter:card\" content=\"summary_large_image\" \/>\n<script type=\"application\/ld+json\" class=\"yoast-schema-graph\">{\"@context\":\"https:\/\/schema.org\",\"@graph\":[{\"@type\":\"WebPage\",\"@id\":\"https:\/\/dermanence.com\/produkt\/lifting-derma-flavon-phyto-balm\/\",\"url\":\"https:\/\/dermanence.com\/produkt\/lifting-derma-flavon-phyto-balm\/\",\"name\":\"Lifting Derma Flavon Phyto Balm - Dermanence Shop\",\"isPartOf\":{\"@id\":\"https:\/\/dermanence.com\/#website\"},\"datePublished\":\"2022-10-19T15:16:25+00:00\",\"breadcrumb\":{\"@id\":\"https:\/\/dermanence.com\/produkt\/lifting-derma-flavon-phyto-balm\/#breadcrumb\"},\"inLanguage\":\"fr-FR\",\"potentialAction\":[{\"@type\":\"ReadAction\",\"target\":[\"https:\/\/dermanence.com\/produkt\/lifting-derma-flavon-phyto-balm\/\"]}]},{\"@type\":\"BreadcrumbList\",\"@id\":\"https:\/\/dermanence.com\/produkt\/lifting-derma-flavon-phyto-balm\/#breadcrumb\",\"itemListElement\":[{\"@type\":\"ListItem\",\"position\":1,\"name\":\"Home\",\"item\":\"https:\/\/dermanence.com\/fr\/\"},{\"@type\":\"ListItem\",\"position\":2,\"name\":\"Boutique\",\"item\":\"https:\/\/dermanence.com\/fr\/shop\/\"},{\"@type\":\"ListItem\",\"position\":3,\"name\":\"Lifting Derma Flavon Phyto Balm\"}]},{\"@type\":\"WebSite\",\"@id\":\"https:\/\/dermanence.com\/#website\",\"url\":\"https:\/\/dermanence.com\/\",\"name\":\"Dermanence Shop\",\"description\":\" Votre salon de beaut\u00e9 avec sa propre clinique dermatologique\",\"potentialAction\":[{\"@type\":\"SearchAction\",\"target\":{\"@type\":\"EntryPoint\",\"urlTemplate\":\"https:\/\/dermanence.com\/?s={search_term_string}\"},\"query-input\":{\"@type\":\"PropertyValueSpecification\",\"valueRequired\":true,\"valueName\":\"search_term_string\"}}],\"inLanguage\":\"fr-FR\"}]}<\/script>\n<!-- \/ Yoast SEO plugin. -->","yoast_head_json":{"title":"Lifting Derma Flavon Phyto Balm - Dermanence Shop","robots":{"index":"index","follow":"follow","max-snippet":"max-snippet:-1","max-image-preview":"max-image-preview:large","max-video-preview":"max-video-preview:-1"},"canonical":"https:\/\/dermanence.com\/produkt\/lifting-derma-flavon-phyto-balm\/","og_locale":"fr_FR","og_type":"article","og_title":"Lifting Derma Flavon Phyto Balm - Dermanence Shop","og_description":"Pflanzliche \u00d6le und Hyaluron sorgen f\u00fcr viel Feuchtigkeit und sch\u00fctzen die Haut vor Wasserverlust. Inulin und Ectoin unterst\u00fctzen die nat\u00fcrliche Hautbarriere und das Feuchthaltesystem der Haut. Der Balsam mildert die Auswirkung vorzeitiger Hautalterung und ist geeignet f\u00fcr die Pflege von anspruchvoller, normaler Haut bis zur leichten Mischhaut.  F\u00fcllmenge: 50 ml","og_url":"https:\/\/dermanence.com\/produkt\/lifting-derma-flavon-phyto-balm\/","og_site_name":"Dermanence Shop","twitter_card":"summary_large_image","schema":{"@context":"https:\/\/schema.org","@graph":[{"@type":"WebPage","@id":"https:\/\/dermanence.com\/produkt\/lifting-derma-flavon-phyto-balm\/","url":"https:\/\/dermanence.com\/produkt\/lifting-derma-flavon-phyto-balm\/","name":"Lifting Derma Flavon Phyto Balm - Dermanence Shop","isPartOf":{"@id":"https:\/\/dermanence.com\/#website"},"datePublished":"2022-10-19T15:16:25+00:00","breadcrumb":{"@id":"https:\/\/dermanence.com\/produkt\/lifting-derma-flavon-phyto-balm\/#breadcrumb"},"inLanguage":"fr-FR","potentialAction":[{"@type":"ReadAction","target":["https:\/\/dermanence.com\/produkt\/lifting-derma-flavon-phyto-balm\/"]}]},{"@type":"BreadcrumbList","@id":"https:\/\/dermanence.com\/produkt\/lifting-derma-flavon-phyto-balm\/#breadcrumb","itemListElement":[{"@type":"ListItem","position":1,"name":"Home","item":"https:\/\/dermanence.com\/fr\/"},{"@type":"ListItem","position":2,"name":"Boutique","item":"https:\/\/dermanence.com\/fr\/shop\/"},{"@type":"ListItem","position":3,"name":"Lifting Derma Flavon Phyto Balm"}]},{"@type":"WebSite","@id":"https:\/\/dermanence.com\/#website","url":"https:\/\/dermanence.com\/","name":"Dermanence Shop","description":" Votre salon de beaut\u00e9 avec sa propre clinique dermatologique","potentialAction":[{"@type":"SearchAction","target":{"@type":"EntryPoint","urlTemplate":"https:\/\/dermanence.com\/?s={search_term_string}"},"query-input":{"@type":"PropertyValueSpecification","valueRequired":true,"valueName":"search_term_string"}}],"inLanguage":"fr-FR"}]}},"_links":{"self":[{"href":"https:\/\/dermanence.com\/fr\/wp-json\/wp\/v2\/product\/2600053","targetHints":{"allow":["GET"]}}],"collection":[{"href":"https:\/\/dermanence.com\/fr\/wp-json\/wp\/v2\/product"}],"about":[{"href":"https:\/\/dermanence.com\/fr\/wp-json\/wp\/v2\/types\/product"}],"replies":[{"embeddable":true,"href":"https:\/\/dermanence.com\/fr\/wp-json\/wp\/v2\/comments?post=2600053"}],"wp:attachment":[{"href":"https:\/\/dermanence.com\/fr\/wp-json\/wp\/v2\/media?parent=2600053"}],"wp:term":[{"taxonomy":"product_brand","embeddable":true,"href":"https:\/\/dermanence.com\/fr\/wp-json\/wp\/v2\/product_brand?post=2600053"},{"taxonomy":"product_cat","embeddable":true,"href":"https:\/\/dermanence.com\/fr\/wp-json\/wp\/v2\/product_cat?post=2600053"},{"taxonomy":"product_tag","embeddable":true,"href":"https:\/\/dermanence.com\/fr\/wp-json\/wp\/v2\/product_tag?post=2600053"}],"curies":[{"name":"wp","href":"https:\/\/api.w.org\/{rel}","templated":true}]}}