{"id":2599430,"date":"2022-09-28T12:50:22","date_gmt":"2022-09-28T10:50:22","guid":{"rendered":"https:\/\/dermanence.com\/?post_type=product&#038;p=2599430"},"modified":"2025-10-29T15:47:33","modified_gmt":"2025-10-29T14:47:33","slug":"ultra-light-super-antioxidant-concentrate-serum","status":"publish","type":"product","link":"https:\/\/dermanence.com\/fr\/produit\/ultra-light-super-antioxidant-concentrate-serum\/","title":{"rendered":"Resist Ultra-Light Super Antioxidant Concentrate Serum"},"content":{"rendered":"","protected":false},"excerpt":{"rendered":"<p><strong>Rote Flecken nach Unreinheiten verblassen nur mit den richtigen Inhaltsstoffen<\/strong>.<\/p>\n<p>Dieses ultraleichte Hyaluron-Serum ist ideal f\u00fcr fettige und Mischhaut geeignet und reich an hochwirksamen Antioxidantien sowie hautregenerierenden Inhaltsstoffen, die helfen, Zeichen der Hautalterung vorzubeugen. Fettige Haut wird ausgeglichen, Poren werden verfeinert und die Haut sieht wieder glatt und ebenm\u00e4ssig aus.<\/p>\n<ul class=\"p-summary__list\">\n<li>F\u00fcr Misch- und fettige Haut<\/li>\n<li>Porenverfeinernd<\/li>\n<li>Mit Hyalurons\u00e4ure<\/li>\n<li>Reduziert Hautunreinheiten<\/li>\n<li>Bek\u00e4mpft Zeichen von Hautalterung<\/li>\n<li>Leichte Textur<\/li>\n<\/ul>\n<p>F\u00fcllmenge: 30 ml<\/p>\n","protected":false},"featured_media":2625631,"comment_status":"open","ping_status":"closed","template":"","meta":[],"product_brand":[1020],"product_cat":[162,167,414,170,171,205,25,206,219],"product_tag":[],"class_list":{"0":"post-2599430","1":"product","2":"type-product","3":"status-publish","4":"has-post-thumbnail","6":"product_brand-paulas-choice","7":"product_cat-akne-unreinheiten","8":"product_cat-anti-aging","9":"product_cat-antioxidantien","10":"product_cat-erweiterte-poren","11":"product_cat-faltenglaettung","12":"product_cat-fettige-haut","13":"product_cat-gesichtspflege","14":"product_cat-mischhaut","15":"product_cat-serum","17":"first","18":"instock","19":"taxable","20":"shipping-taxable","21":"purchasable","22":"product-type-simple"},"gallery_images":[],"yoast_head":"<!-- This site is optimized with the Yoast SEO plugin v25.9 - https:\/\/yoast.com\/wordpress\/plugins\/seo\/ -->\n<title>Resist Ultra-Light Super Antioxidant Concentrate Serum - Dermanence Shop<\/title>\n<meta name=\"robots\" content=\"index, follow, max-snippet:-1, max-image-preview:large, max-video-preview:-1\" \/>\n<link rel=\"canonical\" href=\"https:\/\/dermanence.com\/produkt\/ultra-light-super-antioxidant-concentrate-serum\/\" \/>\n<meta property=\"og:locale\" content=\"fr_FR\" \/>\n<meta property=\"og:type\" content=\"article\" \/>\n<meta property=\"og:title\" content=\"Resist Ultra-Light Super Antioxidant Concentrate Serum - Dermanence Shop\" \/>\n<meta property=\"og:description\" content=\"Rote Flecken nach Unreinheiten verblassen nur mit den richtigen Inhaltsstoffen.  Dieses ultraleichte Hyaluron-Serum ist ideal f\u00fcr fettige und Mischhaut geeignet und reich an hochwirksamen Antioxidantien sowie hautregenerierenden Inhaltsstoffen, die helfen, Zeichen der Hautalterung vorzubeugen. Fettige Haut wird ausgeglichen, Poren werden verfeinert und die Haut sieht wieder glatt und ebenm\u00e4ssig aus.   F\u00fcr Misch- und fettige Haut  Porenverfeinernd  Mit Hyalurons\u00e4ure  Reduziert Hautunreinheiten  Bek\u00e4mpft Zeichen von Hautalterung  Leichte Textur  F\u00fcllmenge: 30 ml\" \/>\n<meta property=\"og:url\" content=\"https:\/\/dermanence.com\/produkt\/ultra-light-super-antioxidant-concentrate-serum\/\" \/>\n<meta property=\"og:site_name\" content=\"Dermanence Shop\" \/>\n<meta property=\"article:modified_time\" content=\"2025-10-29T14:47:33+00:00\" \/>\n<meta property=\"og:image\" content=\"https:\/\/dermanence.com\/wp-content\/uploads\/2022\/09\/paulas-choice-resist-anti-aging-ultra-light-antioxidant-serum-158817-de.jpg\" \/>\n\t<meta property=\"og:image:width\" content=\"2000\" \/>\n\t<meta property=\"og:image:height\" content=\"1163\" \/>\n\t<meta property=\"og:image:type\" content=\"image\/jpeg\" \/>\n<meta name=\"twitter:card\" content=\"summary_large_image\" \/>\n<meta name=\"twitter:label1\" content=\"Dur\u00e9e de lecture estim\u00e9e\" \/>\n\t<meta name=\"twitter:data1\" content=\"1 minute\" \/>\n<script type=\"application\/ld+json\" class=\"yoast-schema-graph\">{\"@context\":\"https:\/\/schema.org\",\"@graph\":[{\"@type\":\"WebPage\",\"@id\":\"https:\/\/dermanence.com\/produkt\/ultra-light-super-antioxidant-concentrate-serum\/\",\"url\":\"https:\/\/dermanence.com\/produkt\/ultra-light-super-antioxidant-concentrate-serum\/\",\"name\":\"Resist Ultra-Light Super Antioxidant Concentrate Serum - Dermanence Shop\",\"isPartOf\":{\"@id\":\"https:\/\/dermanence.com\/#website\"},\"primaryImageOfPage\":{\"@id\":\"https:\/\/dermanence.com\/produkt\/ultra-light-super-antioxidant-concentrate-serum\/#primaryimage\"},\"image\":{\"@id\":\"https:\/\/dermanence.com\/produkt\/ultra-light-super-antioxidant-concentrate-serum\/#primaryimage\"},\"thumbnailUrl\":\"https:\/\/dermanence.com\/wp-content\/uploads\/2022\/09\/paulas-choice-resist-anti-aging-ultra-light-antioxidant-serum-158817-de.jpg\",\"datePublished\":\"2022-09-28T10:50:22+00:00\",\"dateModified\":\"2025-10-29T14:47:33+00:00\",\"breadcrumb\":{\"@id\":\"https:\/\/dermanence.com\/produkt\/ultra-light-super-antioxidant-concentrate-serum\/#breadcrumb\"},\"inLanguage\":\"fr-FR\",\"potentialAction\":[{\"@type\":\"ReadAction\",\"target\":[\"https:\/\/dermanence.com\/produkt\/ultra-light-super-antioxidant-concentrate-serum\/\"]}]},{\"@type\":\"ImageObject\",\"inLanguage\":\"fr-FR\",\"@id\":\"https:\/\/dermanence.com\/produkt\/ultra-light-super-antioxidant-concentrate-serum\/#primaryimage\",\"url\":\"https:\/\/dermanence.com\/wp-content\/uploads\/2022\/09\/paulas-choice-resist-anti-aging-ultra-light-antioxidant-serum-158817-de.jpg\",\"contentUrl\":\"https:\/\/dermanence.com\/wp-content\/uploads\/2022\/09\/paulas-choice-resist-anti-aging-ultra-light-antioxidant-serum-158817-de.jpg\",\"width\":2000,\"height\":1163},{\"@type\":\"BreadcrumbList\",\"@id\":\"https:\/\/dermanence.com\/produkt\/ultra-light-super-antioxidant-concentrate-serum\/#breadcrumb\",\"itemListElement\":[{\"@type\":\"ListItem\",\"position\":1,\"name\":\"Home\",\"item\":\"https:\/\/dermanence.com\/fr\/\"},{\"@type\":\"ListItem\",\"position\":2,\"name\":\"Boutique\",\"item\":\"https:\/\/dermanence.com\/fr\/shop\/\"},{\"@type\":\"ListItem\",\"position\":3,\"name\":\"Resist Ultra-Light Super Antioxidant Concentrate Serum\"}]},{\"@type\":\"WebSite\",\"@id\":\"https:\/\/dermanence.com\/#website\",\"url\":\"https:\/\/dermanence.com\/\",\"name\":\"Dermanence Shop\",\"description\":\" Votre salon de beaut\u00e9 avec sa propre clinique dermatologique\",\"potentialAction\":[{\"@type\":\"SearchAction\",\"target\":{\"@type\":\"EntryPoint\",\"urlTemplate\":\"https:\/\/dermanence.com\/?s={search_term_string}\"},\"query-input\":{\"@type\":\"PropertyValueSpecification\",\"valueRequired\":true,\"valueName\":\"search_term_string\"}}],\"inLanguage\":\"fr-FR\"}]}<\/script>\n<!-- \/ Yoast SEO plugin. -->","yoast_head_json":{"title":"Resist Ultra-Light Super Antioxidant Concentrate Serum - Dermanence Shop","robots":{"index":"index","follow":"follow","max-snippet":"max-snippet:-1","max-image-preview":"max-image-preview:large","max-video-preview":"max-video-preview:-1"},"canonical":"https:\/\/dermanence.com\/produkt\/ultra-light-super-antioxidant-concentrate-serum\/","og_locale":"fr_FR","og_type":"article","og_title":"Resist Ultra-Light Super Antioxidant Concentrate Serum - Dermanence Shop","og_description":"Rote Flecken nach Unreinheiten verblassen nur mit den richtigen Inhaltsstoffen.  Dieses ultraleichte Hyaluron-Serum ist ideal f\u00fcr fettige und Mischhaut geeignet und reich an hochwirksamen Antioxidantien sowie hautregenerierenden Inhaltsstoffen, die helfen, Zeichen der Hautalterung vorzubeugen. Fettige Haut wird ausgeglichen, Poren werden verfeinert und die Haut sieht wieder glatt und ebenm\u00e4ssig aus.   F\u00fcr Misch- und fettige Haut  Porenverfeinernd  Mit Hyalurons\u00e4ure  Reduziert Hautunreinheiten  Bek\u00e4mpft Zeichen von Hautalterung  Leichte Textur  F\u00fcllmenge: 30 ml","og_url":"https:\/\/dermanence.com\/produkt\/ultra-light-super-antioxidant-concentrate-serum\/","og_site_name":"Dermanence Shop","article_modified_time":"2025-10-29T14:47:33+00:00","og_image":[{"width":2000,"height":1163,"url":"https:\/\/dermanence.com\/wp-content\/uploads\/2022\/09\/paulas-choice-resist-anti-aging-ultra-light-antioxidant-serum-158817-de.jpg","type":"image\/jpeg"}],"twitter_card":"summary_large_image","twitter_misc":{"Dur\u00e9e de lecture estim\u00e9e":"1 minute"},"schema":{"@context":"https:\/\/schema.org","@graph":[{"@type":"WebPage","@id":"https:\/\/dermanence.com\/produkt\/ultra-light-super-antioxidant-concentrate-serum\/","url":"https:\/\/dermanence.com\/produkt\/ultra-light-super-antioxidant-concentrate-serum\/","name":"Resist Ultra-Light Super Antioxidant Concentrate Serum - Dermanence Shop","isPartOf":{"@id":"https:\/\/dermanence.com\/#website"},"primaryImageOfPage":{"@id":"https:\/\/dermanence.com\/produkt\/ultra-light-super-antioxidant-concentrate-serum\/#primaryimage"},"image":{"@id":"https:\/\/dermanence.com\/produkt\/ultra-light-super-antioxidant-concentrate-serum\/#primaryimage"},"thumbnailUrl":"https:\/\/dermanence.com\/wp-content\/uploads\/2022\/09\/paulas-choice-resist-anti-aging-ultra-light-antioxidant-serum-158817-de.jpg","datePublished":"2022-09-28T10:50:22+00:00","dateModified":"2025-10-29T14:47:33+00:00","breadcrumb":{"@id":"https:\/\/dermanence.com\/produkt\/ultra-light-super-antioxidant-concentrate-serum\/#breadcrumb"},"inLanguage":"fr-FR","potentialAction":[{"@type":"ReadAction","target":["https:\/\/dermanence.com\/produkt\/ultra-light-super-antioxidant-concentrate-serum\/"]}]},{"@type":"ImageObject","inLanguage":"fr-FR","@id":"https:\/\/dermanence.com\/produkt\/ultra-light-super-antioxidant-concentrate-serum\/#primaryimage","url":"https:\/\/dermanence.com\/wp-content\/uploads\/2022\/09\/paulas-choice-resist-anti-aging-ultra-light-antioxidant-serum-158817-de.jpg","contentUrl":"https:\/\/dermanence.com\/wp-content\/uploads\/2022\/09\/paulas-choice-resist-anti-aging-ultra-light-antioxidant-serum-158817-de.jpg","width":2000,"height":1163},{"@type":"BreadcrumbList","@id":"https:\/\/dermanence.com\/produkt\/ultra-light-super-antioxidant-concentrate-serum\/#breadcrumb","itemListElement":[{"@type":"ListItem","position":1,"name":"Home","item":"https:\/\/dermanence.com\/fr\/"},{"@type":"ListItem","position":2,"name":"Boutique","item":"https:\/\/dermanence.com\/fr\/shop\/"},{"@type":"ListItem","position":3,"name":"Resist Ultra-Light Super Antioxidant Concentrate Serum"}]},{"@type":"WebSite","@id":"https:\/\/dermanence.com\/#website","url":"https:\/\/dermanence.com\/","name":"Dermanence Shop","description":" Votre salon de beaut\u00e9 avec sa propre clinique dermatologique","potentialAction":[{"@type":"SearchAction","target":{"@type":"EntryPoint","urlTemplate":"https:\/\/dermanence.com\/?s={search_term_string}"},"query-input":{"@type":"PropertyValueSpecification","valueRequired":true,"valueName":"search_term_string"}}],"inLanguage":"fr-FR"}]}},"_links":{"self":[{"href":"https:\/\/dermanence.com\/fr\/wp-json\/wp\/v2\/product\/2599430","targetHints":{"allow":["GET"]}}],"collection":[{"href":"https:\/\/dermanence.com\/fr\/wp-json\/wp\/v2\/product"}],"about":[{"href":"https:\/\/dermanence.com\/fr\/wp-json\/wp\/v2\/types\/product"}],"replies":[{"embeddable":true,"href":"https:\/\/dermanence.com\/fr\/wp-json\/wp\/v2\/comments?post=2599430"}],"wp:featuredmedia":[{"embeddable":true,"href":"https:\/\/dermanence.com\/fr\/wp-json\/wp\/v2\/media\/2625631"}],"wp:attachment":[{"href":"https:\/\/dermanence.com\/fr\/wp-json\/wp\/v2\/media?parent=2599430"}],"wp:term":[{"taxonomy":"product_brand","embeddable":true,"href":"https:\/\/dermanence.com\/fr\/wp-json\/wp\/v2\/product_brand?post=2599430"},{"taxonomy":"product_cat","embeddable":true,"href":"https:\/\/dermanence.com\/fr\/wp-json\/wp\/v2\/product_cat?post=2599430"},{"taxonomy":"product_tag","embeddable":true,"href":"https:\/\/dermanence.com\/fr\/wp-json\/wp\/v2\/product_tag?post=2599430"}],"curies":[{"name":"wp","href":"https:\/\/api.w.org\/{rel}","templated":true}]}}