{"id":2589039,"date":"2021-08-25T12:50:05","date_gmt":"2021-08-25T10:50:05","guid":{"rendered":"https:\/\/dermanence.com\/produkt\/marc-inbane-glove-exfoliating-mitt\/"},"modified":"2025-04-06T15:30:31","modified_gmt":"2025-04-06T13:30:31","slug":"exfoliating-mitt-peelinghandschuh","status":"publish","type":"product","link":"https:\/\/dermanence.com\/fr\/produit\/exfoliating-mitt-peelinghandschuh\/","title":{"rendered":"Exfoliating Mitt &#8211; Peelinghandschuh"},"content":{"rendered":"","protected":false},"excerpt":{"rendered":"<p>Dieser innovative Peeling-Handschuh ist mit Aktivkohle angereichert, die f\u00fcr ihre tiefreinigende Wirkung bekannt ist. Der doppelseitige Handschuh bietet ein perfekt integriertes K\u00f6rperpeeling. Eine Seite mit einer fein raffinierten Kornstruktur und die andere Seite mit einer gr\u00f6beren.<\/p>\n<p>Verwenden Sie den Peeling-Handschuh, um abgestorbene Hautzellen einschlie\u00dflich \u00fcbersch\u00fcssiger R\u00fcckst\u00e4nde vom Selbstbr\u00e4uner zu entfernen, die Durchblutung zu stimulieren und Ihre Haut frisch sowie strahlend zu erhalten.<\/p>\n<p>Ein Peeling vor dem Br\u00e4unen sorgt f\u00fcr eine l\u00e4nger anhaltende Br\u00e4une!<\/p>\n<p>Tipp: Durch regelm\u00e4ssiges Peeling der Haut, 2 bis 3 Mal pro Woche, entfernen Sie abgestorbene Hautsch\u00fcppchen, damit diese die Poren\u00f6ffnungen nicht verstopfen k\u00f6nnen &amp; Sie beugen eingewachsenen Haaren vor.<\/p>\n","protected":false},"featured_media":2589126,"comment_status":"open","ping_status":"closed","template":"","meta":[],"product_brand":[982],"product_cat":[28,368,293,33],"product_tag":[],"class_list":{"0":"post-2589039","1":"product","2":"type-product","3":"status-publish","4":"has-post-thumbnail","6":"product_brand-marc-inbane","7":"product_cat-koerperpflege","8":"product_cat-online-only","9":"product_cat-peeling-exfoliator-koerperpflege","10":"product_cat-tools-brushes","12":"first","13":"instock","14":"taxable","15":"shipping-taxable","16":"purchasable","17":"product-type-simple"},"gallery_images":[2589132,2589130],"yoast_head":"<!-- This site is optimized with the Yoast SEO plugin v25.9 - https:\/\/yoast.com\/wordpress\/plugins\/seo\/ -->\n<title>Exfoliating Mitt - Peelinghandschuh - Dermanence Shop<\/title>\n<meta name=\"robots\" content=\"index, follow, max-snippet:-1, max-image-preview:large, max-video-preview:-1\" \/>\n<link rel=\"canonical\" href=\"https:\/\/dermanence.com\/produkt\/exfoliating-mitt-peelinghandschuh\/\" \/>\n<meta property=\"og:locale\" content=\"fr_FR\" \/>\n<meta property=\"og:type\" content=\"article\" \/>\n<meta property=\"og:title\" content=\"Exfoliating Mitt - Peelinghandschuh - Dermanence Shop\" \/>\n<meta property=\"og:description\" content=\"Dieser innovative Peeling-Handschuh ist mit Aktivkohle angereichert, die f\u00fcr ihre tiefreinigende Wirkung bekannt ist. Der doppelseitige Handschuh bietet ein perfekt integriertes K\u00f6rperpeeling. Eine Seite mit einer fein raffinierten Kornstruktur und die andere Seite mit einer gr\u00f6beren.  Verwenden Sie den Peeling-Handschuh, um abgestorbene Hautzellen einschlie\u00dflich \u00fcbersch\u00fcssiger R\u00fcckst\u00e4nde vom Selbstbr\u00e4uner zu entfernen, die Durchblutung zu stimulieren und Ihre Haut frisch sowie strahlend zu erhalten.  Ein Peeling vor dem Br\u00e4unen sorgt f\u00fcr eine l\u00e4nger anhaltende Br\u00e4une!  Tipp: Durch regelm\u00e4ssiges Peeling der Haut, 2 bis 3 Mal pro Woche, entfernen Sie abgestorbene Hautsch\u00fcppchen, damit diese die Poren\u00f6ffnungen nicht verstopfen k\u00f6nnen &amp; Sie beugen eingewachsenen Haaren vor.\" \/>\n<meta property=\"og:url\" content=\"https:\/\/dermanence.com\/produkt\/exfoliating-mitt-peelinghandschuh\/\" \/>\n<meta property=\"og:site_name\" content=\"Dermanence Shop\" \/>\n<meta property=\"article:modified_time\" content=\"2025-04-06T13:30:31+00:00\" \/>\n<meta property=\"og:image\" content=\"https:\/\/dermanence.com\/wp-content\/uploads\/2021\/08\/marc_inbane-exfoliating_mitt_peeling_handschuh.jpeg\" \/>\n\t<meta property=\"og:image:width\" content=\"1000\" \/>\n\t<meta property=\"og:image:height\" content=\"1000\" \/>\n\t<meta property=\"og:image:type\" content=\"image\/jpeg\" \/>\n<meta name=\"twitter:card\" content=\"summary_large_image\" \/>\n<script type=\"application\/ld+json\" class=\"yoast-schema-graph\">{\"@context\":\"https:\/\/schema.org\",\"@graph\":[{\"@type\":\"WebPage\",\"@id\":\"https:\/\/dermanence.com\/produkt\/exfoliating-mitt-peelinghandschuh\/\",\"url\":\"https:\/\/dermanence.com\/produkt\/exfoliating-mitt-peelinghandschuh\/\",\"name\":\"Exfoliating Mitt - Peelinghandschuh - Dermanence Shop\",\"isPartOf\":{\"@id\":\"https:\/\/dermanence.com\/#website\"},\"primaryImageOfPage\":{\"@id\":\"https:\/\/dermanence.com\/produkt\/exfoliating-mitt-peelinghandschuh\/#primaryimage\"},\"image\":{\"@id\":\"https:\/\/dermanence.com\/produkt\/exfoliating-mitt-peelinghandschuh\/#primaryimage\"},\"thumbnailUrl\":\"https:\/\/dermanence.com\/wp-content\/uploads\/2021\/08\/marc_inbane-exfoliating_mitt_peeling_handschuh.jpeg\",\"datePublished\":\"2021-08-25T10:50:05+00:00\",\"dateModified\":\"2025-04-06T13:30:31+00:00\",\"breadcrumb\":{\"@id\":\"https:\/\/dermanence.com\/produkt\/exfoliating-mitt-peelinghandschuh\/#breadcrumb\"},\"inLanguage\":\"fr-FR\",\"potentialAction\":[{\"@type\":\"ReadAction\",\"target\":[\"https:\/\/dermanence.com\/produkt\/exfoliating-mitt-peelinghandschuh\/\"]}]},{\"@type\":\"ImageObject\",\"inLanguage\":\"fr-FR\",\"@id\":\"https:\/\/dermanence.com\/produkt\/exfoliating-mitt-peelinghandschuh\/#primaryimage\",\"url\":\"https:\/\/dermanence.com\/wp-content\/uploads\/2021\/08\/marc_inbane-exfoliating_mitt_peeling_handschuh.jpeg\",\"contentUrl\":\"https:\/\/dermanence.com\/wp-content\/uploads\/2021\/08\/marc_inbane-exfoliating_mitt_peeling_handschuh.jpeg\",\"width\":1000,\"height\":1000},{\"@type\":\"BreadcrumbList\",\"@id\":\"https:\/\/dermanence.com\/produkt\/exfoliating-mitt-peelinghandschuh\/#breadcrumb\",\"itemListElement\":[{\"@type\":\"ListItem\",\"position\":1,\"name\":\"Home\",\"item\":\"https:\/\/dermanence.com\/fr\/\"},{\"@type\":\"ListItem\",\"position\":2,\"name\":\"Boutique\",\"item\":\"https:\/\/dermanence.com\/fr\/shop\/\"},{\"@type\":\"ListItem\",\"position\":3,\"name\":\"Exfoliating Mitt &#8211; Peelinghandschuh\"}]},{\"@type\":\"WebSite\",\"@id\":\"https:\/\/dermanence.com\/#website\",\"url\":\"https:\/\/dermanence.com\/\",\"name\":\"Dermanence Shop\",\"description\":\" Votre salon de beaut\u00e9 avec sa propre clinique dermatologique\",\"potentialAction\":[{\"@type\":\"SearchAction\",\"target\":{\"@type\":\"EntryPoint\",\"urlTemplate\":\"https:\/\/dermanence.com\/?s={search_term_string}\"},\"query-input\":{\"@type\":\"PropertyValueSpecification\",\"valueRequired\":true,\"valueName\":\"search_term_string\"}}],\"inLanguage\":\"fr-FR\"}]}<\/script>\n<!-- \/ Yoast SEO plugin. -->","yoast_head_json":{"title":"Exfoliating Mitt - Peelinghandschuh - Dermanence Shop","robots":{"index":"index","follow":"follow","max-snippet":"max-snippet:-1","max-image-preview":"max-image-preview:large","max-video-preview":"max-video-preview:-1"},"canonical":"https:\/\/dermanence.com\/produkt\/exfoliating-mitt-peelinghandschuh\/","og_locale":"fr_FR","og_type":"article","og_title":"Exfoliating Mitt - Peelinghandschuh - Dermanence Shop","og_description":"Dieser innovative Peeling-Handschuh ist mit Aktivkohle angereichert, die f\u00fcr ihre tiefreinigende Wirkung bekannt ist. Der doppelseitige Handschuh bietet ein perfekt integriertes K\u00f6rperpeeling. Eine Seite mit einer fein raffinierten Kornstruktur und die andere Seite mit einer gr\u00f6beren.  Verwenden Sie den Peeling-Handschuh, um abgestorbene Hautzellen einschlie\u00dflich \u00fcbersch\u00fcssiger R\u00fcckst\u00e4nde vom Selbstbr\u00e4uner zu entfernen, die Durchblutung zu stimulieren und Ihre Haut frisch sowie strahlend zu erhalten.  Ein Peeling vor dem Br\u00e4unen sorgt f\u00fcr eine l\u00e4nger anhaltende Br\u00e4une!  Tipp: Durch regelm\u00e4ssiges Peeling der Haut, 2 bis 3 Mal pro Woche, entfernen Sie abgestorbene Hautsch\u00fcppchen, damit diese die Poren\u00f6ffnungen nicht verstopfen k\u00f6nnen &amp; Sie beugen eingewachsenen Haaren vor.","og_url":"https:\/\/dermanence.com\/produkt\/exfoliating-mitt-peelinghandschuh\/","og_site_name":"Dermanence Shop","article_modified_time":"2025-04-06T13:30:31+00:00","og_image":[{"width":1000,"height":1000,"url":"https:\/\/dermanence.com\/wp-content\/uploads\/2021\/08\/marc_inbane-exfoliating_mitt_peeling_handschuh.jpeg","type":"image\/jpeg"}],"twitter_card":"summary_large_image","schema":{"@context":"https:\/\/schema.org","@graph":[{"@type":"WebPage","@id":"https:\/\/dermanence.com\/produkt\/exfoliating-mitt-peelinghandschuh\/","url":"https:\/\/dermanence.com\/produkt\/exfoliating-mitt-peelinghandschuh\/","name":"Exfoliating Mitt - Peelinghandschuh - Dermanence Shop","isPartOf":{"@id":"https:\/\/dermanence.com\/#website"},"primaryImageOfPage":{"@id":"https:\/\/dermanence.com\/produkt\/exfoliating-mitt-peelinghandschuh\/#primaryimage"},"image":{"@id":"https:\/\/dermanence.com\/produkt\/exfoliating-mitt-peelinghandschuh\/#primaryimage"},"thumbnailUrl":"https:\/\/dermanence.com\/wp-content\/uploads\/2021\/08\/marc_inbane-exfoliating_mitt_peeling_handschuh.jpeg","datePublished":"2021-08-25T10:50:05+00:00","dateModified":"2025-04-06T13:30:31+00:00","breadcrumb":{"@id":"https:\/\/dermanence.com\/produkt\/exfoliating-mitt-peelinghandschuh\/#breadcrumb"},"inLanguage":"fr-FR","potentialAction":[{"@type":"ReadAction","target":["https:\/\/dermanence.com\/produkt\/exfoliating-mitt-peelinghandschuh\/"]}]},{"@type":"ImageObject","inLanguage":"fr-FR","@id":"https:\/\/dermanence.com\/produkt\/exfoliating-mitt-peelinghandschuh\/#primaryimage","url":"https:\/\/dermanence.com\/wp-content\/uploads\/2021\/08\/marc_inbane-exfoliating_mitt_peeling_handschuh.jpeg","contentUrl":"https:\/\/dermanence.com\/wp-content\/uploads\/2021\/08\/marc_inbane-exfoliating_mitt_peeling_handschuh.jpeg","width":1000,"height":1000},{"@type":"BreadcrumbList","@id":"https:\/\/dermanence.com\/produkt\/exfoliating-mitt-peelinghandschuh\/#breadcrumb","itemListElement":[{"@type":"ListItem","position":1,"name":"Home","item":"https:\/\/dermanence.com\/fr\/"},{"@type":"ListItem","position":2,"name":"Boutique","item":"https:\/\/dermanence.com\/fr\/shop\/"},{"@type":"ListItem","position":3,"name":"Exfoliating Mitt &#8211; Peelinghandschuh"}]},{"@type":"WebSite","@id":"https:\/\/dermanence.com\/#website","url":"https:\/\/dermanence.com\/","name":"Dermanence Shop","description":" Votre salon de beaut\u00e9 avec sa propre clinique dermatologique","potentialAction":[{"@type":"SearchAction","target":{"@type":"EntryPoint","urlTemplate":"https:\/\/dermanence.com\/?s={search_term_string}"},"query-input":{"@type":"PropertyValueSpecification","valueRequired":true,"valueName":"search_term_string"}}],"inLanguage":"fr-FR"}]}},"_links":{"self":[{"href":"https:\/\/dermanence.com\/fr\/wp-json\/wp\/v2\/product\/2589039","targetHints":{"allow":["GET"]}}],"collection":[{"href":"https:\/\/dermanence.com\/fr\/wp-json\/wp\/v2\/product"}],"about":[{"href":"https:\/\/dermanence.com\/fr\/wp-json\/wp\/v2\/types\/product"}],"replies":[{"embeddable":true,"href":"https:\/\/dermanence.com\/fr\/wp-json\/wp\/v2\/comments?post=2589039"}],"wp:featuredmedia":[{"embeddable":true,"href":"https:\/\/dermanence.com\/fr\/wp-json\/wp\/v2\/media\/2589126"}],"wp:attachment":[{"href":"https:\/\/dermanence.com\/fr\/wp-json\/wp\/v2\/media?parent=2589039"}],"wp:term":[{"taxonomy":"product_brand","embeddable":true,"href":"https:\/\/dermanence.com\/fr\/wp-json\/wp\/v2\/product_brand?post=2589039"},{"taxonomy":"product_cat","embeddable":true,"href":"https:\/\/dermanence.com\/fr\/wp-json\/wp\/v2\/product_cat?post=2589039"},{"taxonomy":"product_tag","embeddable":true,"href":"https:\/\/dermanence.com\/fr\/wp-json\/wp\/v2\/product_tag?post=2589039"}],"curies":[{"name":"wp","href":"https:\/\/api.w.org\/{rel}","templated":true}]}}