{"id":2588839,"date":"2021-08-23T09:08:35","date_gmt":"2021-08-23T07:08:35","guid":{"rendered":"https:\/\/dermanence.com\/produkt\/shimmering-body-oil\/"},"modified":"2023-06-30T13:01:33","modified_gmt":"2023-06-30T11:01:33","slug":"shimmering-body-oil","status":"publish","type":"product","link":"https:\/\/dermanence.com\/fr\/produit\/shimmering-body-oil\/","title":{"rendered":"Shimmering Body Oil"},"content":{"rendered":"","protected":false},"excerpt":{"rendered":"<p>Moroccanoil Body\u2122 Gl\u00e4nzendes K\u00f6rper\u00f6l sorgt f\u00fcr strahlende Haut mit geschmeidigem, gesund aussehendem Glanz. Es durchfeuchtet die Haut mit einer tiefenn\u00e4hrenden Mischung aus antioxidantienreichem Argan- und Sesam\u00f6l. Die patentierte Formel zieht schnell ein und belebt und durchfeuchtet glanzlose Haut, w\u00e4hrend sanfte Mineralien mit Perlglanzpigmenten daf\u00fcr sorgen, dass sie sich nicht nur strahlend gut aussieht, sondern sich auch so anf\u00fchlt. Mit dem charakteristischen Moroccanoil\u00ae-Duft.<\/p>\n<p>F\u00fcllmenge: 50 ml<\/p>\n","protected":false},"featured_media":2588860,"comment_status":"open","ping_status":"closed","template":"","meta":[],"product_brand":[],"product_cat":[289,28,281,368,285,282],"product_tag":[],"class_list":{"0":"post-2588839","1":"product","2":"type-product","3":"status-publish","4":"has-post-thumbnail","6":"product_cat-koerperoel","7":"product_cat-koerperpflege","8":"product_cat-normale-haut-koerperpflege","9":"product_cat-online-only","10":"product_cat-reife-haut-koerperpflege","11":"product_cat-trockene-haut-koerperpflege","13":"first","14":"instock","15":"taxable","16":"shipping-taxable","17":"purchasable","18":"product-type-simple"},"gallery_images":[2588862,2588864],"yoast_head":"<!-- This site is optimized with the Yoast SEO plugin v25.9 - https:\/\/yoast.com\/wordpress\/plugins\/seo\/ -->\n<title>Shimmering Body Oil - Dermanence Shop<\/title>\n<meta name=\"robots\" content=\"index, follow, max-snippet:-1, max-image-preview:large, max-video-preview:-1\" \/>\n<link rel=\"canonical\" href=\"https:\/\/dermanence.com\/produkt\/shimmering-body-oil\/\" \/>\n<meta property=\"og:locale\" content=\"fr_FR\" \/>\n<meta property=\"og:type\" content=\"article\" \/>\n<meta property=\"og:title\" content=\"Shimmering Body Oil - Dermanence Shop\" \/>\n<meta property=\"og:description\" content=\"Moroccanoil Body\u2122 Gl\u00e4nzendes K\u00f6rper\u00f6l sorgt f\u00fcr strahlende Haut mit geschmeidigem, gesund aussehendem Glanz. Es durchfeuchtet die Haut mit einer tiefenn\u00e4hrenden Mischung aus antioxidantienreichem Argan- und Sesam\u00f6l. Die patentierte Formel zieht schnell ein und belebt und durchfeuchtet glanzlose Haut, w\u00e4hrend sanfte Mineralien mit Perlglanzpigmenten daf\u00fcr sorgen, dass sie sich nicht nur strahlend gut aussieht, sondern sich auch so anf\u00fchlt. Mit dem charakteristischen Moroccanoil\u00ae-Duft.  F\u00fcllmenge: 50 ml\" \/>\n<meta property=\"og:url\" content=\"https:\/\/dermanence.com\/produkt\/shimmering-body-oil\/\" \/>\n<meta property=\"og:site_name\" content=\"Dermanence Shop\" \/>\n<meta property=\"article:modified_time\" content=\"2023-06-30T11:01:33+00:00\" \/>\n<meta property=\"og:image\" content=\"https:\/\/dermanence.com\/wp-content\/uploads\/2021\/08\/body_shimmeringbodyoil.jpeg\" \/>\n\t<meta property=\"og:image:width\" content=\"650\" \/>\n\t<meta property=\"og:image:height\" content=\"830\" \/>\n\t<meta property=\"og:image:type\" content=\"image\/jpeg\" \/>\n<meta name=\"twitter:card\" content=\"summary_large_image\" \/>\n<script type=\"application\/ld+json\" class=\"yoast-schema-graph\">{\"@context\":\"https:\/\/schema.org\",\"@graph\":[{\"@type\":\"WebPage\",\"@id\":\"https:\/\/dermanence.com\/produkt\/shimmering-body-oil\/\",\"url\":\"https:\/\/dermanence.com\/produkt\/shimmering-body-oil\/\",\"name\":\"Shimmering Body Oil - Dermanence Shop\",\"isPartOf\":{\"@id\":\"https:\/\/dermanence.com\/#website\"},\"primaryImageOfPage\":{\"@id\":\"https:\/\/dermanence.com\/produkt\/shimmering-body-oil\/#primaryimage\"},\"image\":{\"@id\":\"https:\/\/dermanence.com\/produkt\/shimmering-body-oil\/#primaryimage\"},\"thumbnailUrl\":\"https:\/\/dermanence.com\/wp-content\/uploads\/2021\/08\/body_shimmeringbodyoil.jpeg\",\"datePublished\":\"2021-08-23T07:08:35+00:00\",\"dateModified\":\"2023-06-30T11:01:33+00:00\",\"breadcrumb\":{\"@id\":\"https:\/\/dermanence.com\/produkt\/shimmering-body-oil\/#breadcrumb\"},\"inLanguage\":\"fr-FR\",\"potentialAction\":[{\"@type\":\"ReadAction\",\"target\":[\"https:\/\/dermanence.com\/produkt\/shimmering-body-oil\/\"]}]},{\"@type\":\"ImageObject\",\"inLanguage\":\"fr-FR\",\"@id\":\"https:\/\/dermanence.com\/produkt\/shimmering-body-oil\/#primaryimage\",\"url\":\"https:\/\/dermanence.com\/wp-content\/uploads\/2021\/08\/body_shimmeringbodyoil.jpeg\",\"contentUrl\":\"https:\/\/dermanence.com\/wp-content\/uploads\/2021\/08\/body_shimmeringbodyoil.jpeg\",\"width\":650,\"height\":830},{\"@type\":\"BreadcrumbList\",\"@id\":\"https:\/\/dermanence.com\/produkt\/shimmering-body-oil\/#breadcrumb\",\"itemListElement\":[{\"@type\":\"ListItem\",\"position\":1,\"name\":\"Home\",\"item\":\"https:\/\/dermanence.com\/fr\/\"},{\"@type\":\"ListItem\",\"position\":2,\"name\":\"Boutique\",\"item\":\"https:\/\/dermanence.com\/fr\/shop\/\"},{\"@type\":\"ListItem\",\"position\":3,\"name\":\"Shimmering Body Oil\"}]},{\"@type\":\"WebSite\",\"@id\":\"https:\/\/dermanence.com\/#website\",\"url\":\"https:\/\/dermanence.com\/\",\"name\":\"Dermanence Shop\",\"description\":\" Votre salon de beaut\u00e9 avec sa propre clinique dermatologique\",\"potentialAction\":[{\"@type\":\"SearchAction\",\"target\":{\"@type\":\"EntryPoint\",\"urlTemplate\":\"https:\/\/dermanence.com\/?s={search_term_string}\"},\"query-input\":{\"@type\":\"PropertyValueSpecification\",\"valueRequired\":true,\"valueName\":\"search_term_string\"}}],\"inLanguage\":\"fr-FR\"}]}<\/script>\n<!-- \/ Yoast SEO plugin. -->","yoast_head_json":{"title":"Shimmering Body Oil - Dermanence Shop","robots":{"index":"index","follow":"follow","max-snippet":"max-snippet:-1","max-image-preview":"max-image-preview:large","max-video-preview":"max-video-preview:-1"},"canonical":"https:\/\/dermanence.com\/produkt\/shimmering-body-oil\/","og_locale":"fr_FR","og_type":"article","og_title":"Shimmering Body Oil - Dermanence Shop","og_description":"Moroccanoil Body\u2122 Gl\u00e4nzendes K\u00f6rper\u00f6l sorgt f\u00fcr strahlende Haut mit geschmeidigem, gesund aussehendem Glanz. Es durchfeuchtet die Haut mit einer tiefenn\u00e4hrenden Mischung aus antioxidantienreichem Argan- und Sesam\u00f6l. Die patentierte Formel zieht schnell ein und belebt und durchfeuchtet glanzlose Haut, w\u00e4hrend sanfte Mineralien mit Perlglanzpigmenten daf\u00fcr sorgen, dass sie sich nicht nur strahlend gut aussieht, sondern sich auch so anf\u00fchlt. Mit dem charakteristischen Moroccanoil\u00ae-Duft.  F\u00fcllmenge: 50 ml","og_url":"https:\/\/dermanence.com\/produkt\/shimmering-body-oil\/","og_site_name":"Dermanence Shop","article_modified_time":"2023-06-30T11:01:33+00:00","og_image":[{"width":650,"height":830,"url":"https:\/\/dermanence.com\/wp-content\/uploads\/2021\/08\/body_shimmeringbodyoil.jpeg","type":"image\/jpeg"}],"twitter_card":"summary_large_image","schema":{"@context":"https:\/\/schema.org","@graph":[{"@type":"WebPage","@id":"https:\/\/dermanence.com\/produkt\/shimmering-body-oil\/","url":"https:\/\/dermanence.com\/produkt\/shimmering-body-oil\/","name":"Shimmering Body Oil - Dermanence Shop","isPartOf":{"@id":"https:\/\/dermanence.com\/#website"},"primaryImageOfPage":{"@id":"https:\/\/dermanence.com\/produkt\/shimmering-body-oil\/#primaryimage"},"image":{"@id":"https:\/\/dermanence.com\/produkt\/shimmering-body-oil\/#primaryimage"},"thumbnailUrl":"https:\/\/dermanence.com\/wp-content\/uploads\/2021\/08\/body_shimmeringbodyoil.jpeg","datePublished":"2021-08-23T07:08:35+00:00","dateModified":"2023-06-30T11:01:33+00:00","breadcrumb":{"@id":"https:\/\/dermanence.com\/produkt\/shimmering-body-oil\/#breadcrumb"},"inLanguage":"fr-FR","potentialAction":[{"@type":"ReadAction","target":["https:\/\/dermanence.com\/produkt\/shimmering-body-oil\/"]}]},{"@type":"ImageObject","inLanguage":"fr-FR","@id":"https:\/\/dermanence.com\/produkt\/shimmering-body-oil\/#primaryimage","url":"https:\/\/dermanence.com\/wp-content\/uploads\/2021\/08\/body_shimmeringbodyoil.jpeg","contentUrl":"https:\/\/dermanence.com\/wp-content\/uploads\/2021\/08\/body_shimmeringbodyoil.jpeg","width":650,"height":830},{"@type":"BreadcrumbList","@id":"https:\/\/dermanence.com\/produkt\/shimmering-body-oil\/#breadcrumb","itemListElement":[{"@type":"ListItem","position":1,"name":"Home","item":"https:\/\/dermanence.com\/fr\/"},{"@type":"ListItem","position":2,"name":"Boutique","item":"https:\/\/dermanence.com\/fr\/shop\/"},{"@type":"ListItem","position":3,"name":"Shimmering Body Oil"}]},{"@type":"WebSite","@id":"https:\/\/dermanence.com\/#website","url":"https:\/\/dermanence.com\/","name":"Dermanence Shop","description":" Votre salon de beaut\u00e9 avec sa propre clinique dermatologique","potentialAction":[{"@type":"SearchAction","target":{"@type":"EntryPoint","urlTemplate":"https:\/\/dermanence.com\/?s={search_term_string}"},"query-input":{"@type":"PropertyValueSpecification","valueRequired":true,"valueName":"search_term_string"}}],"inLanguage":"fr-FR"}]}},"_links":{"self":[{"href":"https:\/\/dermanence.com\/fr\/wp-json\/wp\/v2\/product\/2588839","targetHints":{"allow":["GET"]}}],"collection":[{"href":"https:\/\/dermanence.com\/fr\/wp-json\/wp\/v2\/product"}],"about":[{"href":"https:\/\/dermanence.com\/fr\/wp-json\/wp\/v2\/types\/product"}],"replies":[{"embeddable":true,"href":"https:\/\/dermanence.com\/fr\/wp-json\/wp\/v2\/comments?post=2588839"}],"wp:featuredmedia":[{"embeddable":true,"href":"https:\/\/dermanence.com\/fr\/wp-json\/wp\/v2\/media\/2588860"}],"wp:attachment":[{"href":"https:\/\/dermanence.com\/fr\/wp-json\/wp\/v2\/media?parent=2588839"}],"wp:term":[{"taxonomy":"product_brand","embeddable":true,"href":"https:\/\/dermanence.com\/fr\/wp-json\/wp\/v2\/product_brand?post=2588839"},{"taxonomy":"product_cat","embeddable":true,"href":"https:\/\/dermanence.com\/fr\/wp-json\/wp\/v2\/product_cat?post=2588839"},{"taxonomy":"product_tag","embeddable":true,"href":"https:\/\/dermanence.com\/fr\/wp-json\/wp\/v2\/product_tag?post=2588839"}],"curies":[{"name":"wp","href":"https:\/\/api.w.org\/{rel}","templated":true}]}}