{"id":2587615,"date":"2021-07-09T11:34:37","date_gmt":"2021-07-09T09:34:37","guid":{"rendered":"https:\/\/dermanence.com\/?post_type=product&#038;p=2587615"},"modified":"2025-06-03T12:14:28","modified_gmt":"2025-06-03T10:14:28","slug":"ta-65md-250-90","status":"publish","type":"product","link":"https:\/\/dermanence.com\/fr\/produit\/ta-65md-250-90\/","title":{"rendered":"TA-65MD 250 (90)"},"content":{"rendered":"","protected":false},"excerpt":{"rendered":"<p><strong>ANTI-AGING DER NEUZEIT.<\/strong><\/p>\n<p>Die Entdeckung der Funktion der Telomere und ihre Verl\u00e4ngerung ist die aufregendste Anti-Aging Entwicklung dieser Jahrzehnte.<\/p>\n<p>Telomere sind die Kappen am Ende jedes Strangs der DNA, die unsere Chromosomen sch\u00fctzen wie die Plastikspitzen am Ende eines Schn\u00fcrsenkels. Telomere werden k\u00fcrzer wenn wir altern, dies l\u00e4sst die DNA ungesch\u00fctzt und die Zellen verlieren ihre Teilungsf\u00e4higkeit, sie altern und sterben ab.<\/p>\n<p>Um gesund zu bleiben ist es notwendig die L\u00e4nge der Telomere zu erhalten.<\/p>\n<ul>\n<li>TA-65\u00ae ist ein nat\u00fcrlicher Extrakt aus der Astragalus membranaceus moench Pflanze. \u00dcber Aktivierung der Telomerase verl\u00e4ngert es die Telomere und unterst\u00fctzt die Zellteilung.<\/li>\n<li>TA-65\u00ae Produkte konzentrieren sich auf die Verl\u00e4ngerung der Telomere, ein nat\u00fcrliches Anti-Aging-Mittel mit antioxidativen Eigenschaften zur Erholung und Regeneration von Zellen.<\/li>\n<\/ul>\n<p>F\u00fcllmenge: TA-65\u00ae 90 KAPSELN MIT JE 250 EINHEITEN WIRKSTOFF<\/p>\n","protected":false},"featured_media":2587618,"comment_status":"open","ping_status":"closed","template":"","meta":[],"product_brand":[],"product_cat":[167,277,369,37,368],"product_tag":[],"class_list":{"0":"post-2587615","1":"product","2":"type-product","3":"status-publish","4":"has-post-thumbnail","6":"product_cat-anti-aging","7":"product_cat-anti-aging-koerperpflege","8":"product_cat-exclusive","9":"product_cat-nahrungsergaenzung","10":"product_cat-online-only","12":"first","13":"onbackorder","14":"taxable","15":"shipping-taxable","16":"purchasable","17":"product-type-simple"},"gallery_images":[2587616],"yoast_head":"<!-- This site is optimized with the Yoast SEO plugin v25.9 - https:\/\/yoast.com\/wordpress\/plugins\/seo\/ -->\n<title>TA-65MD 250 (90) - Dermanence Shop<\/title>\n<meta name=\"robots\" content=\"index, follow, max-snippet:-1, max-image-preview:large, max-video-preview:-1\" \/>\n<link rel=\"canonical\" href=\"https:\/\/dermanence.com\/produkt\/ta-65md-250-90\/\" \/>\n<meta property=\"og:locale\" content=\"fr_FR\" \/>\n<meta property=\"og:type\" content=\"article\" \/>\n<meta property=\"og:title\" content=\"TA-65MD 250 (90) - Dermanence Shop\" \/>\n<meta property=\"og:description\" content=\"ANTI-AGING DER NEUZEIT.  Die Entdeckung der Funktion der Telomere und ihre Verl\u00e4ngerung ist die aufregendste Anti-Aging Entwicklung dieser Jahrzehnte.  Telomere sind die Kappen am Ende jedes Strangs der DNA, die unsere Chromosomen sch\u00fctzen wie die Plastikspitzen am Ende eines Schn\u00fcrsenkels. Telomere werden k\u00fcrzer wenn wir altern, dies l\u00e4sst die DNA ungesch\u00fctzt und die Zellen verlieren ihre Teilungsf\u00e4higkeit, sie altern und sterben ab.  Um gesund zu bleiben ist es notwendig die L\u00e4nge der Telomere zu erhalten.   TA-65\u00ae ist ein nat\u00fcrlicher Extrakt aus der Astragalus membranaceus moench Pflanze. \u00dcber Aktivierung der Telomerase verl\u00e4ngert es die Telomere und unterst\u00fctzt die Zellteilung.  TA-65\u00ae Produkte konzentrieren sich auf die Verl\u00e4ngerung der Telomere, ein nat\u00fcrliches Anti-Aging-Mittel mit antioxidativen Eigenschaften zur Erholung und Regeneration von Zellen.  F\u00fcllmenge: TA-65\u00ae 90 KAPSELN MIT JE 250 EINHEITEN WIRKSTOFF\" \/>\n<meta property=\"og:url\" content=\"https:\/\/dermanence.com\/produkt\/ta-65md-250-90\/\" \/>\n<meta property=\"og:site_name\" content=\"Dermanence Shop\" \/>\n<meta property=\"article:modified_time\" content=\"2025-06-03T10:14:28+00:00\" \/>\n<meta property=\"og:image\" content=\"https:\/\/dermanence.com\/wp-content\/uploads\/2021\/07\/ta65250monlineey11sfwfe0nx9.jpeg\" \/>\n\t<meta property=\"og:image:width\" content=\"992\" \/>\n\t<meta property=\"og:image:height\" content=\"908\" \/>\n\t<meta property=\"og:image:type\" content=\"image\/jpeg\" \/>\n<meta name=\"twitter:card\" content=\"summary_large_image\" \/>\n<script type=\"application\/ld+json\" class=\"yoast-schema-graph\">{\"@context\":\"https:\/\/schema.org\",\"@graph\":[{\"@type\":\"WebPage\",\"@id\":\"https:\/\/dermanence.com\/produkt\/ta-65md-250-90\/\",\"url\":\"https:\/\/dermanence.com\/produkt\/ta-65md-250-90\/\",\"name\":\"TA-65MD 250 (90) - Dermanence Shop\",\"isPartOf\":{\"@id\":\"https:\/\/dermanence.com\/#website\"},\"primaryImageOfPage\":{\"@id\":\"https:\/\/dermanence.com\/produkt\/ta-65md-250-90\/#primaryimage\"},\"image\":{\"@id\":\"https:\/\/dermanence.com\/produkt\/ta-65md-250-90\/#primaryimage\"},\"thumbnailUrl\":\"https:\/\/dermanence.com\/wp-content\/uploads\/2021\/07\/ta65250monlineey11sfwfe0nx9.jpeg\",\"datePublished\":\"2021-07-09T09:34:37+00:00\",\"dateModified\":\"2025-06-03T10:14:28+00:00\",\"breadcrumb\":{\"@id\":\"https:\/\/dermanence.com\/produkt\/ta-65md-250-90\/#breadcrumb\"},\"inLanguage\":\"fr-FR\",\"potentialAction\":[{\"@type\":\"ReadAction\",\"target\":[\"https:\/\/dermanence.com\/produkt\/ta-65md-250-90\/\"]}]},{\"@type\":\"ImageObject\",\"inLanguage\":\"fr-FR\",\"@id\":\"https:\/\/dermanence.com\/produkt\/ta-65md-250-90\/#primaryimage\",\"url\":\"https:\/\/dermanence.com\/wp-content\/uploads\/2021\/07\/ta65250monlineey11sfwfe0nx9.jpeg\",\"contentUrl\":\"https:\/\/dermanence.com\/wp-content\/uploads\/2021\/07\/ta65250monlineey11sfwfe0nx9.jpeg\",\"width\":992,\"height\":908},{\"@type\":\"BreadcrumbList\",\"@id\":\"https:\/\/dermanence.com\/produkt\/ta-65md-250-90\/#breadcrumb\",\"itemListElement\":[{\"@type\":\"ListItem\",\"position\":1,\"name\":\"Home\",\"item\":\"https:\/\/dermanence.com\/fr\/\"},{\"@type\":\"ListItem\",\"position\":2,\"name\":\"Boutique\",\"item\":\"https:\/\/dermanence.com\/fr\/shop\/\"},{\"@type\":\"ListItem\",\"position\":3,\"name\":\"TA-65MD 250 (90)\"}]},{\"@type\":\"WebSite\",\"@id\":\"https:\/\/dermanence.com\/#website\",\"url\":\"https:\/\/dermanence.com\/\",\"name\":\"Dermanence Shop\",\"description\":\" Votre salon de beaut\u00e9 avec sa propre clinique dermatologique\",\"potentialAction\":[{\"@type\":\"SearchAction\",\"target\":{\"@type\":\"EntryPoint\",\"urlTemplate\":\"https:\/\/dermanence.com\/?s={search_term_string}\"},\"query-input\":{\"@type\":\"PropertyValueSpecification\",\"valueRequired\":true,\"valueName\":\"search_term_string\"}}],\"inLanguage\":\"fr-FR\"}]}<\/script>\n<!-- \/ Yoast SEO plugin. -->","yoast_head_json":{"title":"TA-65MD 250 (90) - Dermanence Shop","robots":{"index":"index","follow":"follow","max-snippet":"max-snippet:-1","max-image-preview":"max-image-preview:large","max-video-preview":"max-video-preview:-1"},"canonical":"https:\/\/dermanence.com\/produkt\/ta-65md-250-90\/","og_locale":"fr_FR","og_type":"article","og_title":"TA-65MD 250 (90) - Dermanence Shop","og_description":"ANTI-AGING DER NEUZEIT.  Die Entdeckung der Funktion der Telomere und ihre Verl\u00e4ngerung ist die aufregendste Anti-Aging Entwicklung dieser Jahrzehnte.  Telomere sind die Kappen am Ende jedes Strangs der DNA, die unsere Chromosomen sch\u00fctzen wie die Plastikspitzen am Ende eines Schn\u00fcrsenkels. Telomere werden k\u00fcrzer wenn wir altern, dies l\u00e4sst die DNA ungesch\u00fctzt und die Zellen verlieren ihre Teilungsf\u00e4higkeit, sie altern und sterben ab.  Um gesund zu bleiben ist es notwendig die L\u00e4nge der Telomere zu erhalten.   TA-65\u00ae ist ein nat\u00fcrlicher Extrakt aus der Astragalus membranaceus moench Pflanze. \u00dcber Aktivierung der Telomerase verl\u00e4ngert es die Telomere und unterst\u00fctzt die Zellteilung.  TA-65\u00ae Produkte konzentrieren sich auf die Verl\u00e4ngerung der Telomere, ein nat\u00fcrliches Anti-Aging-Mittel mit antioxidativen Eigenschaften zur Erholung und Regeneration von Zellen.  F\u00fcllmenge: TA-65\u00ae 90 KAPSELN MIT JE 250 EINHEITEN WIRKSTOFF","og_url":"https:\/\/dermanence.com\/produkt\/ta-65md-250-90\/","og_site_name":"Dermanence Shop","article_modified_time":"2025-06-03T10:14:28+00:00","og_image":[{"width":992,"height":908,"url":"https:\/\/dermanence.com\/wp-content\/uploads\/2021\/07\/ta65250monlineey11sfwfe0nx9.jpeg","type":"image\/jpeg"}],"twitter_card":"summary_large_image","schema":{"@context":"https:\/\/schema.org","@graph":[{"@type":"WebPage","@id":"https:\/\/dermanence.com\/produkt\/ta-65md-250-90\/","url":"https:\/\/dermanence.com\/produkt\/ta-65md-250-90\/","name":"TA-65MD 250 (90) - Dermanence Shop","isPartOf":{"@id":"https:\/\/dermanence.com\/#website"},"primaryImageOfPage":{"@id":"https:\/\/dermanence.com\/produkt\/ta-65md-250-90\/#primaryimage"},"image":{"@id":"https:\/\/dermanence.com\/produkt\/ta-65md-250-90\/#primaryimage"},"thumbnailUrl":"https:\/\/dermanence.com\/wp-content\/uploads\/2021\/07\/ta65250monlineey11sfwfe0nx9.jpeg","datePublished":"2021-07-09T09:34:37+00:00","dateModified":"2025-06-03T10:14:28+00:00","breadcrumb":{"@id":"https:\/\/dermanence.com\/produkt\/ta-65md-250-90\/#breadcrumb"},"inLanguage":"fr-FR","potentialAction":[{"@type":"ReadAction","target":["https:\/\/dermanence.com\/produkt\/ta-65md-250-90\/"]}]},{"@type":"ImageObject","inLanguage":"fr-FR","@id":"https:\/\/dermanence.com\/produkt\/ta-65md-250-90\/#primaryimage","url":"https:\/\/dermanence.com\/wp-content\/uploads\/2021\/07\/ta65250monlineey11sfwfe0nx9.jpeg","contentUrl":"https:\/\/dermanence.com\/wp-content\/uploads\/2021\/07\/ta65250monlineey11sfwfe0nx9.jpeg","width":992,"height":908},{"@type":"BreadcrumbList","@id":"https:\/\/dermanence.com\/produkt\/ta-65md-250-90\/#breadcrumb","itemListElement":[{"@type":"ListItem","position":1,"name":"Home","item":"https:\/\/dermanence.com\/fr\/"},{"@type":"ListItem","position":2,"name":"Boutique","item":"https:\/\/dermanence.com\/fr\/shop\/"},{"@type":"ListItem","position":3,"name":"TA-65MD 250 (90)"}]},{"@type":"WebSite","@id":"https:\/\/dermanence.com\/#website","url":"https:\/\/dermanence.com\/","name":"Dermanence Shop","description":" Votre salon de beaut\u00e9 avec sa propre clinique dermatologique","potentialAction":[{"@type":"SearchAction","target":{"@type":"EntryPoint","urlTemplate":"https:\/\/dermanence.com\/?s={search_term_string}"},"query-input":{"@type":"PropertyValueSpecification","valueRequired":true,"valueName":"search_term_string"}}],"inLanguage":"fr-FR"}]}},"_links":{"self":[{"href":"https:\/\/dermanence.com\/fr\/wp-json\/wp\/v2\/product\/2587615","targetHints":{"allow":["GET"]}}],"collection":[{"href":"https:\/\/dermanence.com\/fr\/wp-json\/wp\/v2\/product"}],"about":[{"href":"https:\/\/dermanence.com\/fr\/wp-json\/wp\/v2\/types\/product"}],"replies":[{"embeddable":true,"href":"https:\/\/dermanence.com\/fr\/wp-json\/wp\/v2\/comments?post=2587615"}],"wp:featuredmedia":[{"embeddable":true,"href":"https:\/\/dermanence.com\/fr\/wp-json\/wp\/v2\/media\/2587618"}],"wp:attachment":[{"href":"https:\/\/dermanence.com\/fr\/wp-json\/wp\/v2\/media?parent=2587615"}],"wp:term":[{"taxonomy":"product_brand","embeddable":true,"href":"https:\/\/dermanence.com\/fr\/wp-json\/wp\/v2\/product_brand?post=2587615"},{"taxonomy":"product_cat","embeddable":true,"href":"https:\/\/dermanence.com\/fr\/wp-json\/wp\/v2\/product_cat?post=2587615"},{"taxonomy":"product_tag","embeddable":true,"href":"https:\/\/dermanence.com\/fr\/wp-json\/wp\/v2\/product_tag?post=2587615"}],"curies":[{"name":"wp","href":"https:\/\/api.w.org\/{rel}","templated":true}]}}