{"id":2579449,"date":"2020-10-26T12:01:40","date_gmt":"2020-10-26T11:01:40","guid":{"rendered":"https:\/\/dermanence.com\/produkt\/iluma-intense-brightening-eye-creme\/"},"modified":"2025-03-13T16:44:16","modified_gmt":"2025-03-13T15:44:16","slug":"iluma-intense-brightening-eye-creme","status":"publish","type":"product","link":"https:\/\/dermanence.com\/fr\/produit\/iluma-intense-brightening-eye-creme\/","title":{"rendered":"ILUMA Intense Brightening Eye Creme"},"content":{"rendered":"","protected":false},"excerpt":{"rendered":"<p>Hellt auf und illuminiert die Augenpartie, spendet zudem Feuchtigkeit. Hilft effektiv, sichtbare Zeichen der Hautalterung, sowie Schwellungen, Falten, schlaffe Haut und dunkle Augenringe zu reduzieren. Pflanzliche N\u00e4hrstoffe, Peptide und innovative, aufhellende Wirkstoffe sorgen f\u00fcr ein jugendlicheres Aussehen. Die Augen sehen glatter, heller und j\u00fcnger aus.<\/p>\n<p>F\u00fcllmenge: 15 ml<\/p>\n","protected":false},"featured_media":2579450,"comment_status":"open","ping_status":"closed","template":"","meta":[],"product_brand":[953],"product_cat":[167,209,168,207,171,205,25,206,411,208,204,179],"product_tag":[],"class_list":{"0":"post-2579449","1":"product","2":"type-product","3":"status-publish","4":"has-post-thumbnail","6":"product_brand-image-skincare","7":"product_cat-anti-aging","8":"product_cat-augenpflege","9":"product_cat-augenringe","10":"product_cat-empfindliche-haut","11":"product_cat-faltenglaettung","12":"product_cat-fettige-haut","13":"product_cat-gesichtspflege","14":"product_cat-mischhaut","15":"product_cat-moisturizer","16":"product_cat-reife-haut","17":"product_cat-trockene-haut","18":"product_cat-whitening","20":"first","21":"instock","22":"taxable","23":"shipping-taxable","24":"purchasable","25":"product-type-simple"},"gallery_images":[],"yoast_head":"<!-- This site is optimized with the Yoast SEO plugin v25.9 - https:\/\/yoast.com\/wordpress\/plugins\/seo\/ -->\n<title>ILUMA Intense Brightening Eye Creme - Dermanence Shop<\/title>\n<meta name=\"robots\" content=\"index, follow, max-snippet:-1, max-image-preview:large, max-video-preview:-1\" \/>\n<link rel=\"canonical\" href=\"https:\/\/dermanence.com\/produkt\/iluma-intense-brightening-eye-creme\/\" \/>\n<meta property=\"og:locale\" content=\"fr_FR\" \/>\n<meta property=\"og:type\" content=\"article\" \/>\n<meta property=\"og:title\" content=\"ILUMA Intense Brightening Eye Creme - Dermanence Shop\" \/>\n<meta property=\"og:description\" content=\"Hellt auf und illuminiert die Augenpartie, spendet zudem Feuchtigkeit. Hilft effektiv, sichtbare Zeichen der Hautalterung, sowie Schwellungen, Falten, schlaffe Haut und dunkle Augenringe zu reduzieren. Pflanzliche N\u00e4hrstoffe, Peptide und innovative, aufhellende Wirkstoffe sorgen f\u00fcr ein jugendlicheres Aussehen. Die Augen sehen glatter, heller und j\u00fcnger aus.  F\u00fcllmenge: 15 ml\" \/>\n<meta property=\"og:url\" content=\"https:\/\/dermanence.com\/produkt\/iluma-intense-brightening-eye-creme\/\" \/>\n<meta property=\"og:site_name\" content=\"Dermanence Shop\" \/>\n<meta property=\"article:modified_time\" content=\"2025-03-13T15:44:16+00:00\" \/>\n<meta property=\"og:image\" content=\"https:\/\/dermanence.com\/wp-content\/uploads\/2020\/10\/jltrk4xnhxunylkcj2vg.jpg\" \/>\n\t<meta property=\"og:image:width\" content=\"1200\" \/>\n\t<meta property=\"og:image:height\" content=\"1200\" \/>\n\t<meta property=\"og:image:type\" content=\"image\/jpeg\" \/>\n<meta name=\"twitter:card\" content=\"summary_large_image\" \/>\n<script type=\"application\/ld+json\" class=\"yoast-schema-graph\">{\"@context\":\"https:\/\/schema.org\",\"@graph\":[{\"@type\":\"WebPage\",\"@id\":\"https:\/\/dermanence.com\/produkt\/iluma-intense-brightening-eye-creme\/\",\"url\":\"https:\/\/dermanence.com\/produkt\/iluma-intense-brightening-eye-creme\/\",\"name\":\"ILUMA Intense Brightening Eye Creme - Dermanence Shop\",\"isPartOf\":{\"@id\":\"https:\/\/dermanence.com\/#website\"},\"primaryImageOfPage\":{\"@id\":\"https:\/\/dermanence.com\/produkt\/iluma-intense-brightening-eye-creme\/#primaryimage\"},\"image\":{\"@id\":\"https:\/\/dermanence.com\/produkt\/iluma-intense-brightening-eye-creme\/#primaryimage\"},\"thumbnailUrl\":\"https:\/\/dermanence.com\/wp-content\/uploads\/2020\/10\/jltrk4xnhxunylkcj2vg.jpg\",\"datePublished\":\"2020-10-26T11:01:40+00:00\",\"dateModified\":\"2025-03-13T15:44:16+00:00\",\"breadcrumb\":{\"@id\":\"https:\/\/dermanence.com\/produkt\/iluma-intense-brightening-eye-creme\/#breadcrumb\"},\"inLanguage\":\"fr-FR\",\"potentialAction\":[{\"@type\":\"ReadAction\",\"target\":[\"https:\/\/dermanence.com\/produkt\/iluma-intense-brightening-eye-creme\/\"]}]},{\"@type\":\"ImageObject\",\"inLanguage\":\"fr-FR\",\"@id\":\"https:\/\/dermanence.com\/produkt\/iluma-intense-brightening-eye-creme\/#primaryimage\",\"url\":\"https:\/\/dermanence.com\/wp-content\/uploads\/2020\/10\/jltrk4xnhxunylkcj2vg.jpg\",\"contentUrl\":\"https:\/\/dermanence.com\/wp-content\/uploads\/2020\/10\/jltrk4xnhxunylkcj2vg.jpg\",\"width\":1200,\"height\":1200},{\"@type\":\"BreadcrumbList\",\"@id\":\"https:\/\/dermanence.com\/produkt\/iluma-intense-brightening-eye-creme\/#breadcrumb\",\"itemListElement\":[{\"@type\":\"ListItem\",\"position\":1,\"name\":\"Home\",\"item\":\"https:\/\/dermanence.com\/fr\/\"},{\"@type\":\"ListItem\",\"position\":2,\"name\":\"Boutique\",\"item\":\"https:\/\/dermanence.com\/fr\/shop\/\"},{\"@type\":\"ListItem\",\"position\":3,\"name\":\"ILUMA Intense Brightening Eye Creme\"}]},{\"@type\":\"WebSite\",\"@id\":\"https:\/\/dermanence.com\/#website\",\"url\":\"https:\/\/dermanence.com\/\",\"name\":\"Dermanence Shop\",\"description\":\" Votre salon de beaut\u00e9 avec sa propre clinique dermatologique\",\"potentialAction\":[{\"@type\":\"SearchAction\",\"target\":{\"@type\":\"EntryPoint\",\"urlTemplate\":\"https:\/\/dermanence.com\/?s={search_term_string}\"},\"query-input\":{\"@type\":\"PropertyValueSpecification\",\"valueRequired\":true,\"valueName\":\"search_term_string\"}}],\"inLanguage\":\"fr-FR\"}]}<\/script>\n<!-- \/ Yoast SEO plugin. -->","yoast_head_json":{"title":"ILUMA Intense Brightening Eye Creme - Dermanence Shop","robots":{"index":"index","follow":"follow","max-snippet":"max-snippet:-1","max-image-preview":"max-image-preview:large","max-video-preview":"max-video-preview:-1"},"canonical":"https:\/\/dermanence.com\/produkt\/iluma-intense-brightening-eye-creme\/","og_locale":"fr_FR","og_type":"article","og_title":"ILUMA Intense Brightening Eye Creme - Dermanence Shop","og_description":"Hellt auf und illuminiert die Augenpartie, spendet zudem Feuchtigkeit. Hilft effektiv, sichtbare Zeichen der Hautalterung, sowie Schwellungen, Falten, schlaffe Haut und dunkle Augenringe zu reduzieren. Pflanzliche N\u00e4hrstoffe, Peptide und innovative, aufhellende Wirkstoffe sorgen f\u00fcr ein jugendlicheres Aussehen. Die Augen sehen glatter, heller und j\u00fcnger aus.  F\u00fcllmenge: 15 ml","og_url":"https:\/\/dermanence.com\/produkt\/iluma-intense-brightening-eye-creme\/","og_site_name":"Dermanence Shop","article_modified_time":"2025-03-13T15:44:16+00:00","og_image":[{"width":1200,"height":1200,"url":"https:\/\/dermanence.com\/wp-content\/uploads\/2020\/10\/jltrk4xnhxunylkcj2vg.jpg","type":"image\/jpeg"}],"twitter_card":"summary_large_image","schema":{"@context":"https:\/\/schema.org","@graph":[{"@type":"WebPage","@id":"https:\/\/dermanence.com\/produkt\/iluma-intense-brightening-eye-creme\/","url":"https:\/\/dermanence.com\/produkt\/iluma-intense-brightening-eye-creme\/","name":"ILUMA Intense Brightening Eye Creme - Dermanence Shop","isPartOf":{"@id":"https:\/\/dermanence.com\/#website"},"primaryImageOfPage":{"@id":"https:\/\/dermanence.com\/produkt\/iluma-intense-brightening-eye-creme\/#primaryimage"},"image":{"@id":"https:\/\/dermanence.com\/produkt\/iluma-intense-brightening-eye-creme\/#primaryimage"},"thumbnailUrl":"https:\/\/dermanence.com\/wp-content\/uploads\/2020\/10\/jltrk4xnhxunylkcj2vg.jpg","datePublished":"2020-10-26T11:01:40+00:00","dateModified":"2025-03-13T15:44:16+00:00","breadcrumb":{"@id":"https:\/\/dermanence.com\/produkt\/iluma-intense-brightening-eye-creme\/#breadcrumb"},"inLanguage":"fr-FR","potentialAction":[{"@type":"ReadAction","target":["https:\/\/dermanence.com\/produkt\/iluma-intense-brightening-eye-creme\/"]}]},{"@type":"ImageObject","inLanguage":"fr-FR","@id":"https:\/\/dermanence.com\/produkt\/iluma-intense-brightening-eye-creme\/#primaryimage","url":"https:\/\/dermanence.com\/wp-content\/uploads\/2020\/10\/jltrk4xnhxunylkcj2vg.jpg","contentUrl":"https:\/\/dermanence.com\/wp-content\/uploads\/2020\/10\/jltrk4xnhxunylkcj2vg.jpg","width":1200,"height":1200},{"@type":"BreadcrumbList","@id":"https:\/\/dermanence.com\/produkt\/iluma-intense-brightening-eye-creme\/#breadcrumb","itemListElement":[{"@type":"ListItem","position":1,"name":"Home","item":"https:\/\/dermanence.com\/fr\/"},{"@type":"ListItem","position":2,"name":"Boutique","item":"https:\/\/dermanence.com\/fr\/shop\/"},{"@type":"ListItem","position":3,"name":"ILUMA Intense Brightening Eye Creme"}]},{"@type":"WebSite","@id":"https:\/\/dermanence.com\/#website","url":"https:\/\/dermanence.com\/","name":"Dermanence Shop","description":" Votre salon de beaut\u00e9 avec sa propre clinique dermatologique","potentialAction":[{"@type":"SearchAction","target":{"@type":"EntryPoint","urlTemplate":"https:\/\/dermanence.com\/?s={search_term_string}"},"query-input":{"@type":"PropertyValueSpecification","valueRequired":true,"valueName":"search_term_string"}}],"inLanguage":"fr-FR"}]}},"_links":{"self":[{"href":"https:\/\/dermanence.com\/fr\/wp-json\/wp\/v2\/product\/2579449","targetHints":{"allow":["GET"]}}],"collection":[{"href":"https:\/\/dermanence.com\/fr\/wp-json\/wp\/v2\/product"}],"about":[{"href":"https:\/\/dermanence.com\/fr\/wp-json\/wp\/v2\/types\/product"}],"replies":[{"embeddable":true,"href":"https:\/\/dermanence.com\/fr\/wp-json\/wp\/v2\/comments?post=2579449"}],"wp:featuredmedia":[{"embeddable":true,"href":"https:\/\/dermanence.com\/fr\/wp-json\/wp\/v2\/media\/2579450"}],"wp:attachment":[{"href":"https:\/\/dermanence.com\/fr\/wp-json\/wp\/v2\/media?parent=2579449"}],"wp:term":[{"taxonomy":"product_brand","embeddable":true,"href":"https:\/\/dermanence.com\/fr\/wp-json\/wp\/v2\/product_brand?post=2579449"},{"taxonomy":"product_cat","embeddable":true,"href":"https:\/\/dermanence.com\/fr\/wp-json\/wp\/v2\/product_cat?post=2579449"},{"taxonomy":"product_tag","embeddable":true,"href":"https:\/\/dermanence.com\/fr\/wp-json\/wp\/v2\/product_tag?post=2579449"}],"curies":[{"name":"wp","href":"https:\/\/api.w.org\/{rel}","templated":true}]}}