{"id":2578863,"date":"2019-10-08T09:48:51","date_gmt":"2019-10-08T07:48:51","guid":{"rendered":"https:\/\/dermanence.com\/produkt\/blemish-age-defense\/"},"modified":"2024-06-25T12:23:58","modified_gmt":"2024-06-25T10:23:58","slug":"blemish-age-defense","status":"publish","type":"product","link":"https:\/\/dermanence.com\/fr\/produit\/blemish-age-defense\/","title":{"rendered":"Blemish + Age Defense"},"content":{"rendered":"","protected":false},"excerpt":{"rendered":"<header><strong>Un s\u00e9rum double action anti-\u00e2ge et anti-imperfections. R\u00e9duit la formation des imperfections et att\u00e9nue les signes de l&#8217;\u00e2ge.\u00a0Aide \u00e0 combattre l&#8217;acn\u00e9.<\/strong><\/header>\n<div class=\"ctn_article-content\">\n<p>Ce soin cibl\u00e9 non gras \u00e0 double efficacit\u00e9 corrige les\u00a0imperfections\u00a0et les signes visibles de l&#8217;\u00e2ge. Il diminue efficacement l&#8217;apparition des rides et des ridules gr\u00e2ce \u00e0 la pr\u00e9sence d&#8217;acide citrique qui acc\u00e9l\u00e8re l&#8217;exfoliation.<\/p>\n<p>Ce\u00a0soin anti-rides\u00a0comporte une combinaison in\u00e9dite d&#8217;acide dio\u00efque \u00e0 2 % et une formulation d&#8217;acide alpha et b\u00eata-hydroxy. Il \u00e9limine les cellules mortes et d\u00e9sobstrue les pores pour un effet peau neuve.<\/p>\n<p>En r\u00e9gulant la production de s\u00e9bum, il r\u00e9duit\u00a0les imperfections,\u00a0et\u00a0pr\u00e9vient\u00a0l&#8217;hyperpigmentation et l\u2019apparition des taches.<\/p>\n<ul>\n<li>R\u00e9duit la production d&#8217;exc\u00e8s de s\u00e9bum, l&#8217;inflammation cutan\u00e9e<\/li>\n<li>Corrige les imperfections de la peau<\/li>\n<li>Unifie le teint, peau liss\u00e9e<\/li>\n<li>Les pores obstru\u00e9s sont d\u00e9congestionn\u00e9s<\/li>\n<li>R\u00e9duit les signes visibles de l&#8217;\u00e2ge : rides &amp; ridules (rides d\u2019expression, ride du lion)<\/li>\n<li>\u00c9limine les cellules mortes : effet peau neuve<\/li>\n<li>R\u00e9duit l&#8217;apparition de boutons dans la cas de peau acn\u00e9iqu<\/li>\n<\/ul>\n<p>30 ml<\/p>\n<table style=\"width: 100%;\">\n<tbody>\n<tr>\n<th><a href=\"https:\/\/www.skinceuticals.ch\" target=\"_blank\" rel=\"noopener noreferrer\"><img decoding=\"async\" class=\"alignleft wp-image-69882\" src=\"https:\/\/dermanence.com\/wp-content\/uploads\/2019\/10\/skinceuticals-authorized-retailerauthenticity-badge-large-300x45.png\" alt=\"\" width=\"200\" height=\"30\" srcset=\"https:\/\/dermanence.com\/wp-content\/uploads\/2019\/10\/skinceuticals-authorized-retailerauthenticity-badge-large-300x45.png 300w, https:\/\/dermanence.com\/wp-content\/uploads\/2019\/10\/skinceuticals-authorized-retailerauthenticity-badge-large.png 533w\" sizes=\"(max-width: 200px) 100vw, 200px\" \/><\/a><\/th>\n<\/tr>\n<\/tbody>\n<\/table>\n<\/div>\n","protected":false},"featured_media":2593030,"comment_status":"open","ping_status":"closed","template":"","meta":[],"product_brand":[90],"product_cat":[637,660,604,584,574,603,577,583,576,590,602,581,573,575],"product_tag":[],"class_list":{"0":"post-2578863","1":"product","2":"type-product","3":"status-publish","4":"has-post-thumbnail","6":"product_brand-skinceuticals","7":"product_cat-acide-de-fruit","8":"product_cat-acide-salicylique","9":"product_cat-acne-et-impuretes","10":"product_cat-anti-aging-fr","11":"product_cat-corriger","12":"product_cat-eczema-seborrheique","13":"product_cat-la-peau-mixte","14":"product_cat-nos-dermatologues-recommandent","15":"product_cat-peau-grasse","16":"product_cat-peau-sujette-aux-rougers","17":"product_cat-pores-dilates","18":"product_cat-serum-fr-2","19":"product_cat-skinceuticals-fr","20":"product_cat-soin-du-visage","22":"first","23":"onbackorder","24":"taxable","25":"shipping-taxable","26":"purchasable","27":"product-type-simple"},"gallery_images":[],"yoast_head":"<!-- This site is optimized with the Yoast SEO plugin v25.9 - https:\/\/yoast.com\/wordpress\/plugins\/seo\/ -->\n<title>Blemish + Age Defense - Dermanence Shop<\/title>\n<meta name=\"robots\" content=\"index, follow, max-snippet:-1, max-image-preview:large, max-video-preview:-1\" \/>\n<link rel=\"canonical\" href=\"https:\/\/dermanence.com\/fr\/produit\/blemish-age-defense\/\" \/>\n<meta property=\"og:locale\" content=\"fr_FR\" \/>\n<meta property=\"og:type\" content=\"article\" \/>\n<meta property=\"og:title\" content=\"Blemish + Age Defense - Dermanence Shop\" \/>\n<meta property=\"og:description\" content=\"Un s\u00e9rum double action anti-\u00e2ge et anti-imperfections. R\u00e9duit la formation des imperfections et att\u00e9nue les signes de l&#039;\u00e2ge.\u00a0Aide \u00e0 combattre l&#039;acn\u00e9.   Ce soin cibl\u00e9 non gras \u00e0 double efficacit\u00e9 corrige les\u00a0imperfections\u00a0et les signes visibles de l&#039;\u00e2ge. Il diminue efficacement l&#039;apparition des rides et des ridules gr\u00e2ce \u00e0 la pr\u00e9sence d&#039;acide citrique qui acc\u00e9l\u00e8re l&#039;exfoliation.  Ce\u00a0soin anti-rides\u00a0comporte une combinaison in\u00e9dite d&#039;acide dio\u00efque \u00e0 2 % et une formulation d&#039;acide alpha et b\u00eata-hydroxy. Il \u00e9limine les cellules mortes et d\u00e9sobstrue les pores pour un effet peau neuve.  En r\u00e9gulant la production de s\u00e9bum, il r\u00e9duit\u00a0les imperfections,\u00a0et\u00a0pr\u00e9vient\u00a0l&#039;hyperpigmentation et l\u2019apparition des taches.   R\u00e9duit la production d&#039;exc\u00e8s de s\u00e9bum, l&#039;inflammation cutan\u00e9e  Corrige les imperfections de la peau  Unifie le teint, peau liss\u00e9e  Les pores obstru\u00e9s sont d\u00e9congestionn\u00e9s  R\u00e9duit les signes visibles de l&#039;\u00e2ge : rides &amp; ridules (rides d\u2019expression, ride du lion)  \u00c9limine les cellules mortes : effet peau neuve  R\u00e9duit l&#039;apparition de boutons dans la cas de peau acn\u00e9iqu  30 ml\" \/>\n<meta property=\"og:url\" content=\"https:\/\/dermanence.com\/fr\/produit\/blemish-age-defense\/\" \/>\n<meta property=\"og:site_name\" content=\"Dermanence Shop\" \/>\n<meta property=\"article:modified_time\" content=\"2024-06-25T10:23:58+00:00\" \/>\n<meta property=\"og:image\" content=\"https:\/\/dermanence.com\/wp-content\/uploads\/2020\/10\/zk69e56bulhgu8220mon.png\" \/>\n\t<meta property=\"og:image:width\" content=\"618\" \/>\n\t<meta property=\"og:image:height\" content=\"1000\" \/>\n\t<meta property=\"og:image:type\" content=\"image\/png\" \/>\n<meta name=\"twitter:card\" content=\"summary_large_image\" \/>\n<script type=\"application\/ld+json\" class=\"yoast-schema-graph\">{\"@context\":\"https:\/\/schema.org\",\"@graph\":[{\"@type\":\"WebPage\",\"@id\":\"https:\/\/dermanence.com\/fr\/produit\/blemish-age-defense\/\",\"url\":\"https:\/\/dermanence.com\/fr\/produit\/blemish-age-defense\/\",\"name\":\"Blemish + Age Defense - Dermanence Shop\",\"isPartOf\":{\"@id\":\"https:\/\/dermanence.com\/#website\"},\"primaryImageOfPage\":{\"@id\":\"https:\/\/dermanence.com\/fr\/produit\/blemish-age-defense\/#primaryimage\"},\"image\":{\"@id\":\"https:\/\/dermanence.com\/fr\/produit\/blemish-age-defense\/#primaryimage\"},\"thumbnailUrl\":\"https:\/\/dermanence.com\/wp-content\/uploads\/2019\/10\/product_06.png\",\"datePublished\":\"2019-10-08T07:48:51+00:00\",\"dateModified\":\"2024-06-25T10:23:58+00:00\",\"breadcrumb\":{\"@id\":\"https:\/\/dermanence.com\/fr\/produit\/blemish-age-defense\/#breadcrumb\"},\"inLanguage\":\"fr-FR\",\"potentialAction\":[{\"@type\":\"ReadAction\",\"target\":[\"https:\/\/dermanence.com\/fr\/produit\/blemish-age-defense\/\"]}]},{\"@type\":\"ImageObject\",\"inLanguage\":\"fr-FR\",\"@id\":\"https:\/\/dermanence.com\/fr\/produit\/blemish-age-defense\/#primaryimage\",\"url\":\"https:\/\/dermanence.com\/wp-content\/uploads\/2019\/10\/product_06.png\",\"contentUrl\":\"https:\/\/dermanence.com\/wp-content\/uploads\/2019\/10\/product_06.png\",\"width\":360,\"height\":540},{\"@type\":\"BreadcrumbList\",\"@id\":\"https:\/\/dermanence.com\/fr\/produit\/blemish-age-defense\/#breadcrumb\",\"itemListElement\":[{\"@type\":\"ListItem\",\"position\":1,\"name\":\"Home\",\"item\":\"https:\/\/dermanence.com\/fr\/\"},{\"@type\":\"ListItem\",\"position\":2,\"name\":\"Boutique\",\"item\":\"https:\/\/dermanence.com\/fr\/shop\/\"},{\"@type\":\"ListItem\",\"position\":3,\"name\":\"Blemish + Age Defense\"}]},{\"@type\":\"WebSite\",\"@id\":\"https:\/\/dermanence.com\/#website\",\"url\":\"https:\/\/dermanence.com\/\",\"name\":\"Dermanence Shop\",\"description\":\" Votre salon de beaut\u00e9 avec sa propre clinique dermatologique\",\"potentialAction\":[{\"@type\":\"SearchAction\",\"target\":{\"@type\":\"EntryPoint\",\"urlTemplate\":\"https:\/\/dermanence.com\/?s={search_term_string}\"},\"query-input\":{\"@type\":\"PropertyValueSpecification\",\"valueRequired\":true,\"valueName\":\"search_term_string\"}}],\"inLanguage\":\"fr-FR\"}]}<\/script>\n<!-- \/ Yoast SEO plugin. -->","yoast_head_json":{"title":"Blemish + Age Defense - Dermanence Shop","robots":{"index":"index","follow":"follow","max-snippet":"max-snippet:-1","max-image-preview":"max-image-preview:large","max-video-preview":"max-video-preview:-1"},"canonical":"https:\/\/dermanence.com\/fr\/produit\/blemish-age-defense\/","og_locale":"fr_FR","og_type":"article","og_title":"Blemish + Age Defense - Dermanence Shop","og_description":"Un s\u00e9rum double action anti-\u00e2ge et anti-imperfections. R\u00e9duit la formation des imperfections et att\u00e9nue les signes de l'\u00e2ge.\u00a0Aide \u00e0 combattre l'acn\u00e9.   Ce soin cibl\u00e9 non gras \u00e0 double efficacit\u00e9 corrige les\u00a0imperfections\u00a0et les signes visibles de l'\u00e2ge. Il diminue efficacement l'apparition des rides et des ridules gr\u00e2ce \u00e0 la pr\u00e9sence d'acide citrique qui acc\u00e9l\u00e8re l'exfoliation.  Ce\u00a0soin anti-rides\u00a0comporte une combinaison in\u00e9dite d'acide dio\u00efque \u00e0 2 % et une formulation d'acide alpha et b\u00eata-hydroxy. Il \u00e9limine les cellules mortes et d\u00e9sobstrue les pores pour un effet peau neuve.  En r\u00e9gulant la production de s\u00e9bum, il r\u00e9duit\u00a0les imperfections,\u00a0et\u00a0pr\u00e9vient\u00a0l'hyperpigmentation et l\u2019apparition des taches.   R\u00e9duit la production d'exc\u00e8s de s\u00e9bum, l'inflammation cutan\u00e9e  Corrige les imperfections de la peau  Unifie le teint, peau liss\u00e9e  Les pores obstru\u00e9s sont d\u00e9congestionn\u00e9s  R\u00e9duit les signes visibles de l'\u00e2ge : rides &amp; ridules (rides d\u2019expression, ride du lion)  \u00c9limine les cellules mortes : effet peau neuve  R\u00e9duit l'apparition de boutons dans la cas de peau acn\u00e9iqu  30 ml","og_url":"https:\/\/dermanence.com\/fr\/produit\/blemish-age-defense\/","og_site_name":"Dermanence Shop","article_modified_time":"2024-06-25T10:23:58+00:00","og_image":[{"width":618,"height":1000,"url":"https:\/\/dermanence.com\/wp-content\/uploads\/2020\/10\/zk69e56bulhgu8220mon.png","type":"image\/png"}],"twitter_card":"summary_large_image","schema":{"@context":"https:\/\/schema.org","@graph":[{"@type":"WebPage","@id":"https:\/\/dermanence.com\/fr\/produit\/blemish-age-defense\/","url":"https:\/\/dermanence.com\/fr\/produit\/blemish-age-defense\/","name":"Blemish + Age Defense - Dermanence Shop","isPartOf":{"@id":"https:\/\/dermanence.com\/#website"},"primaryImageOfPage":{"@id":"https:\/\/dermanence.com\/fr\/produit\/blemish-age-defense\/#primaryimage"},"image":{"@id":"https:\/\/dermanence.com\/fr\/produit\/blemish-age-defense\/#primaryimage"},"thumbnailUrl":"https:\/\/dermanence.com\/wp-content\/uploads\/2019\/10\/product_06.png","datePublished":"2019-10-08T07:48:51+00:00","dateModified":"2024-06-25T10:23:58+00:00","breadcrumb":{"@id":"https:\/\/dermanence.com\/fr\/produit\/blemish-age-defense\/#breadcrumb"},"inLanguage":"fr-FR","potentialAction":[{"@type":"ReadAction","target":["https:\/\/dermanence.com\/fr\/produit\/blemish-age-defense\/"]}]},{"@type":"ImageObject","inLanguage":"fr-FR","@id":"https:\/\/dermanence.com\/fr\/produit\/blemish-age-defense\/#primaryimage","url":"https:\/\/dermanence.com\/wp-content\/uploads\/2019\/10\/product_06.png","contentUrl":"https:\/\/dermanence.com\/wp-content\/uploads\/2019\/10\/product_06.png","width":360,"height":540},{"@type":"BreadcrumbList","@id":"https:\/\/dermanence.com\/fr\/produit\/blemish-age-defense\/#breadcrumb","itemListElement":[{"@type":"ListItem","position":1,"name":"Home","item":"https:\/\/dermanence.com\/fr\/"},{"@type":"ListItem","position":2,"name":"Boutique","item":"https:\/\/dermanence.com\/fr\/shop\/"},{"@type":"ListItem","position":3,"name":"Blemish + Age Defense"}]},{"@type":"WebSite","@id":"https:\/\/dermanence.com\/#website","url":"https:\/\/dermanence.com\/","name":"Dermanence Shop","description":" Votre salon de beaut\u00e9 avec sa propre clinique dermatologique","potentialAction":[{"@type":"SearchAction","target":{"@type":"EntryPoint","urlTemplate":"https:\/\/dermanence.com\/?s={search_term_string}"},"query-input":{"@type":"PropertyValueSpecification","valueRequired":true,"valueName":"search_term_string"}}],"inLanguage":"fr-FR"}]}},"_links":{"self":[{"href":"https:\/\/dermanence.com\/fr\/wp-json\/wp\/v2\/product\/2578863","targetHints":{"allow":["GET"]}}],"collection":[{"href":"https:\/\/dermanence.com\/fr\/wp-json\/wp\/v2\/product"}],"about":[{"href":"https:\/\/dermanence.com\/fr\/wp-json\/wp\/v2\/types\/product"}],"replies":[{"embeddable":true,"href":"https:\/\/dermanence.com\/fr\/wp-json\/wp\/v2\/comments?post=2578863"}],"wp:featuredmedia":[{"embeddable":true,"href":"https:\/\/dermanence.com\/fr\/wp-json\/wp\/v2\/media\/2593030"}],"wp:attachment":[{"href":"https:\/\/dermanence.com\/fr\/wp-json\/wp\/v2\/media?parent=2578863"}],"wp:term":[{"taxonomy":"product_brand","embeddable":true,"href":"https:\/\/dermanence.com\/fr\/wp-json\/wp\/v2\/product_brand?post=2578863"},{"taxonomy":"product_cat","embeddable":true,"href":"https:\/\/dermanence.com\/fr\/wp-json\/wp\/v2\/product_cat?post=2578863"},{"taxonomy":"product_tag","embeddable":true,"href":"https:\/\/dermanence.com\/fr\/wp-json\/wp\/v2\/product_tag?post=2578863"}],"curies":[{"name":"wp","href":"https:\/\/api.w.org\/{rel}","templated":true}]}}