{"id":2577077,"date":"2020-05-03T09:04:40","date_gmt":"2020-05-03T07:04:40","guid":{"rendered":"https:\/\/dermanence.com\/produkt\/hydrafacial\/"},"modified":"2025-12-09T11:08:43","modified_gmt":"2025-12-09T10:08:43","slug":"hydrafacial","status":"publish","type":"product","link":"https:\/\/dermanence.com\/fr\/produit\/hydrafacial\/","title":{"rendered":"HydraFacial &#8211; das Original-Treatment"},"content":{"rendered":"","protected":false},"excerpt":{"rendered":"<p><strong>Die aus den USA bekannte Gesichtsbehandlung HydraFacial l\u00e4sst die Haut sofort j\u00fcnger, strahlender und ges\u00fcnder wirken. HydraFacial ist so effektiv, da sie Peeling, Tiefenausreinigung und die Pflege mit Antioxidantien, Vitaminen und Hyaluron mit der Wirkung von LED-Licht und Lymphdrainage kombiniert.<\/strong><\/p>\n<p>HydraFacial eignet sich f\u00fcr jeden Hauttyp, jedes Geschlecht und jede Hautfarbe. Sie ist ein wahrer Allrounder, verbessert das Hautbild und kann eingesetzt werden f\u00fcr\/gegen:<\/p>\n<p>\u2713 Elastizit\u00e4t &amp; Spannkraft<br \/>\n\u2713 Kleine Falten<br \/>\n\u2713 Hautvitalit\u00e4t<br \/>\n\u2713 Leuchtkraft des Teints<br \/>\n\u2713 Hauttextur<br \/>\n\u2713 Gleichm\u00e4ssigkeit der Hautstruktur<br \/>\n\u2713 Pigmentflecken \/ Sonnensch\u00e4den<br \/>\n\u2713 \u00d6lige Haut, verstopfte Poren, Akne<br \/>\n\u2713 Alterserscheinungen der Haut<\/p>\n","protected":false},"featured_media":2593613,"comment_status":"open","ping_status":"closed","template":"","meta":[],"product_brand":[103],"product_cat":[360,34],"product_tag":[],"class_list":{"0":"post-2577077","1":"product","2":"type-product","3":"status-publish","4":"has-post-thumbnail","6":"product_brand-dermanence","7":"product_cat-beauty-treatments","8":"product_cat-schenken","10":"first","11":"onbackorder","12":"taxable","13":"shipping-taxable","14":"purchasable","15":"product-type-variable","16":"has-default-attributes"},"gallery_images":[2577090,2577092],"yoast_head":"<!-- This site is optimized with the Yoast SEO plugin v25.9 - https:\/\/yoast.com\/wordpress\/plugins\/seo\/ -->\n<title>HydraFacial - das Original-Treatment - Dermanence Shop<\/title>\n<meta name=\"description\" content=\"HydraFacial schenken, HydraFacial die Original-Behandlung in Z\u00fcrich als Gutschein schenken. Klinik Bahnhofstrasse\" \/>\n<meta name=\"robots\" content=\"index, follow, max-snippet:-1, max-image-preview:large, max-video-preview:-1\" \/>\n<link rel=\"canonical\" href=\"https:\/\/dermanence.com\/produkt\/hydrafacial\/\" \/>\n<meta property=\"og:locale\" content=\"fr_FR\" \/>\n<meta property=\"og:type\" content=\"article\" \/>\n<meta property=\"og:title\" content=\"HydraFacial - das Original-Treatment - Dermanence Shop\" \/>\n<meta property=\"og:description\" content=\"HydraFacial schenken, HydraFacial die Original-Behandlung in Z\u00fcrich als Gutschein schenken. Klinik Bahnhofstrasse\" \/>\n<meta property=\"og:url\" content=\"https:\/\/dermanence.com\/produkt\/hydrafacial\/\" \/>\n<meta property=\"og:site_name\" content=\"Dermanence Shop\" \/>\n<meta property=\"article:modified_time\" content=\"2025-12-09T10:08:43+00:00\" \/>\n<meta property=\"og:image\" content=\"https:\/\/dermanence.com\/wp-content\/uploads\/2020\/05\/hydrafacial-behandlung_zurich.png\" \/>\n\t<meta property=\"og:image:width\" content=\"1000\" \/>\n\t<meta property=\"og:image:height\" content=\"1013\" \/>\n\t<meta property=\"og:image:type\" content=\"image\/png\" \/>\n<meta name=\"twitter:card\" content=\"summary_large_image\" \/>\n<script type=\"application\/ld+json\" class=\"yoast-schema-graph\">{\"@context\":\"https:\/\/schema.org\",\"@graph\":[{\"@type\":\"WebPage\",\"@id\":\"https:\/\/dermanence.com\/produkt\/hydrafacial\/\",\"url\":\"https:\/\/dermanence.com\/produkt\/hydrafacial\/\",\"name\":\"HydraFacial - das Original-Treatment - Dermanence Shop\",\"isPartOf\":{\"@id\":\"https:\/\/dermanence.com\/#website\"},\"primaryImageOfPage\":{\"@id\":\"https:\/\/dermanence.com\/produkt\/hydrafacial\/#primaryimage\"},\"image\":{\"@id\":\"https:\/\/dermanence.com\/produkt\/hydrafacial\/#primaryimage\"},\"thumbnailUrl\":\"https:\/\/dermanence.com\/wp-content\/uploads\/2020\/05\/hydrafacial-behandlung_zurich.png\",\"datePublished\":\"2020-05-03T07:04:40+00:00\",\"dateModified\":\"2025-12-09T10:08:43+00:00\",\"description\":\"HydraFacial schenken, HydraFacial die Original-Behandlung in Z\u00fcrich als Gutschein schenken. Klinik Bahnhofstrasse\",\"breadcrumb\":{\"@id\":\"https:\/\/dermanence.com\/produkt\/hydrafacial\/#breadcrumb\"},\"inLanguage\":\"fr-FR\",\"potentialAction\":[{\"@type\":\"ReadAction\",\"target\":[\"https:\/\/dermanence.com\/produkt\/hydrafacial\/\"]}]},{\"@type\":\"ImageObject\",\"inLanguage\":\"fr-FR\",\"@id\":\"https:\/\/dermanence.com\/produkt\/hydrafacial\/#primaryimage\",\"url\":\"https:\/\/dermanence.com\/wp-content\/uploads\/2020\/05\/hydrafacial-behandlung_zurich.png\",\"contentUrl\":\"https:\/\/dermanence.com\/wp-content\/uploads\/2020\/05\/hydrafacial-behandlung_zurich.png\",\"width\":1000,\"height\":1013},{\"@type\":\"BreadcrumbList\",\"@id\":\"https:\/\/dermanence.com\/produkt\/hydrafacial\/#breadcrumb\",\"itemListElement\":[{\"@type\":\"ListItem\",\"position\":1,\"name\":\"Home\",\"item\":\"https:\/\/dermanence.com\/fr\/\"},{\"@type\":\"ListItem\",\"position\":2,\"name\":\"Boutique\",\"item\":\"https:\/\/dermanence.com\/fr\/shop\/\"},{\"@type\":\"ListItem\",\"position\":3,\"name\":\"HydraFacial &#8211; das Original-Treatment\"}]},{\"@type\":\"WebSite\",\"@id\":\"https:\/\/dermanence.com\/#website\",\"url\":\"https:\/\/dermanence.com\/\",\"name\":\"Dermanence Shop\",\"description\":\" Votre salon de beaut\u00e9 avec sa propre clinique dermatologique\",\"potentialAction\":[{\"@type\":\"SearchAction\",\"target\":{\"@type\":\"EntryPoint\",\"urlTemplate\":\"https:\/\/dermanence.com\/?s={search_term_string}\"},\"query-input\":{\"@type\":\"PropertyValueSpecification\",\"valueRequired\":true,\"valueName\":\"search_term_string\"}}],\"inLanguage\":\"fr-FR\"}]}<\/script>\n<!-- \/ Yoast SEO plugin. -->","yoast_head_json":{"title":"HydraFacial - das Original-Treatment - Dermanence Shop","description":"HydraFacial schenken, HydraFacial die Original-Behandlung in Z\u00fcrich als Gutschein schenken. Klinik Bahnhofstrasse","robots":{"index":"index","follow":"follow","max-snippet":"max-snippet:-1","max-image-preview":"max-image-preview:large","max-video-preview":"max-video-preview:-1"},"canonical":"https:\/\/dermanence.com\/produkt\/hydrafacial\/","og_locale":"fr_FR","og_type":"article","og_title":"HydraFacial - das Original-Treatment - Dermanence Shop","og_description":"HydraFacial schenken, HydraFacial die Original-Behandlung in Z\u00fcrich als Gutschein schenken. Klinik Bahnhofstrasse","og_url":"https:\/\/dermanence.com\/produkt\/hydrafacial\/","og_site_name":"Dermanence Shop","article_modified_time":"2025-12-09T10:08:43+00:00","og_image":[{"width":1000,"height":1013,"url":"https:\/\/dermanence.com\/wp-content\/uploads\/2020\/05\/hydrafacial-behandlung_zurich.png","type":"image\/png"}],"twitter_card":"summary_large_image","schema":{"@context":"https:\/\/schema.org","@graph":[{"@type":"WebPage","@id":"https:\/\/dermanence.com\/produkt\/hydrafacial\/","url":"https:\/\/dermanence.com\/produkt\/hydrafacial\/","name":"HydraFacial - das Original-Treatment - Dermanence Shop","isPartOf":{"@id":"https:\/\/dermanence.com\/#website"},"primaryImageOfPage":{"@id":"https:\/\/dermanence.com\/produkt\/hydrafacial\/#primaryimage"},"image":{"@id":"https:\/\/dermanence.com\/produkt\/hydrafacial\/#primaryimage"},"thumbnailUrl":"https:\/\/dermanence.com\/wp-content\/uploads\/2020\/05\/hydrafacial-behandlung_zurich.png","datePublished":"2020-05-03T07:04:40+00:00","dateModified":"2025-12-09T10:08:43+00:00","description":"HydraFacial schenken, HydraFacial die Original-Behandlung in Z\u00fcrich als Gutschein schenken. Klinik Bahnhofstrasse","breadcrumb":{"@id":"https:\/\/dermanence.com\/produkt\/hydrafacial\/#breadcrumb"},"inLanguage":"fr-FR","potentialAction":[{"@type":"ReadAction","target":["https:\/\/dermanence.com\/produkt\/hydrafacial\/"]}]},{"@type":"ImageObject","inLanguage":"fr-FR","@id":"https:\/\/dermanence.com\/produkt\/hydrafacial\/#primaryimage","url":"https:\/\/dermanence.com\/wp-content\/uploads\/2020\/05\/hydrafacial-behandlung_zurich.png","contentUrl":"https:\/\/dermanence.com\/wp-content\/uploads\/2020\/05\/hydrafacial-behandlung_zurich.png","width":1000,"height":1013},{"@type":"BreadcrumbList","@id":"https:\/\/dermanence.com\/produkt\/hydrafacial\/#breadcrumb","itemListElement":[{"@type":"ListItem","position":1,"name":"Home","item":"https:\/\/dermanence.com\/fr\/"},{"@type":"ListItem","position":2,"name":"Boutique","item":"https:\/\/dermanence.com\/fr\/shop\/"},{"@type":"ListItem","position":3,"name":"HydraFacial &#8211; das Original-Treatment"}]},{"@type":"WebSite","@id":"https:\/\/dermanence.com\/#website","url":"https:\/\/dermanence.com\/","name":"Dermanence Shop","description":" Votre salon de beaut\u00e9 avec sa propre clinique dermatologique","potentialAction":[{"@type":"SearchAction","target":{"@type":"EntryPoint","urlTemplate":"https:\/\/dermanence.com\/?s={search_term_string}"},"query-input":{"@type":"PropertyValueSpecification","valueRequired":true,"valueName":"search_term_string"}}],"inLanguage":"fr-FR"}]}},"_links":{"self":[{"href":"https:\/\/dermanence.com\/fr\/wp-json\/wp\/v2\/product\/2577077","targetHints":{"allow":["GET"]}}],"collection":[{"href":"https:\/\/dermanence.com\/fr\/wp-json\/wp\/v2\/product"}],"about":[{"href":"https:\/\/dermanence.com\/fr\/wp-json\/wp\/v2\/types\/product"}],"replies":[{"embeddable":true,"href":"https:\/\/dermanence.com\/fr\/wp-json\/wp\/v2\/comments?post=2577077"}],"wp:featuredmedia":[{"embeddable":true,"href":"https:\/\/dermanence.com\/fr\/wp-json\/wp\/v2\/media\/2593613"}],"wp:attachment":[{"href":"https:\/\/dermanence.com\/fr\/wp-json\/wp\/v2\/media?parent=2577077"}],"wp:term":[{"taxonomy":"product_brand","embeddable":true,"href":"https:\/\/dermanence.com\/fr\/wp-json\/wp\/v2\/product_brand?post=2577077"},{"taxonomy":"product_cat","embeddable":true,"href":"https:\/\/dermanence.com\/fr\/wp-json\/wp\/v2\/product_cat?post=2577077"},{"taxonomy":"product_tag","embeddable":true,"href":"https:\/\/dermanence.com\/fr\/wp-json\/wp\/v2\/product_tag?post=2577077"}],"curies":[{"name":"wp","href":"https:\/\/api.w.org\/{rel}","templated":true}]}}