{"id":17021,"date":"2019-09-30T14:25:16","date_gmt":"2019-09-30T12:25:16","guid":{"rendered":"https:\/\/dermanence.com\/product\/is-clinical-c-eye-serum-advance-15-ml\/"},"modified":"2024-03-29T01:17:06","modified_gmt":"2024-03-29T00:17:06","slug":"is-clinical-c-eye-serum-advance-15-ml","status":"publish","type":"product","link":"https:\/\/dermanence.com\/fr\/produit\/is-clinical-c-eye-serum-advance-15-ml\/","title":{"rendered":"C Eye Serum Advance+"},"content":{"rendered":"","protected":false},"excerpt":{"rendered":"<p>Das\u00a0<em><strong>C EYE SERUM ADVANCE+\u00ae\u00a0<\/strong><\/em>ist eine hochmoderne Formel, die eine 7,5-prozentige Konzentration unserer zukunftsweisenden Ascorbins\u00e4ure (Vitamin C) mit dem Kupfer-Tripeptid-Wachstumsfaktor (naturidentisch) f\u00fcr verbesserte Anti-Aging-Eigenschaften, effektiv vereint. Diese wirksame und dennoch sanfte Formel ist entwickelt worden, um dabei zu helfen, die Erscheinung von Schwellungen unter den Augen, feine Linien und Falten zu verringern. Das\u00a0<em><strong>C EYE SERUM ADVANCE+<\/strong><\/em>hilft au\u00dferdem dabei, dunkle Augenringe aufzuhellen, die Spannkraft und Struktur der Haut zu verbessern und bietet einen optimierten antioxidativen Schutz.<\/p>\n<ul>\n<li>Hellt dunkle Augenringe auf<\/li>\n<li>Reduziert Schwellungen unter den Augen und Falten um die Augenh\u00f6hle herum (Kr\u00e4henf\u00fc\u00dfe)<\/li>\n<li>Bietet einen enorm verbesserten antioxidativen Schutz<\/li>\n<li>F\u00f6rdert die Kollagensynthese<\/li>\n<li>Parabenfrei<\/li>\n<\/ul>\n<p>F\u00fcllmenge: 15 ml<\/p>\n","protected":false},"featured_media":904080,"comment_status":"open","ping_status":"closed","template":"","meta":[],"product_brand":[],"product_cat":[167,414,209,168,361,207,171,205,25,225,206,203,175,208,219,178,204,166,179],"product_tag":[],"class_list":{"0":"post-17021","1":"product","2":"type-product","3":"status-publish","4":"has-post-thumbnail","6":"product_cat-anti-aging","7":"product_cat-antioxidantien","8":"product_cat-augenpflege","9":"product_cat-augenringe","10":"product_cat-editors-picks","11":"product_cat-empfindliche-haut","12":"product_cat-faltenglaettung","13":"product_cat-fettige-haut","14":"product_cat-gesichtspflege","15":"product_cat-hyaluronsaeure","16":"product_cat-mischhaut","17":"product_cat-normale-haut","18":"product_cat-pigmentflecken","19":"product_cat-reife-haut","20":"product_cat-serum","21":"product_cat-traenensaecke","22":"product_cat-trockene-haut","23":"product_cat-unsere-dermatologen-empfehlen","24":"product_cat-whitening","26":"first","27":"outofstock","28":"taxable","29":"shipping-taxable","30":"purchasable","31":"product-type-simple"},"gallery_images":[],"yoast_head":"<!-- This site is optimized with the Yoast SEO plugin v25.9 - https:\/\/yoast.com\/wordpress\/plugins\/seo\/ -->\n<title>C Eye Serum Advance+ - Dermanence Shop<\/title>\n<meta name=\"robots\" content=\"index, follow, max-snippet:-1, max-image-preview:large, max-video-preview:-1\" \/>\n<link rel=\"canonical\" href=\"https:\/\/dermanence.com\/produkt\/is-clinical-c-eye-serum-advance-15-ml\/\" \/>\n<meta property=\"og:locale\" content=\"fr_FR\" \/>\n<meta property=\"og:type\" content=\"article\" \/>\n<meta property=\"og:title\" content=\"C Eye Serum Advance+ - Dermanence Shop\" \/>\n<meta property=\"og:description\" content=\"Das\u00a0C EYE SERUM ADVANCE+\u00ae\u00a0ist eine hochmoderne Formel, die eine 7,5-prozentige Konzentration unserer zukunftsweisenden Ascorbins\u00e4ure (Vitamin C) mit dem Kupfer-Tripeptid-Wachstumsfaktor (naturidentisch) f\u00fcr verbesserte Anti-Aging-Eigenschaften, effektiv vereint. Diese wirksame und dennoch sanfte Formel ist entwickelt worden, um dabei zu helfen, die Erscheinung von Schwellungen unter den Augen, feine Linien und Falten zu verringern. Das\u00a0C EYE SERUM ADVANCE+hilft au\u00dferdem dabei, dunkle Augenringe aufzuhellen, die Spannkraft und Struktur der Haut zu verbessern und bietet einen optimierten antioxidativen Schutz.   Hellt dunkle Augenringe auf  Reduziert Schwellungen unter den Augen und Falten um die Augenh\u00f6hle herum (Kr\u00e4henf\u00fc\u00dfe)  Bietet einen enorm verbesserten antioxidativen Schutz  F\u00f6rdert die Kollagensynthese  Parabenfrei  F\u00fcllmenge: 15 ml\" \/>\n<meta property=\"og:url\" content=\"https:\/\/dermanence.com\/produkt\/is-clinical-c-eye-serum-advance-15-ml\/\" \/>\n<meta property=\"og:site_name\" content=\"Dermanence Shop\" \/>\n<meta property=\"article:modified_time\" content=\"2024-03-29T00:17:06+00:00\" \/>\n<meta property=\"og:image\" content=\"https:\/\/dermanence.com\/wp-content\/uploads\/2020\/03\/bcqxr8qcsbbee5s7afdc.jpg\" \/>\n\t<meta property=\"og:image:width\" content=\"800\" \/>\n\t<meta property=\"og:image:height\" content=\"800\" \/>\n\t<meta property=\"og:image:type\" content=\"image\/jpeg\" \/>\n<meta name=\"twitter:card\" content=\"summary_large_image\" \/>\n<script type=\"application\/ld+json\" class=\"yoast-schema-graph\">{\"@context\":\"https:\/\/schema.org\",\"@graph\":[{\"@type\":\"WebPage\",\"@id\":\"https:\/\/dermanence.com\/produkt\/is-clinical-c-eye-serum-advance-15-ml\/\",\"url\":\"https:\/\/dermanence.com\/produkt\/is-clinical-c-eye-serum-advance-15-ml\/\",\"name\":\"C Eye Serum Advance+ - Dermanence Shop\",\"isPartOf\":{\"@id\":\"https:\/\/dermanence.com\/#website\"},\"primaryImageOfPage\":{\"@id\":\"https:\/\/dermanence.com\/produkt\/is-clinical-c-eye-serum-advance-15-ml\/#primaryimage\"},\"image\":{\"@id\":\"https:\/\/dermanence.com\/produkt\/is-clinical-c-eye-serum-advance-15-ml\/#primaryimage\"},\"thumbnailUrl\":\"https:\/\/dermanence.com\/wp-content\/uploads\/2020\/03\/bcqxr8qcsbbee5s7afdc.jpg\",\"datePublished\":\"2019-09-30T12:25:16+00:00\",\"dateModified\":\"2024-03-29T00:17:06+00:00\",\"breadcrumb\":{\"@id\":\"https:\/\/dermanence.com\/produkt\/is-clinical-c-eye-serum-advance-15-ml\/#breadcrumb\"},\"inLanguage\":\"fr-FR\",\"potentialAction\":[{\"@type\":\"ReadAction\",\"target\":[\"https:\/\/dermanence.com\/produkt\/is-clinical-c-eye-serum-advance-15-ml\/\"]}]},{\"@type\":\"ImageObject\",\"inLanguage\":\"fr-FR\",\"@id\":\"https:\/\/dermanence.com\/produkt\/is-clinical-c-eye-serum-advance-15-ml\/#primaryimage\",\"url\":\"https:\/\/dermanence.com\/wp-content\/uploads\/2020\/03\/bcqxr8qcsbbee5s7afdc.jpg\",\"contentUrl\":\"https:\/\/dermanence.com\/wp-content\/uploads\/2020\/03\/bcqxr8qcsbbee5s7afdc.jpg\",\"width\":800,\"height\":800},{\"@type\":\"BreadcrumbList\",\"@id\":\"https:\/\/dermanence.com\/produkt\/is-clinical-c-eye-serum-advance-15-ml\/#breadcrumb\",\"itemListElement\":[{\"@type\":\"ListItem\",\"position\":1,\"name\":\"Home\",\"item\":\"https:\/\/dermanence.com\/fr\/\"},{\"@type\":\"ListItem\",\"position\":2,\"name\":\"Boutique\",\"item\":\"https:\/\/dermanence.com\/fr\/shop\/\"},{\"@type\":\"ListItem\",\"position\":3,\"name\":\"C Eye Serum Advance+\"}]},{\"@type\":\"WebSite\",\"@id\":\"https:\/\/dermanence.com\/#website\",\"url\":\"https:\/\/dermanence.com\/\",\"name\":\"Dermanence Shop\",\"description\":\" Votre salon de beaut\u00e9 avec sa propre clinique dermatologique\",\"potentialAction\":[{\"@type\":\"SearchAction\",\"target\":{\"@type\":\"EntryPoint\",\"urlTemplate\":\"https:\/\/dermanence.com\/?s={search_term_string}\"},\"query-input\":{\"@type\":\"PropertyValueSpecification\",\"valueRequired\":true,\"valueName\":\"search_term_string\"}}],\"inLanguage\":\"fr-FR\"}]}<\/script>\n<!-- \/ Yoast SEO plugin. -->","yoast_head_json":{"title":"C Eye Serum Advance+ - Dermanence Shop","robots":{"index":"index","follow":"follow","max-snippet":"max-snippet:-1","max-image-preview":"max-image-preview:large","max-video-preview":"max-video-preview:-1"},"canonical":"https:\/\/dermanence.com\/produkt\/is-clinical-c-eye-serum-advance-15-ml\/","og_locale":"fr_FR","og_type":"article","og_title":"C Eye Serum Advance+ - Dermanence Shop","og_description":"Das\u00a0C EYE SERUM ADVANCE+\u00ae\u00a0ist eine hochmoderne Formel, die eine 7,5-prozentige Konzentration unserer zukunftsweisenden Ascorbins\u00e4ure (Vitamin C) mit dem Kupfer-Tripeptid-Wachstumsfaktor (naturidentisch) f\u00fcr verbesserte Anti-Aging-Eigenschaften, effektiv vereint. Diese wirksame und dennoch sanfte Formel ist entwickelt worden, um dabei zu helfen, die Erscheinung von Schwellungen unter den Augen, feine Linien und Falten zu verringern. Das\u00a0C EYE SERUM ADVANCE+hilft au\u00dferdem dabei, dunkle Augenringe aufzuhellen, die Spannkraft und Struktur der Haut zu verbessern und bietet einen optimierten antioxidativen Schutz.   Hellt dunkle Augenringe auf  Reduziert Schwellungen unter den Augen und Falten um die Augenh\u00f6hle herum (Kr\u00e4henf\u00fc\u00dfe)  Bietet einen enorm verbesserten antioxidativen Schutz  F\u00f6rdert die Kollagensynthese  Parabenfrei  F\u00fcllmenge: 15 ml","og_url":"https:\/\/dermanence.com\/produkt\/is-clinical-c-eye-serum-advance-15-ml\/","og_site_name":"Dermanence Shop","article_modified_time":"2024-03-29T00:17:06+00:00","og_image":[{"width":800,"height":800,"url":"https:\/\/dermanence.com\/wp-content\/uploads\/2020\/03\/bcqxr8qcsbbee5s7afdc.jpg","type":"image\/jpeg"}],"twitter_card":"summary_large_image","schema":{"@context":"https:\/\/schema.org","@graph":[{"@type":"WebPage","@id":"https:\/\/dermanence.com\/produkt\/is-clinical-c-eye-serum-advance-15-ml\/","url":"https:\/\/dermanence.com\/produkt\/is-clinical-c-eye-serum-advance-15-ml\/","name":"C Eye Serum Advance+ - Dermanence Shop","isPartOf":{"@id":"https:\/\/dermanence.com\/#website"},"primaryImageOfPage":{"@id":"https:\/\/dermanence.com\/produkt\/is-clinical-c-eye-serum-advance-15-ml\/#primaryimage"},"image":{"@id":"https:\/\/dermanence.com\/produkt\/is-clinical-c-eye-serum-advance-15-ml\/#primaryimage"},"thumbnailUrl":"https:\/\/dermanence.com\/wp-content\/uploads\/2020\/03\/bcqxr8qcsbbee5s7afdc.jpg","datePublished":"2019-09-30T12:25:16+00:00","dateModified":"2024-03-29T00:17:06+00:00","breadcrumb":{"@id":"https:\/\/dermanence.com\/produkt\/is-clinical-c-eye-serum-advance-15-ml\/#breadcrumb"},"inLanguage":"fr-FR","potentialAction":[{"@type":"ReadAction","target":["https:\/\/dermanence.com\/produkt\/is-clinical-c-eye-serum-advance-15-ml\/"]}]},{"@type":"ImageObject","inLanguage":"fr-FR","@id":"https:\/\/dermanence.com\/produkt\/is-clinical-c-eye-serum-advance-15-ml\/#primaryimage","url":"https:\/\/dermanence.com\/wp-content\/uploads\/2020\/03\/bcqxr8qcsbbee5s7afdc.jpg","contentUrl":"https:\/\/dermanence.com\/wp-content\/uploads\/2020\/03\/bcqxr8qcsbbee5s7afdc.jpg","width":800,"height":800},{"@type":"BreadcrumbList","@id":"https:\/\/dermanence.com\/produkt\/is-clinical-c-eye-serum-advance-15-ml\/#breadcrumb","itemListElement":[{"@type":"ListItem","position":1,"name":"Home","item":"https:\/\/dermanence.com\/fr\/"},{"@type":"ListItem","position":2,"name":"Boutique","item":"https:\/\/dermanence.com\/fr\/shop\/"},{"@type":"ListItem","position":3,"name":"C Eye Serum Advance+"}]},{"@type":"WebSite","@id":"https:\/\/dermanence.com\/#website","url":"https:\/\/dermanence.com\/","name":"Dermanence Shop","description":" Votre salon de beaut\u00e9 avec sa propre clinique dermatologique","potentialAction":[{"@type":"SearchAction","target":{"@type":"EntryPoint","urlTemplate":"https:\/\/dermanence.com\/?s={search_term_string}"},"query-input":{"@type":"PropertyValueSpecification","valueRequired":true,"valueName":"search_term_string"}}],"inLanguage":"fr-FR"}]}},"_links":{"self":[{"href":"https:\/\/dermanence.com\/fr\/wp-json\/wp\/v2\/product\/17021","targetHints":{"allow":["GET"]}}],"collection":[{"href":"https:\/\/dermanence.com\/fr\/wp-json\/wp\/v2\/product"}],"about":[{"href":"https:\/\/dermanence.com\/fr\/wp-json\/wp\/v2\/types\/product"}],"replies":[{"embeddable":true,"href":"https:\/\/dermanence.com\/fr\/wp-json\/wp\/v2\/comments?post=17021"}],"wp:featuredmedia":[{"embeddable":true,"href":"https:\/\/dermanence.com\/fr\/wp-json\/wp\/v2\/media\/904080"}],"wp:attachment":[{"href":"https:\/\/dermanence.com\/fr\/wp-json\/wp\/v2\/media?parent=17021"}],"wp:term":[{"taxonomy":"product_brand","embeddable":true,"href":"https:\/\/dermanence.com\/fr\/wp-json\/wp\/v2\/product_brand?post=17021"},{"taxonomy":"product_cat","embeddable":true,"href":"https:\/\/dermanence.com\/fr\/wp-json\/wp\/v2\/product_cat?post=17021"},{"taxonomy":"product_tag","embeddable":true,"href":"https:\/\/dermanence.com\/fr\/wp-json\/wp\/v2\/product_tag?post=17021"}],"curies":[{"name":"wp","href":"https:\/\/api.w.org\/{rel}","templated":true}]}}