{"id":16839,"date":"2019-09-30T14:19:11","date_gmt":"2019-09-30T12:19:11","guid":{"rendered":"https:\/\/dermanence.com\/product\/croma-calming-face-mask-with-green-tea-and-aloe-vera\/"},"modified":"2026-02-24T10:54:43","modified_gmt":"2026-02-24T09:54:43","slug":"croma-calming-face-mask-with-green-tea-and-aloe-vera","status":"publish","type":"product","link":"https:\/\/dermanence.com\/fr\/produit\/croma-calming-face-mask-with-green-tea-and-aloe-vera\/","title":{"rendered":"Green Tea Face Mask 8 Stk."},"content":{"rendered":"","protected":false},"excerpt":{"rendered":"<div class=\"std\">\n<p>Die\u00a0<strong>Gr\u00fcntee-Maske<\/strong>\u00a0enth\u00e4lt viele Inhaltsstoffe, die f\u00fcr ihre antioxidative und beruhigende Wirkung bekannt sind und zudem regenerierende Eigenschaften besitzen. Die Gr\u00fcntee-Maske versorgt Ihre Haut mit Vitaminen, beruhigt Reizungen und sch\u00fctzt vor sch\u00e4dlichen Umwelteinfl\u00fcssen. Verwenden Sie die Gr\u00fcntee-Maske, um ihrer Haut die optimale Pflege zu geben und einen gesunden, ebenm\u00e4\u00dfigen Teint zu erhalten.<\/p>\n<\/div>\n<ul>\n<li>beruhigt Hautreizungen<\/li>\n<li>f\u00f6rdert die Regeneration von geschw\u00e4chter Haut<\/li>\n<li>sch\u00fctzt vor sch\u00e4dlichen Umwelteinfl\u00fcssen<\/li>\n<li>Inhalt: 8 Masken\/Packung<\/li>\n<\/ul>\n<p>Anwendung: Legen Sie die Maske auf das gereinigte Gesicht und entfernen Sie diese nach 15 Minuten.<\/p>\n","protected":false},"featured_media":1038497,"comment_status":"open","ping_status":"closed","template":"","meta":[],"product_brand":[],"product_cat":[25,215],"product_tag":[78],"class_list":{"0":"post-16839","1":"product","2":"type-product","3":"status-publish","4":"has-post-thumbnail","6":"product_cat-gesichtspflege","7":"product_cat-maske","8":"product_tag-maske","10":"first","11":"onbackorder","12":"taxable","13":"shipping-taxable","14":"purchasable","15":"product-type-simple"},"gallery_images":[],"yoast_head":"<!-- This site is optimized with the Yoast SEO plugin v25.9 - https:\/\/yoast.com\/wordpress\/plugins\/seo\/ -->\n<title>Green Tea Face Mask 8 Stk. - Dermanence Shop<\/title>\n<meta name=\"robots\" content=\"index, follow, max-snippet:-1, max-image-preview:large, max-video-preview:-1\" \/>\n<link rel=\"canonical\" href=\"https:\/\/dermanence.com\/produkt\/croma-calming-face-mask-with-green-tea-and-aloe-vera\/\" \/>\n<meta property=\"og:locale\" content=\"fr_FR\" \/>\n<meta property=\"og:type\" content=\"article\" \/>\n<meta property=\"og:title\" content=\"Green Tea Face Mask 8 Stk. - Dermanence Shop\" \/>\n<meta property=\"og:description\" content=\"Die\u00a0Gr\u00fcntee-Maske\u00a0enth\u00e4lt viele Inhaltsstoffe, die f\u00fcr ihre antioxidative und beruhigende Wirkung bekannt sind und zudem regenerierende Eigenschaften besitzen. Die Gr\u00fcntee-Maske versorgt Ihre Haut mit Vitaminen, beruhigt Reizungen und sch\u00fctzt vor sch\u00e4dlichen Umwelteinfl\u00fcssen. Verwenden Sie die Gr\u00fcntee-Maske, um ihrer Haut die optimale Pflege zu geben und einen gesunden, ebenm\u00e4\u00dfigen Teint zu erhalten.     beruhigt Hautreizungen  f\u00f6rdert die Regeneration von geschw\u00e4chter Haut  sch\u00fctzt vor sch\u00e4dlichen Umwelteinfl\u00fcssen  Inhalt: 8 Masken\/Packung  Anwendung: Legen Sie die Maske auf das gereinigte Gesicht und entfernen Sie diese nach 15 Minuten.\" \/>\n<meta property=\"og:url\" content=\"https:\/\/dermanence.com\/produkt\/croma-calming-face-mask-with-green-tea-and-aloe-vera\/\" \/>\n<meta property=\"og:site_name\" content=\"Dermanence Shop\" \/>\n<meta property=\"article:modified_time\" content=\"2026-02-24T09:54:43+00:00\" \/>\n<meta property=\"og:image\" content=\"https:\/\/dermanence.com\/wp-content\/uploads\/2020\/04\/fscgjurrpxlcecwcv40f.jpg\" \/>\n\t<meta property=\"og:image:width\" content=\"2331\" \/>\n\t<meta property=\"og:image:height\" content=\"1772\" \/>\n\t<meta property=\"og:image:type\" content=\"image\/jpeg\" \/>\n<meta name=\"twitter:card\" content=\"summary_large_image\" \/>\n<script type=\"application\/ld+json\" class=\"yoast-schema-graph\">{\"@context\":\"https:\/\/schema.org\",\"@graph\":[{\"@type\":\"WebPage\",\"@id\":\"https:\/\/dermanence.com\/produkt\/croma-calming-face-mask-with-green-tea-and-aloe-vera\/\",\"url\":\"https:\/\/dermanence.com\/produkt\/croma-calming-face-mask-with-green-tea-and-aloe-vera\/\",\"name\":\"Green Tea Face Mask 8 Stk. - Dermanence Shop\",\"isPartOf\":{\"@id\":\"https:\/\/dermanence.com\/#website\"},\"primaryImageOfPage\":{\"@id\":\"https:\/\/dermanence.com\/produkt\/croma-calming-face-mask-with-green-tea-and-aloe-vera\/#primaryimage\"},\"image\":{\"@id\":\"https:\/\/dermanence.com\/produkt\/croma-calming-face-mask-with-green-tea-and-aloe-vera\/#primaryimage\"},\"thumbnailUrl\":\"https:\/\/dermanence.com\/wp-content\/uploads\/2020\/04\/fscgjurrpxlcecwcv40f.jpg\",\"datePublished\":\"2019-09-30T12:19:11+00:00\",\"dateModified\":\"2026-02-24T09:54:43+00:00\",\"breadcrumb\":{\"@id\":\"https:\/\/dermanence.com\/produkt\/croma-calming-face-mask-with-green-tea-and-aloe-vera\/#breadcrumb\"},\"inLanguage\":\"fr-FR\",\"potentialAction\":[{\"@type\":\"ReadAction\",\"target\":[\"https:\/\/dermanence.com\/produkt\/croma-calming-face-mask-with-green-tea-and-aloe-vera\/\"]}]},{\"@type\":\"ImageObject\",\"inLanguage\":\"fr-FR\",\"@id\":\"https:\/\/dermanence.com\/produkt\/croma-calming-face-mask-with-green-tea-and-aloe-vera\/#primaryimage\",\"url\":\"https:\/\/dermanence.com\/wp-content\/uploads\/2020\/04\/fscgjurrpxlcecwcv40f.jpg\",\"contentUrl\":\"https:\/\/dermanence.com\/wp-content\/uploads\/2020\/04\/fscgjurrpxlcecwcv40f.jpg\",\"width\":2331,\"height\":1772},{\"@type\":\"BreadcrumbList\",\"@id\":\"https:\/\/dermanence.com\/produkt\/croma-calming-face-mask-with-green-tea-and-aloe-vera\/#breadcrumb\",\"itemListElement\":[{\"@type\":\"ListItem\",\"position\":1,\"name\":\"Home\",\"item\":\"https:\/\/dermanence.com\/fr\/\"},{\"@type\":\"ListItem\",\"position\":2,\"name\":\"Boutique\",\"item\":\"https:\/\/dermanence.com\/fr\/shop\/\"},{\"@type\":\"ListItem\",\"position\":3,\"name\":\"Green Tea Face Mask 8 Stk.\"}]},{\"@type\":\"WebSite\",\"@id\":\"https:\/\/dermanence.com\/#website\",\"url\":\"https:\/\/dermanence.com\/\",\"name\":\"Dermanence Shop\",\"description\":\" Votre salon de beaut\u00e9 avec sa propre clinique dermatologique\",\"potentialAction\":[{\"@type\":\"SearchAction\",\"target\":{\"@type\":\"EntryPoint\",\"urlTemplate\":\"https:\/\/dermanence.com\/?s={search_term_string}\"},\"query-input\":{\"@type\":\"PropertyValueSpecification\",\"valueRequired\":true,\"valueName\":\"search_term_string\"}}],\"inLanguage\":\"fr-FR\"}]}<\/script>\n<!-- \/ Yoast SEO plugin. -->","yoast_head_json":{"title":"Green Tea Face Mask 8 Stk. - Dermanence Shop","robots":{"index":"index","follow":"follow","max-snippet":"max-snippet:-1","max-image-preview":"max-image-preview:large","max-video-preview":"max-video-preview:-1"},"canonical":"https:\/\/dermanence.com\/produkt\/croma-calming-face-mask-with-green-tea-and-aloe-vera\/","og_locale":"fr_FR","og_type":"article","og_title":"Green Tea Face Mask 8 Stk. - Dermanence Shop","og_description":"Die\u00a0Gr\u00fcntee-Maske\u00a0enth\u00e4lt viele Inhaltsstoffe, die f\u00fcr ihre antioxidative und beruhigende Wirkung bekannt sind und zudem regenerierende Eigenschaften besitzen. Die Gr\u00fcntee-Maske versorgt Ihre Haut mit Vitaminen, beruhigt Reizungen und sch\u00fctzt vor sch\u00e4dlichen Umwelteinfl\u00fcssen. Verwenden Sie die Gr\u00fcntee-Maske, um ihrer Haut die optimale Pflege zu geben und einen gesunden, ebenm\u00e4\u00dfigen Teint zu erhalten.     beruhigt Hautreizungen  f\u00f6rdert die Regeneration von geschw\u00e4chter Haut  sch\u00fctzt vor sch\u00e4dlichen Umwelteinfl\u00fcssen  Inhalt: 8 Masken\/Packung  Anwendung: Legen Sie die Maske auf das gereinigte Gesicht und entfernen Sie diese nach 15 Minuten.","og_url":"https:\/\/dermanence.com\/produkt\/croma-calming-face-mask-with-green-tea-and-aloe-vera\/","og_site_name":"Dermanence Shop","article_modified_time":"2026-02-24T09:54:43+00:00","og_image":[{"width":2331,"height":1772,"url":"https:\/\/dermanence.com\/wp-content\/uploads\/2020\/04\/fscgjurrpxlcecwcv40f.jpg","type":"image\/jpeg"}],"twitter_card":"summary_large_image","schema":{"@context":"https:\/\/schema.org","@graph":[{"@type":"WebPage","@id":"https:\/\/dermanence.com\/produkt\/croma-calming-face-mask-with-green-tea-and-aloe-vera\/","url":"https:\/\/dermanence.com\/produkt\/croma-calming-face-mask-with-green-tea-and-aloe-vera\/","name":"Green Tea Face Mask 8 Stk. - Dermanence Shop","isPartOf":{"@id":"https:\/\/dermanence.com\/#website"},"primaryImageOfPage":{"@id":"https:\/\/dermanence.com\/produkt\/croma-calming-face-mask-with-green-tea-and-aloe-vera\/#primaryimage"},"image":{"@id":"https:\/\/dermanence.com\/produkt\/croma-calming-face-mask-with-green-tea-and-aloe-vera\/#primaryimage"},"thumbnailUrl":"https:\/\/dermanence.com\/wp-content\/uploads\/2020\/04\/fscgjurrpxlcecwcv40f.jpg","datePublished":"2019-09-30T12:19:11+00:00","dateModified":"2026-02-24T09:54:43+00:00","breadcrumb":{"@id":"https:\/\/dermanence.com\/produkt\/croma-calming-face-mask-with-green-tea-and-aloe-vera\/#breadcrumb"},"inLanguage":"fr-FR","potentialAction":[{"@type":"ReadAction","target":["https:\/\/dermanence.com\/produkt\/croma-calming-face-mask-with-green-tea-and-aloe-vera\/"]}]},{"@type":"ImageObject","inLanguage":"fr-FR","@id":"https:\/\/dermanence.com\/produkt\/croma-calming-face-mask-with-green-tea-and-aloe-vera\/#primaryimage","url":"https:\/\/dermanence.com\/wp-content\/uploads\/2020\/04\/fscgjurrpxlcecwcv40f.jpg","contentUrl":"https:\/\/dermanence.com\/wp-content\/uploads\/2020\/04\/fscgjurrpxlcecwcv40f.jpg","width":2331,"height":1772},{"@type":"BreadcrumbList","@id":"https:\/\/dermanence.com\/produkt\/croma-calming-face-mask-with-green-tea-and-aloe-vera\/#breadcrumb","itemListElement":[{"@type":"ListItem","position":1,"name":"Home","item":"https:\/\/dermanence.com\/fr\/"},{"@type":"ListItem","position":2,"name":"Boutique","item":"https:\/\/dermanence.com\/fr\/shop\/"},{"@type":"ListItem","position":3,"name":"Green Tea Face Mask 8 Stk."}]},{"@type":"WebSite","@id":"https:\/\/dermanence.com\/#website","url":"https:\/\/dermanence.com\/","name":"Dermanence Shop","description":" Votre salon de beaut\u00e9 avec sa propre clinique dermatologique","potentialAction":[{"@type":"SearchAction","target":{"@type":"EntryPoint","urlTemplate":"https:\/\/dermanence.com\/?s={search_term_string}"},"query-input":{"@type":"PropertyValueSpecification","valueRequired":true,"valueName":"search_term_string"}}],"inLanguage":"fr-FR"}]}},"_links":{"self":[{"href":"https:\/\/dermanence.com\/fr\/wp-json\/wp\/v2\/product\/16839","targetHints":{"allow":["GET"]}}],"collection":[{"href":"https:\/\/dermanence.com\/fr\/wp-json\/wp\/v2\/product"}],"about":[{"href":"https:\/\/dermanence.com\/fr\/wp-json\/wp\/v2\/types\/product"}],"replies":[{"embeddable":true,"href":"https:\/\/dermanence.com\/fr\/wp-json\/wp\/v2\/comments?post=16839"}],"wp:featuredmedia":[{"embeddable":true,"href":"https:\/\/dermanence.com\/fr\/wp-json\/wp\/v2\/media\/1038497"}],"wp:attachment":[{"href":"https:\/\/dermanence.com\/fr\/wp-json\/wp\/v2\/media?parent=16839"}],"wp:term":[{"taxonomy":"product_brand","embeddable":true,"href":"https:\/\/dermanence.com\/fr\/wp-json\/wp\/v2\/product_brand?post=16839"},{"taxonomy":"product_cat","embeddable":true,"href":"https:\/\/dermanence.com\/fr\/wp-json\/wp\/v2\/product_cat?post=16839"},{"taxonomy":"product_tag","embeddable":true,"href":"https:\/\/dermanence.com\/fr\/wp-json\/wp\/v2\/product_tag?post=16839"}],"curies":[{"name":"wp","href":"https:\/\/api.w.org\/{rel}","templated":true}]}}