{"id":16789,"date":"2019-09-30T14:17:36","date_gmt":"2019-09-30T12:17:36","guid":{"rendered":"https:\/\/dermanence.com\/product\/aesthetico-refresh-care-200-ml\/"},"modified":"2026-05-04T16:53:48","modified_gmt":"2026-05-04T14:53:48","slug":"aesthetico-refresh-care-200-ml","status":"publish","type":"product","link":"https:\/\/dermanence.com\/fr\/produit\/aesthetico-refresh-care-200-ml\/","title":{"rendered":"Refresh &amp; Care Face"},"content":{"rendered":"","protected":false},"excerpt":{"rendered":"<p><strong>Tonisierendes Gesichtswasser<\/strong><\/p>\n<p>Wohltuende Frische: Das feuchtigkeitsspendende und besonders gut vertr\u00e4gliche Gesichtswasser tonisiert die Haut und beruhigt. Der Haut-pH-Wert wird reguliert, Spannungsgef\u00fchle werden gemindert. Aufgrund des geringen Alkoholgehaltes (5%) ist es besonders hautvertr\u00e4glich. Es ist auch als mildes After-Shave und beruhigendes Kopfhaut-Tonic geeignet.<\/p>\n<p>F\u00fcllmenge: 200 ml<\/p>\n<p>Mindestbestellung: 2 St\u00fcck<\/p>\n","protected":false},"featured_media":855640,"comment_status":"open","ping_status":"closed","template":"","meta":[],"product_brand":[97],"product_cat":[348,162,88,169,207,205,25,27,262,498,263,30,206,203,208,177,222,204,166],"product_tag":[],"class_list":{"0":"post-16789","1":"product","2":"type-product","3":"status-publish","4":"has-post-thumbnail","6":"product_brand-aesthetico","7":"product_cat-after-shave","8":"product_cat-akne-unreinheiten","9":"product_cat-clean-beauty","10":"product_cat-ekzem","11":"product_cat-empfindliche-haut","12":"product_cat-fettige-haut","13":"product_cat-gesichtspflege","14":"product_cat-haare-naegel","15":"product_cat-juckende-kopfhaut","16":"product_cat-kopfhaut-tonic","17":"product_cat-kopfhautekzem","18":"product_cat-maenner","19":"product_cat-mischhaut","20":"product_cat-normale-haut","21":"product_cat-reife-haut","22":"product_cat-seborrhoisches-ekzem","23":"product_cat-tonic","24":"product_cat-trockene-haut","25":"product_cat-unsere-dermatologen-empfehlen","27":"first","28":"onbackorder","29":"taxable","30":"shipping-taxable","31":"purchasable","32":"product-type-simple"},"gallery_images":[],"yoast_head":"<!-- This site is optimized with the Yoast SEO plugin v25.9 - https:\/\/yoast.com\/wordpress\/plugins\/seo\/ -->\n<title>Refresh &amp; Care Face - Dermanence Shop<\/title>\n<meta name=\"robots\" content=\"index, follow, max-snippet:-1, max-image-preview:large, max-video-preview:-1\" \/>\n<link rel=\"canonical\" href=\"https:\/\/dermanence.com\/produkt\/aesthetico-refresh-care-200-ml\/\" \/>\n<meta property=\"og:locale\" content=\"fr_FR\" \/>\n<meta property=\"og:type\" content=\"article\" \/>\n<meta property=\"og:title\" content=\"Refresh &amp; Care Face - Dermanence Shop\" \/>\n<meta property=\"og:description\" content=\"Tonisierendes Gesichtswasser  Wohltuende Frische: Das feuchtigkeitsspendende und besonders gut vertr\u00e4gliche Gesichtswasser tonisiert die Haut und beruhigt. Der Haut-pH-Wert wird reguliert, Spannungsgef\u00fchle werden gemindert. Aufgrund des geringen Alkoholgehaltes (5%) ist es besonders hautvertr\u00e4glich. Es ist auch als mildes After-Shave und beruhigendes Kopfhaut-Tonic geeignet.  F\u00fcllmenge: 200 ml  Mindestbestellung: 2 St\u00fcck\" \/>\n<meta property=\"og:url\" content=\"https:\/\/dermanence.com\/produkt\/aesthetico-refresh-care-200-ml\/\" \/>\n<meta property=\"og:site_name\" content=\"Dermanence Shop\" \/>\n<meta property=\"article:modified_time\" content=\"2026-05-04T14:53:48+00:00\" \/>\n<meta property=\"og:image\" content=\"https:\/\/dermanence.com\/wp-content\/uploads\/2020\/03\/bapqk521vbl4hmpzz1co.jpg\" \/>\n\t<meta property=\"og:image:width\" content=\"1800\" \/>\n\t<meta property=\"og:image:height\" content=\"1800\" \/>\n\t<meta property=\"og:image:type\" content=\"image\/jpeg\" \/>\n<meta name=\"twitter:card\" content=\"summary_large_image\" \/>\n<meta name=\"twitter:label1\" content=\"Dur\u00e9e de lecture estim\u00e9e\" \/>\n\t<meta name=\"twitter:data1\" content=\"1 minute\" \/>\n<script type=\"application\/ld+json\" class=\"yoast-schema-graph\">{\"@context\":\"https:\/\/schema.org\",\"@graph\":[{\"@type\":\"WebPage\",\"@id\":\"https:\/\/dermanence.com\/produkt\/aesthetico-refresh-care-200-ml\/\",\"url\":\"https:\/\/dermanence.com\/produkt\/aesthetico-refresh-care-200-ml\/\",\"name\":\"Refresh &amp; Care Face - Dermanence Shop\",\"isPartOf\":{\"@id\":\"https:\/\/dermanence.com\/#website\"},\"primaryImageOfPage\":{\"@id\":\"https:\/\/dermanence.com\/produkt\/aesthetico-refresh-care-200-ml\/#primaryimage\"},\"image\":{\"@id\":\"https:\/\/dermanence.com\/produkt\/aesthetico-refresh-care-200-ml\/#primaryimage\"},\"thumbnailUrl\":\"https:\/\/dermanence.com\/wp-content\/uploads\/2020\/03\/bapqk521vbl4hmpzz1co.jpg\",\"datePublished\":\"2019-09-30T12:17:36+00:00\",\"dateModified\":\"2026-05-04T14:53:48+00:00\",\"breadcrumb\":{\"@id\":\"https:\/\/dermanence.com\/produkt\/aesthetico-refresh-care-200-ml\/#breadcrumb\"},\"inLanguage\":\"fr-FR\",\"potentialAction\":[{\"@type\":\"ReadAction\",\"target\":[\"https:\/\/dermanence.com\/produkt\/aesthetico-refresh-care-200-ml\/\"]}]},{\"@type\":\"ImageObject\",\"inLanguage\":\"fr-FR\",\"@id\":\"https:\/\/dermanence.com\/produkt\/aesthetico-refresh-care-200-ml\/#primaryimage\",\"url\":\"https:\/\/dermanence.com\/wp-content\/uploads\/2020\/03\/bapqk521vbl4hmpzz1co.jpg\",\"contentUrl\":\"https:\/\/dermanence.com\/wp-content\/uploads\/2020\/03\/bapqk521vbl4hmpzz1co.jpg\",\"width\":1800,\"height\":1800},{\"@type\":\"BreadcrumbList\",\"@id\":\"https:\/\/dermanence.com\/produkt\/aesthetico-refresh-care-200-ml\/#breadcrumb\",\"itemListElement\":[{\"@type\":\"ListItem\",\"position\":1,\"name\":\"Home\",\"item\":\"https:\/\/dermanence.com\/fr\/\"},{\"@type\":\"ListItem\",\"position\":2,\"name\":\"Boutique\",\"item\":\"https:\/\/dermanence.com\/fr\/shop\/\"},{\"@type\":\"ListItem\",\"position\":3,\"name\":\"Refresh &amp; Care Face\"}]},{\"@type\":\"WebSite\",\"@id\":\"https:\/\/dermanence.com\/#website\",\"url\":\"https:\/\/dermanence.com\/\",\"name\":\"Dermanence Shop\",\"description\":\" Votre salon de beaut\u00e9 avec sa propre clinique dermatologique\",\"potentialAction\":[{\"@type\":\"SearchAction\",\"target\":{\"@type\":\"EntryPoint\",\"urlTemplate\":\"https:\/\/dermanence.com\/?s={search_term_string}\"},\"query-input\":{\"@type\":\"PropertyValueSpecification\",\"valueRequired\":true,\"valueName\":\"search_term_string\"}}],\"inLanguage\":\"fr-FR\"}]}<\/script>\n<!-- \/ Yoast SEO plugin. -->","yoast_head_json":{"title":"Refresh &amp; Care Face - Dermanence Shop","robots":{"index":"index","follow":"follow","max-snippet":"max-snippet:-1","max-image-preview":"max-image-preview:large","max-video-preview":"max-video-preview:-1"},"canonical":"https:\/\/dermanence.com\/produkt\/aesthetico-refresh-care-200-ml\/","og_locale":"fr_FR","og_type":"article","og_title":"Refresh &amp; Care Face - Dermanence Shop","og_description":"Tonisierendes Gesichtswasser  Wohltuende Frische: Das feuchtigkeitsspendende und besonders gut vertr\u00e4gliche Gesichtswasser tonisiert die Haut und beruhigt. Der Haut-pH-Wert wird reguliert, Spannungsgef\u00fchle werden gemindert. Aufgrund des geringen Alkoholgehaltes (5%) ist es besonders hautvertr\u00e4glich. Es ist auch als mildes After-Shave und beruhigendes Kopfhaut-Tonic geeignet.  F\u00fcllmenge: 200 ml  Mindestbestellung: 2 St\u00fcck","og_url":"https:\/\/dermanence.com\/produkt\/aesthetico-refresh-care-200-ml\/","og_site_name":"Dermanence Shop","article_modified_time":"2026-05-04T14:53:48+00:00","og_image":[{"width":1800,"height":1800,"url":"https:\/\/dermanence.com\/wp-content\/uploads\/2020\/03\/bapqk521vbl4hmpzz1co.jpg","type":"image\/jpeg"}],"twitter_card":"summary_large_image","twitter_misc":{"Dur\u00e9e de lecture estim\u00e9e":"1 minute"},"schema":{"@context":"https:\/\/schema.org","@graph":[{"@type":"WebPage","@id":"https:\/\/dermanence.com\/produkt\/aesthetico-refresh-care-200-ml\/","url":"https:\/\/dermanence.com\/produkt\/aesthetico-refresh-care-200-ml\/","name":"Refresh &amp; Care Face - Dermanence Shop","isPartOf":{"@id":"https:\/\/dermanence.com\/#website"},"primaryImageOfPage":{"@id":"https:\/\/dermanence.com\/produkt\/aesthetico-refresh-care-200-ml\/#primaryimage"},"image":{"@id":"https:\/\/dermanence.com\/produkt\/aesthetico-refresh-care-200-ml\/#primaryimage"},"thumbnailUrl":"https:\/\/dermanence.com\/wp-content\/uploads\/2020\/03\/bapqk521vbl4hmpzz1co.jpg","datePublished":"2019-09-30T12:17:36+00:00","dateModified":"2026-05-04T14:53:48+00:00","breadcrumb":{"@id":"https:\/\/dermanence.com\/produkt\/aesthetico-refresh-care-200-ml\/#breadcrumb"},"inLanguage":"fr-FR","potentialAction":[{"@type":"ReadAction","target":["https:\/\/dermanence.com\/produkt\/aesthetico-refresh-care-200-ml\/"]}]},{"@type":"ImageObject","inLanguage":"fr-FR","@id":"https:\/\/dermanence.com\/produkt\/aesthetico-refresh-care-200-ml\/#primaryimage","url":"https:\/\/dermanence.com\/wp-content\/uploads\/2020\/03\/bapqk521vbl4hmpzz1co.jpg","contentUrl":"https:\/\/dermanence.com\/wp-content\/uploads\/2020\/03\/bapqk521vbl4hmpzz1co.jpg","width":1800,"height":1800},{"@type":"BreadcrumbList","@id":"https:\/\/dermanence.com\/produkt\/aesthetico-refresh-care-200-ml\/#breadcrumb","itemListElement":[{"@type":"ListItem","position":1,"name":"Home","item":"https:\/\/dermanence.com\/fr\/"},{"@type":"ListItem","position":2,"name":"Boutique","item":"https:\/\/dermanence.com\/fr\/shop\/"},{"@type":"ListItem","position":3,"name":"Refresh &amp; Care Face"}]},{"@type":"WebSite","@id":"https:\/\/dermanence.com\/#website","url":"https:\/\/dermanence.com\/","name":"Dermanence Shop","description":" Votre salon de beaut\u00e9 avec sa propre clinique dermatologique","potentialAction":[{"@type":"SearchAction","target":{"@type":"EntryPoint","urlTemplate":"https:\/\/dermanence.com\/?s={search_term_string}"},"query-input":{"@type":"PropertyValueSpecification","valueRequired":true,"valueName":"search_term_string"}}],"inLanguage":"fr-FR"}]}},"_links":{"self":[{"href":"https:\/\/dermanence.com\/fr\/wp-json\/wp\/v2\/product\/16789","targetHints":{"allow":["GET"]}}],"collection":[{"href":"https:\/\/dermanence.com\/fr\/wp-json\/wp\/v2\/product"}],"about":[{"href":"https:\/\/dermanence.com\/fr\/wp-json\/wp\/v2\/types\/product"}],"replies":[{"embeddable":true,"href":"https:\/\/dermanence.com\/fr\/wp-json\/wp\/v2\/comments?post=16789"}],"wp:featuredmedia":[{"embeddable":true,"href":"https:\/\/dermanence.com\/fr\/wp-json\/wp\/v2\/media\/855640"}],"wp:attachment":[{"href":"https:\/\/dermanence.com\/fr\/wp-json\/wp\/v2\/media?parent=16789"}],"wp:term":[{"taxonomy":"product_brand","embeddable":true,"href":"https:\/\/dermanence.com\/fr\/wp-json\/wp\/v2\/product_brand?post=16789"},{"taxonomy":"product_cat","embeddable":true,"href":"https:\/\/dermanence.com\/fr\/wp-json\/wp\/v2\/product_cat?post=16789"},{"taxonomy":"product_tag","embeddable":true,"href":"https:\/\/dermanence.com\/fr\/wp-json\/wp\/v2\/product_tag?post=16789"}],"curies":[{"name":"wp","href":"https:\/\/api.w.org\/{rel}","templated":true}]}}