{"id":16767,"date":"2019-09-30T14:16:51","date_gmt":"2019-09-30T12:16:51","guid":{"rendered":"https:\/\/dermanence.com\/product\/aesthetico-fruit-complex-body-and-face-200-ml\/"},"modified":"2026-05-06T06:00:03","modified_gmt":"2026-05-06T04:00:03","slug":"aesthetico-fruit-complex-body-and-face-200-ml","status":"publish","type":"product","link":"https:\/\/dermanence.com\/fr\/produit\/aesthetico-fruit-complex-body-and-face-200-ml\/","title":{"rendered":"Fruit Complex Body and Face"},"content":{"rendered":"","protected":false},"excerpt":{"rendered":"<p>Angenehme Pflege mit leichtem Prickeln: Die AESTHETICO fruit complex body &amp; face lotion vereint die positiven Eigenschaften von Fruchts\u00e4uren mit feuchtigkeitsspendenden Urea. Die leichte Lotion mit geringem Fettanteil bewirkt einen hautkl\u00e4renden und abschilfernden Effekt und verbessert das Hautbild unreiner, zu Akne neigender Haut sowie bei aktivierungsbed\u00fcrftiger reiferer Haut. Sie ist sowohl f\u00fcr die Gesichtspflege als auch als K\u00f6rperpflege geeignet.<\/p>\n<p>200 ml, Tube<\/p>\n","protected":false},"featured_media":876451,"comment_status":"open","ping_status":"closed","template":"","meta":[],"product_brand":[97],"product_cat":[276,162,277,167,286,171,283,205,224,25,225,28,206,216,203,208,285,177,166],"product_tag":[],"class_list":{"0":"post-16767","1":"product","2":"type-product","3":"status-publish","4":"has-post-thumbnail","6":"product_brand-aesthetico","7":"product_cat-akne-unreinheiten-koerperpflege","8":"product_cat-akne-unreinheiten","9":"product_cat-anti-aging-koerperpflege","10":"product_cat-anti-aging","11":"product_cat-bodylotion","12":"product_cat-faltenglaettung","13":"product_cat-fettige-haut-koerperpflege","14":"product_cat-fettige-haut","15":"product_cat-fruchtsaeure","16":"product_cat-gesichtspflege","17":"product_cat-hyaluronsaeure","18":"product_cat-koerperpflege","19":"product_cat-mischhaut","20":"product_cat-nachtpflege","21":"product_cat-normale-haut","22":"product_cat-reife-haut","23":"product_cat-reife-haut-koerperpflege","24":"product_cat-seborrhoisches-ekzem","25":"product_cat-unsere-dermatologen-empfehlen","27":"first","28":"onbackorder","29":"taxable","30":"shipping-taxable","31":"purchasable","32":"product-type-simple"},"gallery_images":[],"yoast_head":"<!-- This site is optimized with the Yoast SEO plugin v25.9 - https:\/\/yoast.com\/wordpress\/plugins\/seo\/ -->\n<title>Fruit Complex Body and Face - Dermanence Shop<\/title>\n<meta name=\"robots\" content=\"index, follow, max-snippet:-1, max-image-preview:large, max-video-preview:-1\" \/>\n<link rel=\"canonical\" href=\"https:\/\/dermanence.com\/produkt\/aesthetico-fruit-complex-body-and-face-200-ml\/\" \/>\n<meta property=\"og:locale\" content=\"fr_FR\" \/>\n<meta property=\"og:type\" content=\"article\" \/>\n<meta property=\"og:title\" content=\"Fruit Complex Body and Face - Dermanence Shop\" \/>\n<meta property=\"og:description\" content=\"Angenehme Pflege mit leichtem Prickeln: Die AESTHETICO fruit complex body &amp; face lotion vereint die positiven Eigenschaften von Fruchts\u00e4uren mit feuchtigkeitsspendenden Urea. Die leichte Lotion mit geringem Fettanteil bewirkt einen hautkl\u00e4renden und abschilfernden Effekt und verbessert das Hautbild unreiner, zu Akne neigender Haut sowie bei aktivierungsbed\u00fcrftiger reiferer Haut. Sie ist sowohl f\u00fcr die Gesichtspflege als auch als K\u00f6rperpflege geeignet.  200 ml, Tube\" \/>\n<meta property=\"og:url\" content=\"https:\/\/dermanence.com\/produkt\/aesthetico-fruit-complex-body-and-face-200-ml\/\" \/>\n<meta property=\"og:site_name\" content=\"Dermanence Shop\" \/>\n<meta property=\"article:modified_time\" content=\"2026-05-06T04:00:03+00:00\" \/>\n<meta property=\"og:image\" content=\"https:\/\/dermanence.com\/wp-content\/uploads\/2020\/03\/fxijo7deqwmepkfs8z92.jpg\" \/>\n\t<meta property=\"og:image:width\" content=\"1800\" \/>\n\t<meta property=\"og:image:height\" content=\"1800\" \/>\n\t<meta property=\"og:image:type\" content=\"image\/jpeg\" \/>\n<meta name=\"twitter:card\" content=\"summary_large_image\" \/>\n<meta name=\"twitter:label1\" content=\"Dur\u00e9e de lecture estim\u00e9e\" \/>\n\t<meta name=\"twitter:data1\" content=\"1 minute\" \/>\n<script type=\"application\/ld+json\" class=\"yoast-schema-graph\">{\"@context\":\"https:\/\/schema.org\",\"@graph\":[{\"@type\":\"WebPage\",\"@id\":\"https:\/\/dermanence.com\/produkt\/aesthetico-fruit-complex-body-and-face-200-ml\/\",\"url\":\"https:\/\/dermanence.com\/produkt\/aesthetico-fruit-complex-body-and-face-200-ml\/\",\"name\":\"Fruit Complex Body and Face - Dermanence Shop\",\"isPartOf\":{\"@id\":\"https:\/\/dermanence.com\/#website\"},\"primaryImageOfPage\":{\"@id\":\"https:\/\/dermanence.com\/produkt\/aesthetico-fruit-complex-body-and-face-200-ml\/#primaryimage\"},\"image\":{\"@id\":\"https:\/\/dermanence.com\/produkt\/aesthetico-fruit-complex-body-and-face-200-ml\/#primaryimage\"},\"thumbnailUrl\":\"https:\/\/dermanence.com\/wp-content\/uploads\/2020\/03\/fxijo7deqwmepkfs8z92.jpg\",\"datePublished\":\"2019-09-30T12:16:51+00:00\",\"dateModified\":\"2026-05-06T04:00:03+00:00\",\"breadcrumb\":{\"@id\":\"https:\/\/dermanence.com\/produkt\/aesthetico-fruit-complex-body-and-face-200-ml\/#breadcrumb\"},\"inLanguage\":\"fr-FR\",\"potentialAction\":[{\"@type\":\"ReadAction\",\"target\":[\"https:\/\/dermanence.com\/produkt\/aesthetico-fruit-complex-body-and-face-200-ml\/\"]}]},{\"@type\":\"ImageObject\",\"inLanguage\":\"fr-FR\",\"@id\":\"https:\/\/dermanence.com\/produkt\/aesthetico-fruit-complex-body-and-face-200-ml\/#primaryimage\",\"url\":\"https:\/\/dermanence.com\/wp-content\/uploads\/2020\/03\/fxijo7deqwmepkfs8z92.jpg\",\"contentUrl\":\"https:\/\/dermanence.com\/wp-content\/uploads\/2020\/03\/fxijo7deqwmepkfs8z92.jpg\",\"width\":1800,\"height\":1800},{\"@type\":\"BreadcrumbList\",\"@id\":\"https:\/\/dermanence.com\/produkt\/aesthetico-fruit-complex-body-and-face-200-ml\/#breadcrumb\",\"itemListElement\":[{\"@type\":\"ListItem\",\"position\":1,\"name\":\"Home\",\"item\":\"https:\/\/dermanence.com\/fr\/\"},{\"@type\":\"ListItem\",\"position\":2,\"name\":\"Boutique\",\"item\":\"https:\/\/dermanence.com\/fr\/shop\/\"},{\"@type\":\"ListItem\",\"position\":3,\"name\":\"Fruit Complex Body and Face\"}]},{\"@type\":\"WebSite\",\"@id\":\"https:\/\/dermanence.com\/#website\",\"url\":\"https:\/\/dermanence.com\/\",\"name\":\"Dermanence Shop\",\"description\":\" Votre salon de beaut\u00e9 avec sa propre clinique dermatologique\",\"potentialAction\":[{\"@type\":\"SearchAction\",\"target\":{\"@type\":\"EntryPoint\",\"urlTemplate\":\"https:\/\/dermanence.com\/?s={search_term_string}\"},\"query-input\":{\"@type\":\"PropertyValueSpecification\",\"valueRequired\":true,\"valueName\":\"search_term_string\"}}],\"inLanguage\":\"fr-FR\"}]}<\/script>\n<!-- \/ Yoast SEO plugin. -->","yoast_head_json":{"title":"Fruit Complex Body and Face - Dermanence Shop","robots":{"index":"index","follow":"follow","max-snippet":"max-snippet:-1","max-image-preview":"max-image-preview:large","max-video-preview":"max-video-preview:-1"},"canonical":"https:\/\/dermanence.com\/produkt\/aesthetico-fruit-complex-body-and-face-200-ml\/","og_locale":"fr_FR","og_type":"article","og_title":"Fruit Complex Body and Face - Dermanence Shop","og_description":"Angenehme Pflege mit leichtem Prickeln: Die AESTHETICO fruit complex body &amp; face lotion vereint die positiven Eigenschaften von Fruchts\u00e4uren mit feuchtigkeitsspendenden Urea. Die leichte Lotion mit geringem Fettanteil bewirkt einen hautkl\u00e4renden und abschilfernden Effekt und verbessert das Hautbild unreiner, zu Akne neigender Haut sowie bei aktivierungsbed\u00fcrftiger reiferer Haut. Sie ist sowohl f\u00fcr die Gesichtspflege als auch als K\u00f6rperpflege geeignet.  200 ml, Tube","og_url":"https:\/\/dermanence.com\/produkt\/aesthetico-fruit-complex-body-and-face-200-ml\/","og_site_name":"Dermanence Shop","article_modified_time":"2026-05-06T04:00:03+00:00","og_image":[{"width":1800,"height":1800,"url":"https:\/\/dermanence.com\/wp-content\/uploads\/2020\/03\/fxijo7deqwmepkfs8z92.jpg","type":"image\/jpeg"}],"twitter_card":"summary_large_image","twitter_misc":{"Dur\u00e9e de lecture estim\u00e9e":"1 minute"},"schema":{"@context":"https:\/\/schema.org","@graph":[{"@type":"WebPage","@id":"https:\/\/dermanence.com\/produkt\/aesthetico-fruit-complex-body-and-face-200-ml\/","url":"https:\/\/dermanence.com\/produkt\/aesthetico-fruit-complex-body-and-face-200-ml\/","name":"Fruit Complex Body and Face - Dermanence Shop","isPartOf":{"@id":"https:\/\/dermanence.com\/#website"},"primaryImageOfPage":{"@id":"https:\/\/dermanence.com\/produkt\/aesthetico-fruit-complex-body-and-face-200-ml\/#primaryimage"},"image":{"@id":"https:\/\/dermanence.com\/produkt\/aesthetico-fruit-complex-body-and-face-200-ml\/#primaryimage"},"thumbnailUrl":"https:\/\/dermanence.com\/wp-content\/uploads\/2020\/03\/fxijo7deqwmepkfs8z92.jpg","datePublished":"2019-09-30T12:16:51+00:00","dateModified":"2026-05-06T04:00:03+00:00","breadcrumb":{"@id":"https:\/\/dermanence.com\/produkt\/aesthetico-fruit-complex-body-and-face-200-ml\/#breadcrumb"},"inLanguage":"fr-FR","potentialAction":[{"@type":"ReadAction","target":["https:\/\/dermanence.com\/produkt\/aesthetico-fruit-complex-body-and-face-200-ml\/"]}]},{"@type":"ImageObject","inLanguage":"fr-FR","@id":"https:\/\/dermanence.com\/produkt\/aesthetico-fruit-complex-body-and-face-200-ml\/#primaryimage","url":"https:\/\/dermanence.com\/wp-content\/uploads\/2020\/03\/fxijo7deqwmepkfs8z92.jpg","contentUrl":"https:\/\/dermanence.com\/wp-content\/uploads\/2020\/03\/fxijo7deqwmepkfs8z92.jpg","width":1800,"height":1800},{"@type":"BreadcrumbList","@id":"https:\/\/dermanence.com\/produkt\/aesthetico-fruit-complex-body-and-face-200-ml\/#breadcrumb","itemListElement":[{"@type":"ListItem","position":1,"name":"Home","item":"https:\/\/dermanence.com\/fr\/"},{"@type":"ListItem","position":2,"name":"Boutique","item":"https:\/\/dermanence.com\/fr\/shop\/"},{"@type":"ListItem","position":3,"name":"Fruit Complex Body and Face"}]},{"@type":"WebSite","@id":"https:\/\/dermanence.com\/#website","url":"https:\/\/dermanence.com\/","name":"Dermanence Shop","description":" Votre salon de beaut\u00e9 avec sa propre clinique dermatologique","potentialAction":[{"@type":"SearchAction","target":{"@type":"EntryPoint","urlTemplate":"https:\/\/dermanence.com\/?s={search_term_string}"},"query-input":{"@type":"PropertyValueSpecification","valueRequired":true,"valueName":"search_term_string"}}],"inLanguage":"fr-FR"}]}},"_links":{"self":[{"href":"https:\/\/dermanence.com\/fr\/wp-json\/wp\/v2\/product\/16767","targetHints":{"allow":["GET"]}}],"collection":[{"href":"https:\/\/dermanence.com\/fr\/wp-json\/wp\/v2\/product"}],"about":[{"href":"https:\/\/dermanence.com\/fr\/wp-json\/wp\/v2\/types\/product"}],"replies":[{"embeddable":true,"href":"https:\/\/dermanence.com\/fr\/wp-json\/wp\/v2\/comments?post=16767"}],"wp:featuredmedia":[{"embeddable":true,"href":"https:\/\/dermanence.com\/fr\/wp-json\/wp\/v2\/media\/876451"}],"wp:attachment":[{"href":"https:\/\/dermanence.com\/fr\/wp-json\/wp\/v2\/media?parent=16767"}],"wp:term":[{"taxonomy":"product_brand","embeddable":true,"href":"https:\/\/dermanence.com\/fr\/wp-json\/wp\/v2\/product_brand?post=16767"},{"taxonomy":"product_cat","embeddable":true,"href":"https:\/\/dermanence.com\/fr\/wp-json\/wp\/v2\/product_cat?post=16767"},{"taxonomy":"product_tag","embeddable":true,"href":"https:\/\/dermanence.com\/fr\/wp-json\/wp\/v2\/product_tag?post=16767"}],"curies":[{"name":"wp","href":"https:\/\/api.w.org\/{rel}","templated":true}]}}