{"id":16763,"date":"2019-09-30T14:16:41","date_gmt":"2019-09-30T12:16:41","guid":{"rendered":"https:\/\/dermanence.com\/product\/aesthetico-external-complex-50-ml\/"},"modified":"2026-04-07T17:35:23","modified_gmt":"2026-04-07T15:35:23","slug":"aesthetico-external-complex-50-ml","status":"publish","type":"product","link":"https:\/\/dermanence.com\/fr\/produit\/aesthetico-external-complex-50-ml\/","title":{"rendered":"External Complex Face"},"content":{"rendered":"","protected":false},"excerpt":{"rendered":"<p><strong>Intensive Anti-Aging-Emulsion<\/strong><\/p>\n<p>Vitaminschub von au\u00dfen: AESTHETICO external complex ist eine intensive Radikalf\u00e4nger-Emulsion f\u00fcr Gesicht, Hals und Dekollet\u00e9. Sie sch\u00fctzt UV-belastete Hautareale durch die hochwirksame Kombination der Vitamine A, C und E sowie dem pflanzlichen Antioxidans Ferulas\u00e4ure vor Angriffen freier Radikale, unterst\u00fctzt die hauteigene Repairfunktion und mindert vorzeitige Faltenbildung. Wertvolle Komponenten wie Sheabutter und Jojoba\u00f6l mindern Feuchtigkeitsverlust und verbessern die Geschmeidigkeit der Haut.<\/p>\n<p>50 ml, Dosierspender<\/p>\n","protected":false},"featured_media":851553,"comment_status":"open","ping_status":"closed","template":"","meta":[],"product_brand":[97],"product_cat":[167,414,171,25,203,208,227,220,204,166,229],"product_tag":[],"class_list":{"0":"post-16763","1":"product","2":"type-product","3":"status-publish","4":"has-post-thumbnail","6":"product_brand-aesthetico","7":"product_cat-anti-aging","8":"product_cat-antioxidantien","9":"product_cat-faltenglaettung","10":"product_cat-gesichtspflege","11":"product_cat-normale-haut","12":"product_cat-reife-haut","13":"product_cat-retinol-vitamin-a","14":"product_cat-tagespflege","15":"product_cat-trockene-haut","16":"product_cat-unsere-dermatologen-empfehlen","17":"product_cat-vitamin-c","19":"first","20":"onbackorder","21":"taxable","22":"shipping-taxable","23":"purchasable","24":"product-type-simple"},"gallery_images":[],"yoast_head":"<!-- This site is optimized with the Yoast SEO plugin v25.9 - https:\/\/yoast.com\/wordpress\/plugins\/seo\/ -->\n<title>External Complex Face - Dermanence Shop<\/title>\n<meta name=\"robots\" content=\"index, follow, max-snippet:-1, max-image-preview:large, max-video-preview:-1\" \/>\n<link rel=\"canonical\" href=\"https:\/\/dermanence.com\/produkt\/aesthetico-external-complex-50-ml\/\" \/>\n<meta property=\"og:locale\" content=\"fr_FR\" \/>\n<meta property=\"og:type\" content=\"article\" \/>\n<meta property=\"og:title\" content=\"External Complex Face - Dermanence Shop\" \/>\n<meta property=\"og:description\" content=\"Intensive Anti-Aging-Emulsion  Vitaminschub von au\u00dfen: AESTHETICO external complex ist eine intensive Radikalf\u00e4nger-Emulsion f\u00fcr Gesicht, Hals und Dekollet\u00e9. Sie sch\u00fctzt UV-belastete Hautareale durch die hochwirksame Kombination der Vitamine A, C und E sowie dem pflanzlichen Antioxidans Ferulas\u00e4ure vor Angriffen freier Radikale, unterst\u00fctzt die hauteigene Repairfunktion und mindert vorzeitige Faltenbildung. Wertvolle Komponenten wie Sheabutter und Jojoba\u00f6l mindern Feuchtigkeitsverlust und verbessern die Geschmeidigkeit der Haut.  50 ml, Dosierspender\" \/>\n<meta property=\"og:url\" content=\"https:\/\/dermanence.com\/produkt\/aesthetico-external-complex-50-ml\/\" \/>\n<meta property=\"og:site_name\" content=\"Dermanence Shop\" \/>\n<meta property=\"article:modified_time\" content=\"2026-04-07T15:35:23+00:00\" \/>\n<meta property=\"og:image\" content=\"https:\/\/dermanence.com\/wp-content\/uploads\/2020\/03\/mt5jbhusuei780tnhqhe.jpg\" \/>\n\t<meta property=\"og:image:width\" content=\"1800\" \/>\n\t<meta property=\"og:image:height\" content=\"1800\" \/>\n\t<meta property=\"og:image:type\" content=\"image\/jpeg\" \/>\n<meta name=\"twitter:card\" content=\"summary_large_image\" \/>\n<meta name=\"twitter:label1\" content=\"Dur\u00e9e de lecture estim\u00e9e\" \/>\n\t<meta name=\"twitter:data1\" content=\"1 minute\" \/>\n<script type=\"application\/ld+json\" class=\"yoast-schema-graph\">{\"@context\":\"https:\/\/schema.org\",\"@graph\":[{\"@type\":\"WebPage\",\"@id\":\"https:\/\/dermanence.com\/produkt\/aesthetico-external-complex-50-ml\/\",\"url\":\"https:\/\/dermanence.com\/produkt\/aesthetico-external-complex-50-ml\/\",\"name\":\"External Complex Face - Dermanence Shop\",\"isPartOf\":{\"@id\":\"https:\/\/dermanence.com\/#website\"},\"primaryImageOfPage\":{\"@id\":\"https:\/\/dermanence.com\/produkt\/aesthetico-external-complex-50-ml\/#primaryimage\"},\"image\":{\"@id\":\"https:\/\/dermanence.com\/produkt\/aesthetico-external-complex-50-ml\/#primaryimage\"},\"thumbnailUrl\":\"https:\/\/dermanence.com\/wp-content\/uploads\/2020\/03\/mt5jbhusuei780tnhqhe.jpg\",\"datePublished\":\"2019-09-30T12:16:41+00:00\",\"dateModified\":\"2026-04-07T15:35:23+00:00\",\"breadcrumb\":{\"@id\":\"https:\/\/dermanence.com\/produkt\/aesthetico-external-complex-50-ml\/#breadcrumb\"},\"inLanguage\":\"fr-FR\",\"potentialAction\":[{\"@type\":\"ReadAction\",\"target\":[\"https:\/\/dermanence.com\/produkt\/aesthetico-external-complex-50-ml\/\"]}]},{\"@type\":\"ImageObject\",\"inLanguage\":\"fr-FR\",\"@id\":\"https:\/\/dermanence.com\/produkt\/aesthetico-external-complex-50-ml\/#primaryimage\",\"url\":\"https:\/\/dermanence.com\/wp-content\/uploads\/2020\/03\/mt5jbhusuei780tnhqhe.jpg\",\"contentUrl\":\"https:\/\/dermanence.com\/wp-content\/uploads\/2020\/03\/mt5jbhusuei780tnhqhe.jpg\",\"width\":1800,\"height\":1800},{\"@type\":\"BreadcrumbList\",\"@id\":\"https:\/\/dermanence.com\/produkt\/aesthetico-external-complex-50-ml\/#breadcrumb\",\"itemListElement\":[{\"@type\":\"ListItem\",\"position\":1,\"name\":\"Home\",\"item\":\"https:\/\/dermanence.com\/fr\/\"},{\"@type\":\"ListItem\",\"position\":2,\"name\":\"Boutique\",\"item\":\"https:\/\/dermanence.com\/fr\/shop\/\"},{\"@type\":\"ListItem\",\"position\":3,\"name\":\"External Complex Face\"}]},{\"@type\":\"WebSite\",\"@id\":\"https:\/\/dermanence.com\/#website\",\"url\":\"https:\/\/dermanence.com\/\",\"name\":\"Dermanence Shop\",\"description\":\" Votre salon de beaut\u00e9 avec sa propre clinique dermatologique\",\"potentialAction\":[{\"@type\":\"SearchAction\",\"target\":{\"@type\":\"EntryPoint\",\"urlTemplate\":\"https:\/\/dermanence.com\/?s={search_term_string}\"},\"query-input\":{\"@type\":\"PropertyValueSpecification\",\"valueRequired\":true,\"valueName\":\"search_term_string\"}}],\"inLanguage\":\"fr-FR\"}]}<\/script>\n<!-- \/ Yoast SEO plugin. -->","yoast_head_json":{"title":"External Complex Face - Dermanence Shop","robots":{"index":"index","follow":"follow","max-snippet":"max-snippet:-1","max-image-preview":"max-image-preview:large","max-video-preview":"max-video-preview:-1"},"canonical":"https:\/\/dermanence.com\/produkt\/aesthetico-external-complex-50-ml\/","og_locale":"fr_FR","og_type":"article","og_title":"External Complex Face - Dermanence Shop","og_description":"Intensive Anti-Aging-Emulsion  Vitaminschub von au\u00dfen: AESTHETICO external complex ist eine intensive Radikalf\u00e4nger-Emulsion f\u00fcr Gesicht, Hals und Dekollet\u00e9. Sie sch\u00fctzt UV-belastete Hautareale durch die hochwirksame Kombination der Vitamine A, C und E sowie dem pflanzlichen Antioxidans Ferulas\u00e4ure vor Angriffen freier Radikale, unterst\u00fctzt die hauteigene Repairfunktion und mindert vorzeitige Faltenbildung. Wertvolle Komponenten wie Sheabutter und Jojoba\u00f6l mindern Feuchtigkeitsverlust und verbessern die Geschmeidigkeit der Haut.  50 ml, Dosierspender","og_url":"https:\/\/dermanence.com\/produkt\/aesthetico-external-complex-50-ml\/","og_site_name":"Dermanence Shop","article_modified_time":"2026-04-07T15:35:23+00:00","og_image":[{"width":1800,"height":1800,"url":"https:\/\/dermanence.com\/wp-content\/uploads\/2020\/03\/mt5jbhusuei780tnhqhe.jpg","type":"image\/jpeg"}],"twitter_card":"summary_large_image","twitter_misc":{"Dur\u00e9e de lecture estim\u00e9e":"1 minute"},"schema":{"@context":"https:\/\/schema.org","@graph":[{"@type":"WebPage","@id":"https:\/\/dermanence.com\/produkt\/aesthetico-external-complex-50-ml\/","url":"https:\/\/dermanence.com\/produkt\/aesthetico-external-complex-50-ml\/","name":"External Complex Face - Dermanence Shop","isPartOf":{"@id":"https:\/\/dermanence.com\/#website"},"primaryImageOfPage":{"@id":"https:\/\/dermanence.com\/produkt\/aesthetico-external-complex-50-ml\/#primaryimage"},"image":{"@id":"https:\/\/dermanence.com\/produkt\/aesthetico-external-complex-50-ml\/#primaryimage"},"thumbnailUrl":"https:\/\/dermanence.com\/wp-content\/uploads\/2020\/03\/mt5jbhusuei780tnhqhe.jpg","datePublished":"2019-09-30T12:16:41+00:00","dateModified":"2026-04-07T15:35:23+00:00","breadcrumb":{"@id":"https:\/\/dermanence.com\/produkt\/aesthetico-external-complex-50-ml\/#breadcrumb"},"inLanguage":"fr-FR","potentialAction":[{"@type":"ReadAction","target":["https:\/\/dermanence.com\/produkt\/aesthetico-external-complex-50-ml\/"]}]},{"@type":"ImageObject","inLanguage":"fr-FR","@id":"https:\/\/dermanence.com\/produkt\/aesthetico-external-complex-50-ml\/#primaryimage","url":"https:\/\/dermanence.com\/wp-content\/uploads\/2020\/03\/mt5jbhusuei780tnhqhe.jpg","contentUrl":"https:\/\/dermanence.com\/wp-content\/uploads\/2020\/03\/mt5jbhusuei780tnhqhe.jpg","width":1800,"height":1800},{"@type":"BreadcrumbList","@id":"https:\/\/dermanence.com\/produkt\/aesthetico-external-complex-50-ml\/#breadcrumb","itemListElement":[{"@type":"ListItem","position":1,"name":"Home","item":"https:\/\/dermanence.com\/fr\/"},{"@type":"ListItem","position":2,"name":"Boutique","item":"https:\/\/dermanence.com\/fr\/shop\/"},{"@type":"ListItem","position":3,"name":"External Complex Face"}]},{"@type":"WebSite","@id":"https:\/\/dermanence.com\/#website","url":"https:\/\/dermanence.com\/","name":"Dermanence Shop","description":" Votre salon de beaut\u00e9 avec sa propre clinique dermatologique","potentialAction":[{"@type":"SearchAction","target":{"@type":"EntryPoint","urlTemplate":"https:\/\/dermanence.com\/?s={search_term_string}"},"query-input":{"@type":"PropertyValueSpecification","valueRequired":true,"valueName":"search_term_string"}}],"inLanguage":"fr-FR"}]}},"_links":{"self":[{"href":"https:\/\/dermanence.com\/fr\/wp-json\/wp\/v2\/product\/16763","targetHints":{"allow":["GET"]}}],"collection":[{"href":"https:\/\/dermanence.com\/fr\/wp-json\/wp\/v2\/product"}],"about":[{"href":"https:\/\/dermanence.com\/fr\/wp-json\/wp\/v2\/types\/product"}],"replies":[{"embeddable":true,"href":"https:\/\/dermanence.com\/fr\/wp-json\/wp\/v2\/comments?post=16763"}],"wp:featuredmedia":[{"embeddable":true,"href":"https:\/\/dermanence.com\/fr\/wp-json\/wp\/v2\/media\/851553"}],"wp:attachment":[{"href":"https:\/\/dermanence.com\/fr\/wp-json\/wp\/v2\/media?parent=16763"}],"wp:term":[{"taxonomy":"product_brand","embeddable":true,"href":"https:\/\/dermanence.com\/fr\/wp-json\/wp\/v2\/product_brand?post=16763"},{"taxonomy":"product_cat","embeddable":true,"href":"https:\/\/dermanence.com\/fr\/wp-json\/wp\/v2\/product_cat?post=16763"},{"taxonomy":"product_tag","embeddable":true,"href":"https:\/\/dermanence.com\/fr\/wp-json\/wp\/v2\/product_tag?post=16763"}],"curies":[{"name":"wp","href":"https:\/\/api.w.org\/{rel}","templated":true}]}}