{"id":165940,"date":"2019-11-24T13:09:30","date_gmt":"2019-11-24T12:09:30","guid":{"rendered":"https:\/\/dermanence.com\/product\/lipikar-surgras-duschcreme\/"},"modified":"2025-05-29T15:23:56","modified_gmt":"2025-05-29T13:23:56","slug":"lipikar-surgras-duschcreme","status":"publish","type":"product","link":"https:\/\/dermanence.com\/fr\/produit\/lipikar-surgras-duschcreme\/","title":{"rendered":"Lipikar Surgras Duschcreme"},"content":{"rendered":"","protected":false},"excerpt":{"rendered":"<ul>\n<li>R\u00fcckfettende, nicht austrocknende Reinigung<\/li>\n<li>F\u00fcr S\u00e4uglinge und Kinder geeignet<\/li>\n<li>Unterst\u00fctzt den Wiederaufbau der Hautbarriere<\/li>\n<li>Niacinamid: Mildert den Juckreiz und hilft, die Hautschutzbarriere zu reparieren und die Haut zu st\u00e4rken<\/li>\n<li>R\u00fcckfettendes Konzentrat<\/li>\n<\/ul>\n<p>F\u00fcllmenge: 400 ml<\/p>\n<p>Mindestbestellung: 2 St\u00fcck<\/p>\n","protected":false},"featured_media":953813,"comment_status":"open","ping_status":"closed","template":"","meta":[],"product_brand":[],"product_cat":[31,275,292,505,284,545,28,368,285,282],"product_tag":[],"class_list":{"0":"post-165940","1":"product","2":"type-product","3":"status-publish","4":"has-post-thumbnail","6":"product_cat-kinder","7":"product_cat-clean-body-products","8":"product_cat-duschen-baden","9":"product_cat-ekzem-koerperpflege","10":"product_cat-empfindliche-haut-koerperpflege","11":"product_cat-juckreiz","12":"product_cat-koerperpflege","13":"product_cat-online-only","14":"product_cat-reife-haut-koerperpflege","15":"product_cat-trockene-haut-koerperpflege","17":"first","18":"instock","19":"taxable","20":"shipping-taxable","21":"purchasable","22":"product-type-simple"},"gallery_images":[],"yoast_head":"<!-- This site is optimized with the Yoast SEO plugin v25.9 - https:\/\/yoast.com\/wordpress\/plugins\/seo\/ -->\n<title>Lipikar Surgras Duschcreme - Dermanence Shop<\/title>\n<meta name=\"robots\" content=\"index, follow, max-snippet:-1, max-image-preview:large, max-video-preview:-1\" \/>\n<link rel=\"canonical\" href=\"https:\/\/dermanence.com\/produkt\/lipikar-surgras-duschcreme\/\" \/>\n<meta property=\"og:locale\" content=\"fr_FR\" \/>\n<meta property=\"og:type\" content=\"article\" \/>\n<meta property=\"og:title\" content=\"Lipikar Surgras Duschcreme - Dermanence Shop\" \/>\n<meta property=\"og:description\" content=\"R\u00fcckfettende, nicht austrocknende Reinigung  F\u00fcr S\u00e4uglinge und Kinder geeignet  Unterst\u00fctzt den Wiederaufbau der Hautbarriere  Niacinamid: Mildert den Juckreiz und hilft, die Hautschutzbarriere zu reparieren und die Haut zu st\u00e4rken  R\u00fcckfettendes Konzentrat  F\u00fcllmenge: 400 ml  Mindestbestellung: 2 St\u00fcck\" \/>\n<meta property=\"og:url\" content=\"https:\/\/dermanence.com\/produkt\/lipikar-surgras-duschcreme\/\" \/>\n<meta property=\"og:site_name\" content=\"Dermanence Shop\" \/>\n<meta property=\"article:modified_time\" content=\"2025-05-29T13:23:56+00:00\" \/>\n<meta property=\"og:image\" content=\"https:\/\/dermanence.com\/wp-content\/uploads\/2020\/03\/o4foljpcsvbac93v6kav.jpg\" \/>\n\t<meta property=\"og:image:width\" content=\"1365\" \/>\n\t<meta property=\"og:image:height\" content=\"2048\" \/>\n\t<meta property=\"og:image:type\" content=\"image\/jpeg\" \/>\n<meta name=\"twitter:card\" content=\"summary_large_image\" \/>\n<meta name=\"twitter:label1\" content=\"Dur\u00e9e de lecture estim\u00e9e\" \/>\n\t<meta name=\"twitter:data1\" content=\"1 minute\" \/>\n<script type=\"application\/ld+json\" class=\"yoast-schema-graph\">{\"@context\":\"https:\/\/schema.org\",\"@graph\":[{\"@type\":\"WebPage\",\"@id\":\"https:\/\/dermanence.com\/produkt\/lipikar-surgras-duschcreme\/\",\"url\":\"https:\/\/dermanence.com\/produkt\/lipikar-surgras-duschcreme\/\",\"name\":\"Lipikar Surgras Duschcreme - Dermanence Shop\",\"isPartOf\":{\"@id\":\"https:\/\/dermanence.com\/#website\"},\"primaryImageOfPage\":{\"@id\":\"https:\/\/dermanence.com\/produkt\/lipikar-surgras-duschcreme\/#primaryimage\"},\"image\":{\"@id\":\"https:\/\/dermanence.com\/produkt\/lipikar-surgras-duschcreme\/#primaryimage\"},\"thumbnailUrl\":\"https:\/\/dermanence.com\/wp-content\/uploads\/2020\/03\/o4foljpcsvbac93v6kav.jpg\",\"datePublished\":\"2019-11-24T12:09:30+00:00\",\"dateModified\":\"2025-05-29T13:23:56+00:00\",\"breadcrumb\":{\"@id\":\"https:\/\/dermanence.com\/produkt\/lipikar-surgras-duschcreme\/#breadcrumb\"},\"inLanguage\":\"fr-FR\",\"potentialAction\":[{\"@type\":\"ReadAction\",\"target\":[\"https:\/\/dermanence.com\/produkt\/lipikar-surgras-duschcreme\/\"]}]},{\"@type\":\"ImageObject\",\"inLanguage\":\"fr-FR\",\"@id\":\"https:\/\/dermanence.com\/produkt\/lipikar-surgras-duschcreme\/#primaryimage\",\"url\":\"https:\/\/dermanence.com\/wp-content\/uploads\/2020\/03\/o4foljpcsvbac93v6kav.jpg\",\"contentUrl\":\"https:\/\/dermanence.com\/wp-content\/uploads\/2020\/03\/o4foljpcsvbac93v6kav.jpg\",\"width\":1365,\"height\":2048},{\"@type\":\"BreadcrumbList\",\"@id\":\"https:\/\/dermanence.com\/produkt\/lipikar-surgras-duschcreme\/#breadcrumb\",\"itemListElement\":[{\"@type\":\"ListItem\",\"position\":1,\"name\":\"Home\",\"item\":\"https:\/\/dermanence.com\/fr\/\"},{\"@type\":\"ListItem\",\"position\":2,\"name\":\"Boutique\",\"item\":\"https:\/\/dermanence.com\/fr\/shop\/\"},{\"@type\":\"ListItem\",\"position\":3,\"name\":\"Lipikar Surgras Duschcreme\"}]},{\"@type\":\"WebSite\",\"@id\":\"https:\/\/dermanence.com\/#website\",\"url\":\"https:\/\/dermanence.com\/\",\"name\":\"Dermanence Shop\",\"description\":\" Votre salon de beaut\u00e9 avec sa propre clinique dermatologique\",\"potentialAction\":[{\"@type\":\"SearchAction\",\"target\":{\"@type\":\"EntryPoint\",\"urlTemplate\":\"https:\/\/dermanence.com\/?s={search_term_string}\"},\"query-input\":{\"@type\":\"PropertyValueSpecification\",\"valueRequired\":true,\"valueName\":\"search_term_string\"}}],\"inLanguage\":\"fr-FR\"}]}<\/script>\n<!-- \/ Yoast SEO plugin. -->","yoast_head_json":{"title":"Lipikar Surgras Duschcreme - Dermanence Shop","robots":{"index":"index","follow":"follow","max-snippet":"max-snippet:-1","max-image-preview":"max-image-preview:large","max-video-preview":"max-video-preview:-1"},"canonical":"https:\/\/dermanence.com\/produkt\/lipikar-surgras-duschcreme\/","og_locale":"fr_FR","og_type":"article","og_title":"Lipikar Surgras Duschcreme - Dermanence Shop","og_description":"R\u00fcckfettende, nicht austrocknende Reinigung  F\u00fcr S\u00e4uglinge und Kinder geeignet  Unterst\u00fctzt den Wiederaufbau der Hautbarriere  Niacinamid: Mildert den Juckreiz und hilft, die Hautschutzbarriere zu reparieren und die Haut zu st\u00e4rken  R\u00fcckfettendes Konzentrat  F\u00fcllmenge: 400 ml  Mindestbestellung: 2 St\u00fcck","og_url":"https:\/\/dermanence.com\/produkt\/lipikar-surgras-duschcreme\/","og_site_name":"Dermanence Shop","article_modified_time":"2025-05-29T13:23:56+00:00","og_image":[{"width":1365,"height":2048,"url":"https:\/\/dermanence.com\/wp-content\/uploads\/2020\/03\/o4foljpcsvbac93v6kav.jpg","type":"image\/jpeg"}],"twitter_card":"summary_large_image","twitter_misc":{"Dur\u00e9e de lecture estim\u00e9e":"1 minute"},"schema":{"@context":"https:\/\/schema.org","@graph":[{"@type":"WebPage","@id":"https:\/\/dermanence.com\/produkt\/lipikar-surgras-duschcreme\/","url":"https:\/\/dermanence.com\/produkt\/lipikar-surgras-duschcreme\/","name":"Lipikar Surgras Duschcreme - Dermanence Shop","isPartOf":{"@id":"https:\/\/dermanence.com\/#website"},"primaryImageOfPage":{"@id":"https:\/\/dermanence.com\/produkt\/lipikar-surgras-duschcreme\/#primaryimage"},"image":{"@id":"https:\/\/dermanence.com\/produkt\/lipikar-surgras-duschcreme\/#primaryimage"},"thumbnailUrl":"https:\/\/dermanence.com\/wp-content\/uploads\/2020\/03\/o4foljpcsvbac93v6kav.jpg","datePublished":"2019-11-24T12:09:30+00:00","dateModified":"2025-05-29T13:23:56+00:00","breadcrumb":{"@id":"https:\/\/dermanence.com\/produkt\/lipikar-surgras-duschcreme\/#breadcrumb"},"inLanguage":"fr-FR","potentialAction":[{"@type":"ReadAction","target":["https:\/\/dermanence.com\/produkt\/lipikar-surgras-duschcreme\/"]}]},{"@type":"ImageObject","inLanguage":"fr-FR","@id":"https:\/\/dermanence.com\/produkt\/lipikar-surgras-duschcreme\/#primaryimage","url":"https:\/\/dermanence.com\/wp-content\/uploads\/2020\/03\/o4foljpcsvbac93v6kav.jpg","contentUrl":"https:\/\/dermanence.com\/wp-content\/uploads\/2020\/03\/o4foljpcsvbac93v6kav.jpg","width":1365,"height":2048},{"@type":"BreadcrumbList","@id":"https:\/\/dermanence.com\/produkt\/lipikar-surgras-duschcreme\/#breadcrumb","itemListElement":[{"@type":"ListItem","position":1,"name":"Home","item":"https:\/\/dermanence.com\/fr\/"},{"@type":"ListItem","position":2,"name":"Boutique","item":"https:\/\/dermanence.com\/fr\/shop\/"},{"@type":"ListItem","position":3,"name":"Lipikar Surgras Duschcreme"}]},{"@type":"WebSite","@id":"https:\/\/dermanence.com\/#website","url":"https:\/\/dermanence.com\/","name":"Dermanence Shop","description":" Votre salon de beaut\u00e9 avec sa propre clinique dermatologique","potentialAction":[{"@type":"SearchAction","target":{"@type":"EntryPoint","urlTemplate":"https:\/\/dermanence.com\/?s={search_term_string}"},"query-input":{"@type":"PropertyValueSpecification","valueRequired":true,"valueName":"search_term_string"}}],"inLanguage":"fr-FR"}]}},"_links":{"self":[{"href":"https:\/\/dermanence.com\/fr\/wp-json\/wp\/v2\/product\/165940","targetHints":{"allow":["GET"]}}],"collection":[{"href":"https:\/\/dermanence.com\/fr\/wp-json\/wp\/v2\/product"}],"about":[{"href":"https:\/\/dermanence.com\/fr\/wp-json\/wp\/v2\/types\/product"}],"replies":[{"embeddable":true,"href":"https:\/\/dermanence.com\/fr\/wp-json\/wp\/v2\/comments?post=165940"}],"wp:featuredmedia":[{"embeddable":true,"href":"https:\/\/dermanence.com\/fr\/wp-json\/wp\/v2\/media\/953813"}],"wp:attachment":[{"href":"https:\/\/dermanence.com\/fr\/wp-json\/wp\/v2\/media?parent=165940"}],"wp:term":[{"taxonomy":"product_brand","embeddable":true,"href":"https:\/\/dermanence.com\/fr\/wp-json\/wp\/v2\/product_brand?post=165940"},{"taxonomy":"product_cat","embeddable":true,"href":"https:\/\/dermanence.com\/fr\/wp-json\/wp\/v2\/product_cat?post=165940"},{"taxonomy":"product_tag","embeddable":true,"href":"https:\/\/dermanence.com\/fr\/wp-json\/wp\/v2\/product_tag?post=165940"}],"curies":[{"name":"wp","href":"https:\/\/api.w.org\/{rel}","templated":true}]}}