{"id":118756,"date":"2019-11-11T16:02:29","date_gmt":"2019-11-11T15:02:29","guid":{"rendered":"https:\/\/dermanence.com\/product\/cleansing-complex\/"},"modified":"2026-05-10T20:01:35","modified_gmt":"2026-05-10T18:01:35","slug":"cleansing-complex","status":"publish","type":"product","link":"https:\/\/dermanence.com\/fr\/produit\/cleansing-complex\/","title":{"rendered":"Cleansing Complex"},"content":{"rendered":"","protected":false},"excerpt":{"rendered":"<p>Dieses klare, leichte Reinigungsgel ist wirkungsvoll und dennoch schonend genug f\u00fcr \u00fcberempfindliche Haut. Der\u00a0<em><strong>CLEANSING COMPLEX<\/strong><\/em>\u00a0enth\u00e4lt ausgewogene Pflanzenn\u00e4hrstoffe, Antioxidantien und milde, hauterneuernde Inhaltsstoffe, die die Oberfl\u00e4che und die Poren der Haut gr\u00fcndlich reinigen, ohne sie ihrer nat\u00fcrlichen essentiellen \u00d6le zu berauben. Gleichzeitig wird die Haut weich und geschmeidig. Der\u00a0<em><strong>CLEANSING COMPLEX\u00a0<\/strong><\/em>ist ein exzellenter Behandlungsschritt w\u00e4hrend einer professionellen Gesichtsbehandlung und ist au\u00dferdem geeignet f\u00fcr eine effektive Make-up-Entfernung. Dieses Produkt ist f\u00fcr alle Hattypen und jedes Alter geeignet und hilft sogar bei der Behandlung von Akne.<\/p>\n<ul>\n<li>Reinigt die Haut porentief, ohne sie auszutrocknen<\/li>\n<li>Hilft dabei, den Ausbruch von Akne zu verhindern<\/li>\n<li>Verfeinert die Poren<\/li>\n<li>Macht die Haut weich und geschmeidig<\/li>\n<li>Perfekt geeignet zum Rasieren<\/li>\n<li>Parabenfrei<\/li>\n<\/ul>\n","protected":false},"featured_media":920944,"comment_status":"open","ping_status":"closed","template":"","meta":[],"product_brand":[92],"product_cat":[162,414,207,339,170,337,205,224,341,25,452,30,338,206,203,335,347,340,218,176,228,177,336,204,166],"product_tag":[],"class_list":{"0":"post-118756","1":"product","2":"type-product","3":"status-publish","4":"has-post-thumbnail","6":"product_brand-is-clinical","7":"product_cat-akne-unreinheiten","8":"product_cat-antioxidantien","9":"product_cat-empfindliche-haut","10":"product_cat-empfindliche-haut-maenner","11":"product_cat-erweiterte-poren","12":"product_cat-fettige-haut-maenner","13":"product_cat-fettige-haut","14":"product_cat-fruchtsaeure","15":"product_cat-gesicht","16":"product_cat-gesichtspflege","17":"product_cat-gesichtsreinigung","18":"product_cat-maenner","19":"product_cat-mischhaut-maenner","20":"product_cat-mischhaut","21":"product_cat-normale-haut","22":"product_cat-normale-haut-maenner","23":"product_cat-rasur","24":"product_cat-reife-haut-maenner","25":"product_cat-reinigung-cleanser","26":"product_cat-roetungen-rosazea","27":"product_cat-salicylsaeure","28":"product_cat-seborrhoisches-ekzem","29":"product_cat-trockene-haut-maenner","30":"product_cat-trockene-haut","31":"product_cat-unsere-dermatologen-empfehlen","33":"first","34":"onbackorder","35":"taxable","36":"shipping-taxable","37":"purchasable","38":"product-type-variable"},"gallery_images":[],"yoast_head":"<!-- This site is optimized with the Yoast SEO plugin v25.9 - https:\/\/yoast.com\/wordpress\/plugins\/seo\/ -->\n<title>Cleansing Complex - Dermanence Shop<\/title>\n<meta name=\"robots\" content=\"index, follow, max-snippet:-1, max-image-preview:large, max-video-preview:-1\" \/>\n<link rel=\"canonical\" href=\"https:\/\/dermanence.com\/produkt\/cleansing-complex\/\" \/>\n<meta property=\"og:locale\" content=\"fr_FR\" \/>\n<meta property=\"og:type\" content=\"article\" \/>\n<meta property=\"og:title\" content=\"Cleansing Complex - Dermanence Shop\" \/>\n<meta property=\"og:description\" content=\"Dieses klare, leichte Reinigungsgel ist wirkungsvoll und dennoch schonend genug f\u00fcr \u00fcberempfindliche Haut. Der\u00a0CLEANSING COMPLEX\u00a0enth\u00e4lt ausgewogene Pflanzenn\u00e4hrstoffe, Antioxidantien und milde, hauterneuernde Inhaltsstoffe, die die Oberfl\u00e4che und die Poren der Haut gr\u00fcndlich reinigen, ohne sie ihrer nat\u00fcrlichen essentiellen \u00d6le zu berauben. Gleichzeitig wird die Haut weich und geschmeidig. Der\u00a0CLEANSING COMPLEX\u00a0ist ein exzellenter Behandlungsschritt w\u00e4hrend einer professionellen Gesichtsbehandlung und ist au\u00dferdem geeignet f\u00fcr eine effektive Make-up-Entfernung. Dieses Produkt ist f\u00fcr alle Hattypen und jedes Alter geeignet und hilft sogar bei der Behandlung von Akne.   Reinigt die Haut porentief, ohne sie auszutrocknen  Hilft dabei, den Ausbruch von Akne zu verhindern  Verfeinert die Poren  Macht die Haut weich und geschmeidig  Perfekt geeignet zum Rasieren  Parabenfrei\" \/>\n<meta property=\"og:url\" content=\"https:\/\/dermanence.com\/produkt\/cleansing-complex\/\" \/>\n<meta property=\"og:site_name\" content=\"Dermanence Shop\" \/>\n<meta property=\"article:modified_time\" content=\"2026-05-10T18:01:35+00:00\" \/>\n<meta property=\"og:image\" content=\"https:\/\/dermanence.com\/wp-content\/uploads\/2020\/03\/prrk5ydbdsrbiz3xgkda.jpg\" \/>\n\t<meta property=\"og:image:width\" content=\"2048\" \/>\n\t<meta property=\"og:image:height\" content=\"2048\" \/>\n\t<meta property=\"og:image:type\" content=\"image\/jpeg\" \/>\n<meta name=\"twitter:card\" content=\"summary_large_image\" \/>\n<script type=\"application\/ld+json\" class=\"yoast-schema-graph\">{\"@context\":\"https:\/\/schema.org\",\"@graph\":[{\"@type\":\"WebPage\",\"@id\":\"https:\/\/dermanence.com\/produkt\/cleansing-complex\/\",\"url\":\"https:\/\/dermanence.com\/produkt\/cleansing-complex\/\",\"name\":\"Cleansing Complex - Dermanence Shop\",\"isPartOf\":{\"@id\":\"https:\/\/dermanence.com\/#website\"},\"primaryImageOfPage\":{\"@id\":\"https:\/\/dermanence.com\/produkt\/cleansing-complex\/#primaryimage\"},\"image\":{\"@id\":\"https:\/\/dermanence.com\/produkt\/cleansing-complex\/#primaryimage\"},\"thumbnailUrl\":\"https:\/\/dermanence.com\/wp-content\/uploads\/2020\/03\/prrk5ydbdsrbiz3xgkda.jpg\",\"datePublished\":\"2019-11-11T15:02:29+00:00\",\"dateModified\":\"2026-05-10T18:01:35+00:00\",\"breadcrumb\":{\"@id\":\"https:\/\/dermanence.com\/produkt\/cleansing-complex\/#breadcrumb\"},\"inLanguage\":\"fr-FR\",\"potentialAction\":[{\"@type\":\"ReadAction\",\"target\":[\"https:\/\/dermanence.com\/produkt\/cleansing-complex\/\"]}]},{\"@type\":\"ImageObject\",\"inLanguage\":\"fr-FR\",\"@id\":\"https:\/\/dermanence.com\/produkt\/cleansing-complex\/#primaryimage\",\"url\":\"https:\/\/dermanence.com\/wp-content\/uploads\/2020\/03\/prrk5ydbdsrbiz3xgkda.jpg\",\"contentUrl\":\"https:\/\/dermanence.com\/wp-content\/uploads\/2020\/03\/prrk5ydbdsrbiz3xgkda.jpg\",\"width\":2048,\"height\":2048},{\"@type\":\"BreadcrumbList\",\"@id\":\"https:\/\/dermanence.com\/produkt\/cleansing-complex\/#breadcrumb\",\"itemListElement\":[{\"@type\":\"ListItem\",\"position\":1,\"name\":\"Home\",\"item\":\"https:\/\/dermanence.com\/fr\/\"},{\"@type\":\"ListItem\",\"position\":2,\"name\":\"Boutique\",\"item\":\"https:\/\/dermanence.com\/fr\/shop\/\"},{\"@type\":\"ListItem\",\"position\":3,\"name\":\"Cleansing Complex\"}]},{\"@type\":\"WebSite\",\"@id\":\"https:\/\/dermanence.com\/#website\",\"url\":\"https:\/\/dermanence.com\/\",\"name\":\"Dermanence Shop\",\"description\":\" Votre salon de beaut\u00e9 avec sa propre clinique dermatologique\",\"potentialAction\":[{\"@type\":\"SearchAction\",\"target\":{\"@type\":\"EntryPoint\",\"urlTemplate\":\"https:\/\/dermanence.com\/?s={search_term_string}\"},\"query-input\":{\"@type\":\"PropertyValueSpecification\",\"valueRequired\":true,\"valueName\":\"search_term_string\"}}],\"inLanguage\":\"fr-FR\"}]}<\/script>\n<!-- \/ Yoast SEO plugin. -->","yoast_head_json":{"title":"Cleansing Complex - Dermanence Shop","robots":{"index":"index","follow":"follow","max-snippet":"max-snippet:-1","max-image-preview":"max-image-preview:large","max-video-preview":"max-video-preview:-1"},"canonical":"https:\/\/dermanence.com\/produkt\/cleansing-complex\/","og_locale":"fr_FR","og_type":"article","og_title":"Cleansing Complex - Dermanence Shop","og_description":"Dieses klare, leichte Reinigungsgel ist wirkungsvoll und dennoch schonend genug f\u00fcr \u00fcberempfindliche Haut. Der\u00a0CLEANSING COMPLEX\u00a0enth\u00e4lt ausgewogene Pflanzenn\u00e4hrstoffe, Antioxidantien und milde, hauterneuernde Inhaltsstoffe, die die Oberfl\u00e4che und die Poren der Haut gr\u00fcndlich reinigen, ohne sie ihrer nat\u00fcrlichen essentiellen \u00d6le zu berauben. Gleichzeitig wird die Haut weich und geschmeidig. Der\u00a0CLEANSING COMPLEX\u00a0ist ein exzellenter Behandlungsschritt w\u00e4hrend einer professionellen Gesichtsbehandlung und ist au\u00dferdem geeignet f\u00fcr eine effektive Make-up-Entfernung. Dieses Produkt ist f\u00fcr alle Hattypen und jedes Alter geeignet und hilft sogar bei der Behandlung von Akne.   Reinigt die Haut porentief, ohne sie auszutrocknen  Hilft dabei, den Ausbruch von Akne zu verhindern  Verfeinert die Poren  Macht die Haut weich und geschmeidig  Perfekt geeignet zum Rasieren  Parabenfrei","og_url":"https:\/\/dermanence.com\/produkt\/cleansing-complex\/","og_site_name":"Dermanence Shop","article_modified_time":"2026-05-10T18:01:35+00:00","og_image":[{"width":2048,"height":2048,"url":"https:\/\/dermanence.com\/wp-content\/uploads\/2020\/03\/prrk5ydbdsrbiz3xgkda.jpg","type":"image\/jpeg"}],"twitter_card":"summary_large_image","schema":{"@context":"https:\/\/schema.org","@graph":[{"@type":"WebPage","@id":"https:\/\/dermanence.com\/produkt\/cleansing-complex\/","url":"https:\/\/dermanence.com\/produkt\/cleansing-complex\/","name":"Cleansing Complex - Dermanence Shop","isPartOf":{"@id":"https:\/\/dermanence.com\/#website"},"primaryImageOfPage":{"@id":"https:\/\/dermanence.com\/produkt\/cleansing-complex\/#primaryimage"},"image":{"@id":"https:\/\/dermanence.com\/produkt\/cleansing-complex\/#primaryimage"},"thumbnailUrl":"https:\/\/dermanence.com\/wp-content\/uploads\/2020\/03\/prrk5ydbdsrbiz3xgkda.jpg","datePublished":"2019-11-11T15:02:29+00:00","dateModified":"2026-05-10T18:01:35+00:00","breadcrumb":{"@id":"https:\/\/dermanence.com\/produkt\/cleansing-complex\/#breadcrumb"},"inLanguage":"fr-FR","potentialAction":[{"@type":"ReadAction","target":["https:\/\/dermanence.com\/produkt\/cleansing-complex\/"]}]},{"@type":"ImageObject","inLanguage":"fr-FR","@id":"https:\/\/dermanence.com\/produkt\/cleansing-complex\/#primaryimage","url":"https:\/\/dermanence.com\/wp-content\/uploads\/2020\/03\/prrk5ydbdsrbiz3xgkda.jpg","contentUrl":"https:\/\/dermanence.com\/wp-content\/uploads\/2020\/03\/prrk5ydbdsrbiz3xgkda.jpg","width":2048,"height":2048},{"@type":"BreadcrumbList","@id":"https:\/\/dermanence.com\/produkt\/cleansing-complex\/#breadcrumb","itemListElement":[{"@type":"ListItem","position":1,"name":"Home","item":"https:\/\/dermanence.com\/fr\/"},{"@type":"ListItem","position":2,"name":"Boutique","item":"https:\/\/dermanence.com\/fr\/shop\/"},{"@type":"ListItem","position":3,"name":"Cleansing Complex"}]},{"@type":"WebSite","@id":"https:\/\/dermanence.com\/#website","url":"https:\/\/dermanence.com\/","name":"Dermanence Shop","description":" Votre salon de beaut\u00e9 avec sa propre clinique dermatologique","potentialAction":[{"@type":"SearchAction","target":{"@type":"EntryPoint","urlTemplate":"https:\/\/dermanence.com\/?s={search_term_string}"},"query-input":{"@type":"PropertyValueSpecification","valueRequired":true,"valueName":"search_term_string"}}],"inLanguage":"fr-FR"}]}},"_links":{"self":[{"href":"https:\/\/dermanence.com\/fr\/wp-json\/wp\/v2\/product\/118756","targetHints":{"allow":["GET"]}}],"collection":[{"href":"https:\/\/dermanence.com\/fr\/wp-json\/wp\/v2\/product"}],"about":[{"href":"https:\/\/dermanence.com\/fr\/wp-json\/wp\/v2\/types\/product"}],"replies":[{"embeddable":true,"href":"https:\/\/dermanence.com\/fr\/wp-json\/wp\/v2\/comments?post=118756"}],"wp:featuredmedia":[{"embeddable":true,"href":"https:\/\/dermanence.com\/fr\/wp-json\/wp\/v2\/media\/920944"}],"wp:attachment":[{"href":"https:\/\/dermanence.com\/fr\/wp-json\/wp\/v2\/media?parent=118756"}],"wp:term":[{"taxonomy":"product_brand","embeddable":true,"href":"https:\/\/dermanence.com\/fr\/wp-json\/wp\/v2\/product_brand?post=118756"},{"taxonomy":"product_cat","embeddable":true,"href":"https:\/\/dermanence.com\/fr\/wp-json\/wp\/v2\/product_cat?post=118756"},{"taxonomy":"product_tag","embeddable":true,"href":"https:\/\/dermanence.com\/fr\/wp-json\/wp\/v2\/product_tag?post=118756"}],"curies":[{"name":"wp","href":"https:\/\/api.w.org\/{rel}","templated":true}]}}