{"id":1102433,"date":"2020-05-02T13:47:03","date_gmt":"2020-05-02T11:47:03","guid":{"rendered":"https:\/\/dermanence.com\/produkt\/creme-corps-ultra-reconfortante-48h-reve-de-miel\/"},"modified":"2026-04-03T16:26:36","modified_gmt":"2026-04-03T14:26:36","slug":"creme-corps-ultra-reconfortante-48h-reve-de-miel","status":"publish","type":"product","link":"https:\/\/dermanence.com\/fr\/produit\/creme-corps-ultra-reconfortante-48h-reve-de-miel\/","title":{"rendered":"Cr\u00e8me Corps Ultra-R\u00e9confortante 48H R\u00eave de Miel\u00ae"},"content":{"rendered":"","protected":false},"excerpt":{"rendered":"<p>Die Ultra-Komfort-K\u00f6rpercreme mit Honig und Pflanzen\u00f6len wirkt r\u00fcckfettend, beruhigt und sch\u00fctzt trockene und empfindliche Haut vor Umweltweinfl\u00fcssen (Wind, K\u00e4lte usw.). Ihre samtige Textur zieht schnell und ohne zu fetten, ein und sorgt f\u00fcr 48h Komfort*. Die Gesichtshaut wird unmittelbar versorgt, ist zarter und geschmeidiger.<\/p>\n<p>Sie wird beruhigt, gesch\u00fctzt und f\u00fchlt sich wieder angenehm an.<\/p>\n<p>F\u00fcllmenge: 400 ml<\/p>\n","protected":false},"featured_media":1102434,"comment_status":"open","ping_status":"closed","template":"","meta":[],"product_brand":[],"product_cat":[286,284,28,281,368,285,282],"product_tag":[],"class_list":{"0":"post-1102433","1":"product","2":"type-product","3":"status-publish","4":"has-post-thumbnail","6":"product_cat-bodylotion","7":"product_cat-empfindliche-haut-koerperpflege","8":"product_cat-koerperpflege","9":"product_cat-normale-haut-koerperpflege","10":"product_cat-online-only","11":"product_cat-reife-haut-koerperpflege","12":"product_cat-trockene-haut-koerperpflege","14":"first","15":"instock","16":"taxable","17":"shipping-taxable","18":"purchasable","19":"product-type-simple"},"gallery_images":[],"yoast_head":"<!-- This site is optimized with the Yoast SEO plugin v25.9 - https:\/\/yoast.com\/wordpress\/plugins\/seo\/ -->\n<title>Cr\u00e8me Corps Ultra-R\u00e9confortante 48H R\u00eave de Miel\u00ae - Dermanence Shop<\/title>\n<meta name=\"robots\" content=\"index, follow, max-snippet:-1, max-image-preview:large, max-video-preview:-1\" \/>\n<link rel=\"canonical\" href=\"https:\/\/dermanence.com\/produkt\/creme-corps-ultra-reconfortante-48h-reve-de-miel\/\" \/>\n<meta property=\"og:locale\" content=\"fr_FR\" \/>\n<meta property=\"og:type\" content=\"article\" \/>\n<meta property=\"og:title\" content=\"Cr\u00e8me Corps Ultra-R\u00e9confortante 48H R\u00eave de Miel\u00ae - Dermanence Shop\" \/>\n<meta property=\"og:description\" content=\"Die Ultra-Komfort-K\u00f6rpercreme mit Honig und Pflanzen\u00f6len wirkt r\u00fcckfettend, beruhigt und sch\u00fctzt trockene und empfindliche Haut vor Umweltweinfl\u00fcssen (Wind, K\u00e4lte usw.). Ihre samtige Textur zieht schnell und ohne zu fetten, ein und sorgt f\u00fcr 48h Komfort*. Die Gesichtshaut wird unmittelbar versorgt, ist zarter und geschmeidiger.  Sie wird beruhigt, gesch\u00fctzt und f\u00fchlt sich wieder angenehm an.  F\u00fcllmenge: 400 ml\" \/>\n<meta property=\"og:url\" content=\"https:\/\/dermanence.com\/produkt\/creme-corps-ultra-reconfortante-48h-reve-de-miel\/\" \/>\n<meta property=\"og:site_name\" content=\"Dermanence Shop\" \/>\n<meta property=\"article:modified_time\" content=\"2026-04-03T14:26:36+00:00\" \/>\n<meta property=\"og:image\" content=\"https:\/\/dermanence.com\/wp-content\/uploads\/2020\/05\/xnrvcdcb7etsxjleto0o.jpg\" \/>\n\t<meta property=\"og:image:width\" content=\"400\" \/>\n\t<meta property=\"og:image:height\" content=\"400\" \/>\n\t<meta property=\"og:image:type\" content=\"image\/jpeg\" \/>\n<meta name=\"twitter:card\" content=\"summary_large_image\" \/>\n<script type=\"application\/ld+json\" class=\"yoast-schema-graph\">{\"@context\":\"https:\/\/schema.org\",\"@graph\":[{\"@type\":\"WebPage\",\"@id\":\"https:\/\/dermanence.com\/produkt\/creme-corps-ultra-reconfortante-48h-reve-de-miel\/\",\"url\":\"https:\/\/dermanence.com\/produkt\/creme-corps-ultra-reconfortante-48h-reve-de-miel\/\",\"name\":\"Cr\u00e8me Corps Ultra-R\u00e9confortante 48H R\u00eave de Miel\u00ae - Dermanence Shop\",\"isPartOf\":{\"@id\":\"https:\/\/dermanence.com\/#website\"},\"primaryImageOfPage\":{\"@id\":\"https:\/\/dermanence.com\/produkt\/creme-corps-ultra-reconfortante-48h-reve-de-miel\/#primaryimage\"},\"image\":{\"@id\":\"https:\/\/dermanence.com\/produkt\/creme-corps-ultra-reconfortante-48h-reve-de-miel\/#primaryimage\"},\"thumbnailUrl\":\"https:\/\/dermanence.com\/wp-content\/uploads\/2020\/05\/xnrvcdcb7etsxjleto0o.jpg\",\"datePublished\":\"2020-05-02T11:47:03+00:00\",\"dateModified\":\"2026-04-03T14:26:36+00:00\",\"breadcrumb\":{\"@id\":\"https:\/\/dermanence.com\/produkt\/creme-corps-ultra-reconfortante-48h-reve-de-miel\/#breadcrumb\"},\"inLanguage\":\"fr-FR\",\"potentialAction\":[{\"@type\":\"ReadAction\",\"target\":[\"https:\/\/dermanence.com\/produkt\/creme-corps-ultra-reconfortante-48h-reve-de-miel\/\"]}]},{\"@type\":\"ImageObject\",\"inLanguage\":\"fr-FR\",\"@id\":\"https:\/\/dermanence.com\/produkt\/creme-corps-ultra-reconfortante-48h-reve-de-miel\/#primaryimage\",\"url\":\"https:\/\/dermanence.com\/wp-content\/uploads\/2020\/05\/xnrvcdcb7etsxjleto0o.jpg\",\"contentUrl\":\"https:\/\/dermanence.com\/wp-content\/uploads\/2020\/05\/xnrvcdcb7etsxjleto0o.jpg\",\"width\":400,\"height\":400},{\"@type\":\"BreadcrumbList\",\"@id\":\"https:\/\/dermanence.com\/produkt\/creme-corps-ultra-reconfortante-48h-reve-de-miel\/#breadcrumb\",\"itemListElement\":[{\"@type\":\"ListItem\",\"position\":1,\"name\":\"Home\",\"item\":\"https:\/\/dermanence.com\/fr\/\"},{\"@type\":\"ListItem\",\"position\":2,\"name\":\"Boutique\",\"item\":\"https:\/\/dermanence.com\/fr\/shop\/\"},{\"@type\":\"ListItem\",\"position\":3,\"name\":\"Cr\u00e8me Corps Ultra-R\u00e9confortante 48H R\u00eave de Miel\u00ae\"}]},{\"@type\":\"WebSite\",\"@id\":\"https:\/\/dermanence.com\/#website\",\"url\":\"https:\/\/dermanence.com\/\",\"name\":\"Dermanence Shop\",\"description\":\" Votre salon de beaut\u00e9 avec sa propre clinique dermatologique\",\"potentialAction\":[{\"@type\":\"SearchAction\",\"target\":{\"@type\":\"EntryPoint\",\"urlTemplate\":\"https:\/\/dermanence.com\/?s={search_term_string}\"},\"query-input\":{\"@type\":\"PropertyValueSpecification\",\"valueRequired\":true,\"valueName\":\"search_term_string\"}}],\"inLanguage\":\"fr-FR\"}]}<\/script>\n<!-- \/ Yoast SEO plugin. -->","yoast_head_json":{"title":"Cr\u00e8me Corps Ultra-R\u00e9confortante 48H R\u00eave de Miel\u00ae - Dermanence Shop","robots":{"index":"index","follow":"follow","max-snippet":"max-snippet:-1","max-image-preview":"max-image-preview:large","max-video-preview":"max-video-preview:-1"},"canonical":"https:\/\/dermanence.com\/produkt\/creme-corps-ultra-reconfortante-48h-reve-de-miel\/","og_locale":"fr_FR","og_type":"article","og_title":"Cr\u00e8me Corps Ultra-R\u00e9confortante 48H R\u00eave de Miel\u00ae - Dermanence Shop","og_description":"Die Ultra-Komfort-K\u00f6rpercreme mit Honig und Pflanzen\u00f6len wirkt r\u00fcckfettend, beruhigt und sch\u00fctzt trockene und empfindliche Haut vor Umweltweinfl\u00fcssen (Wind, K\u00e4lte usw.). Ihre samtige Textur zieht schnell und ohne zu fetten, ein und sorgt f\u00fcr 48h Komfort*. Die Gesichtshaut wird unmittelbar versorgt, ist zarter und geschmeidiger.  Sie wird beruhigt, gesch\u00fctzt und f\u00fchlt sich wieder angenehm an.  F\u00fcllmenge: 400 ml","og_url":"https:\/\/dermanence.com\/produkt\/creme-corps-ultra-reconfortante-48h-reve-de-miel\/","og_site_name":"Dermanence Shop","article_modified_time":"2026-04-03T14:26:36+00:00","og_image":[{"width":400,"height":400,"url":"https:\/\/dermanence.com\/wp-content\/uploads\/2020\/05\/xnrvcdcb7etsxjleto0o.jpg","type":"image\/jpeg"}],"twitter_card":"summary_large_image","schema":{"@context":"https:\/\/schema.org","@graph":[{"@type":"WebPage","@id":"https:\/\/dermanence.com\/produkt\/creme-corps-ultra-reconfortante-48h-reve-de-miel\/","url":"https:\/\/dermanence.com\/produkt\/creme-corps-ultra-reconfortante-48h-reve-de-miel\/","name":"Cr\u00e8me Corps Ultra-R\u00e9confortante 48H R\u00eave de Miel\u00ae - Dermanence Shop","isPartOf":{"@id":"https:\/\/dermanence.com\/#website"},"primaryImageOfPage":{"@id":"https:\/\/dermanence.com\/produkt\/creme-corps-ultra-reconfortante-48h-reve-de-miel\/#primaryimage"},"image":{"@id":"https:\/\/dermanence.com\/produkt\/creme-corps-ultra-reconfortante-48h-reve-de-miel\/#primaryimage"},"thumbnailUrl":"https:\/\/dermanence.com\/wp-content\/uploads\/2020\/05\/xnrvcdcb7etsxjleto0o.jpg","datePublished":"2020-05-02T11:47:03+00:00","dateModified":"2026-04-03T14:26:36+00:00","breadcrumb":{"@id":"https:\/\/dermanence.com\/produkt\/creme-corps-ultra-reconfortante-48h-reve-de-miel\/#breadcrumb"},"inLanguage":"fr-FR","potentialAction":[{"@type":"ReadAction","target":["https:\/\/dermanence.com\/produkt\/creme-corps-ultra-reconfortante-48h-reve-de-miel\/"]}]},{"@type":"ImageObject","inLanguage":"fr-FR","@id":"https:\/\/dermanence.com\/produkt\/creme-corps-ultra-reconfortante-48h-reve-de-miel\/#primaryimage","url":"https:\/\/dermanence.com\/wp-content\/uploads\/2020\/05\/xnrvcdcb7etsxjleto0o.jpg","contentUrl":"https:\/\/dermanence.com\/wp-content\/uploads\/2020\/05\/xnrvcdcb7etsxjleto0o.jpg","width":400,"height":400},{"@type":"BreadcrumbList","@id":"https:\/\/dermanence.com\/produkt\/creme-corps-ultra-reconfortante-48h-reve-de-miel\/#breadcrumb","itemListElement":[{"@type":"ListItem","position":1,"name":"Home","item":"https:\/\/dermanence.com\/fr\/"},{"@type":"ListItem","position":2,"name":"Boutique","item":"https:\/\/dermanence.com\/fr\/shop\/"},{"@type":"ListItem","position":3,"name":"Cr\u00e8me Corps Ultra-R\u00e9confortante 48H R\u00eave de Miel\u00ae"}]},{"@type":"WebSite","@id":"https:\/\/dermanence.com\/#website","url":"https:\/\/dermanence.com\/","name":"Dermanence Shop","description":" Votre salon de beaut\u00e9 avec sa propre clinique dermatologique","potentialAction":[{"@type":"SearchAction","target":{"@type":"EntryPoint","urlTemplate":"https:\/\/dermanence.com\/?s={search_term_string}"},"query-input":{"@type":"PropertyValueSpecification","valueRequired":true,"valueName":"search_term_string"}}],"inLanguage":"fr-FR"}]}},"_links":{"self":[{"href":"https:\/\/dermanence.com\/fr\/wp-json\/wp\/v2\/product\/1102433","targetHints":{"allow":["GET"]}}],"collection":[{"href":"https:\/\/dermanence.com\/fr\/wp-json\/wp\/v2\/product"}],"about":[{"href":"https:\/\/dermanence.com\/fr\/wp-json\/wp\/v2\/types\/product"}],"replies":[{"embeddable":true,"href":"https:\/\/dermanence.com\/fr\/wp-json\/wp\/v2\/comments?post=1102433"}],"wp:featuredmedia":[{"embeddable":true,"href":"https:\/\/dermanence.com\/fr\/wp-json\/wp\/v2\/media\/1102434"}],"wp:attachment":[{"href":"https:\/\/dermanence.com\/fr\/wp-json\/wp\/v2\/media?parent=1102433"}],"wp:term":[{"taxonomy":"product_brand","embeddable":true,"href":"https:\/\/dermanence.com\/fr\/wp-json\/wp\/v2\/product_brand?post=1102433"},{"taxonomy":"product_cat","embeddable":true,"href":"https:\/\/dermanence.com\/fr\/wp-json\/wp\/v2\/product_cat?post=1102433"},{"taxonomy":"product_tag","embeddable":true,"href":"https:\/\/dermanence.com\/fr\/wp-json\/wp\/v2\/product_tag?post=1102433"}],"curies":[{"name":"wp","href":"https:\/\/api.w.org\/{rel}","templated":true}]}}