{"id":101169,"date":"2019-08-05T15:31:21","date_gmt":"2019-08-05T13:31:21","guid":{"rendered":"https:\/\/dermanence.com\/product\/med-urea-cream-10-urea\/"},"modified":"2025-06-17T10:25:34","modified_gmt":"2025-06-17T08:25:34","slug":"med-urea-cream-10-urea","status":"publish","type":"product","link":"https:\/\/dermanence.com\/fr\/produit\/med-urea-cream-10-urea\/","title":{"rendered":"Med Urea Cream Body (10% Urea)"},"content":{"rendered":"","protected":false},"excerpt":{"rendered":"<p>Hautpflegecreme mit 10% Urea f\u00fcr feuchtigkeitsarme und sehr trockene Haut<\/p>\n<p>Feuchtigkeitsspendender Schutzmantel: Die AESTHETICO med urea cream mit 10% Urea wurde speziell f\u00fcr die trockene und sehr trockene Haut entwickelt. Sie bildet einen atmungsaktiven Schutzfilm &#8211; ohne zu fetten &#8211; und hydratisiert intensiv durch ihren hohen Urea-Anteil. So wird raue und schuppige Haut weich und geschmeidig gepflegt, der Feuchtigkeitsverlust reduziert und gleichzeitig die Hautbarriere gest\u00e4rkt sowie Spannungsgef\u00fchle gemindert.<\/p>\n<p>F\u00fcllmenge: 100 ml<\/p>\n<p>Mindestbestellmenge 2 St\u00fcck = Doppelpackung.<\/p>\n","protected":false},"featured_media":946415,"comment_status":"open","ping_status":"closed","template":"","meta":[],"product_brand":[97],"product_cat":[286,505,28,368,543,506,282,166,507],"product_tag":[],"class_list":{"0":"post-101169","1":"product","2":"type-product","3":"status-publish","4":"has-post-thumbnail","6":"product_brand-aesthetico","7":"product_cat-bodylotion","8":"product_cat-ekzem-koerperpflege","9":"product_cat-koerperpflege","10":"product_cat-online-only","11":"product_cat-reibeisenhaut-keratosis-pilaris","12":"product_cat-schuppenflechte-psoriasis-koerperpflege","13":"product_cat-trockene-haut-koerperpflege","14":"product_cat-unsere-dermatologen-empfehlen","15":"product_cat-verstaerkte-hornhaut","17":"first","18":"instock","19":"taxable","20":"shipping-taxable","21":"purchasable","22":"product-type-simple"},"gallery_images":[],"yoast_head":"<!-- This site is optimized with the Yoast SEO plugin v25.9 - https:\/\/yoast.com\/wordpress\/plugins\/seo\/ -->\n<title>Med Urea Cream Body (10% Urea) - Dermanence Shop<\/title>\n<meta name=\"robots\" content=\"index, follow, max-snippet:-1, max-image-preview:large, max-video-preview:-1\" \/>\n<link rel=\"canonical\" href=\"https:\/\/dermanence.com\/produkt\/med-urea-cream-10-urea\/\" \/>\n<meta property=\"og:locale\" content=\"fr_FR\" \/>\n<meta property=\"og:type\" content=\"article\" \/>\n<meta property=\"og:title\" content=\"Med Urea Cream Body (10% Urea) - Dermanence Shop\" \/>\n<meta property=\"og:description\" content=\"Hautpflegecreme mit 10% Urea f\u00fcr feuchtigkeitsarme und sehr trockene Haut  Feuchtigkeitsspendender Schutzmantel: Die AESTHETICO med urea cream mit 10% Urea wurde speziell f\u00fcr die trockene und sehr trockene Haut entwickelt. Sie bildet einen atmungsaktiven Schutzfilm - ohne zu fetten - und hydratisiert intensiv durch ihren hohen Urea-Anteil. So wird raue und schuppige Haut weich und geschmeidig gepflegt, der Feuchtigkeitsverlust reduziert und gleichzeitig die Hautbarriere gest\u00e4rkt sowie Spannungsgef\u00fchle gemindert.  F\u00fcllmenge: 100 ml  Mindestbestellmenge 2 St\u00fcck = Doppelpackung.\" \/>\n<meta property=\"og:url\" content=\"https:\/\/dermanence.com\/produkt\/med-urea-cream-10-urea\/\" \/>\n<meta property=\"og:site_name\" content=\"Dermanence Shop\" \/>\n<meta property=\"article:modified_time\" content=\"2025-06-17T08:25:34+00:00\" \/>\n<meta property=\"og:image\" content=\"https:\/\/dermanence.com\/wp-content\/uploads\/2020\/03\/hlfrbz3rb704xyxzxu6z.jpg\" \/>\n\t<meta property=\"og:image:width\" content=\"720\" \/>\n\t<meta property=\"og:image:height\" content=\"720\" \/>\n\t<meta property=\"og:image:type\" content=\"image\/jpeg\" \/>\n<meta name=\"twitter:card\" content=\"summary_large_image\" \/>\n<meta name=\"twitter:label1\" content=\"Dur\u00e9e de lecture estim\u00e9e\" \/>\n\t<meta name=\"twitter:data1\" content=\"1 minute\" \/>\n<script type=\"application\/ld+json\" class=\"yoast-schema-graph\">{\"@context\":\"https:\/\/schema.org\",\"@graph\":[{\"@type\":\"WebPage\",\"@id\":\"https:\/\/dermanence.com\/produkt\/med-urea-cream-10-urea\/\",\"url\":\"https:\/\/dermanence.com\/produkt\/med-urea-cream-10-urea\/\",\"name\":\"Med Urea Cream Body (10% Urea) - Dermanence Shop\",\"isPartOf\":{\"@id\":\"https:\/\/dermanence.com\/#website\"},\"primaryImageOfPage\":{\"@id\":\"https:\/\/dermanence.com\/produkt\/med-urea-cream-10-urea\/#primaryimage\"},\"image\":{\"@id\":\"https:\/\/dermanence.com\/produkt\/med-urea-cream-10-urea\/#primaryimage\"},\"thumbnailUrl\":\"https:\/\/dermanence.com\/wp-content\/uploads\/2020\/03\/hlfrbz3rb704xyxzxu6z.jpg\",\"datePublished\":\"2019-08-05T13:31:21+00:00\",\"dateModified\":\"2025-06-17T08:25:34+00:00\",\"breadcrumb\":{\"@id\":\"https:\/\/dermanence.com\/produkt\/med-urea-cream-10-urea\/#breadcrumb\"},\"inLanguage\":\"fr-FR\",\"potentialAction\":[{\"@type\":\"ReadAction\",\"target\":[\"https:\/\/dermanence.com\/produkt\/med-urea-cream-10-urea\/\"]}]},{\"@type\":\"ImageObject\",\"inLanguage\":\"fr-FR\",\"@id\":\"https:\/\/dermanence.com\/produkt\/med-urea-cream-10-urea\/#primaryimage\",\"url\":\"https:\/\/dermanence.com\/wp-content\/uploads\/2020\/03\/hlfrbz3rb704xyxzxu6z.jpg\",\"contentUrl\":\"https:\/\/dermanence.com\/wp-content\/uploads\/2020\/03\/hlfrbz3rb704xyxzxu6z.jpg\",\"width\":720,\"height\":720},{\"@type\":\"BreadcrumbList\",\"@id\":\"https:\/\/dermanence.com\/produkt\/med-urea-cream-10-urea\/#breadcrumb\",\"itemListElement\":[{\"@type\":\"ListItem\",\"position\":1,\"name\":\"Home\",\"item\":\"https:\/\/dermanence.com\/fr\/\"},{\"@type\":\"ListItem\",\"position\":2,\"name\":\"Boutique\",\"item\":\"https:\/\/dermanence.com\/fr\/shop\/\"},{\"@type\":\"ListItem\",\"position\":3,\"name\":\"Med Urea Cream Body (10% Urea)\"}]},{\"@type\":\"WebSite\",\"@id\":\"https:\/\/dermanence.com\/#website\",\"url\":\"https:\/\/dermanence.com\/\",\"name\":\"Dermanence Shop\",\"description\":\" Votre salon de beaut\u00e9 avec sa propre clinique dermatologique\",\"potentialAction\":[{\"@type\":\"SearchAction\",\"target\":{\"@type\":\"EntryPoint\",\"urlTemplate\":\"https:\/\/dermanence.com\/?s={search_term_string}\"},\"query-input\":{\"@type\":\"PropertyValueSpecification\",\"valueRequired\":true,\"valueName\":\"search_term_string\"}}],\"inLanguage\":\"fr-FR\"}]}<\/script>\n<!-- \/ Yoast SEO plugin. -->","yoast_head_json":{"title":"Med Urea Cream Body (10% Urea) - Dermanence Shop","robots":{"index":"index","follow":"follow","max-snippet":"max-snippet:-1","max-image-preview":"max-image-preview:large","max-video-preview":"max-video-preview:-1"},"canonical":"https:\/\/dermanence.com\/produkt\/med-urea-cream-10-urea\/","og_locale":"fr_FR","og_type":"article","og_title":"Med Urea Cream Body (10% Urea) - Dermanence Shop","og_description":"Hautpflegecreme mit 10% Urea f\u00fcr feuchtigkeitsarme und sehr trockene Haut  Feuchtigkeitsspendender Schutzmantel: Die AESTHETICO med urea cream mit 10% Urea wurde speziell f\u00fcr die trockene und sehr trockene Haut entwickelt. Sie bildet einen atmungsaktiven Schutzfilm - ohne zu fetten - und hydratisiert intensiv durch ihren hohen Urea-Anteil. So wird raue und schuppige Haut weich und geschmeidig gepflegt, der Feuchtigkeitsverlust reduziert und gleichzeitig die Hautbarriere gest\u00e4rkt sowie Spannungsgef\u00fchle gemindert.  F\u00fcllmenge: 100 ml  Mindestbestellmenge 2 St\u00fcck = Doppelpackung.","og_url":"https:\/\/dermanence.com\/produkt\/med-urea-cream-10-urea\/","og_site_name":"Dermanence Shop","article_modified_time":"2025-06-17T08:25:34+00:00","og_image":[{"width":720,"height":720,"url":"https:\/\/dermanence.com\/wp-content\/uploads\/2020\/03\/hlfrbz3rb704xyxzxu6z.jpg","type":"image\/jpeg"}],"twitter_card":"summary_large_image","twitter_misc":{"Dur\u00e9e de lecture estim\u00e9e":"1 minute"},"schema":{"@context":"https:\/\/schema.org","@graph":[{"@type":"WebPage","@id":"https:\/\/dermanence.com\/produkt\/med-urea-cream-10-urea\/","url":"https:\/\/dermanence.com\/produkt\/med-urea-cream-10-urea\/","name":"Med Urea Cream Body (10% Urea) - Dermanence Shop","isPartOf":{"@id":"https:\/\/dermanence.com\/#website"},"primaryImageOfPage":{"@id":"https:\/\/dermanence.com\/produkt\/med-urea-cream-10-urea\/#primaryimage"},"image":{"@id":"https:\/\/dermanence.com\/produkt\/med-urea-cream-10-urea\/#primaryimage"},"thumbnailUrl":"https:\/\/dermanence.com\/wp-content\/uploads\/2020\/03\/hlfrbz3rb704xyxzxu6z.jpg","datePublished":"2019-08-05T13:31:21+00:00","dateModified":"2025-06-17T08:25:34+00:00","breadcrumb":{"@id":"https:\/\/dermanence.com\/produkt\/med-urea-cream-10-urea\/#breadcrumb"},"inLanguage":"fr-FR","potentialAction":[{"@type":"ReadAction","target":["https:\/\/dermanence.com\/produkt\/med-urea-cream-10-urea\/"]}]},{"@type":"ImageObject","inLanguage":"fr-FR","@id":"https:\/\/dermanence.com\/produkt\/med-urea-cream-10-urea\/#primaryimage","url":"https:\/\/dermanence.com\/wp-content\/uploads\/2020\/03\/hlfrbz3rb704xyxzxu6z.jpg","contentUrl":"https:\/\/dermanence.com\/wp-content\/uploads\/2020\/03\/hlfrbz3rb704xyxzxu6z.jpg","width":720,"height":720},{"@type":"BreadcrumbList","@id":"https:\/\/dermanence.com\/produkt\/med-urea-cream-10-urea\/#breadcrumb","itemListElement":[{"@type":"ListItem","position":1,"name":"Home","item":"https:\/\/dermanence.com\/fr\/"},{"@type":"ListItem","position":2,"name":"Boutique","item":"https:\/\/dermanence.com\/fr\/shop\/"},{"@type":"ListItem","position":3,"name":"Med Urea Cream Body (10% Urea)"}]},{"@type":"WebSite","@id":"https:\/\/dermanence.com\/#website","url":"https:\/\/dermanence.com\/","name":"Dermanence Shop","description":" Votre salon de beaut\u00e9 avec sa propre clinique dermatologique","potentialAction":[{"@type":"SearchAction","target":{"@type":"EntryPoint","urlTemplate":"https:\/\/dermanence.com\/?s={search_term_string}"},"query-input":{"@type":"PropertyValueSpecification","valueRequired":true,"valueName":"search_term_string"}}],"inLanguage":"fr-FR"}]}},"_links":{"self":[{"href":"https:\/\/dermanence.com\/fr\/wp-json\/wp\/v2\/product\/101169","targetHints":{"allow":["GET"]}}],"collection":[{"href":"https:\/\/dermanence.com\/fr\/wp-json\/wp\/v2\/product"}],"about":[{"href":"https:\/\/dermanence.com\/fr\/wp-json\/wp\/v2\/types\/product"}],"replies":[{"embeddable":true,"href":"https:\/\/dermanence.com\/fr\/wp-json\/wp\/v2\/comments?post=101169"}],"wp:featuredmedia":[{"embeddable":true,"href":"https:\/\/dermanence.com\/fr\/wp-json\/wp\/v2\/media\/946415"}],"wp:attachment":[{"href":"https:\/\/dermanence.com\/fr\/wp-json\/wp\/v2\/media?parent=101169"}],"wp:term":[{"taxonomy":"product_brand","embeddable":true,"href":"https:\/\/dermanence.com\/fr\/wp-json\/wp\/v2\/product_brand?post=101169"},{"taxonomy":"product_cat","embeddable":true,"href":"https:\/\/dermanence.com\/fr\/wp-json\/wp\/v2\/product_cat?post=101169"},{"taxonomy":"product_tag","embeddable":true,"href":"https:\/\/dermanence.com\/fr\/wp-json\/wp\/v2\/product_tag?post=101169"}],"curies":[{"name":"wp","href":"https:\/\/api.w.org\/{rel}","templated":true}]}}